{"id":71156,"date":"2026-04-10T17:09:15","date_gmt":"2026-04-10T15:09:15","guid":{"rendered":"https:\/\/www.libriparlanti.org\/index.php\/prodotto\/scimmia-sapiens\/"},"modified":"2026-04-10T17:09:15","modified_gmt":"2026-04-10T15:09:15","slug":"scimmia-sapiens","status":"publish","type":"product","link":"https:\/\/www.libriparlanti.org\/index.php\/prodotto\/scimmia-sapiens\/","title":{"rendered":"SCIMMIA SAPIENS"},"content":{"rendered":"<p>Sorride sempre, non dorme mai, non dimentica nulla. Ci promette di liberarci dal lavoro ripetitivo, di curare malattie, di prevedere catastrofi. Si nutre delle nostre paure, dei nostri desideri, ma soprattutto della nostra stessa intelligenza. L&#8217;intelligenza artificiale non \u00e8 n\u00e9 buona n\u00e9 cattiva: \u00e8 uno specchio fedele di noi, e siamo noi a poter decidere come deve essere, che cosa deve diventare. S\u00ec, perch\u00e9 l&#8217;AI ci blandisce al punto che spesso non ci accorgiamo di tutte le cose essenziali che non sa fare. Con metodo da scienziato e acume da detective, Marco Malvaldi conduce un&#8217;indagine partendo dagli errori commessi dall&#8217;AI, e passo dopo passo ce ne spiega il funzionamento, ce ne rivela i rischi e le possibilit\u00e0. Ma, soprattutto, ci dimostra che la AI non pu\u00f2 nulla se non riceve una costante alimentazione e verifica da parte di una mente umana. E scrive cos\u00ec un libro che \u00e8 al tempo stesso il manuale di utilizzo dell&#8217;AI che tutti aspettavamo e una appassionata rivendicazione della centralit\u00e0 dell&#8217;uomo anche nella nuova era aperta da questo decisivo salto tecnologico.<\/p>\n","protected":false},"excerpt":{"rendered":"<p><em>Autore:<\/em> MARCO MALVALDI<br \/>\n<em>Editore:<\/em> BOMPIANI<br \/>\n<em>ISBN:<\/em> 9788830154612<br \/>\n<em>Pubblicazione:<\/em> 25\/03\/2026<\/p>\n","protected":false},"featured_media":71155,"comment_status":"closed","ping_status":"closed","template":"","meta":{"_et_pb_use_builder":"","_et_pb_old_content":"","_et_gb_content_width":"","_joinchat":[]},"product_brand":[],"product_cat":[959],"product_tag":[],"class_list":{"0":"post-71156","1":"product","2":"type-product","3":"status-publish","4":"has-post-thumbnail","6":"product_cat-senza-categoria","8":"first","9":"instock","10":"taxable","11":"shipping-taxable","12":"purchasable","13":"product-type-simple"},"yoast_head":"<!-- This site is optimized with the Yoast SEO plugin v27.3 - https:\/\/yoast.com\/product\/yoast-seo-wordpress\/ -->\n<title>SCIMMIA SAPIENS - Libreria Libri parlanti<\/title>\n<meta name=\"robots\" content=\"index, follow, max-snippet:-1, max-image-preview:large, max-video-preview:-1\" \/>\n<link rel=\"canonical\" href=\"https:\/\/www.libriparlanti.org\/index.php\/prodotto\/scimmia-sapiens\/\" \/>\n<meta property=\"og:locale\" content=\"it_IT\" \/>\n<meta property=\"og:type\" content=\"article\" \/>\n<meta property=\"og:title\" content=\"SCIMMIA SAPIENS - Libreria Libri parlanti\" \/>\n<meta property=\"og:description\" content=\"Autore: MARCO MALVALDI Editore: BOMPIANI ISBN: 9788830154612 Pubblicazione: 25\/03\/2026\" \/>\n<meta property=\"og:url\" content=\"https:\/\/www.libriparlanti.org\/index.php\/prodotto\/scimmia-sapiens\/\" \/>\n<meta property=\"og:site_name\" content=\"Libreria Libri parlanti\" \/>\n<meta property=\"article:publisher\" content=\"https:\/\/www.facebook.com\/LibriParlanti\" \/>\n<meta name=\"twitter:card\" content=\"summary_large_image\" \/>\n<meta name=\"twitter:label1\" content=\"Tempo di lettura stimato\" \/>\n\t<meta name=\"twitter:data1\" content=\"1 minuto\" \/>\n<script type=\"application\/ld+json\" class=\"yoast-schema-graph\">{\"@context\":\"https:\\\/\\\/schema.org\",\"@graph\":[{\"@type\":\"WebPage\",\"@id\":\"https:\\\/\\\/www.libriparlanti.org\\\/index.php\\\/prodotto\\\/scimmia-sapiens\\\/\",\"url\":\"https:\\\/\\\/www.libriparlanti.org\\\/index.php\\\/prodotto\\\/scimmia-sapiens\\\/\",\"name\":\"SCIMMIA SAPIENS - Libreria Libri parlanti\",\"isPartOf\":{\"@id\":\"https:\\\/\\\/www.libriparlanti.org\\\/#website\"},\"primaryImageOfPage\":{\"@id\":\"https:\\\/\\\/www.libriparlanti.org\\\/index.php\\\/prodotto\\\/scimmia-sapiens\\\/#primaryimage\"},\"image\":{\"@id\":\"https:\\\/\\\/www.libriparlanti.org\\\/index.php\\\/prodotto\\\/scimmia-sapiens\\\/#primaryimage\"},\"thumbnailUrl\":\"https:\\\/\\\/www.libriparlanti.org\\\/wp-content\\\/uploads\\\/2026\\\/04\\\/gMxYDN1EDMzgDO4cTO.jpg\",\"datePublished\":\"2026-04-10T15:09:15+00:00\",\"breadcrumb\":{\"@id\":\"https:\\\/\\\/www.libriparlanti.org\\\/index.php\\\/prodotto\\\/scimmia-sapiens\\\/#breadcrumb\"},\"inLanguage\":\"it-IT\",\"potentialAction\":[{\"@type\":\"ReadAction\",\"target\":[\"https:\\\/\\\/www.libriparlanti.org\\\/index.php\\\/prodotto\\\/scimmia-sapiens\\\/\"]}]},{\"@type\":\"ImageObject\",\"inLanguage\":\"it-IT\",\"@id\":\"https:\\\/\\\/www.libriparlanti.org\\\/index.php\\\/prodotto\\\/scimmia-sapiens\\\/#primaryimage\",\"url\":\"https:\\\/\\\/www.libriparlanti.org\\\/wp-content\\\/uploads\\\/2026\\\/04\\\/gMxYDN1EDMzgDO4cTO.jpg\",\"contentUrl\":\"https:\\\/\\\/www.libriparlanti.org\\\/wp-content\\\/uploads\\\/2026\\\/04\\\/gMxYDN1EDMzgDO4cTO.jpg\",\"width\":216,\"height\":300},{\"@type\":\"BreadcrumbList\",\"@id\":\"https:\\\/\\\/www.libriparlanti.org\\\/index.php\\\/prodotto\\\/scimmia-sapiens\\\/#breadcrumb\",\"itemListElement\":[{\"@type\":\"ListItem\",\"position\":1,\"name\":\"Home\",\"item\":\"https:\\\/\\\/www.libriparlanti.org\\\/\"},{\"@type\":\"ListItem\",\"position\":2,\"name\":\"Shop\",\"item\":\"https:\\\/\\\/www.libriparlanti.org\\\/index.php\\\/negozio\\\/\"},{\"@type\":\"ListItem\",\"position\":3,\"name\":\"SCIMMIA SAPIENS\"}]},{\"@type\":\"WebSite\",\"@id\":\"https:\\\/\\\/www.libriparlanti.org\\\/#website\",\"url\":\"https:\\\/\\\/www.libriparlanti.org\\\/\",\"name\":\"Libreria Libri parlanti\",\"description\":\"Libreria in Castiglione del Lago (Pg)\",\"potentialAction\":[{\"@type\":\"SearchAction\",\"target\":{\"@type\":\"EntryPoint\",\"urlTemplate\":\"https:\\\/\\\/www.libriparlanti.org\\\/?s={search_term_string}\"},\"query-input\":{\"@type\":\"PropertyValueSpecification\",\"valueRequired\":true,\"valueName\":\"search_term_string\"}}],\"inLanguage\":\"it-IT\"}]}<\/script>\n<!-- \/ Yoast SEO plugin. -->","yoast_head_json":{"title":"SCIMMIA SAPIENS - Libreria Libri parlanti","robots":{"index":"index","follow":"follow","max-snippet":"max-snippet:-1","max-image-preview":"max-image-preview:large","max-video-preview":"max-video-preview:-1"},"canonical":"https:\/\/www.libriparlanti.org\/index.php\/prodotto\/scimmia-sapiens\/","og_locale":"it_IT","og_type":"article","og_title":"SCIMMIA SAPIENS - Libreria Libri parlanti","og_description":"Autore: MARCO MALVALDI Editore: BOMPIANI ISBN: 9788830154612 Pubblicazione: 25\/03\/2026","og_url":"https:\/\/www.libriparlanti.org\/index.php\/prodotto\/scimmia-sapiens\/","og_site_name":"Libreria Libri parlanti","article_publisher":"https:\/\/www.facebook.com\/LibriParlanti","twitter_card":"summary_large_image","twitter_misc":{"Tempo di lettura stimato":"1 minuto"},"schema":{"@context":"https:\/\/schema.org","@graph":[{"@type":"WebPage","@id":"https:\/\/www.libriparlanti.org\/index.php\/prodotto\/scimmia-sapiens\/","url":"https:\/\/www.libriparlanti.org\/index.php\/prodotto\/scimmia-sapiens\/","name":"SCIMMIA SAPIENS - Libreria Libri parlanti","isPartOf":{"@id":"https:\/\/www.libriparlanti.org\/#website"},"primaryImageOfPage":{"@id":"https:\/\/www.libriparlanti.org\/index.php\/prodotto\/scimmia-sapiens\/#primaryimage"},"image":{"@id":"https:\/\/www.libriparlanti.org\/index.php\/prodotto\/scimmia-sapiens\/#primaryimage"},"thumbnailUrl":"https:\/\/www.libriparlanti.org\/wp-content\/uploads\/2026\/04\/gMxYDN1EDMzgDO4cTO.jpg","datePublished":"2026-04-10T15:09:15+00:00","breadcrumb":{"@id":"https:\/\/www.libriparlanti.org\/index.php\/prodotto\/scimmia-sapiens\/#breadcrumb"},"inLanguage":"it-IT","potentialAction":[{"@type":"ReadAction","target":["https:\/\/www.libriparlanti.org\/index.php\/prodotto\/scimmia-sapiens\/"]}]},{"@type":"ImageObject","inLanguage":"it-IT","@id":"https:\/\/www.libriparlanti.org\/index.php\/prodotto\/scimmia-sapiens\/#primaryimage","url":"https:\/\/www.libriparlanti.org\/wp-content\/uploads\/2026\/04\/gMxYDN1EDMzgDO4cTO.jpg","contentUrl":"https:\/\/www.libriparlanti.org\/wp-content\/uploads\/2026\/04\/gMxYDN1EDMzgDO4cTO.jpg","width":216,"height":300},{"@type":"BreadcrumbList","@id":"https:\/\/www.libriparlanti.org\/index.php\/prodotto\/scimmia-sapiens\/#breadcrumb","itemListElement":[{"@type":"ListItem","position":1,"name":"Home","item":"https:\/\/www.libriparlanti.org\/"},{"@type":"ListItem","position":2,"name":"Shop","item":"https:\/\/www.libriparlanti.org\/index.php\/negozio\/"},{"@type":"ListItem","position":3,"name":"SCIMMIA SAPIENS"}]},{"@type":"WebSite","@id":"https:\/\/www.libriparlanti.org\/#website","url":"https:\/\/www.libriparlanti.org\/","name":"Libreria Libri parlanti","description":"Libreria in Castiglione del Lago (Pg)","potentialAction":[{"@type":"SearchAction","target":{"@type":"EntryPoint","urlTemplate":"https:\/\/www.libriparlanti.org\/?s={search_term_string}"},"query-input":{"@type":"PropertyValueSpecification","valueRequired":true,"valueName":"search_term_string"}}],"inLanguage":"it-IT"}]}},"_links":{"self":[{"href":"https:\/\/www.libriparlanti.org\/index.php\/wp-json\/wp\/v2\/product\/71156","targetHints":{"allow":["GET"]}}],"collection":[{"href":"https:\/\/www.libriparlanti.org\/index.php\/wp-json\/wp\/v2\/product"}],"about":[{"href":"https:\/\/www.libriparlanti.org\/index.php\/wp-json\/wp\/v2\/types\/product"}],"replies":[{"embeddable":true,"href":"https:\/\/www.libriparlanti.org\/index.php\/wp-json\/wp\/v2\/comments?post=71156"}],"wp:featuredmedia":[{"embeddable":true,"href":"https:\/\/www.libriparlanti.org\/index.php\/wp-json\/wp\/v2\/media\/71155"}],"wp:attachment":[{"href":"https:\/\/www.libriparlanti.org\/index.php\/wp-json\/wp\/v2\/media?parent=71156"}],"wp:term":[{"taxonomy":"product_brand","embeddable":true,"href":"https:\/\/www.libriparlanti.org\/index.php\/wp-json\/wp\/v2\/product_brand?post=71156"},{"taxonomy":"product_cat","embeddable":true,"href":"https:\/\/www.libriparlanti.org\/index.php\/wp-json\/wp\/v2\/product_cat?post=71156"},{"taxonomy":"product_tag","embeddable":true,"href":"https:\/\/www.libriparlanti.org\/index.php\/wp-json\/wp\/v2\/product_tag?post=71156"}],"curies":[{"name":"wp","href":"https:\/\/api.w.org\/{rel}","templated":true}]}}