{"id":35923,"date":"2025-11-04T15:48:33","date_gmt":"2025-11-04T13:48:33","guid":{"rendered":"https:\/\/www.libriparlanti.org\/index.php\/prodotto\/berenicio-e-lo-straordinario-potere-dei\/"},"modified":"2025-11-04T16:16:17","modified_gmt":"2025-11-04T14:16:17","slug":"berenicio-e-lo-straordinario-potere-dei","status":"publish","type":"product","link":"https:\/\/www.libriparlanti.org\/index.php\/prodotto\/berenicio-e-lo-straordinario-potere-dei\/","title":{"rendered":"BERENICIO E LO STRAORDINARIO POTERE DEI"},"content":{"rendered":"<p>Berenicio coltiva cavoli, rape, broccoli e rapanelli buonissimi. Tutti in citt\u00e0 comprano le sue verdure e i suoi ortaggi. Berenicio ama il proprio lavoro e la propria citt\u00e0, ma ha una terribile paura&#8230; Ha paura dei libri! Quando scopre che in citt\u00e0 aprir\u00e0 una biblioteca, pensa che gli abitanti siano in pericolo. Deve fare subito qualcosa! Ma cosa? Un libro illustrato per bambini dai 7 anni, pensato appositamente per le letture in autonomia, ideale per i bambini che vogliono leggere divertendosi. Un racconto perfetto per viaggiare con la fantasia e per compiere da soli i primi passi nel meraviglioso mondo dei libri. Et\u00e0 di lettura: da 7 anni.<\/p>\n","protected":false},"excerpt":{"rendered":"<p><em>Autore:<\/em> RAFFAELLA BOLAFFIO.<br \/>\n<em>Editore:<\/em> EMME<br \/>\n<em>ISBN:<\/em> 9788829607174<\/p>\n","protected":false},"featured_media":35922,"comment_status":"closed","ping_status":"closed","template":"","meta":{"_et_pb_use_builder":"","_et_pb_old_content":"","_et_gb_content_width":"","_joinchat":[]},"product_brand":[],"product_cat":[959,2377],"product_tag":[],"class_list":{"0":"post-35923","1":"product","2":"type-product","3":"status-publish","4":"has-post-thumbnail","6":"product_cat-senza-categoria","7":"product_cat-ioleggoperche","9":"first","10":"instock","11":"taxable","12":"shipping-taxable","13":"purchasable","14":"product-type-simple"},"yoast_head":"<!-- This site is optimized with the Yoast SEO plugin v27.4 - https:\/\/yoast.com\/product\/yoast-seo-wordpress\/ -->\n<title>BERENICIO E LO STRAORDINARIO POTERE DEI - Libreria Libri parlanti<\/title>\n<meta name=\"robots\" content=\"index, follow, max-snippet:-1, max-image-preview:large, max-video-preview:-1\" \/>\n<link rel=\"canonical\" href=\"https:\/\/www.libriparlanti.org\/index.php\/prodotto\/berenicio-e-lo-straordinario-potere-dei\/\" \/>\n<meta property=\"og:locale\" content=\"it_IT\" \/>\n<meta property=\"og:type\" content=\"article\" \/>\n<meta property=\"og:title\" content=\"BERENICIO E LO STRAORDINARIO POTERE DEI - Libreria Libri parlanti\" \/>\n<meta property=\"og:description\" content=\"Autore: RAFFAELLA BOLAFFIO. Editore: EMME ISBN: 9788829607174\" \/>\n<meta property=\"og:url\" content=\"https:\/\/www.libriparlanti.org\/index.php\/prodotto\/berenicio-e-lo-straordinario-potere-dei\/\" \/>\n<meta property=\"og:site_name\" content=\"Libreria Libri parlanti\" \/>\n<meta property=\"article:publisher\" content=\"https:\/\/www.facebook.com\/LibriParlanti\" \/>\n<meta property=\"article:modified_time\" content=\"2025-11-04T14:16:17+00:00\" \/>\n<meta property=\"og:image\" content=\"https:\/\/www.libriparlanti.org\/wp-content\/uploads\/2025\/11\/9788829607174.jpg\" \/>\n\t<meta property=\"og:image:width\" content=\"128\" \/>\n\t<meta property=\"og:image:height\" content=\"193\" \/>\n\t<meta property=\"og:image:type\" content=\"image\/jpeg\" \/>\n<meta name=\"twitter:card\" content=\"summary_large_image\" \/>\n<meta name=\"twitter:label1\" content=\"Tempo di lettura stimato\" \/>\n\t<meta name=\"twitter:data1\" content=\"1 minuto\" \/>\n<script type=\"application\/ld+json\" class=\"yoast-schema-graph\">{\"@context\":\"https:\\\/\\\/schema.org\",\"@graph\":[{\"@type\":\"WebPage\",\"@id\":\"https:\\\/\\\/www.libriparlanti.org\\\/index.php\\\/prodotto\\\/berenicio-e-lo-straordinario-potere-dei\\\/\",\"url\":\"https:\\\/\\\/www.libriparlanti.org\\\/index.php\\\/prodotto\\\/berenicio-e-lo-straordinario-potere-dei\\\/\",\"name\":\"BERENICIO E LO STRAORDINARIO POTERE DEI - Libreria Libri parlanti\",\"isPartOf\":{\"@id\":\"https:\\\/\\\/www.libriparlanti.org\\\/#website\"},\"primaryImageOfPage\":{\"@id\":\"https:\\\/\\\/www.libriparlanti.org\\\/index.php\\\/prodotto\\\/berenicio-e-lo-straordinario-potere-dei\\\/#primaryimage\"},\"image\":{\"@id\":\"https:\\\/\\\/www.libriparlanti.org\\\/index.php\\\/prodotto\\\/berenicio-e-lo-straordinario-potere-dei\\\/#primaryimage\"},\"thumbnailUrl\":\"https:\\\/\\\/www.libriparlanti.org\\\/wp-content\\\/uploads\\\/2025\\\/11\\\/9788829607174.jpg\",\"datePublished\":\"2025-11-04T13:48:33+00:00\",\"dateModified\":\"2025-11-04T14:16:17+00:00\",\"breadcrumb\":{\"@id\":\"https:\\\/\\\/www.libriparlanti.org\\\/index.php\\\/prodotto\\\/berenicio-e-lo-straordinario-potere-dei\\\/#breadcrumb\"},\"inLanguage\":\"it-IT\",\"potentialAction\":[{\"@type\":\"ReadAction\",\"target\":[\"https:\\\/\\\/www.libriparlanti.org\\\/index.php\\\/prodotto\\\/berenicio-e-lo-straordinario-potere-dei\\\/\"]}]},{\"@type\":\"ImageObject\",\"inLanguage\":\"it-IT\",\"@id\":\"https:\\\/\\\/www.libriparlanti.org\\\/index.php\\\/prodotto\\\/berenicio-e-lo-straordinario-potere-dei\\\/#primaryimage\",\"url\":\"https:\\\/\\\/www.libriparlanti.org\\\/wp-content\\\/uploads\\\/2025\\\/11\\\/9788829607174.jpg\",\"contentUrl\":\"https:\\\/\\\/www.libriparlanti.org\\\/wp-content\\\/uploads\\\/2025\\\/11\\\/9788829607174.jpg\",\"width\":128,\"height\":193},{\"@type\":\"BreadcrumbList\",\"@id\":\"https:\\\/\\\/www.libriparlanti.org\\\/index.php\\\/prodotto\\\/berenicio-e-lo-straordinario-potere-dei\\\/#breadcrumb\",\"itemListElement\":[{\"@type\":\"ListItem\",\"position\":1,\"name\":\"Home\",\"item\":\"https:\\\/\\\/www.libriparlanti.org\\\/\"},{\"@type\":\"ListItem\",\"position\":2,\"name\":\"Shop\",\"item\":\"https:\\\/\\\/www.libriparlanti.org\\\/index.php\\\/negozio\\\/\"},{\"@type\":\"ListItem\",\"position\":3,\"name\":\"BERENICIO E LO STRAORDINARIO POTERE DEI\"}]},{\"@type\":\"WebSite\",\"@id\":\"https:\\\/\\\/www.libriparlanti.org\\\/#website\",\"url\":\"https:\\\/\\\/www.libriparlanti.org\\\/\",\"name\":\"Libreria Libri parlanti\",\"description\":\"Libreria in Castiglione del Lago (Pg)\",\"potentialAction\":[{\"@type\":\"SearchAction\",\"target\":{\"@type\":\"EntryPoint\",\"urlTemplate\":\"https:\\\/\\\/www.libriparlanti.org\\\/?s={search_term_string}\"},\"query-input\":{\"@type\":\"PropertyValueSpecification\",\"valueRequired\":true,\"valueName\":\"search_term_string\"}}],\"inLanguage\":\"it-IT\"}]}<\/script>\n<!-- \/ Yoast SEO plugin. -->","yoast_head_json":{"title":"BERENICIO E LO STRAORDINARIO POTERE DEI - Libreria Libri parlanti","robots":{"index":"index","follow":"follow","max-snippet":"max-snippet:-1","max-image-preview":"max-image-preview:large","max-video-preview":"max-video-preview:-1"},"canonical":"https:\/\/www.libriparlanti.org\/index.php\/prodotto\/berenicio-e-lo-straordinario-potere-dei\/","og_locale":"it_IT","og_type":"article","og_title":"BERENICIO E LO STRAORDINARIO POTERE DEI - Libreria Libri parlanti","og_description":"Autore: RAFFAELLA BOLAFFIO. Editore: EMME ISBN: 9788829607174","og_url":"https:\/\/www.libriparlanti.org\/index.php\/prodotto\/berenicio-e-lo-straordinario-potere-dei\/","og_site_name":"Libreria Libri parlanti","article_publisher":"https:\/\/www.facebook.com\/LibriParlanti","article_modified_time":"2025-11-04T14:16:17+00:00","og_image":[{"width":128,"height":193,"url":"https:\/\/www.libriparlanti.org\/wp-content\/uploads\/2025\/11\/9788829607174.jpg","type":"image\/jpeg"}],"twitter_card":"summary_large_image","twitter_misc":{"Tempo di lettura stimato":"1 minuto"},"schema":{"@context":"https:\/\/schema.org","@graph":[{"@type":"WebPage","@id":"https:\/\/www.libriparlanti.org\/index.php\/prodotto\/berenicio-e-lo-straordinario-potere-dei\/","url":"https:\/\/www.libriparlanti.org\/index.php\/prodotto\/berenicio-e-lo-straordinario-potere-dei\/","name":"BERENICIO E LO STRAORDINARIO POTERE DEI - Libreria Libri parlanti","isPartOf":{"@id":"https:\/\/www.libriparlanti.org\/#website"},"primaryImageOfPage":{"@id":"https:\/\/www.libriparlanti.org\/index.php\/prodotto\/berenicio-e-lo-straordinario-potere-dei\/#primaryimage"},"image":{"@id":"https:\/\/www.libriparlanti.org\/index.php\/prodotto\/berenicio-e-lo-straordinario-potere-dei\/#primaryimage"},"thumbnailUrl":"https:\/\/www.libriparlanti.org\/wp-content\/uploads\/2025\/11\/9788829607174.jpg","datePublished":"2025-11-04T13:48:33+00:00","dateModified":"2025-11-04T14:16:17+00:00","breadcrumb":{"@id":"https:\/\/www.libriparlanti.org\/index.php\/prodotto\/berenicio-e-lo-straordinario-potere-dei\/#breadcrumb"},"inLanguage":"it-IT","potentialAction":[{"@type":"ReadAction","target":["https:\/\/www.libriparlanti.org\/index.php\/prodotto\/berenicio-e-lo-straordinario-potere-dei\/"]}]},{"@type":"ImageObject","inLanguage":"it-IT","@id":"https:\/\/www.libriparlanti.org\/index.php\/prodotto\/berenicio-e-lo-straordinario-potere-dei\/#primaryimage","url":"https:\/\/www.libriparlanti.org\/wp-content\/uploads\/2025\/11\/9788829607174.jpg","contentUrl":"https:\/\/www.libriparlanti.org\/wp-content\/uploads\/2025\/11\/9788829607174.jpg","width":128,"height":193},{"@type":"BreadcrumbList","@id":"https:\/\/www.libriparlanti.org\/index.php\/prodotto\/berenicio-e-lo-straordinario-potere-dei\/#breadcrumb","itemListElement":[{"@type":"ListItem","position":1,"name":"Home","item":"https:\/\/www.libriparlanti.org\/"},{"@type":"ListItem","position":2,"name":"Shop","item":"https:\/\/www.libriparlanti.org\/index.php\/negozio\/"},{"@type":"ListItem","position":3,"name":"BERENICIO E LO STRAORDINARIO POTERE DEI"}]},{"@type":"WebSite","@id":"https:\/\/www.libriparlanti.org\/#website","url":"https:\/\/www.libriparlanti.org\/","name":"Libreria Libri parlanti","description":"Libreria in Castiglione del Lago (Pg)","potentialAction":[{"@type":"SearchAction","target":{"@type":"EntryPoint","urlTemplate":"https:\/\/www.libriparlanti.org\/?s={search_term_string}"},"query-input":{"@type":"PropertyValueSpecification","valueRequired":true,"valueName":"search_term_string"}}],"inLanguage":"it-IT"}]}},"_links":{"self":[{"href":"https:\/\/www.libriparlanti.org\/index.php\/wp-json\/wp\/v2\/product\/35923","targetHints":{"allow":["GET"]}}],"collection":[{"href":"https:\/\/www.libriparlanti.org\/index.php\/wp-json\/wp\/v2\/product"}],"about":[{"href":"https:\/\/www.libriparlanti.org\/index.php\/wp-json\/wp\/v2\/types\/product"}],"replies":[{"embeddable":true,"href":"https:\/\/www.libriparlanti.org\/index.php\/wp-json\/wp\/v2\/comments?post=35923"}],"wp:featuredmedia":[{"embeddable":true,"href":"https:\/\/www.libriparlanti.org\/index.php\/wp-json\/wp\/v2\/media\/35922"}],"wp:attachment":[{"href":"https:\/\/www.libriparlanti.org\/index.php\/wp-json\/wp\/v2\/media?parent=35923"}],"wp:term":[{"taxonomy":"product_brand","embeddable":true,"href":"https:\/\/www.libriparlanti.org\/index.php\/wp-json\/wp\/v2\/product_brand?post=35923"},{"taxonomy":"product_cat","embeddable":true,"href":"https:\/\/www.libriparlanti.org\/index.php\/wp-json\/wp\/v2\/product_cat?post=35923"},{"taxonomy":"product_tag","embeddable":true,"href":"https:\/\/www.libriparlanti.org\/index.php\/wp-json\/wp\/v2\/product_tag?post=35923"}],"curies":[{"name":"wp","href":"https:\/\/api.w.org\/{rel}","templated":true}]}}