{"id":35889,"date":"2025-11-03T19:37:20","date_gmt":"2025-11-03T17:37:20","guid":{"rendered":"https:\/\/www.libriparlanti.org\/index.php\/prodotto\/ragazzo\/"},"modified":"2025-11-03T20:35:53","modified_gmt":"2025-11-03T18:35:53","slug":"ragazzo","status":"publish","type":"product","link":"https:\/\/www.libriparlanti.org\/index.php\/prodotto\/ragazzo\/","title":{"rendered":"RAGAZZO"},"content":{"rendered":"<p>&#8220;Ragazzo&#8221; racconta la voglia di cambiare se stessi e il mondo. Lo scontro improvviso con un&#8217;et\u00e0 che sembra chiedere il conto su molti aspetti: da dove vieni, di che pasta sei fatto. Ma soprattutto: cosa vuoi diventare. Per vederlo, non puoi fare altro che abbattere certi muri&#8230; Giacomo \u00e8 pronto a scagliarsi; Matteo lo tira indietro, spaventato. Intorno, la provincia immobile, come uno scenario sfumato&#8230; Rabbia, frustrazione, smarrimento. Tanti sogni a occhi aperti. Genitori incapaci. E l&#8217;amore, che arriva con la stessa violenza dei bulli cretini. Giacomo e Matteo sono sorpresi dal cambiamento, e totalmente privi di una guida. L&#8217;adolescenza \u00e8 un labirinto che pu\u00f2 diventare pericoloso, imponendo prove di coraggio micidiali. Come per esempio portare a scuola la pistola di tuo padre. Per vedere l&#8217;effetto che fa. Giacomo e Matteo sono amici da sempre. L&#8217;impatto con il primo anno di liceo \u00e8 traumatico. Specie per loro, che vengono dal quartiere pi\u00f9 povero della cittadina. Non hanno abiti alla moda, n\u00e9 smartphone di ultima generazione. Da una parte Giacomo, che sogna solo una cosa: crescere. Diventare forte. Togliersi di dosso il marchio dello &#8220;sfigato&#8221;. Sospetta che la sua condizione dipenda molto dalla compagnia di Matteo: lui ha paura di tutto, ogni minimo cambiamento lo sconvolge&#8230; Per\u00f2 \u00e8 l&#8217;unico che c&#8217;\u00e8. Poi ecco Corinna Gentileschi: Giacomo perde la testa per lei, \u00e8 disposto ad abbattere le montagne pur di accaparrarsi un suo sguardo. Matteo \u00e8 preso dal panico: se l&#8217;amico dovesse riuscire nell&#8217;intento, rester\u00e0 davvero solo.<\/p>\n","protected":false},"excerpt":{"rendered":"<p><em>Autore:<\/em> NASPINI SACHA<br \/>\n<em>Editore:<\/em> E\/O<br \/>\n<em>ISBN:<\/em> 9788833579214<\/p>\n","protected":false},"featured_media":35888,"comment_status":"closed","ping_status":"closed","template":"","meta":{"_et_pb_use_builder":"","_et_pb_old_content":"","_et_gb_content_width":"","_joinchat":[]},"product_brand":[],"product_cat":[959],"product_tag":[],"class_list":{"0":"post-35889","1":"product","2":"type-product","3":"status-publish","4":"has-post-thumbnail","6":"product_cat-senza-categoria","8":"first","9":"instock","10":"taxable","11":"shipping-taxable","12":"purchasable","13":"product-type-simple"},"yoast_head":"<!-- This site is optimized with the Yoast SEO plugin v27.4 - https:\/\/yoast.com\/product\/yoast-seo-wordpress\/ -->\n<title>RAGAZZO - Libreria Libri parlanti<\/title>\n<meta name=\"robots\" content=\"index, follow, max-snippet:-1, max-image-preview:large, max-video-preview:-1\" \/>\n<link rel=\"canonical\" href=\"https:\/\/www.libriparlanti.org\/index.php\/prodotto\/ragazzo\/\" \/>\n<meta property=\"og:locale\" content=\"it_IT\" \/>\n<meta property=\"og:type\" content=\"article\" \/>\n<meta property=\"og:title\" content=\"RAGAZZO - Libreria Libri parlanti\" \/>\n<meta property=\"og:description\" content=\"Autore: NASPINI SACHA Editore: E\/O ISBN: 9788833579214\" \/>\n<meta property=\"og:url\" content=\"https:\/\/www.libriparlanti.org\/index.php\/prodotto\/ragazzo\/\" \/>\n<meta property=\"og:site_name\" content=\"Libreria Libri parlanti\" \/>\n<meta property=\"article:publisher\" content=\"https:\/\/www.facebook.com\/LibriParlanti\" \/>\n<meta property=\"article:modified_time\" content=\"2025-11-03T18:35:53+00:00\" \/>\n<meta name=\"twitter:card\" content=\"summary_large_image\" \/>\n<meta name=\"twitter:label1\" content=\"Tempo di lettura stimato\" \/>\n\t<meta name=\"twitter:data1\" content=\"1 minuto\" \/>\n<script type=\"application\/ld+json\" class=\"yoast-schema-graph\">{\"@context\":\"https:\\\/\\\/schema.org\",\"@graph\":[{\"@type\":\"WebPage\",\"@id\":\"https:\\\/\\\/www.libriparlanti.org\\\/index.php\\\/prodotto\\\/ragazzo\\\/\",\"url\":\"https:\\\/\\\/www.libriparlanti.org\\\/index.php\\\/prodotto\\\/ragazzo\\\/\",\"name\":\"RAGAZZO - Libreria Libri parlanti\",\"isPartOf\":{\"@id\":\"https:\\\/\\\/www.libriparlanti.org\\\/#website\"},\"primaryImageOfPage\":{\"@id\":\"https:\\\/\\\/www.libriparlanti.org\\\/index.php\\\/prodotto\\\/ragazzo\\\/#primaryimage\"},\"image\":{\"@id\":\"https:\\\/\\\/www.libriparlanti.org\\\/index.php\\\/prodotto\\\/ragazzo\\\/#primaryimage\"},\"thumbnailUrl\":\"https:\\\/\\\/www.libriparlanti.org\\\/wp-content\\\/uploads\\\/2025\\\/11\\\/ZO4ITO0gTNwQTM4cKO-2.jpg\",\"datePublished\":\"2025-11-03T17:37:20+00:00\",\"dateModified\":\"2025-11-03T18:35:53+00:00\",\"breadcrumb\":{\"@id\":\"https:\\\/\\\/www.libriparlanti.org\\\/index.php\\\/prodotto\\\/ragazzo\\\/#breadcrumb\"},\"inLanguage\":\"it-IT\",\"potentialAction\":[{\"@type\":\"ReadAction\",\"target\":[\"https:\\\/\\\/www.libriparlanti.org\\\/index.php\\\/prodotto\\\/ragazzo\\\/\"]}]},{\"@type\":\"ImageObject\",\"inLanguage\":\"it-IT\",\"@id\":\"https:\\\/\\\/www.libriparlanti.org\\\/index.php\\\/prodotto\\\/ragazzo\\\/#primaryimage\",\"url\":\"https:\\\/\\\/www.libriparlanti.org\\\/wp-content\\\/uploads\\\/2025\\\/11\\\/ZO4ITO0gTNwQTM4cKO-2.jpg\",\"contentUrl\":\"https:\\\/\\\/www.libriparlanti.org\\\/wp-content\\\/uploads\\\/2025\\\/11\\\/ZO4ITO0gTNwQTM4cKO-2.jpg\",\"width\":130,\"height\":150},{\"@type\":\"BreadcrumbList\",\"@id\":\"https:\\\/\\\/www.libriparlanti.org\\\/index.php\\\/prodotto\\\/ragazzo\\\/#breadcrumb\",\"itemListElement\":[{\"@type\":\"ListItem\",\"position\":1,\"name\":\"Home\",\"item\":\"https:\\\/\\\/www.libriparlanti.org\\\/\"},{\"@type\":\"ListItem\",\"position\":2,\"name\":\"Shop\",\"item\":\"https:\\\/\\\/www.libriparlanti.org\\\/index.php\\\/negozio\\\/\"},{\"@type\":\"ListItem\",\"position\":3,\"name\":\"RAGAZZO\"}]},{\"@type\":\"WebSite\",\"@id\":\"https:\\\/\\\/www.libriparlanti.org\\\/#website\",\"url\":\"https:\\\/\\\/www.libriparlanti.org\\\/\",\"name\":\"Libreria Libri parlanti\",\"description\":\"Libreria in Castiglione del Lago (Pg)\",\"potentialAction\":[{\"@type\":\"SearchAction\",\"target\":{\"@type\":\"EntryPoint\",\"urlTemplate\":\"https:\\\/\\\/www.libriparlanti.org\\\/?s={search_term_string}\"},\"query-input\":{\"@type\":\"PropertyValueSpecification\",\"valueRequired\":true,\"valueName\":\"search_term_string\"}}],\"inLanguage\":\"it-IT\"}]}<\/script>\n<!-- \/ Yoast SEO plugin. -->","yoast_head_json":{"title":"RAGAZZO - Libreria Libri parlanti","robots":{"index":"index","follow":"follow","max-snippet":"max-snippet:-1","max-image-preview":"max-image-preview:large","max-video-preview":"max-video-preview:-1"},"canonical":"https:\/\/www.libriparlanti.org\/index.php\/prodotto\/ragazzo\/","og_locale":"it_IT","og_type":"article","og_title":"RAGAZZO - Libreria Libri parlanti","og_description":"Autore: NASPINI SACHA Editore: E\/O ISBN: 9788833579214","og_url":"https:\/\/www.libriparlanti.org\/index.php\/prodotto\/ragazzo\/","og_site_name":"Libreria Libri parlanti","article_publisher":"https:\/\/www.facebook.com\/LibriParlanti","article_modified_time":"2025-11-03T18:35:53+00:00","twitter_card":"summary_large_image","twitter_misc":{"Tempo di lettura stimato":"1 minuto"},"schema":{"@context":"https:\/\/schema.org","@graph":[{"@type":"WebPage","@id":"https:\/\/www.libriparlanti.org\/index.php\/prodotto\/ragazzo\/","url":"https:\/\/www.libriparlanti.org\/index.php\/prodotto\/ragazzo\/","name":"RAGAZZO - Libreria Libri parlanti","isPartOf":{"@id":"https:\/\/www.libriparlanti.org\/#website"},"primaryImageOfPage":{"@id":"https:\/\/www.libriparlanti.org\/index.php\/prodotto\/ragazzo\/#primaryimage"},"image":{"@id":"https:\/\/www.libriparlanti.org\/index.php\/prodotto\/ragazzo\/#primaryimage"},"thumbnailUrl":"https:\/\/www.libriparlanti.org\/wp-content\/uploads\/2025\/11\/ZO4ITO0gTNwQTM4cKO-2.jpg","datePublished":"2025-11-03T17:37:20+00:00","dateModified":"2025-11-03T18:35:53+00:00","breadcrumb":{"@id":"https:\/\/www.libriparlanti.org\/index.php\/prodotto\/ragazzo\/#breadcrumb"},"inLanguage":"it-IT","potentialAction":[{"@type":"ReadAction","target":["https:\/\/www.libriparlanti.org\/index.php\/prodotto\/ragazzo\/"]}]},{"@type":"ImageObject","inLanguage":"it-IT","@id":"https:\/\/www.libriparlanti.org\/index.php\/prodotto\/ragazzo\/#primaryimage","url":"https:\/\/www.libriparlanti.org\/wp-content\/uploads\/2025\/11\/ZO4ITO0gTNwQTM4cKO-2.jpg","contentUrl":"https:\/\/www.libriparlanti.org\/wp-content\/uploads\/2025\/11\/ZO4ITO0gTNwQTM4cKO-2.jpg","width":130,"height":150},{"@type":"BreadcrumbList","@id":"https:\/\/www.libriparlanti.org\/index.php\/prodotto\/ragazzo\/#breadcrumb","itemListElement":[{"@type":"ListItem","position":1,"name":"Home","item":"https:\/\/www.libriparlanti.org\/"},{"@type":"ListItem","position":2,"name":"Shop","item":"https:\/\/www.libriparlanti.org\/index.php\/negozio\/"},{"@type":"ListItem","position":3,"name":"RAGAZZO"}]},{"@type":"WebSite","@id":"https:\/\/www.libriparlanti.org\/#website","url":"https:\/\/www.libriparlanti.org\/","name":"Libreria Libri parlanti","description":"Libreria in Castiglione del Lago (Pg)","potentialAction":[{"@type":"SearchAction","target":{"@type":"EntryPoint","urlTemplate":"https:\/\/www.libriparlanti.org\/?s={search_term_string}"},"query-input":{"@type":"PropertyValueSpecification","valueRequired":true,"valueName":"search_term_string"}}],"inLanguage":"it-IT"}]}},"_links":{"self":[{"href":"https:\/\/www.libriparlanti.org\/index.php\/wp-json\/wp\/v2\/product\/35889","targetHints":{"allow":["GET"]}}],"collection":[{"href":"https:\/\/www.libriparlanti.org\/index.php\/wp-json\/wp\/v2\/product"}],"about":[{"href":"https:\/\/www.libriparlanti.org\/index.php\/wp-json\/wp\/v2\/types\/product"}],"replies":[{"embeddable":true,"href":"https:\/\/www.libriparlanti.org\/index.php\/wp-json\/wp\/v2\/comments?post=35889"}],"wp:featuredmedia":[{"embeddable":true,"href":"https:\/\/www.libriparlanti.org\/index.php\/wp-json\/wp\/v2\/media\/35888"}],"wp:attachment":[{"href":"https:\/\/www.libriparlanti.org\/index.php\/wp-json\/wp\/v2\/media?parent=35889"}],"wp:term":[{"taxonomy":"product_brand","embeddable":true,"href":"https:\/\/www.libriparlanti.org\/index.php\/wp-json\/wp\/v2\/product_brand?post=35889"},{"taxonomy":"product_cat","embeddable":true,"href":"https:\/\/www.libriparlanti.org\/index.php\/wp-json\/wp\/v2\/product_cat?post=35889"},{"taxonomy":"product_tag","embeddable":true,"href":"https:\/\/www.libriparlanti.org\/index.php\/wp-json\/wp\/v2\/product_tag?post=35889"}],"curies":[{"name":"wp","href":"https:\/\/api.w.org\/{rel}","templated":true}]}}