{"id":35835,"date":"2025-10-31T16:43:58","date_gmt":"2025-10-31T14:43:58","guid":{"rendered":"https:\/\/www.libriparlanti.org\/index.php\/prodotto\/la-magnifica-societa-delle-giardiniere\/"},"modified":"2025-11-03T23:07:04","modified_gmt":"2025-11-03T21:07:04","slug":"la-magnifica-societa-delle-giardiniere","status":"publish","type":"product","link":"https:\/\/www.libriparlanti.org\/index.php\/prodotto\/la-magnifica-societa-delle-giardiniere\/","title":{"rendered":"LA MAGNIFICA SOCIET\u00c0 DELLE GIARDINIERE"},"content":{"rendered":"<p>Bianca Monti \u00e8 una giovane pittrice. Ma \u00e8 anche una spia. Nella Milano del 1820, dove dopo la caduta di Napoleone si \u00e8 instaurato nuovamente il governo austriaco, gruppi di cospiratori agiscono nell&#8217;ombra per riportare il potere nelle mani dei cittadini. Tra questi ne spicca uno, formato da sole donne: la Societ\u00e0 delle Giardiniere. E proprio a questa societ\u00e0 segreta viene affiliata Bianca, che presto comincia a condurre una doppia vita: una monotona e tranquilla, tra serate musicali e passeggiate per le vie della citt\u00e0, e un&#8217;altra decisamente pi\u00f9 movimentata, con carrozze da pedinare, travestimenti da indossare e biglietti da nascondere nei luoghi pi\u00f9 impensati. Bianca affronta missioni sempre nuove tentando di non essere scoperta e arrestata dalle autorit\u00e0 austriache, consapevoli della presenza di individui che minacciano il loro potere. Et\u00e0 di lettura: da 11 anni.<\/p>\n","protected":false},"excerpt":{"rendered":"<p><em>Autore:<\/em> ALTEA VILLA<br \/>\n<em>Editore:<\/em> EDIZIONI PAOLINE<br \/>\n<em>ISBN:<\/em> 9788892229778<\/p>\n","protected":false},"featured_media":35834,"comment_status":"closed","ping_status":"closed","template":"","meta":{"_et_pb_use_builder":"","_et_pb_old_content":"","_et_gb_content_width":"","_joinchat":[]},"product_brand":[],"product_cat":[1740,959,2384],"product_tag":[],"class_list":{"0":"post-35835","1":"product","2":"type-product","3":"status-publish","4":"has-post-thumbnail","6":"product_cat-albo-illustrato","7":"product_cat-senza-categoria","8":"product_cat-leggoperchecortona","10":"first","11":"instock","12":"taxable","13":"shipping-taxable","14":"purchasable","15":"product-type-simple"},"yoast_head":"<!-- This site is optimized with the Yoast SEO plugin v27.4 - https:\/\/yoast.com\/product\/yoast-seo-wordpress\/ -->\n<title>LA MAGNIFICA SOCIET\u00c0 DELLE GIARDINIERE - Libreria Libri parlanti<\/title>\n<meta name=\"robots\" content=\"index, follow, max-snippet:-1, max-image-preview:large, max-video-preview:-1\" \/>\n<link rel=\"canonical\" href=\"https:\/\/www.libriparlanti.org\/index.php\/prodotto\/la-magnifica-societa-delle-giardiniere\/\" \/>\n<meta property=\"og:locale\" content=\"it_IT\" \/>\n<meta property=\"og:type\" content=\"article\" \/>\n<meta property=\"og:title\" content=\"LA MAGNIFICA SOCIET\u00c0 DELLE GIARDINIERE - Libreria Libri parlanti\" \/>\n<meta property=\"og:description\" content=\"Autore: ALTEA VILLA Editore: EDIZIONI PAOLINE ISBN: 9788892229778\" \/>\n<meta property=\"og:url\" content=\"https:\/\/www.libriparlanti.org\/index.php\/prodotto\/la-magnifica-societa-delle-giardiniere\/\" \/>\n<meta property=\"og:site_name\" content=\"Libreria Libri parlanti\" \/>\n<meta property=\"article:publisher\" content=\"https:\/\/www.facebook.com\/LibriParlanti\" \/>\n<meta property=\"article:modified_time\" content=\"2025-11-03T21:07:04+00:00\" \/>\n<meta property=\"og:image\" content=\"https:\/\/www.libriparlanti.org\/wp-content\/uploads\/2025\/10\/AO3cTOyIjM5gDO4cTO.jpg\" \/>\n\t<meta property=\"og:image:width\" content=\"208\" \/>\n\t<meta property=\"og:image:height\" content=\"300\" \/>\n\t<meta property=\"og:image:type\" content=\"image\/jpeg\" \/>\n<meta name=\"twitter:card\" content=\"summary_large_image\" \/>\n<meta name=\"twitter:label1\" content=\"Tempo di lettura stimato\" \/>\n\t<meta name=\"twitter:data1\" content=\"1 minuto\" \/>\n<script type=\"application\/ld+json\" class=\"yoast-schema-graph\">{\"@context\":\"https:\\\/\\\/schema.org\",\"@graph\":[{\"@type\":\"WebPage\",\"@id\":\"https:\\\/\\\/www.libriparlanti.org\\\/index.php\\\/prodotto\\\/la-magnifica-societa-delle-giardiniere\\\/\",\"url\":\"https:\\\/\\\/www.libriparlanti.org\\\/index.php\\\/prodotto\\\/la-magnifica-societa-delle-giardiniere\\\/\",\"name\":\"LA MAGNIFICA SOCIET\u00c0 DELLE GIARDINIERE - Libreria Libri parlanti\",\"isPartOf\":{\"@id\":\"https:\\\/\\\/www.libriparlanti.org\\\/#website\"},\"primaryImageOfPage\":{\"@id\":\"https:\\\/\\\/www.libriparlanti.org\\\/index.php\\\/prodotto\\\/la-magnifica-societa-delle-giardiniere\\\/#primaryimage\"},\"image\":{\"@id\":\"https:\\\/\\\/www.libriparlanti.org\\\/index.php\\\/prodotto\\\/la-magnifica-societa-delle-giardiniere\\\/#primaryimage\"},\"thumbnailUrl\":\"https:\\\/\\\/www.libriparlanti.org\\\/wp-content\\\/uploads\\\/2025\\\/10\\\/AO3cTOyIjM5gDO4cTO.jpg\",\"datePublished\":\"2025-10-31T14:43:58+00:00\",\"dateModified\":\"2025-11-03T21:07:04+00:00\",\"breadcrumb\":{\"@id\":\"https:\\\/\\\/www.libriparlanti.org\\\/index.php\\\/prodotto\\\/la-magnifica-societa-delle-giardiniere\\\/#breadcrumb\"},\"inLanguage\":\"it-IT\",\"potentialAction\":[{\"@type\":\"ReadAction\",\"target\":[\"https:\\\/\\\/www.libriparlanti.org\\\/index.php\\\/prodotto\\\/la-magnifica-societa-delle-giardiniere\\\/\"]}]},{\"@type\":\"ImageObject\",\"inLanguage\":\"it-IT\",\"@id\":\"https:\\\/\\\/www.libriparlanti.org\\\/index.php\\\/prodotto\\\/la-magnifica-societa-delle-giardiniere\\\/#primaryimage\",\"url\":\"https:\\\/\\\/www.libriparlanti.org\\\/wp-content\\\/uploads\\\/2025\\\/10\\\/AO3cTOyIjM5gDO4cTO.jpg\",\"contentUrl\":\"https:\\\/\\\/www.libriparlanti.org\\\/wp-content\\\/uploads\\\/2025\\\/10\\\/AO3cTOyIjM5gDO4cTO.jpg\",\"width\":208,\"height\":300},{\"@type\":\"BreadcrumbList\",\"@id\":\"https:\\\/\\\/www.libriparlanti.org\\\/index.php\\\/prodotto\\\/la-magnifica-societa-delle-giardiniere\\\/#breadcrumb\",\"itemListElement\":[{\"@type\":\"ListItem\",\"position\":1,\"name\":\"Home\",\"item\":\"https:\\\/\\\/www.libriparlanti.org\\\/\"},{\"@type\":\"ListItem\",\"position\":2,\"name\":\"Shop\",\"item\":\"https:\\\/\\\/www.libriparlanti.org\\\/index.php\\\/negozio\\\/\"},{\"@type\":\"ListItem\",\"position\":3,\"name\":\"LA MAGNIFICA SOCIET\u00c0 DELLE GIARDINIERE\"}]},{\"@type\":\"WebSite\",\"@id\":\"https:\\\/\\\/www.libriparlanti.org\\\/#website\",\"url\":\"https:\\\/\\\/www.libriparlanti.org\\\/\",\"name\":\"Libreria Libri parlanti\",\"description\":\"Libreria in Castiglione del Lago (Pg)\",\"potentialAction\":[{\"@type\":\"SearchAction\",\"target\":{\"@type\":\"EntryPoint\",\"urlTemplate\":\"https:\\\/\\\/www.libriparlanti.org\\\/?s={search_term_string}\"},\"query-input\":{\"@type\":\"PropertyValueSpecification\",\"valueRequired\":true,\"valueName\":\"search_term_string\"}}],\"inLanguage\":\"it-IT\"}]}<\/script>\n<!-- \/ Yoast SEO plugin. -->","yoast_head_json":{"title":"LA MAGNIFICA SOCIET\u00c0 DELLE GIARDINIERE - Libreria Libri parlanti","robots":{"index":"index","follow":"follow","max-snippet":"max-snippet:-1","max-image-preview":"max-image-preview:large","max-video-preview":"max-video-preview:-1"},"canonical":"https:\/\/www.libriparlanti.org\/index.php\/prodotto\/la-magnifica-societa-delle-giardiniere\/","og_locale":"it_IT","og_type":"article","og_title":"LA MAGNIFICA SOCIET\u00c0 DELLE GIARDINIERE - Libreria Libri parlanti","og_description":"Autore: ALTEA VILLA Editore: EDIZIONI PAOLINE ISBN: 9788892229778","og_url":"https:\/\/www.libriparlanti.org\/index.php\/prodotto\/la-magnifica-societa-delle-giardiniere\/","og_site_name":"Libreria Libri parlanti","article_publisher":"https:\/\/www.facebook.com\/LibriParlanti","article_modified_time":"2025-11-03T21:07:04+00:00","og_image":[{"width":208,"height":300,"url":"https:\/\/www.libriparlanti.org\/wp-content\/uploads\/2025\/10\/AO3cTOyIjM5gDO4cTO.jpg","type":"image\/jpeg"}],"twitter_card":"summary_large_image","twitter_misc":{"Tempo di lettura stimato":"1 minuto"},"schema":{"@context":"https:\/\/schema.org","@graph":[{"@type":"WebPage","@id":"https:\/\/www.libriparlanti.org\/index.php\/prodotto\/la-magnifica-societa-delle-giardiniere\/","url":"https:\/\/www.libriparlanti.org\/index.php\/prodotto\/la-magnifica-societa-delle-giardiniere\/","name":"LA MAGNIFICA SOCIET\u00c0 DELLE GIARDINIERE - Libreria Libri parlanti","isPartOf":{"@id":"https:\/\/www.libriparlanti.org\/#website"},"primaryImageOfPage":{"@id":"https:\/\/www.libriparlanti.org\/index.php\/prodotto\/la-magnifica-societa-delle-giardiniere\/#primaryimage"},"image":{"@id":"https:\/\/www.libriparlanti.org\/index.php\/prodotto\/la-magnifica-societa-delle-giardiniere\/#primaryimage"},"thumbnailUrl":"https:\/\/www.libriparlanti.org\/wp-content\/uploads\/2025\/10\/AO3cTOyIjM5gDO4cTO.jpg","datePublished":"2025-10-31T14:43:58+00:00","dateModified":"2025-11-03T21:07:04+00:00","breadcrumb":{"@id":"https:\/\/www.libriparlanti.org\/index.php\/prodotto\/la-magnifica-societa-delle-giardiniere\/#breadcrumb"},"inLanguage":"it-IT","potentialAction":[{"@type":"ReadAction","target":["https:\/\/www.libriparlanti.org\/index.php\/prodotto\/la-magnifica-societa-delle-giardiniere\/"]}]},{"@type":"ImageObject","inLanguage":"it-IT","@id":"https:\/\/www.libriparlanti.org\/index.php\/prodotto\/la-magnifica-societa-delle-giardiniere\/#primaryimage","url":"https:\/\/www.libriparlanti.org\/wp-content\/uploads\/2025\/10\/AO3cTOyIjM5gDO4cTO.jpg","contentUrl":"https:\/\/www.libriparlanti.org\/wp-content\/uploads\/2025\/10\/AO3cTOyIjM5gDO4cTO.jpg","width":208,"height":300},{"@type":"BreadcrumbList","@id":"https:\/\/www.libriparlanti.org\/index.php\/prodotto\/la-magnifica-societa-delle-giardiniere\/#breadcrumb","itemListElement":[{"@type":"ListItem","position":1,"name":"Home","item":"https:\/\/www.libriparlanti.org\/"},{"@type":"ListItem","position":2,"name":"Shop","item":"https:\/\/www.libriparlanti.org\/index.php\/negozio\/"},{"@type":"ListItem","position":3,"name":"LA MAGNIFICA SOCIET\u00c0 DELLE GIARDINIERE"}]},{"@type":"WebSite","@id":"https:\/\/www.libriparlanti.org\/#website","url":"https:\/\/www.libriparlanti.org\/","name":"Libreria Libri parlanti","description":"Libreria in Castiglione del Lago (Pg)","potentialAction":[{"@type":"SearchAction","target":{"@type":"EntryPoint","urlTemplate":"https:\/\/www.libriparlanti.org\/?s={search_term_string}"},"query-input":{"@type":"PropertyValueSpecification","valueRequired":true,"valueName":"search_term_string"}}],"inLanguage":"it-IT"}]}},"_links":{"self":[{"href":"https:\/\/www.libriparlanti.org\/index.php\/wp-json\/wp\/v2\/product\/35835","targetHints":{"allow":["GET"]}}],"collection":[{"href":"https:\/\/www.libriparlanti.org\/index.php\/wp-json\/wp\/v2\/product"}],"about":[{"href":"https:\/\/www.libriparlanti.org\/index.php\/wp-json\/wp\/v2\/types\/product"}],"replies":[{"embeddable":true,"href":"https:\/\/www.libriparlanti.org\/index.php\/wp-json\/wp\/v2\/comments?post=35835"}],"wp:featuredmedia":[{"embeddable":true,"href":"https:\/\/www.libriparlanti.org\/index.php\/wp-json\/wp\/v2\/media\/35834"}],"wp:attachment":[{"href":"https:\/\/www.libriparlanti.org\/index.php\/wp-json\/wp\/v2\/media?parent=35835"}],"wp:term":[{"taxonomy":"product_brand","embeddable":true,"href":"https:\/\/www.libriparlanti.org\/index.php\/wp-json\/wp\/v2\/product_brand?post=35835"},{"taxonomy":"product_cat","embeddable":true,"href":"https:\/\/www.libriparlanti.org\/index.php\/wp-json\/wp\/v2\/product_cat?post=35835"},{"taxonomy":"product_tag","embeddable":true,"href":"https:\/\/www.libriparlanti.org\/index.php\/wp-json\/wp\/v2\/product_tag?post=35835"}],"curies":[{"name":"wp","href":"https:\/\/api.w.org\/{rel}","templated":true}]}}