{"id":35762,"date":"2025-10-30T17:34:59","date_gmt":"2025-10-30T15:34:59","guid":{"rendered":"https:\/\/www.libriparlanti.org\/index.php\/prodotto\/gambe-my-body-your-body-series\/"},"modified":"2025-10-30T18:27:27","modified_gmt":"2025-10-30T16:27:27","slug":"gambe-my-body-your-body-series","status":"publish","type":"product","link":"https:\/\/www.libriparlanti.org\/index.php\/prodotto\/gambe-my-body-your-body-series\/","title":{"rendered":"GAMBE. MY BODY, YOUR BODY SERIES"},"content":{"rendered":"<p>La serie &#8220;My Body, Your Body&#8221; celebra la diversit\u00e0 e l&#8217;unicit\u00e0 del corpo umano. Ogni libro esplora come le nostre caratteristiche fisiche ci rendano speciali, promuovendo l&#8217;accettazione di s\u00e9 e degli altri. Attraverso illustrazioni vivaci e testi coinvolgenti, i bambini apprenderanno il valore dell&#8217;inclusione. Questa serie \u00e8 ideale per trasmettere il messaggio che le persone sono tutte diverse, ed \u00e8 proprio questo che le rende speciali! Gambe \u00e8 un viaggio illustrato alla scoperta di quanto siano straordinarie le nostre gambe e di tutte le possibilit\u00e0 di movimento che ci offrono, anche quando sono un po&#8217; diverse. Et\u00e0 di lettura: da 4 anni.<\/p>\n","protected":false},"excerpt":{"rendered":"<p><em>Autore:<\/em> JOHN WOOD<br \/>\n<em>Editore:<\/em> FRASI4KIDS<br \/>\n<em>ISBN:<\/em> 9791282038133<\/p>\n","protected":false},"featured_media":35761,"comment_status":"closed","ping_status":"closed","template":"","meta":{"_et_pb_use_builder":"","_et_pb_old_content":"","_et_gb_content_width":"","_joinchat":[]},"product_brand":[],"product_cat":[1740,2377],"product_tag":[],"class_list":{"0":"post-35762","1":"product","2":"type-product","3":"status-publish","4":"has-post-thumbnail","6":"product_cat-albo-illustrato","7":"product_cat-ioleggoperche","9":"first","10":"instock","11":"taxable","12":"shipping-taxable","13":"purchasable","14":"product-type-simple"},"yoast_head":"<!-- This site is optimized with the Yoast SEO plugin v27.4 - https:\/\/yoast.com\/product\/yoast-seo-wordpress\/ -->\n<title>GAMBE. MY BODY, YOUR BODY SERIES - Libreria Libri parlanti<\/title>\n<meta name=\"robots\" content=\"index, follow, max-snippet:-1, max-image-preview:large, max-video-preview:-1\" \/>\n<link rel=\"canonical\" href=\"https:\/\/www.libriparlanti.org\/index.php\/prodotto\/gambe-my-body-your-body-series\/\" \/>\n<meta property=\"og:locale\" content=\"it_IT\" \/>\n<meta property=\"og:type\" content=\"article\" \/>\n<meta property=\"og:title\" content=\"GAMBE. MY BODY, YOUR BODY SERIES - Libreria Libri parlanti\" \/>\n<meta property=\"og:description\" content=\"Autore: JOHN WOOD Editore: FRASI4KIDS ISBN: 9791282038133\" \/>\n<meta property=\"og:url\" content=\"https:\/\/www.libriparlanti.org\/index.php\/prodotto\/gambe-my-body-your-body-series\/\" \/>\n<meta property=\"og:site_name\" content=\"Libreria Libri parlanti\" \/>\n<meta property=\"article:publisher\" content=\"https:\/\/www.facebook.com\/LibriParlanti\" \/>\n<meta property=\"article:modified_time\" content=\"2025-10-30T16:27:27+00:00\" \/>\n<meta property=\"og:image\" content=\"https:\/\/www.libriparlanti.org\/wp-content\/uploads\/2025\/10\/wMzEDOzAjM4ITM5cTO.jpg\" \/>\n\t<meta property=\"og:image:width\" content=\"300\" \/>\n\t<meta property=\"og:image:height\" content=\"300\" \/>\n\t<meta property=\"og:image:type\" content=\"image\/jpeg\" \/>\n<meta name=\"twitter:card\" content=\"summary_large_image\" \/>\n<meta name=\"twitter:label1\" content=\"Tempo di lettura stimato\" \/>\n\t<meta name=\"twitter:data1\" content=\"1 minuto\" \/>\n<script type=\"application\/ld+json\" class=\"yoast-schema-graph\">{\"@context\":\"https:\\\/\\\/schema.org\",\"@graph\":[{\"@type\":\"WebPage\",\"@id\":\"https:\\\/\\\/www.libriparlanti.org\\\/index.php\\\/prodotto\\\/gambe-my-body-your-body-series\\\/\",\"url\":\"https:\\\/\\\/www.libriparlanti.org\\\/index.php\\\/prodotto\\\/gambe-my-body-your-body-series\\\/\",\"name\":\"GAMBE. MY BODY, YOUR BODY SERIES - Libreria Libri parlanti\",\"isPartOf\":{\"@id\":\"https:\\\/\\\/www.libriparlanti.org\\\/#website\"},\"primaryImageOfPage\":{\"@id\":\"https:\\\/\\\/www.libriparlanti.org\\\/index.php\\\/prodotto\\\/gambe-my-body-your-body-series\\\/#primaryimage\"},\"image\":{\"@id\":\"https:\\\/\\\/www.libriparlanti.org\\\/index.php\\\/prodotto\\\/gambe-my-body-your-body-series\\\/#primaryimage\"},\"thumbnailUrl\":\"https:\\\/\\\/www.libriparlanti.org\\\/wp-content\\\/uploads\\\/2025\\\/10\\\/wMzEDOzAjM4ITM5cTO.jpg\",\"datePublished\":\"2025-10-30T15:34:59+00:00\",\"dateModified\":\"2025-10-30T16:27:27+00:00\",\"breadcrumb\":{\"@id\":\"https:\\\/\\\/www.libriparlanti.org\\\/index.php\\\/prodotto\\\/gambe-my-body-your-body-series\\\/#breadcrumb\"},\"inLanguage\":\"it-IT\",\"potentialAction\":[{\"@type\":\"ReadAction\",\"target\":[\"https:\\\/\\\/www.libriparlanti.org\\\/index.php\\\/prodotto\\\/gambe-my-body-your-body-series\\\/\"]}]},{\"@type\":\"ImageObject\",\"inLanguage\":\"it-IT\",\"@id\":\"https:\\\/\\\/www.libriparlanti.org\\\/index.php\\\/prodotto\\\/gambe-my-body-your-body-series\\\/#primaryimage\",\"url\":\"https:\\\/\\\/www.libriparlanti.org\\\/wp-content\\\/uploads\\\/2025\\\/10\\\/wMzEDOzAjM4ITM5cTO.jpg\",\"contentUrl\":\"https:\\\/\\\/www.libriparlanti.org\\\/wp-content\\\/uploads\\\/2025\\\/10\\\/wMzEDOzAjM4ITM5cTO.jpg\",\"width\":300,\"height\":300},{\"@type\":\"BreadcrumbList\",\"@id\":\"https:\\\/\\\/www.libriparlanti.org\\\/index.php\\\/prodotto\\\/gambe-my-body-your-body-series\\\/#breadcrumb\",\"itemListElement\":[{\"@type\":\"ListItem\",\"position\":1,\"name\":\"Home\",\"item\":\"https:\\\/\\\/www.libriparlanti.org\\\/\"},{\"@type\":\"ListItem\",\"position\":2,\"name\":\"Shop\",\"item\":\"https:\\\/\\\/www.libriparlanti.org\\\/index.php\\\/negozio\\\/\"},{\"@type\":\"ListItem\",\"position\":3,\"name\":\"GAMBE. MY BODY, YOUR BODY SERIES\"}]},{\"@type\":\"WebSite\",\"@id\":\"https:\\\/\\\/www.libriparlanti.org\\\/#website\",\"url\":\"https:\\\/\\\/www.libriparlanti.org\\\/\",\"name\":\"Libreria Libri parlanti\",\"description\":\"Libreria in Castiglione del Lago (Pg)\",\"potentialAction\":[{\"@type\":\"SearchAction\",\"target\":{\"@type\":\"EntryPoint\",\"urlTemplate\":\"https:\\\/\\\/www.libriparlanti.org\\\/?s={search_term_string}\"},\"query-input\":{\"@type\":\"PropertyValueSpecification\",\"valueRequired\":true,\"valueName\":\"search_term_string\"}}],\"inLanguage\":\"it-IT\"}]}<\/script>\n<!-- \/ Yoast SEO plugin. -->","yoast_head_json":{"title":"GAMBE. MY BODY, YOUR BODY SERIES - Libreria Libri parlanti","robots":{"index":"index","follow":"follow","max-snippet":"max-snippet:-1","max-image-preview":"max-image-preview:large","max-video-preview":"max-video-preview:-1"},"canonical":"https:\/\/www.libriparlanti.org\/index.php\/prodotto\/gambe-my-body-your-body-series\/","og_locale":"it_IT","og_type":"article","og_title":"GAMBE. MY BODY, YOUR BODY SERIES - Libreria Libri parlanti","og_description":"Autore: JOHN WOOD Editore: FRASI4KIDS ISBN: 9791282038133","og_url":"https:\/\/www.libriparlanti.org\/index.php\/prodotto\/gambe-my-body-your-body-series\/","og_site_name":"Libreria Libri parlanti","article_publisher":"https:\/\/www.facebook.com\/LibriParlanti","article_modified_time":"2025-10-30T16:27:27+00:00","og_image":[{"width":300,"height":300,"url":"https:\/\/www.libriparlanti.org\/wp-content\/uploads\/2025\/10\/wMzEDOzAjM4ITM5cTO.jpg","type":"image\/jpeg"}],"twitter_card":"summary_large_image","twitter_misc":{"Tempo di lettura stimato":"1 minuto"},"schema":{"@context":"https:\/\/schema.org","@graph":[{"@type":"WebPage","@id":"https:\/\/www.libriparlanti.org\/index.php\/prodotto\/gambe-my-body-your-body-series\/","url":"https:\/\/www.libriparlanti.org\/index.php\/prodotto\/gambe-my-body-your-body-series\/","name":"GAMBE. MY BODY, YOUR BODY SERIES - Libreria Libri parlanti","isPartOf":{"@id":"https:\/\/www.libriparlanti.org\/#website"},"primaryImageOfPage":{"@id":"https:\/\/www.libriparlanti.org\/index.php\/prodotto\/gambe-my-body-your-body-series\/#primaryimage"},"image":{"@id":"https:\/\/www.libriparlanti.org\/index.php\/prodotto\/gambe-my-body-your-body-series\/#primaryimage"},"thumbnailUrl":"https:\/\/www.libriparlanti.org\/wp-content\/uploads\/2025\/10\/wMzEDOzAjM4ITM5cTO.jpg","datePublished":"2025-10-30T15:34:59+00:00","dateModified":"2025-10-30T16:27:27+00:00","breadcrumb":{"@id":"https:\/\/www.libriparlanti.org\/index.php\/prodotto\/gambe-my-body-your-body-series\/#breadcrumb"},"inLanguage":"it-IT","potentialAction":[{"@type":"ReadAction","target":["https:\/\/www.libriparlanti.org\/index.php\/prodotto\/gambe-my-body-your-body-series\/"]}]},{"@type":"ImageObject","inLanguage":"it-IT","@id":"https:\/\/www.libriparlanti.org\/index.php\/prodotto\/gambe-my-body-your-body-series\/#primaryimage","url":"https:\/\/www.libriparlanti.org\/wp-content\/uploads\/2025\/10\/wMzEDOzAjM4ITM5cTO.jpg","contentUrl":"https:\/\/www.libriparlanti.org\/wp-content\/uploads\/2025\/10\/wMzEDOzAjM4ITM5cTO.jpg","width":300,"height":300},{"@type":"BreadcrumbList","@id":"https:\/\/www.libriparlanti.org\/index.php\/prodotto\/gambe-my-body-your-body-series\/#breadcrumb","itemListElement":[{"@type":"ListItem","position":1,"name":"Home","item":"https:\/\/www.libriparlanti.org\/"},{"@type":"ListItem","position":2,"name":"Shop","item":"https:\/\/www.libriparlanti.org\/index.php\/negozio\/"},{"@type":"ListItem","position":3,"name":"GAMBE. MY BODY, YOUR BODY SERIES"}]},{"@type":"WebSite","@id":"https:\/\/www.libriparlanti.org\/#website","url":"https:\/\/www.libriparlanti.org\/","name":"Libreria Libri parlanti","description":"Libreria in Castiglione del Lago (Pg)","potentialAction":[{"@type":"SearchAction","target":{"@type":"EntryPoint","urlTemplate":"https:\/\/www.libriparlanti.org\/?s={search_term_string}"},"query-input":{"@type":"PropertyValueSpecification","valueRequired":true,"valueName":"search_term_string"}}],"inLanguage":"it-IT"}]}},"_links":{"self":[{"href":"https:\/\/www.libriparlanti.org\/index.php\/wp-json\/wp\/v2\/product\/35762","targetHints":{"allow":["GET"]}}],"collection":[{"href":"https:\/\/www.libriparlanti.org\/index.php\/wp-json\/wp\/v2\/product"}],"about":[{"href":"https:\/\/www.libriparlanti.org\/index.php\/wp-json\/wp\/v2\/types\/product"}],"replies":[{"embeddable":true,"href":"https:\/\/www.libriparlanti.org\/index.php\/wp-json\/wp\/v2\/comments?post=35762"}],"wp:featuredmedia":[{"embeddable":true,"href":"https:\/\/www.libriparlanti.org\/index.php\/wp-json\/wp\/v2\/media\/35761"}],"wp:attachment":[{"href":"https:\/\/www.libriparlanti.org\/index.php\/wp-json\/wp\/v2\/media?parent=35762"}],"wp:term":[{"taxonomy":"product_brand","embeddable":true,"href":"https:\/\/www.libriparlanti.org\/index.php\/wp-json\/wp\/v2\/product_brand?post=35762"},{"taxonomy":"product_cat","embeddable":true,"href":"https:\/\/www.libriparlanti.org\/index.php\/wp-json\/wp\/v2\/product_cat?post=35762"},{"taxonomy":"product_tag","embeddable":true,"href":"https:\/\/www.libriparlanti.org\/index.php\/wp-json\/wp\/v2\/product_tag?post=35762"}],"curies":[{"name":"wp","href":"https:\/\/api.w.org\/{rel}","templated":true}]}}