{"id":35716,"date":"2025-10-29T17:04:56","date_gmt":"2025-10-29T15:04:56","guid":{"rendered":"https:\/\/www.libriparlanti.org\/index.php\/prodotto\/il-pentolino-di-antonino\/"},"modified":"2025-10-31T23:11:34","modified_gmt":"2025-10-31T21:11:34","slug":"il-pentolino-di-antonino","status":"publish","type":"product","link":"https:\/\/www.libriparlanti.org\/index.php\/prodotto\/il-pentolino-di-antonino\/","title":{"rendered":"IL PENTOLINO DI ANTONINO"},"content":{"rendered":"<p>Antonino \u00e8 un bambino che trascina sempre dietro di s\u00e9 il suo pentolino, non si sa molto bene perch\u00e9. Un giorno gli \u00e8 caduto sulla testa e da allora Antonino non \u00e8 pi\u00f9 come tutti gli altri&#8230;deve faticare molto di pi\u00f9, e talvolta vorrebbe sbarazzarsi del pentolino, o nascondercisi dentro. Un giorno Antonino incontra una persona speciale che gli fa capire l&#8217;unico modo per essere felice: tirare fuori la testa dal pentolino e usarlo per esprimere tutte le proprie qualit\u00e0. Dietro Il Pentolino di Antonino, si cela la diversit\u00e0, l&#8217;handicap, la difficolt\u00e0 che pu\u00f2 nascere da differenti situazioni della vita. Antonino e il suo piccolo pentolino riescono a commuovere e ad essere allo stesso tempo divertenti. Una storia sul significato della differenza e il valore della resilienza. In quest&#8217;opera Isabelle Carrier riesce con parole semplici, un testo fluido e dei disegni teneri a trattare con delicatezza ed eleganza un argomento delicato. Questo album \u00e8 un omaggio alla differenza. Et\u00e0 di lettura: da 4 anni<\/p>\n","protected":false},"excerpt":{"rendered":"<p><em>Autore:<\/em> ISABELLE CARRIER<br \/>\n<em>Editore:<\/em> KITE EDIZIONI<br \/>\n<em>ISBN:<\/em> 9788867450862<\/p>\n","protected":false},"featured_media":35715,"comment_status":"closed","ping_status":"closed","template":"","meta":{"_et_pb_use_builder":"","_et_pb_old_content":"","_et_gb_content_width":"","_joinchat":[]},"product_brand":[],"product_cat":[1740,2377,2376],"product_tag":[],"class_list":{"0":"post-35716","1":"product","2":"type-product","3":"status-publish","4":"has-post-thumbnail","6":"product_cat-albo-illustrato","7":"product_cat-ioleggoperche","8":"product_cat-pieveioleg","10":"first","11":"onbackorder","12":"taxable","13":"shipping-taxable","14":"purchasable","15":"product-type-simple"},"yoast_head":"<!-- This site is optimized with the Yoast SEO plugin v27.4 - https:\/\/yoast.com\/product\/yoast-seo-wordpress\/ -->\n<title>IL PENTOLINO DI ANTONINO - Libreria Libri parlanti<\/title>\n<meta name=\"robots\" content=\"index, follow, max-snippet:-1, max-image-preview:large, max-video-preview:-1\" \/>\n<link rel=\"canonical\" href=\"https:\/\/www.libriparlanti.org\/index.php\/prodotto\/il-pentolino-di-antonino\/\" \/>\n<meta property=\"og:locale\" content=\"it_IT\" \/>\n<meta property=\"og:type\" content=\"article\" \/>\n<meta property=\"og:title\" content=\"IL PENTOLINO DI ANTONINO - Libreria Libri parlanti\" \/>\n<meta property=\"og:description\" content=\"Autore: ISABELLE CARRIER Editore: KITE EDIZIONI ISBN: 9788867450862\" \/>\n<meta property=\"og:url\" content=\"https:\/\/www.libriparlanti.org\/index.php\/prodotto\/il-pentolino-di-antonino\/\" \/>\n<meta property=\"og:site_name\" content=\"Libreria Libri parlanti\" \/>\n<meta property=\"article:publisher\" content=\"https:\/\/www.facebook.com\/LibriParlanti\" \/>\n<meta property=\"article:modified_time\" content=\"2025-10-31T21:11:34+00:00\" \/>\n<meta property=\"og:image\" content=\"https:\/\/www.libriparlanti.org\/wp-content\/uploads\/2025\/10\/gM2gDM1QzN2gDO4cTO.jpg\" \/>\n\t<meta property=\"og:image:width\" content=\"412\" \/>\n\t<meta property=\"og:image:height\" content=\"300\" \/>\n\t<meta property=\"og:image:type\" content=\"image\/jpeg\" \/>\n<meta name=\"twitter:card\" content=\"summary_large_image\" \/>\n<meta name=\"twitter:label1\" content=\"Tempo di lettura stimato\" \/>\n\t<meta name=\"twitter:data1\" content=\"1 minuto\" \/>\n<script type=\"application\/ld+json\" class=\"yoast-schema-graph\">{\"@context\":\"https:\\\/\\\/schema.org\",\"@graph\":[{\"@type\":\"WebPage\",\"@id\":\"https:\\\/\\\/www.libriparlanti.org\\\/index.php\\\/prodotto\\\/il-pentolino-di-antonino\\\/\",\"url\":\"https:\\\/\\\/www.libriparlanti.org\\\/index.php\\\/prodotto\\\/il-pentolino-di-antonino\\\/\",\"name\":\"IL PENTOLINO DI ANTONINO - Libreria Libri parlanti\",\"isPartOf\":{\"@id\":\"https:\\\/\\\/www.libriparlanti.org\\\/#website\"},\"primaryImageOfPage\":{\"@id\":\"https:\\\/\\\/www.libriparlanti.org\\\/index.php\\\/prodotto\\\/il-pentolino-di-antonino\\\/#primaryimage\"},\"image\":{\"@id\":\"https:\\\/\\\/www.libriparlanti.org\\\/index.php\\\/prodotto\\\/il-pentolino-di-antonino\\\/#primaryimage\"},\"thumbnailUrl\":\"https:\\\/\\\/www.libriparlanti.org\\\/wp-content\\\/uploads\\\/2025\\\/10\\\/gM2gDM1QzN2gDO4cTO.jpg\",\"datePublished\":\"2025-10-29T15:04:56+00:00\",\"dateModified\":\"2025-10-31T21:11:34+00:00\",\"breadcrumb\":{\"@id\":\"https:\\\/\\\/www.libriparlanti.org\\\/index.php\\\/prodotto\\\/il-pentolino-di-antonino\\\/#breadcrumb\"},\"inLanguage\":\"it-IT\",\"potentialAction\":[{\"@type\":\"ReadAction\",\"target\":[\"https:\\\/\\\/www.libriparlanti.org\\\/index.php\\\/prodotto\\\/il-pentolino-di-antonino\\\/\"]}]},{\"@type\":\"ImageObject\",\"inLanguage\":\"it-IT\",\"@id\":\"https:\\\/\\\/www.libriparlanti.org\\\/index.php\\\/prodotto\\\/il-pentolino-di-antonino\\\/#primaryimage\",\"url\":\"https:\\\/\\\/www.libriparlanti.org\\\/wp-content\\\/uploads\\\/2025\\\/10\\\/gM2gDM1QzN2gDO4cTO.jpg\",\"contentUrl\":\"https:\\\/\\\/www.libriparlanti.org\\\/wp-content\\\/uploads\\\/2025\\\/10\\\/gM2gDM1QzN2gDO4cTO.jpg\",\"width\":412,\"height\":300},{\"@type\":\"BreadcrumbList\",\"@id\":\"https:\\\/\\\/www.libriparlanti.org\\\/index.php\\\/prodotto\\\/il-pentolino-di-antonino\\\/#breadcrumb\",\"itemListElement\":[{\"@type\":\"ListItem\",\"position\":1,\"name\":\"Home\",\"item\":\"https:\\\/\\\/www.libriparlanti.org\\\/\"},{\"@type\":\"ListItem\",\"position\":2,\"name\":\"Shop\",\"item\":\"https:\\\/\\\/www.libriparlanti.org\\\/index.php\\\/negozio\\\/\"},{\"@type\":\"ListItem\",\"position\":3,\"name\":\"IL PENTOLINO DI ANTONINO\"}]},{\"@type\":\"WebSite\",\"@id\":\"https:\\\/\\\/www.libriparlanti.org\\\/#website\",\"url\":\"https:\\\/\\\/www.libriparlanti.org\\\/\",\"name\":\"Libreria Libri parlanti\",\"description\":\"Libreria in Castiglione del Lago (Pg)\",\"potentialAction\":[{\"@type\":\"SearchAction\",\"target\":{\"@type\":\"EntryPoint\",\"urlTemplate\":\"https:\\\/\\\/www.libriparlanti.org\\\/?s={search_term_string}\"},\"query-input\":{\"@type\":\"PropertyValueSpecification\",\"valueRequired\":true,\"valueName\":\"search_term_string\"}}],\"inLanguage\":\"it-IT\"}]}<\/script>\n<!-- \/ Yoast SEO plugin. -->","yoast_head_json":{"title":"IL PENTOLINO DI ANTONINO - Libreria Libri parlanti","robots":{"index":"index","follow":"follow","max-snippet":"max-snippet:-1","max-image-preview":"max-image-preview:large","max-video-preview":"max-video-preview:-1"},"canonical":"https:\/\/www.libriparlanti.org\/index.php\/prodotto\/il-pentolino-di-antonino\/","og_locale":"it_IT","og_type":"article","og_title":"IL PENTOLINO DI ANTONINO - Libreria Libri parlanti","og_description":"Autore: ISABELLE CARRIER Editore: KITE EDIZIONI ISBN: 9788867450862","og_url":"https:\/\/www.libriparlanti.org\/index.php\/prodotto\/il-pentolino-di-antonino\/","og_site_name":"Libreria Libri parlanti","article_publisher":"https:\/\/www.facebook.com\/LibriParlanti","article_modified_time":"2025-10-31T21:11:34+00:00","og_image":[{"width":412,"height":300,"url":"https:\/\/www.libriparlanti.org\/wp-content\/uploads\/2025\/10\/gM2gDM1QzN2gDO4cTO.jpg","type":"image\/jpeg"}],"twitter_card":"summary_large_image","twitter_misc":{"Tempo di lettura stimato":"1 minuto"},"schema":{"@context":"https:\/\/schema.org","@graph":[{"@type":"WebPage","@id":"https:\/\/www.libriparlanti.org\/index.php\/prodotto\/il-pentolino-di-antonino\/","url":"https:\/\/www.libriparlanti.org\/index.php\/prodotto\/il-pentolino-di-antonino\/","name":"IL PENTOLINO DI ANTONINO - Libreria Libri parlanti","isPartOf":{"@id":"https:\/\/www.libriparlanti.org\/#website"},"primaryImageOfPage":{"@id":"https:\/\/www.libriparlanti.org\/index.php\/prodotto\/il-pentolino-di-antonino\/#primaryimage"},"image":{"@id":"https:\/\/www.libriparlanti.org\/index.php\/prodotto\/il-pentolino-di-antonino\/#primaryimage"},"thumbnailUrl":"https:\/\/www.libriparlanti.org\/wp-content\/uploads\/2025\/10\/gM2gDM1QzN2gDO4cTO.jpg","datePublished":"2025-10-29T15:04:56+00:00","dateModified":"2025-10-31T21:11:34+00:00","breadcrumb":{"@id":"https:\/\/www.libriparlanti.org\/index.php\/prodotto\/il-pentolino-di-antonino\/#breadcrumb"},"inLanguage":"it-IT","potentialAction":[{"@type":"ReadAction","target":["https:\/\/www.libriparlanti.org\/index.php\/prodotto\/il-pentolino-di-antonino\/"]}]},{"@type":"ImageObject","inLanguage":"it-IT","@id":"https:\/\/www.libriparlanti.org\/index.php\/prodotto\/il-pentolino-di-antonino\/#primaryimage","url":"https:\/\/www.libriparlanti.org\/wp-content\/uploads\/2025\/10\/gM2gDM1QzN2gDO4cTO.jpg","contentUrl":"https:\/\/www.libriparlanti.org\/wp-content\/uploads\/2025\/10\/gM2gDM1QzN2gDO4cTO.jpg","width":412,"height":300},{"@type":"BreadcrumbList","@id":"https:\/\/www.libriparlanti.org\/index.php\/prodotto\/il-pentolino-di-antonino\/#breadcrumb","itemListElement":[{"@type":"ListItem","position":1,"name":"Home","item":"https:\/\/www.libriparlanti.org\/"},{"@type":"ListItem","position":2,"name":"Shop","item":"https:\/\/www.libriparlanti.org\/index.php\/negozio\/"},{"@type":"ListItem","position":3,"name":"IL PENTOLINO DI ANTONINO"}]},{"@type":"WebSite","@id":"https:\/\/www.libriparlanti.org\/#website","url":"https:\/\/www.libriparlanti.org\/","name":"Libreria Libri parlanti","description":"Libreria in Castiglione del Lago (Pg)","potentialAction":[{"@type":"SearchAction","target":{"@type":"EntryPoint","urlTemplate":"https:\/\/www.libriparlanti.org\/?s={search_term_string}"},"query-input":{"@type":"PropertyValueSpecification","valueRequired":true,"valueName":"search_term_string"}}],"inLanguage":"it-IT"}]}},"_links":{"self":[{"href":"https:\/\/www.libriparlanti.org\/index.php\/wp-json\/wp\/v2\/product\/35716","targetHints":{"allow":["GET"]}}],"collection":[{"href":"https:\/\/www.libriparlanti.org\/index.php\/wp-json\/wp\/v2\/product"}],"about":[{"href":"https:\/\/www.libriparlanti.org\/index.php\/wp-json\/wp\/v2\/types\/product"}],"replies":[{"embeddable":true,"href":"https:\/\/www.libriparlanti.org\/index.php\/wp-json\/wp\/v2\/comments?post=35716"}],"wp:featuredmedia":[{"embeddable":true,"href":"https:\/\/www.libriparlanti.org\/index.php\/wp-json\/wp\/v2\/media\/35715"}],"wp:attachment":[{"href":"https:\/\/www.libriparlanti.org\/index.php\/wp-json\/wp\/v2\/media?parent=35716"}],"wp:term":[{"taxonomy":"product_brand","embeddable":true,"href":"https:\/\/www.libriparlanti.org\/index.php\/wp-json\/wp\/v2\/product_brand?post=35716"},{"taxonomy":"product_cat","embeddable":true,"href":"https:\/\/www.libriparlanti.org\/index.php\/wp-json\/wp\/v2\/product_cat?post=35716"},{"taxonomy":"product_tag","embeddable":true,"href":"https:\/\/www.libriparlanti.org\/index.php\/wp-json\/wp\/v2\/product_tag?post=35716"}],"curies":[{"name":"wp","href":"https:\/\/api.w.org\/{rel}","templated":true}]}}