{"id":35605,"date":"2025-10-28T14:35:13","date_gmt":"2025-10-28T12:35:13","guid":{"rendered":"https:\/\/www.libriparlanti.org\/index.php\/prodotto\/fatto-in-casa-da-benedetta-il-nuovo-li\/"},"modified":"2025-11-15T20:25:57","modified_gmt":"2025-11-15T18:25:57","slug":"fatto-in-casa-da-benedetta-il-nuovo-li","status":"publish","type":"product","link":"https:\/\/www.libriparlanti.org\/index.php\/prodotto\/fatto-in-casa-da-benedetta-il-nuovo-li\/","title":{"rendered":"FATTO IN CASA DA BENEDETTA &#8211; IL NUOVO LI"},"content":{"rendered":"<p>Benedetta Rossi, la food blogger pi\u00f9 conosciuta dagli italiani, non smette di stupire. I suoi follower sono un&#8217;enorme comunit\u00e0 sempre in crescita, ma nonostante ci\u00f2 lei riesce a dare risposte adeguate alle necessit\u00e0 di ognuno. Fin dal suo saluto iniziale si capisce che questo libro \u00e8 lo specchio della sua personalit\u00e0. Per lei la cucina \u00e8 un luogo di creativit\u00e0 e di condivisione, e il pasto un momento gioioso in cui nessuno deve sentirsi a disagio. In ogni pagina si colgono la sua passione per il cibo e la capacit\u00e0 di creare sempre qualcosa di nuovo, appetitoso e adatto alle esigenze di tutti. Ogni ricetta di questo volume, infatti, \u00e8 pensata con grande attenzione anche per chi ha specifiche esigenze alimentari. Benedetta non si limita a dare indicazioni sulla preparazione, ma racconta, come sempre, i suoi trucchetti per velocizzare un passaggio o soddisfare ogni sfizio; suggerisce preparazioni originali o menu che conquistano chiunque, proprio come se stesse cucinando al nostro fianco. E, come un&#8217;amica, si preoccupa di offrire soluzioni per le diverse necessit\u00e0, anche per la cucina di ogni giorno. Che si tratti di glutine, lattosio o uova, per quasi tutte le ricette Benedetta fornisce un&#8217;alternativa, senza mai sacrificare il sapore. Le istruzioni sono chiare e facili da seguire, e rendono ogni piatto alla portata anche di chi non ha molta esperienza. Inoltre, nelle pagine finali \u00e8 proposta una sezione di ricette base per cucinare qualsiasi preparazione. Ancora una volta Benedetta Rossi si distingue per inventiva e concretezza, affinch\u00e9 chiunque si sieda a tavola possa trascorrere momenti sereni e pieni di gusto<\/p>\n","protected":false},"excerpt":{"rendered":"<p><em>Autore:<\/em> BENEDETTA ROSSI<br \/>\n<em>Editore:<\/em> ELECTA<br \/>\n<em>ISBN:<\/em> 9788891845900<\/p>\n","protected":false},"featured_media":35604,"comment_status":"closed","ping_status":"closed","template":"","meta":{"_et_pb_use_builder":"","_et_pb_old_content":"","_et_gb_content_width":"","_joinchat":[]},"product_brand":[],"product_cat":[1742],"product_tag":[],"class_list":{"0":"post-35605","1":"product","2":"type-product","3":"status-publish","4":"has-post-thumbnail","6":"product_cat-cucina","8":"first","9":"instock","10":"featured","11":"taxable","12":"shipping-taxable","13":"purchasable","14":"product-type-simple"},"yoast_head":"<!-- This site is optimized with the Yoast SEO plugin v27.4 - https:\/\/yoast.com\/product\/yoast-seo-wordpress\/ -->\n<title>FATTO IN CASA DA BENEDETTA - IL NUOVO LI - Libreria Libri parlanti<\/title>\n<meta name=\"robots\" content=\"index, follow, max-snippet:-1, max-image-preview:large, max-video-preview:-1\" \/>\n<link rel=\"canonical\" href=\"https:\/\/www.libriparlanti.org\/index.php\/prodotto\/fatto-in-casa-da-benedetta-il-nuovo-li\/\" \/>\n<meta property=\"og:locale\" content=\"it_IT\" \/>\n<meta property=\"og:type\" content=\"article\" \/>\n<meta property=\"og:title\" content=\"FATTO IN CASA DA BENEDETTA - IL NUOVO LI - Libreria Libri parlanti\" \/>\n<meta property=\"og:description\" content=\"Autore: BENEDETTA ROSSI Editore: ELECTA ISBN: 9788891845900\" \/>\n<meta property=\"og:url\" content=\"https:\/\/www.libriparlanti.org\/index.php\/prodotto\/fatto-in-casa-da-benedetta-il-nuovo-li\/\" \/>\n<meta property=\"og:site_name\" content=\"Libreria Libri parlanti\" \/>\n<meta property=\"article:publisher\" content=\"https:\/\/www.facebook.com\/LibriParlanti\" \/>\n<meta property=\"article:modified_time\" content=\"2025-11-15T18:25:57+00:00\" \/>\n<meta name=\"twitter:card\" content=\"summary_large_image\" \/>\n<meta name=\"twitter:label1\" content=\"Tempo di lettura stimato\" \/>\n\t<meta name=\"twitter:data1\" content=\"1 minuto\" \/>\n<script type=\"application\/ld+json\" class=\"yoast-schema-graph\">{\"@context\":\"https:\\\/\\\/schema.org\",\"@graph\":[{\"@type\":\"WebPage\",\"@id\":\"https:\\\/\\\/www.libriparlanti.org\\\/index.php\\\/prodotto\\\/fatto-in-casa-da-benedetta-il-nuovo-li\\\/\",\"url\":\"https:\\\/\\\/www.libriparlanti.org\\\/index.php\\\/prodotto\\\/fatto-in-casa-da-benedetta-il-nuovo-li\\\/\",\"name\":\"FATTO IN CASA DA BENEDETTA - IL NUOVO LI - Libreria Libri parlanti\",\"isPartOf\":{\"@id\":\"https:\\\/\\\/www.libriparlanti.org\\\/#website\"},\"primaryImageOfPage\":{\"@id\":\"https:\\\/\\\/www.libriparlanti.org\\\/index.php\\\/prodotto\\\/fatto-in-casa-da-benedetta-il-nuovo-li\\\/#primaryimage\"},\"image\":{\"@id\":\"https:\\\/\\\/www.libriparlanti.org\\\/index.php\\\/prodotto\\\/fatto-in-casa-da-benedetta-il-nuovo-li\\\/#primaryimage\"},\"thumbnailUrl\":\"https:\\\/\\\/www.libriparlanti.org\\\/wp-content\\\/uploads\\\/2025\\\/10\\\/9788891845900.jpg\",\"datePublished\":\"2025-10-28T12:35:13+00:00\",\"dateModified\":\"2025-11-15T18:25:57+00:00\",\"breadcrumb\":{\"@id\":\"https:\\\/\\\/www.libriparlanti.org\\\/index.php\\\/prodotto\\\/fatto-in-casa-da-benedetta-il-nuovo-li\\\/#breadcrumb\"},\"inLanguage\":\"it-IT\",\"potentialAction\":[{\"@type\":\"ReadAction\",\"target\":[\"https:\\\/\\\/www.libriparlanti.org\\\/index.php\\\/prodotto\\\/fatto-in-casa-da-benedetta-il-nuovo-li\\\/\"]}]},{\"@type\":\"ImageObject\",\"inLanguage\":\"it-IT\",\"@id\":\"https:\\\/\\\/www.libriparlanti.org\\\/index.php\\\/prodotto\\\/fatto-in-casa-da-benedetta-il-nuovo-li\\\/#primaryimage\",\"url\":\"https:\\\/\\\/www.libriparlanti.org\\\/wp-content\\\/uploads\\\/2025\\\/10\\\/9788891845900.jpg\",\"contentUrl\":\"https:\\\/\\\/www.libriparlanti.org\\\/wp-content\\\/uploads\\\/2025\\\/10\\\/9788891845900.jpg\",\"width\":536,\"height\":728},{\"@type\":\"BreadcrumbList\",\"@id\":\"https:\\\/\\\/www.libriparlanti.org\\\/index.php\\\/prodotto\\\/fatto-in-casa-da-benedetta-il-nuovo-li\\\/#breadcrumb\",\"itemListElement\":[{\"@type\":\"ListItem\",\"position\":1,\"name\":\"Home\",\"item\":\"https:\\\/\\\/www.libriparlanti.org\\\/\"},{\"@type\":\"ListItem\",\"position\":2,\"name\":\"Shop\",\"item\":\"https:\\\/\\\/www.libriparlanti.org\\\/index.php\\\/negozio\\\/\"},{\"@type\":\"ListItem\",\"position\":3,\"name\":\"FATTO IN CASA DA BENEDETTA &#8211; IL NUOVO LI\"}]},{\"@type\":\"WebSite\",\"@id\":\"https:\\\/\\\/www.libriparlanti.org\\\/#website\",\"url\":\"https:\\\/\\\/www.libriparlanti.org\\\/\",\"name\":\"Libreria Libri parlanti\",\"description\":\"Libreria in Castiglione del Lago (Pg)\",\"potentialAction\":[{\"@type\":\"SearchAction\",\"target\":{\"@type\":\"EntryPoint\",\"urlTemplate\":\"https:\\\/\\\/www.libriparlanti.org\\\/?s={search_term_string}\"},\"query-input\":{\"@type\":\"PropertyValueSpecification\",\"valueRequired\":true,\"valueName\":\"search_term_string\"}}],\"inLanguage\":\"it-IT\"}]}<\/script>\n<!-- \/ Yoast SEO plugin. -->","yoast_head_json":{"title":"FATTO IN CASA DA BENEDETTA - IL NUOVO LI - Libreria Libri parlanti","robots":{"index":"index","follow":"follow","max-snippet":"max-snippet:-1","max-image-preview":"max-image-preview:large","max-video-preview":"max-video-preview:-1"},"canonical":"https:\/\/www.libriparlanti.org\/index.php\/prodotto\/fatto-in-casa-da-benedetta-il-nuovo-li\/","og_locale":"it_IT","og_type":"article","og_title":"FATTO IN CASA DA BENEDETTA - IL NUOVO LI - Libreria Libri parlanti","og_description":"Autore: BENEDETTA ROSSI Editore: ELECTA ISBN: 9788891845900","og_url":"https:\/\/www.libriparlanti.org\/index.php\/prodotto\/fatto-in-casa-da-benedetta-il-nuovo-li\/","og_site_name":"Libreria Libri parlanti","article_publisher":"https:\/\/www.facebook.com\/LibriParlanti","article_modified_time":"2025-11-15T18:25:57+00:00","twitter_card":"summary_large_image","twitter_misc":{"Tempo di lettura stimato":"1 minuto"},"schema":{"@context":"https:\/\/schema.org","@graph":[{"@type":"WebPage","@id":"https:\/\/www.libriparlanti.org\/index.php\/prodotto\/fatto-in-casa-da-benedetta-il-nuovo-li\/","url":"https:\/\/www.libriparlanti.org\/index.php\/prodotto\/fatto-in-casa-da-benedetta-il-nuovo-li\/","name":"FATTO IN CASA DA BENEDETTA - IL NUOVO LI - Libreria Libri parlanti","isPartOf":{"@id":"https:\/\/www.libriparlanti.org\/#website"},"primaryImageOfPage":{"@id":"https:\/\/www.libriparlanti.org\/index.php\/prodotto\/fatto-in-casa-da-benedetta-il-nuovo-li\/#primaryimage"},"image":{"@id":"https:\/\/www.libriparlanti.org\/index.php\/prodotto\/fatto-in-casa-da-benedetta-il-nuovo-li\/#primaryimage"},"thumbnailUrl":"https:\/\/www.libriparlanti.org\/wp-content\/uploads\/2025\/10\/9788891845900.jpg","datePublished":"2025-10-28T12:35:13+00:00","dateModified":"2025-11-15T18:25:57+00:00","breadcrumb":{"@id":"https:\/\/www.libriparlanti.org\/index.php\/prodotto\/fatto-in-casa-da-benedetta-il-nuovo-li\/#breadcrumb"},"inLanguage":"it-IT","potentialAction":[{"@type":"ReadAction","target":["https:\/\/www.libriparlanti.org\/index.php\/prodotto\/fatto-in-casa-da-benedetta-il-nuovo-li\/"]}]},{"@type":"ImageObject","inLanguage":"it-IT","@id":"https:\/\/www.libriparlanti.org\/index.php\/prodotto\/fatto-in-casa-da-benedetta-il-nuovo-li\/#primaryimage","url":"https:\/\/www.libriparlanti.org\/wp-content\/uploads\/2025\/10\/9788891845900.jpg","contentUrl":"https:\/\/www.libriparlanti.org\/wp-content\/uploads\/2025\/10\/9788891845900.jpg","width":536,"height":728},{"@type":"BreadcrumbList","@id":"https:\/\/www.libriparlanti.org\/index.php\/prodotto\/fatto-in-casa-da-benedetta-il-nuovo-li\/#breadcrumb","itemListElement":[{"@type":"ListItem","position":1,"name":"Home","item":"https:\/\/www.libriparlanti.org\/"},{"@type":"ListItem","position":2,"name":"Shop","item":"https:\/\/www.libriparlanti.org\/index.php\/negozio\/"},{"@type":"ListItem","position":3,"name":"FATTO IN CASA DA BENEDETTA &#8211; IL NUOVO LI"}]},{"@type":"WebSite","@id":"https:\/\/www.libriparlanti.org\/#website","url":"https:\/\/www.libriparlanti.org\/","name":"Libreria Libri parlanti","description":"Libreria in Castiglione del Lago (Pg)","potentialAction":[{"@type":"SearchAction","target":{"@type":"EntryPoint","urlTemplate":"https:\/\/www.libriparlanti.org\/?s={search_term_string}"},"query-input":{"@type":"PropertyValueSpecification","valueRequired":true,"valueName":"search_term_string"}}],"inLanguage":"it-IT"}]}},"_links":{"self":[{"href":"https:\/\/www.libriparlanti.org\/index.php\/wp-json\/wp\/v2\/product\/35605","targetHints":{"allow":["GET"]}}],"collection":[{"href":"https:\/\/www.libriparlanti.org\/index.php\/wp-json\/wp\/v2\/product"}],"about":[{"href":"https:\/\/www.libriparlanti.org\/index.php\/wp-json\/wp\/v2\/types\/product"}],"replies":[{"embeddable":true,"href":"https:\/\/www.libriparlanti.org\/index.php\/wp-json\/wp\/v2\/comments?post=35605"}],"wp:featuredmedia":[{"embeddable":true,"href":"https:\/\/www.libriparlanti.org\/index.php\/wp-json\/wp\/v2\/media\/35604"}],"wp:attachment":[{"href":"https:\/\/www.libriparlanti.org\/index.php\/wp-json\/wp\/v2\/media?parent=35605"}],"wp:term":[{"taxonomy":"product_brand","embeddable":true,"href":"https:\/\/www.libriparlanti.org\/index.php\/wp-json\/wp\/v2\/product_brand?post=35605"},{"taxonomy":"product_cat","embeddable":true,"href":"https:\/\/www.libriparlanti.org\/index.php\/wp-json\/wp\/v2\/product_cat?post=35605"},{"taxonomy":"product_tag","embeddable":true,"href":"https:\/\/www.libriparlanti.org\/index.php\/wp-json\/wp\/v2\/product_tag?post=35605"}],"curies":[{"name":"wp","href":"https:\/\/api.w.org\/{rel}","templated":true}]}}