{"id":35415,"date":"2025-10-15T10:03:30","date_gmt":"2025-10-15T08:03:30","guid":{"rendered":"https:\/\/www.libriparlanti.org\/index.php\/prodotto\/si-oscuro-signore-luxastra\/"},"modified":"2025-10-30T12:49:17","modified_gmt":"2025-10-30T10:49:17","slug":"si-oscuro-signore-luxastra","status":"publish","type":"product","link":"https:\/\/www.libriparlanti.org\/index.php\/prodotto\/si-oscuro-signore-luxastra\/","title":{"rendered":"SI OSCURO SIGNORE ! LUXASTRA"},"content":{"rendered":"<h2><span style=\"color: #666666; font-size: 14px;\">Mille fuochi fatui si illuminano, quando fai ritorno nella sala del Trono Profano dopo un\u2019altra missione andata male. Il Sovrano Piumato, primo fra i sette D\u00e8i Antichi, non ne sar\u00e0 certo compiaciuto! Presto sarai dinanzi al Suo cospetto, ed Egli ti interrogher\u00e0 su questo ennesimo fallimento.<\/span><\/h2>\n<div class=\"wpb-content-wrapper\">\n<div class=\"wm-row clearfix vc_row-shortcode\">\n<div class=\"wm-column width-1-1\">\n<div class=\"wpb_text_column wpb_content_element\">\n<div class=\"wpb_wrapper\">\n<p class=\"p2\">Che fare per conservare integra la pellaccia? Magari potresti raccontargli che la colpa non \u00e8 tua, ma di quegli imbecilli dei tuoi compari? Ma s\u00ec, certo! Ecco la soluzione! C\u2019\u00e8 un solo, piccolo problema: la stessa cosa sar\u00e0 venuta in mente anche a loro.<\/p>\n<p class=\"p2\">Racconta panzane! Scarica la Colpa! Salvati dalla delusione senza piet\u00e0 del Re Corvo! Fa il suo grande ritorno S\u00ec, Oscuro Signore, party game dal tono scanzonato e umoristico, questa volta in salsa&nbsp;<strong>Luxastra<\/strong>: l\u2019amatissima campagna di gioco di ruolo in streaming su YouTube del gruppo di InnTale. Veloce da imparare e facile da giocare, per&nbsp;<strong>S\u00ec Oscuro Signore \u2013 Luxastra<\/strong>&nbsp;sono sufficienti alcuni amici e un po\u2019 di fantasia. Gli incompetenti e inetti servitori del Re Corvo, Dio antico dalle motivazioni imperscrutabili, dovranno giustificarsi davanti al loro Signore, inventando storie improbabili e scaricando la colpa sui loro compagni di sventura.<\/p>\n<p>Il set&nbsp;<strong>Luxastra<\/strong>&nbsp;di&nbsp;<strong>S\u00ec, Oscuro Signore!<\/strong>&nbsp;&nbsp;\u00e8 un&nbsp; gioco completo che pu\u00f2 essere giocato singolarmente oppure pu\u00f2 essere combinato in un unico grande gioco con il set rosso e verde di S\u00ec, Oscuro Signore. Contiene nuovi modi di scaricare la colpa e un\u2019enorme quantit\u00e0 di nuove e bellissime carte spunto.<\/p>\n<p><em>Contiene: 121&nbsp;carte spunto, 37&nbsp;carte azione,&nbsp;7&nbsp;carte occhiataccia&nbsp;e 1 regolamento.<\/em><\/p>\n<\/div>\n<\/div>\n<\/div>\n<\/div>\n<\/div>\n","protected":false},"excerpt":{"rendered":"<h2><em style=\"color: #666666; font-size: 14px;\">Ci\u00f2 che non sar\u00e0 salvato, sar\u00e0 purgato!<\/em><\/h2>\n<p>Giocatori: 4-7<br \/>\nEt\u00e0 8+<br \/>\nDurata: 20-30&nbsp;min<\/p>\n<p>da vinci editrice srl<br \/>\n8058697271014<\/p>\n","protected":false},"featured_media":35414,"comment_status":"closed","ping_status":"closed","template":"","meta":{"_et_pb_use_builder":"","_et_pb_old_content":"","_et_gb_content_width":"","_joinchat":[]},"product_brand":[],"product_cat":[1994,2368],"product_tag":[],"class_list":{"0":"post-35415","1":"product","2":"type-product","3":"status-publish","4":"has-post-thumbnail","6":"product_cat-giochi","7":"product_cat-giochidicarte","9":"first","10":"instock","11":"taxable","12":"shipping-taxable","13":"purchasable","14":"product-type-simple"},"yoast_head":"<!-- This site is optimized with the Yoast SEO plugin v27.5 - https:\/\/yoast.com\/product\/yoast-seo-wordpress\/ -->\n<title>SI OSCURO SIGNORE ! LUXASTRA - Libreria Libri parlanti<\/title>\n<meta name=\"robots\" content=\"index, follow, max-snippet:-1, max-image-preview:large, max-video-preview:-1\" \/>\n<link rel=\"canonical\" href=\"https:\/\/www.libriparlanti.org\/index.php\/prodotto\/si-oscuro-signore-luxastra\/\" \/>\n<meta property=\"og:locale\" content=\"it_IT\" \/>\n<meta property=\"og:type\" content=\"article\" \/>\n<meta property=\"og:title\" content=\"SI OSCURO SIGNORE ! LUXASTRA - Libreria Libri parlanti\" \/>\n<meta property=\"og:description\" content=\"Ci\u00f2 che non sar\u00e0 salvato, sar\u00e0 purgato! Giocatori: 4-7 Et\u00e0 8+ Durata: 20-30&nbsp;min  da vinci editrice srl 8058697271014\" \/>\n<meta property=\"og:url\" content=\"https:\/\/www.libriparlanti.org\/index.php\/prodotto\/si-oscuro-signore-luxastra\/\" \/>\n<meta property=\"og:site_name\" content=\"Libreria Libri parlanti\" \/>\n<meta property=\"article:publisher\" content=\"https:\/\/www.facebook.com\/LibriParlanti\" \/>\n<meta property=\"article:modified_time\" content=\"2025-10-30T10:49:17+00:00\" \/>\n<meta property=\"og:image\" content=\"https:\/\/www.libriparlanti.org\/wp-content\/uploads\/2025\/10\/8058697271014.jpg\" \/>\n\t<meta property=\"og:image:width\" content=\"239\" \/>\n\t<meta property=\"og:image:height\" content=\"350\" \/>\n\t<meta property=\"og:image:type\" content=\"image\/jpeg\" \/>\n<meta name=\"twitter:card\" content=\"summary_large_image\" \/>\n<meta name=\"twitter:label1\" content=\"Tempo di lettura stimato\" \/>\n\t<meta name=\"twitter:data1\" content=\"1 minuto\" \/>\n<script type=\"application\/ld+json\" class=\"yoast-schema-graph\">{\"@context\":\"https:\\\/\\\/schema.org\",\"@graph\":[{\"@type\":\"WebPage\",\"@id\":\"https:\\\/\\\/www.libriparlanti.org\\\/index.php\\\/prodotto\\\/si-oscuro-signore-luxastra\\\/\",\"url\":\"https:\\\/\\\/www.libriparlanti.org\\\/index.php\\\/prodotto\\\/si-oscuro-signore-luxastra\\\/\",\"name\":\"SI OSCURO SIGNORE ! LUXASTRA - Libreria Libri parlanti\",\"isPartOf\":{\"@id\":\"https:\\\/\\\/www.libriparlanti.org\\\/#website\"},\"primaryImageOfPage\":{\"@id\":\"https:\\\/\\\/www.libriparlanti.org\\\/index.php\\\/prodotto\\\/si-oscuro-signore-luxastra\\\/#primaryimage\"},\"image\":{\"@id\":\"https:\\\/\\\/www.libriparlanti.org\\\/index.php\\\/prodotto\\\/si-oscuro-signore-luxastra\\\/#primaryimage\"},\"thumbnailUrl\":\"https:\\\/\\\/www.libriparlanti.org\\\/wp-content\\\/uploads\\\/2025\\\/10\\\/8058697271014.jpg\",\"datePublished\":\"2025-10-15T08:03:30+00:00\",\"dateModified\":\"2025-10-30T10:49:17+00:00\",\"breadcrumb\":{\"@id\":\"https:\\\/\\\/www.libriparlanti.org\\\/index.php\\\/prodotto\\\/si-oscuro-signore-luxastra\\\/#breadcrumb\"},\"inLanguage\":\"it-IT\",\"potentialAction\":[{\"@type\":\"ReadAction\",\"target\":[\"https:\\\/\\\/www.libriparlanti.org\\\/index.php\\\/prodotto\\\/si-oscuro-signore-luxastra\\\/\"]}]},{\"@type\":\"ImageObject\",\"inLanguage\":\"it-IT\",\"@id\":\"https:\\\/\\\/www.libriparlanti.org\\\/index.php\\\/prodotto\\\/si-oscuro-signore-luxastra\\\/#primaryimage\",\"url\":\"https:\\\/\\\/www.libriparlanti.org\\\/wp-content\\\/uploads\\\/2025\\\/10\\\/8058697271014.jpg\",\"contentUrl\":\"https:\\\/\\\/www.libriparlanti.org\\\/wp-content\\\/uploads\\\/2025\\\/10\\\/8058697271014.jpg\",\"width\":239,\"height\":350},{\"@type\":\"BreadcrumbList\",\"@id\":\"https:\\\/\\\/www.libriparlanti.org\\\/index.php\\\/prodotto\\\/si-oscuro-signore-luxastra\\\/#breadcrumb\",\"itemListElement\":[{\"@type\":\"ListItem\",\"position\":1,\"name\":\"Home\",\"item\":\"https:\\\/\\\/www.libriparlanti.org\\\/\"},{\"@type\":\"ListItem\",\"position\":2,\"name\":\"Shop\",\"item\":\"https:\\\/\\\/www.libriparlanti.org\\\/index.php\\\/negozio\\\/\"},{\"@type\":\"ListItem\",\"position\":3,\"name\":\"SI OSCURO SIGNORE ! LUXASTRA\"}]},{\"@type\":\"WebSite\",\"@id\":\"https:\\\/\\\/www.libriparlanti.org\\\/#website\",\"url\":\"https:\\\/\\\/www.libriparlanti.org\\\/\",\"name\":\"Libreria Libri parlanti\",\"description\":\"Libreria in Castiglione del Lago (Pg)\",\"potentialAction\":[{\"@type\":\"SearchAction\",\"target\":{\"@type\":\"EntryPoint\",\"urlTemplate\":\"https:\\\/\\\/www.libriparlanti.org\\\/?s={search_term_string}\"},\"query-input\":{\"@type\":\"PropertyValueSpecification\",\"valueRequired\":true,\"valueName\":\"search_term_string\"}}],\"inLanguage\":\"it-IT\"}]}<\/script>\n<!-- \/ Yoast SEO plugin. -->","yoast_head_json":{"title":"SI OSCURO SIGNORE ! LUXASTRA - Libreria Libri parlanti","robots":{"index":"index","follow":"follow","max-snippet":"max-snippet:-1","max-image-preview":"max-image-preview:large","max-video-preview":"max-video-preview:-1"},"canonical":"https:\/\/www.libriparlanti.org\/index.php\/prodotto\/si-oscuro-signore-luxastra\/","og_locale":"it_IT","og_type":"article","og_title":"SI OSCURO SIGNORE ! LUXASTRA - Libreria Libri parlanti","og_description":"Ci\u00f2 che non sar\u00e0 salvato, sar\u00e0 purgato! Giocatori: 4-7 Et\u00e0 8+ Durata: 20-30&nbsp;min  da vinci editrice srl 8058697271014","og_url":"https:\/\/www.libriparlanti.org\/index.php\/prodotto\/si-oscuro-signore-luxastra\/","og_site_name":"Libreria Libri parlanti","article_publisher":"https:\/\/www.facebook.com\/LibriParlanti","article_modified_time":"2025-10-30T10:49:17+00:00","og_image":[{"width":239,"height":350,"url":"https:\/\/www.libriparlanti.org\/wp-content\/uploads\/2025\/10\/8058697271014.jpg","type":"image\/jpeg"}],"twitter_card":"summary_large_image","twitter_misc":{"Tempo di lettura stimato":"1 minuto"},"schema":{"@context":"https:\/\/schema.org","@graph":[{"@type":"WebPage","@id":"https:\/\/www.libriparlanti.org\/index.php\/prodotto\/si-oscuro-signore-luxastra\/","url":"https:\/\/www.libriparlanti.org\/index.php\/prodotto\/si-oscuro-signore-luxastra\/","name":"SI OSCURO SIGNORE ! LUXASTRA - Libreria Libri parlanti","isPartOf":{"@id":"https:\/\/www.libriparlanti.org\/#website"},"primaryImageOfPage":{"@id":"https:\/\/www.libriparlanti.org\/index.php\/prodotto\/si-oscuro-signore-luxastra\/#primaryimage"},"image":{"@id":"https:\/\/www.libriparlanti.org\/index.php\/prodotto\/si-oscuro-signore-luxastra\/#primaryimage"},"thumbnailUrl":"https:\/\/www.libriparlanti.org\/wp-content\/uploads\/2025\/10\/8058697271014.jpg","datePublished":"2025-10-15T08:03:30+00:00","dateModified":"2025-10-30T10:49:17+00:00","breadcrumb":{"@id":"https:\/\/www.libriparlanti.org\/index.php\/prodotto\/si-oscuro-signore-luxastra\/#breadcrumb"},"inLanguage":"it-IT","potentialAction":[{"@type":"ReadAction","target":["https:\/\/www.libriparlanti.org\/index.php\/prodotto\/si-oscuro-signore-luxastra\/"]}]},{"@type":"ImageObject","inLanguage":"it-IT","@id":"https:\/\/www.libriparlanti.org\/index.php\/prodotto\/si-oscuro-signore-luxastra\/#primaryimage","url":"https:\/\/www.libriparlanti.org\/wp-content\/uploads\/2025\/10\/8058697271014.jpg","contentUrl":"https:\/\/www.libriparlanti.org\/wp-content\/uploads\/2025\/10\/8058697271014.jpg","width":239,"height":350},{"@type":"BreadcrumbList","@id":"https:\/\/www.libriparlanti.org\/index.php\/prodotto\/si-oscuro-signore-luxastra\/#breadcrumb","itemListElement":[{"@type":"ListItem","position":1,"name":"Home","item":"https:\/\/www.libriparlanti.org\/"},{"@type":"ListItem","position":2,"name":"Shop","item":"https:\/\/www.libriparlanti.org\/index.php\/negozio\/"},{"@type":"ListItem","position":3,"name":"SI OSCURO SIGNORE ! LUXASTRA"}]},{"@type":"WebSite","@id":"https:\/\/www.libriparlanti.org\/#website","url":"https:\/\/www.libriparlanti.org\/","name":"Libreria Libri parlanti","description":"Libreria in Castiglione del Lago (Pg)","potentialAction":[{"@type":"SearchAction","target":{"@type":"EntryPoint","urlTemplate":"https:\/\/www.libriparlanti.org\/?s={search_term_string}"},"query-input":{"@type":"PropertyValueSpecification","valueRequired":true,"valueName":"search_term_string"}}],"inLanguage":"it-IT"}]}},"_links":{"self":[{"href":"https:\/\/www.libriparlanti.org\/index.php\/wp-json\/wp\/v2\/product\/35415","targetHints":{"allow":["GET"]}}],"collection":[{"href":"https:\/\/www.libriparlanti.org\/index.php\/wp-json\/wp\/v2\/product"}],"about":[{"href":"https:\/\/www.libriparlanti.org\/index.php\/wp-json\/wp\/v2\/types\/product"}],"replies":[{"embeddable":true,"href":"https:\/\/www.libriparlanti.org\/index.php\/wp-json\/wp\/v2\/comments?post=35415"}],"wp:featuredmedia":[{"embeddable":true,"href":"https:\/\/www.libriparlanti.org\/index.php\/wp-json\/wp\/v2\/media\/35414"}],"wp:attachment":[{"href":"https:\/\/www.libriparlanti.org\/index.php\/wp-json\/wp\/v2\/media?parent=35415"}],"wp:term":[{"taxonomy":"product_brand","embeddable":true,"href":"https:\/\/www.libriparlanti.org\/index.php\/wp-json\/wp\/v2\/product_brand?post=35415"},{"taxonomy":"product_cat","embeddable":true,"href":"https:\/\/www.libriparlanti.org\/index.php\/wp-json\/wp\/v2\/product_cat?post=35415"},{"taxonomy":"product_tag","embeddable":true,"href":"https:\/\/www.libriparlanti.org\/index.php\/wp-json\/wp\/v2\/product_tag?post=35415"}],"curies":[{"name":"wp","href":"https:\/\/api.w.org\/{rel}","templated":true}]}}