{"id":35121,"date":"2025-06-10T11:18:00","date_gmt":"2025-06-10T09:18:00","guid":{"rendered":"https:\/\/www.libriparlanti.org\/index.php\/prodotto\/perch-mi-vuoi-bene\/"},"modified":"2025-09-22T15:26:30","modified_gmt":"2025-09-22T13:26:30","slug":"perch-mi-vuoi-bene","status":"publish","type":"product","link":"https:\/\/www.libriparlanti.org\/index.php\/prodotto\/perch-mi-vuoi-bene\/","title":{"rendered":"PERCH MI VUOI BENE"},"content":{"rendered":"<p>Mino \u00e8 tornato, in forma strepitosa, per raccontare a chiunque abbia voglia di ascoltare la sua voce tutti i motivi per cui lui e i nostri amici a quattro zampe sono assolutamente irresistibili, compagni preziosi capaci di dimostrare amore incondizionato, di farci forza, di strapparci un sorriso quando serve, di rendere pi\u00f9 lievi le giornate peggiori. Racconter\u00e0 meglio la vita passata del suo Massi, gli errori commessi, le lezioni imparate e come \u00e8 diventato l&#8217;uomo di oggi, ricordando una notte di molti anni fa, quando tutto \u00e8 cambiato. E poi, prendendo la rincorsa, Mino far\u00e0 un balzo nel presente, con tutte le incredibili avventure che gli sono capitate recentemente, e che lo hanno portato fin dentro a uno dei luoghi pi\u00f9 importanti del nostro Paese, il Parlamento! Tutte queste straordinarie esperienze diventeranno spunto per riflettere sul viscerale, fraterno rapporto che pu\u00f2 nascere tra noi due zampe e i cani, sulla loro propensione a imparare da chiunque sappia insegnare, sulla loro generosit\u00e0, su come siano capaci di amarci sempre, a ogni condizione.<\/p>\n","protected":false},"excerpt":{"rendered":"<p><em>Autore:<\/em> MASSIMILIANO SIMARI<br \/>\n<em>Editore:<\/em> RIZZOLI<br \/>\n<em>ISBN:<\/em> 9788817194563<\/p>\n","protected":false},"featured_media":35120,"comment_status":"closed","ping_status":"closed","template":"","meta":{"_et_pb_use_builder":"","_et_pb_old_content":"","_et_gb_content_width":"","_joinchat":[]},"product_brand":[],"product_cat":[959],"product_tag":[],"class_list":{"0":"post-35121","1":"product","2":"type-product","3":"status-publish","4":"has-post-thumbnail","6":"product_cat-senza-categoria","8":"first","9":"onbackorder","10":"taxable","11":"shipping-taxable","12":"purchasable","13":"product-type-simple"},"yoast_head":"<!-- This site is optimized with the Yoast SEO plugin v27.4 - https:\/\/yoast.com\/product\/yoast-seo-wordpress\/ -->\n<title>PERCH MI VUOI BENE - Libreria Libri parlanti<\/title>\n<meta name=\"robots\" content=\"index, follow, max-snippet:-1, max-image-preview:large, max-video-preview:-1\" \/>\n<link rel=\"canonical\" href=\"https:\/\/www.libriparlanti.org\/index.php\/prodotto\/perch-mi-vuoi-bene\/\" \/>\n<meta property=\"og:locale\" content=\"it_IT\" \/>\n<meta property=\"og:type\" content=\"article\" \/>\n<meta property=\"og:title\" content=\"PERCH MI VUOI BENE - Libreria Libri parlanti\" \/>\n<meta property=\"og:description\" content=\"Autore: MASSIMILIANO SIMARI Editore: RIZZOLI ISBN: 9788817194563\" \/>\n<meta property=\"og:url\" content=\"https:\/\/www.libriparlanti.org\/index.php\/prodotto\/perch-mi-vuoi-bene\/\" \/>\n<meta property=\"og:site_name\" content=\"Libreria Libri parlanti\" \/>\n<meta property=\"article:publisher\" content=\"https:\/\/www.facebook.com\/LibriParlanti\" \/>\n<meta property=\"article:modified_time\" content=\"2025-09-22T13:26:30+00:00\" \/>\n<meta property=\"og:image\" content=\"https:\/\/www.libriparlanti.org\/wp-content\/uploads\/2025\/06\/9788817194563.jpg\" \/>\n\t<meta property=\"og:image:width\" content=\"1026\" \/>\n\t<meta property=\"og:image:height\" content=\"1600\" \/>\n\t<meta property=\"og:image:type\" content=\"image\/jpeg\" \/>\n<meta name=\"twitter:card\" content=\"summary_large_image\" \/>\n<meta name=\"twitter:label1\" content=\"Tempo di lettura stimato\" \/>\n\t<meta name=\"twitter:data1\" content=\"1 minuto\" \/>\n<script type=\"application\/ld+json\" class=\"yoast-schema-graph\">{\"@context\":\"https:\\\/\\\/schema.org\",\"@graph\":[{\"@type\":\"WebPage\",\"@id\":\"https:\\\/\\\/www.libriparlanti.org\\\/index.php\\\/prodotto\\\/perch-mi-vuoi-bene\\\/\",\"url\":\"https:\\\/\\\/www.libriparlanti.org\\\/index.php\\\/prodotto\\\/perch-mi-vuoi-bene\\\/\",\"name\":\"PERCH MI VUOI BENE - Libreria Libri parlanti\",\"isPartOf\":{\"@id\":\"https:\\\/\\\/www.libriparlanti.org\\\/#website\"},\"primaryImageOfPage\":{\"@id\":\"https:\\\/\\\/www.libriparlanti.org\\\/index.php\\\/prodotto\\\/perch-mi-vuoi-bene\\\/#primaryimage\"},\"image\":{\"@id\":\"https:\\\/\\\/www.libriparlanti.org\\\/index.php\\\/prodotto\\\/perch-mi-vuoi-bene\\\/#primaryimage\"},\"thumbnailUrl\":\"https:\\\/\\\/www.libriparlanti.org\\\/wp-content\\\/uploads\\\/2025\\\/06\\\/9788817194563.jpg\",\"datePublished\":\"2025-06-10T09:18:00+00:00\",\"dateModified\":\"2025-09-22T13:26:30+00:00\",\"breadcrumb\":{\"@id\":\"https:\\\/\\\/www.libriparlanti.org\\\/index.php\\\/prodotto\\\/perch-mi-vuoi-bene\\\/#breadcrumb\"},\"inLanguage\":\"it-IT\",\"potentialAction\":[{\"@type\":\"ReadAction\",\"target\":[\"https:\\\/\\\/www.libriparlanti.org\\\/index.php\\\/prodotto\\\/perch-mi-vuoi-bene\\\/\"]}]},{\"@type\":\"ImageObject\",\"inLanguage\":\"it-IT\",\"@id\":\"https:\\\/\\\/www.libriparlanti.org\\\/index.php\\\/prodotto\\\/perch-mi-vuoi-bene\\\/#primaryimage\",\"url\":\"https:\\\/\\\/www.libriparlanti.org\\\/wp-content\\\/uploads\\\/2025\\\/06\\\/9788817194563.jpg\",\"contentUrl\":\"https:\\\/\\\/www.libriparlanti.org\\\/wp-content\\\/uploads\\\/2025\\\/06\\\/9788817194563.jpg\",\"width\":1026,\"height\":1600},{\"@type\":\"BreadcrumbList\",\"@id\":\"https:\\\/\\\/www.libriparlanti.org\\\/index.php\\\/prodotto\\\/perch-mi-vuoi-bene\\\/#breadcrumb\",\"itemListElement\":[{\"@type\":\"ListItem\",\"position\":1,\"name\":\"Home\",\"item\":\"https:\\\/\\\/www.libriparlanti.org\\\/\"},{\"@type\":\"ListItem\",\"position\":2,\"name\":\"Shop\",\"item\":\"https:\\\/\\\/www.libriparlanti.org\\\/index.php\\\/negozio\\\/\"},{\"@type\":\"ListItem\",\"position\":3,\"name\":\"PERCH MI VUOI BENE\"}]},{\"@type\":\"WebSite\",\"@id\":\"https:\\\/\\\/www.libriparlanti.org\\\/#website\",\"url\":\"https:\\\/\\\/www.libriparlanti.org\\\/\",\"name\":\"Libreria Libri parlanti\",\"description\":\"Libreria in Castiglione del Lago (Pg)\",\"potentialAction\":[{\"@type\":\"SearchAction\",\"target\":{\"@type\":\"EntryPoint\",\"urlTemplate\":\"https:\\\/\\\/www.libriparlanti.org\\\/?s={search_term_string}\"},\"query-input\":{\"@type\":\"PropertyValueSpecification\",\"valueRequired\":true,\"valueName\":\"search_term_string\"}}],\"inLanguage\":\"it-IT\"}]}<\/script>\n<!-- \/ Yoast SEO plugin. -->","yoast_head_json":{"title":"PERCH MI VUOI BENE - Libreria Libri parlanti","robots":{"index":"index","follow":"follow","max-snippet":"max-snippet:-1","max-image-preview":"max-image-preview:large","max-video-preview":"max-video-preview:-1"},"canonical":"https:\/\/www.libriparlanti.org\/index.php\/prodotto\/perch-mi-vuoi-bene\/","og_locale":"it_IT","og_type":"article","og_title":"PERCH MI VUOI BENE - Libreria Libri parlanti","og_description":"Autore: MASSIMILIANO SIMARI Editore: RIZZOLI ISBN: 9788817194563","og_url":"https:\/\/www.libriparlanti.org\/index.php\/prodotto\/perch-mi-vuoi-bene\/","og_site_name":"Libreria Libri parlanti","article_publisher":"https:\/\/www.facebook.com\/LibriParlanti","article_modified_time":"2025-09-22T13:26:30+00:00","og_image":[{"width":1026,"height":1600,"url":"https:\/\/www.libriparlanti.org\/wp-content\/uploads\/2025\/06\/9788817194563.jpg","type":"image\/jpeg"}],"twitter_card":"summary_large_image","twitter_misc":{"Tempo di lettura stimato":"1 minuto"},"schema":{"@context":"https:\/\/schema.org","@graph":[{"@type":"WebPage","@id":"https:\/\/www.libriparlanti.org\/index.php\/prodotto\/perch-mi-vuoi-bene\/","url":"https:\/\/www.libriparlanti.org\/index.php\/prodotto\/perch-mi-vuoi-bene\/","name":"PERCH MI VUOI BENE - Libreria Libri parlanti","isPartOf":{"@id":"https:\/\/www.libriparlanti.org\/#website"},"primaryImageOfPage":{"@id":"https:\/\/www.libriparlanti.org\/index.php\/prodotto\/perch-mi-vuoi-bene\/#primaryimage"},"image":{"@id":"https:\/\/www.libriparlanti.org\/index.php\/prodotto\/perch-mi-vuoi-bene\/#primaryimage"},"thumbnailUrl":"https:\/\/www.libriparlanti.org\/wp-content\/uploads\/2025\/06\/9788817194563.jpg","datePublished":"2025-06-10T09:18:00+00:00","dateModified":"2025-09-22T13:26:30+00:00","breadcrumb":{"@id":"https:\/\/www.libriparlanti.org\/index.php\/prodotto\/perch-mi-vuoi-bene\/#breadcrumb"},"inLanguage":"it-IT","potentialAction":[{"@type":"ReadAction","target":["https:\/\/www.libriparlanti.org\/index.php\/prodotto\/perch-mi-vuoi-bene\/"]}]},{"@type":"ImageObject","inLanguage":"it-IT","@id":"https:\/\/www.libriparlanti.org\/index.php\/prodotto\/perch-mi-vuoi-bene\/#primaryimage","url":"https:\/\/www.libriparlanti.org\/wp-content\/uploads\/2025\/06\/9788817194563.jpg","contentUrl":"https:\/\/www.libriparlanti.org\/wp-content\/uploads\/2025\/06\/9788817194563.jpg","width":1026,"height":1600},{"@type":"BreadcrumbList","@id":"https:\/\/www.libriparlanti.org\/index.php\/prodotto\/perch-mi-vuoi-bene\/#breadcrumb","itemListElement":[{"@type":"ListItem","position":1,"name":"Home","item":"https:\/\/www.libriparlanti.org\/"},{"@type":"ListItem","position":2,"name":"Shop","item":"https:\/\/www.libriparlanti.org\/index.php\/negozio\/"},{"@type":"ListItem","position":3,"name":"PERCH MI VUOI BENE"}]},{"@type":"WebSite","@id":"https:\/\/www.libriparlanti.org\/#website","url":"https:\/\/www.libriparlanti.org\/","name":"Libreria Libri parlanti","description":"Libreria in Castiglione del Lago (Pg)","potentialAction":[{"@type":"SearchAction","target":{"@type":"EntryPoint","urlTemplate":"https:\/\/www.libriparlanti.org\/?s={search_term_string}"},"query-input":{"@type":"PropertyValueSpecification","valueRequired":true,"valueName":"search_term_string"}}],"inLanguage":"it-IT"}]}},"_links":{"self":[{"href":"https:\/\/www.libriparlanti.org\/index.php\/wp-json\/wp\/v2\/product\/35121","targetHints":{"allow":["GET"]}}],"collection":[{"href":"https:\/\/www.libriparlanti.org\/index.php\/wp-json\/wp\/v2\/product"}],"about":[{"href":"https:\/\/www.libriparlanti.org\/index.php\/wp-json\/wp\/v2\/types\/product"}],"replies":[{"embeddable":true,"href":"https:\/\/www.libriparlanti.org\/index.php\/wp-json\/wp\/v2\/comments?post=35121"}],"wp:featuredmedia":[{"embeddable":true,"href":"https:\/\/www.libriparlanti.org\/index.php\/wp-json\/wp\/v2\/media\/35120"}],"wp:attachment":[{"href":"https:\/\/www.libriparlanti.org\/index.php\/wp-json\/wp\/v2\/media?parent=35121"}],"wp:term":[{"taxonomy":"product_brand","embeddable":true,"href":"https:\/\/www.libriparlanti.org\/index.php\/wp-json\/wp\/v2\/product_brand?post=35121"},{"taxonomy":"product_cat","embeddable":true,"href":"https:\/\/www.libriparlanti.org\/index.php\/wp-json\/wp\/v2\/product_cat?post=35121"},{"taxonomy":"product_tag","embeddable":true,"href":"https:\/\/www.libriparlanti.org\/index.php\/wp-json\/wp\/v2\/product_tag?post=35121"}],"curies":[{"name":"wp","href":"https:\/\/api.w.org\/{rel}","templated":true}]}}