{"id":35003,"date":"2025-06-04T18:09:17","date_gmt":"2025-06-04T16:09:17","guid":{"rendered":"https:\/\/www.libriparlanti.org\/index.php\/prodotto\/lo-scandalo-israele\/"},"modified":"2025-09-22T15:26:30","modified_gmt":"2025-09-22T13:26:30","slug":"lo-scandalo-israele","status":"publish","type":"product","link":"https:\/\/www.libriparlanti.org\/index.php\/prodotto\/lo-scandalo-israele\/","title":{"rendered":"LO SCANDALO ISRAELE"},"content":{"rendered":"<p>&#8220;Una casa brucia. Una casa \u00e8 immersa nella pace.&#8221; David Parenzo, ebreo e laico, fondamentalista democratico, sceglie questa immagine e sette storie per raccontare lo scandalo Israele. Nella Bibbia il numero sette \u00e8 sempre indicato come il numero della perfezione e della natura divina. Sono sette i giorni della creazione e i bracci della Menorah, uno dei simboli principali del mondo ebraico. Eppure il sette ricorre anche nella data del giorno pi\u00f9 tragico, il 7 ottobre 2023, quando un commando di terroristi di Hamas ha dato l&#8217;assalto ai kibbutzim al confine con la Striscia di Gaza, uccidendo circa 1.200 persone, tra civili e militari, e prendendone in ostaggio 251, tra cui donne e neonati. Sette come gli ingredienti della challah, il pane intrecciato della festa, che in queste pagine ci aiuta a cogliere fino in fondo il carattere scandaloso della fondazione di Israele attraverso la vita di David Ben Gurion e il sogno di una convivenza che ancora oggi sono in molti a rivendicare in piazza a Tel Aviv. La resilienza qui magnificamente espressa dalla storia di Yuval Biton, il dentista che ha curato in carcere Yahya Sinwar, capo di Hamas, diventato poi la mente della tragedia del 7 ottobre che \u00e8 costata la vita anche al nipote dello stesso Biton. E poi Ella, prima donna araba diventata tenente dell&#8217;Idf. Mansour Abbas, politico palestinese leader di un partito arabo-israeliano. Noa Lea Cohn, la gallerista di Gerusalemme che porta avanti la sua ricerca per valorizzare l&#8217;arte ultraortodossa. E Rachel, che il 7 ottobre ha tenuto a bada i terroristi entrati nella sua casa offrendo loro t\u00e8 e biscotti, e che ci racconta bene quanto questo Scandalo \u00e8 utile a tutto l&#8217;Occidente democratico perch\u00e9, come diceva Ben Gurion, &#8220;In Israele, chi non crede nei miracoli non \u00e8 realista&#8221;.<\/p>\n","protected":false},"excerpt":{"rendered":"<p><em>Autore:<\/em> DAVID PARENZO<br \/>\n<em>Editore:<\/em> RIZZOLI<br \/>\n<em>ISBN:<\/em> 9788817195522<\/p>\n","protected":false},"featured_media":35002,"comment_status":"closed","ping_status":"closed","template":"","meta":{"_et_pb_use_builder":"","_et_pb_old_content":"","_et_gb_content_width":"","_joinchat":[]},"product_brand":[],"product_cat":[1734],"product_tag":[],"class_list":{"0":"post-35003","1":"product","2":"type-product","3":"status-publish","4":"has-post-thumbnail","6":"product_cat-saggistica","8":"first","9":"onbackorder","10":"taxable","11":"shipping-taxable","12":"purchasable","13":"product-type-simple"},"yoast_head":"<!-- This site is optimized with the Yoast SEO plugin v27.4 - https:\/\/yoast.com\/product\/yoast-seo-wordpress\/ -->\n<title>LO SCANDALO ISRAELE - Libreria Libri parlanti<\/title>\n<meta name=\"robots\" content=\"index, follow, max-snippet:-1, max-image-preview:large, max-video-preview:-1\" \/>\n<link rel=\"canonical\" href=\"https:\/\/www.libriparlanti.org\/index.php\/prodotto\/lo-scandalo-israele\/\" \/>\n<meta property=\"og:locale\" content=\"it_IT\" \/>\n<meta property=\"og:type\" content=\"article\" \/>\n<meta property=\"og:title\" content=\"LO SCANDALO ISRAELE - Libreria Libri parlanti\" \/>\n<meta property=\"og:description\" content=\"Autore: DAVID PARENZO Editore: RIZZOLI ISBN: 9788817195522\" \/>\n<meta property=\"og:url\" content=\"https:\/\/www.libriparlanti.org\/index.php\/prodotto\/lo-scandalo-israele\/\" \/>\n<meta property=\"og:site_name\" content=\"Libreria Libri parlanti\" \/>\n<meta property=\"article:publisher\" content=\"https:\/\/www.facebook.com\/LibriParlanti\" \/>\n<meta property=\"article:modified_time\" content=\"2025-09-22T13:26:30+00:00\" \/>\n<meta property=\"og:image\" content=\"https:\/\/www.libriparlanti.org\/wp-content\/uploads\/2025\/06\/gMyUTN5EzNxgDO4cTO.jpg\" \/>\n\t<meta property=\"og:image:width\" content=\"191\" \/>\n\t<meta property=\"og:image:height\" content=\"300\" \/>\n\t<meta property=\"og:image:type\" content=\"image\/jpeg\" \/>\n<meta name=\"twitter:card\" content=\"summary_large_image\" \/>\n<meta name=\"twitter:label1\" content=\"Tempo di lettura stimato\" \/>\n\t<meta name=\"twitter:data1\" content=\"1 minuto\" \/>\n<script type=\"application\/ld+json\" class=\"yoast-schema-graph\">{\"@context\":\"https:\\\/\\\/schema.org\",\"@graph\":[{\"@type\":\"WebPage\",\"@id\":\"https:\\\/\\\/www.libriparlanti.org\\\/index.php\\\/prodotto\\\/lo-scandalo-israele\\\/\",\"url\":\"https:\\\/\\\/www.libriparlanti.org\\\/index.php\\\/prodotto\\\/lo-scandalo-israele\\\/\",\"name\":\"LO SCANDALO ISRAELE - Libreria Libri parlanti\",\"isPartOf\":{\"@id\":\"https:\\\/\\\/www.libriparlanti.org\\\/#website\"},\"primaryImageOfPage\":{\"@id\":\"https:\\\/\\\/www.libriparlanti.org\\\/index.php\\\/prodotto\\\/lo-scandalo-israele\\\/#primaryimage\"},\"image\":{\"@id\":\"https:\\\/\\\/www.libriparlanti.org\\\/index.php\\\/prodotto\\\/lo-scandalo-israele\\\/#primaryimage\"},\"thumbnailUrl\":\"https:\\\/\\\/www.libriparlanti.org\\\/wp-content\\\/uploads\\\/2025\\\/06\\\/gMyUTN5EzNxgDO4cTO.jpg\",\"datePublished\":\"2025-06-04T16:09:17+00:00\",\"dateModified\":\"2025-09-22T13:26:30+00:00\",\"breadcrumb\":{\"@id\":\"https:\\\/\\\/www.libriparlanti.org\\\/index.php\\\/prodotto\\\/lo-scandalo-israele\\\/#breadcrumb\"},\"inLanguage\":\"it-IT\",\"potentialAction\":[{\"@type\":\"ReadAction\",\"target\":[\"https:\\\/\\\/www.libriparlanti.org\\\/index.php\\\/prodotto\\\/lo-scandalo-israele\\\/\"]}]},{\"@type\":\"ImageObject\",\"inLanguage\":\"it-IT\",\"@id\":\"https:\\\/\\\/www.libriparlanti.org\\\/index.php\\\/prodotto\\\/lo-scandalo-israele\\\/#primaryimage\",\"url\":\"https:\\\/\\\/www.libriparlanti.org\\\/wp-content\\\/uploads\\\/2025\\\/06\\\/gMyUTN5EzNxgDO4cTO.jpg\",\"contentUrl\":\"https:\\\/\\\/www.libriparlanti.org\\\/wp-content\\\/uploads\\\/2025\\\/06\\\/gMyUTN5EzNxgDO4cTO.jpg\",\"width\":191,\"height\":300},{\"@type\":\"BreadcrumbList\",\"@id\":\"https:\\\/\\\/www.libriparlanti.org\\\/index.php\\\/prodotto\\\/lo-scandalo-israele\\\/#breadcrumb\",\"itemListElement\":[{\"@type\":\"ListItem\",\"position\":1,\"name\":\"Home\",\"item\":\"https:\\\/\\\/www.libriparlanti.org\\\/\"},{\"@type\":\"ListItem\",\"position\":2,\"name\":\"Shop\",\"item\":\"https:\\\/\\\/www.libriparlanti.org\\\/index.php\\\/negozio\\\/\"},{\"@type\":\"ListItem\",\"position\":3,\"name\":\"LO SCANDALO ISRAELE\"}]},{\"@type\":\"WebSite\",\"@id\":\"https:\\\/\\\/www.libriparlanti.org\\\/#website\",\"url\":\"https:\\\/\\\/www.libriparlanti.org\\\/\",\"name\":\"Libreria Libri parlanti\",\"description\":\"Libreria in Castiglione del Lago (Pg)\",\"potentialAction\":[{\"@type\":\"SearchAction\",\"target\":{\"@type\":\"EntryPoint\",\"urlTemplate\":\"https:\\\/\\\/www.libriparlanti.org\\\/?s={search_term_string}\"},\"query-input\":{\"@type\":\"PropertyValueSpecification\",\"valueRequired\":true,\"valueName\":\"search_term_string\"}}],\"inLanguage\":\"it-IT\"}]}<\/script>\n<!-- \/ Yoast SEO plugin. -->","yoast_head_json":{"title":"LO SCANDALO ISRAELE - Libreria Libri parlanti","robots":{"index":"index","follow":"follow","max-snippet":"max-snippet:-1","max-image-preview":"max-image-preview:large","max-video-preview":"max-video-preview:-1"},"canonical":"https:\/\/www.libriparlanti.org\/index.php\/prodotto\/lo-scandalo-israele\/","og_locale":"it_IT","og_type":"article","og_title":"LO SCANDALO ISRAELE - Libreria Libri parlanti","og_description":"Autore: DAVID PARENZO Editore: RIZZOLI ISBN: 9788817195522","og_url":"https:\/\/www.libriparlanti.org\/index.php\/prodotto\/lo-scandalo-israele\/","og_site_name":"Libreria Libri parlanti","article_publisher":"https:\/\/www.facebook.com\/LibriParlanti","article_modified_time":"2025-09-22T13:26:30+00:00","og_image":[{"width":191,"height":300,"url":"https:\/\/www.libriparlanti.org\/wp-content\/uploads\/2025\/06\/gMyUTN5EzNxgDO4cTO.jpg","type":"image\/jpeg"}],"twitter_card":"summary_large_image","twitter_misc":{"Tempo di lettura stimato":"1 minuto"},"schema":{"@context":"https:\/\/schema.org","@graph":[{"@type":"WebPage","@id":"https:\/\/www.libriparlanti.org\/index.php\/prodotto\/lo-scandalo-israele\/","url":"https:\/\/www.libriparlanti.org\/index.php\/prodotto\/lo-scandalo-israele\/","name":"LO SCANDALO ISRAELE - Libreria Libri parlanti","isPartOf":{"@id":"https:\/\/www.libriparlanti.org\/#website"},"primaryImageOfPage":{"@id":"https:\/\/www.libriparlanti.org\/index.php\/prodotto\/lo-scandalo-israele\/#primaryimage"},"image":{"@id":"https:\/\/www.libriparlanti.org\/index.php\/prodotto\/lo-scandalo-israele\/#primaryimage"},"thumbnailUrl":"https:\/\/www.libriparlanti.org\/wp-content\/uploads\/2025\/06\/gMyUTN5EzNxgDO4cTO.jpg","datePublished":"2025-06-04T16:09:17+00:00","dateModified":"2025-09-22T13:26:30+00:00","breadcrumb":{"@id":"https:\/\/www.libriparlanti.org\/index.php\/prodotto\/lo-scandalo-israele\/#breadcrumb"},"inLanguage":"it-IT","potentialAction":[{"@type":"ReadAction","target":["https:\/\/www.libriparlanti.org\/index.php\/prodotto\/lo-scandalo-israele\/"]}]},{"@type":"ImageObject","inLanguage":"it-IT","@id":"https:\/\/www.libriparlanti.org\/index.php\/prodotto\/lo-scandalo-israele\/#primaryimage","url":"https:\/\/www.libriparlanti.org\/wp-content\/uploads\/2025\/06\/gMyUTN5EzNxgDO4cTO.jpg","contentUrl":"https:\/\/www.libriparlanti.org\/wp-content\/uploads\/2025\/06\/gMyUTN5EzNxgDO4cTO.jpg","width":191,"height":300},{"@type":"BreadcrumbList","@id":"https:\/\/www.libriparlanti.org\/index.php\/prodotto\/lo-scandalo-israele\/#breadcrumb","itemListElement":[{"@type":"ListItem","position":1,"name":"Home","item":"https:\/\/www.libriparlanti.org\/"},{"@type":"ListItem","position":2,"name":"Shop","item":"https:\/\/www.libriparlanti.org\/index.php\/negozio\/"},{"@type":"ListItem","position":3,"name":"LO SCANDALO ISRAELE"}]},{"@type":"WebSite","@id":"https:\/\/www.libriparlanti.org\/#website","url":"https:\/\/www.libriparlanti.org\/","name":"Libreria Libri parlanti","description":"Libreria in Castiglione del Lago (Pg)","potentialAction":[{"@type":"SearchAction","target":{"@type":"EntryPoint","urlTemplate":"https:\/\/www.libriparlanti.org\/?s={search_term_string}"},"query-input":{"@type":"PropertyValueSpecification","valueRequired":true,"valueName":"search_term_string"}}],"inLanguage":"it-IT"}]}},"_links":{"self":[{"href":"https:\/\/www.libriparlanti.org\/index.php\/wp-json\/wp\/v2\/product\/35003","targetHints":{"allow":["GET"]}}],"collection":[{"href":"https:\/\/www.libriparlanti.org\/index.php\/wp-json\/wp\/v2\/product"}],"about":[{"href":"https:\/\/www.libriparlanti.org\/index.php\/wp-json\/wp\/v2\/types\/product"}],"replies":[{"embeddable":true,"href":"https:\/\/www.libriparlanti.org\/index.php\/wp-json\/wp\/v2\/comments?post=35003"}],"wp:featuredmedia":[{"embeddable":true,"href":"https:\/\/www.libriparlanti.org\/index.php\/wp-json\/wp\/v2\/media\/35002"}],"wp:attachment":[{"href":"https:\/\/www.libriparlanti.org\/index.php\/wp-json\/wp\/v2\/media?parent=35003"}],"wp:term":[{"taxonomy":"product_brand","embeddable":true,"href":"https:\/\/www.libriparlanti.org\/index.php\/wp-json\/wp\/v2\/product_brand?post=35003"},{"taxonomy":"product_cat","embeddable":true,"href":"https:\/\/www.libriparlanti.org\/index.php\/wp-json\/wp\/v2\/product_cat?post=35003"},{"taxonomy":"product_tag","embeddable":true,"href":"https:\/\/www.libriparlanti.org\/index.php\/wp-json\/wp\/v2\/product_tag?post=35003"}],"curies":[{"name":"wp","href":"https:\/\/api.w.org\/{rel}","templated":true}]}}