{"id":34995,"date":"2025-06-04T13:04:58","date_gmt":"2025-06-04T11:04:58","guid":{"rendered":"https:\/\/www.libriparlanti.org\/index.php\/prodotto\/nuovo-romanzo-5\/"},"modified":"2025-06-04T15:53:38","modified_gmt":"2025-06-04T13:53:38","slug":"nuovo-romanzo-5","status":"publish","type":"product","link":"https:\/\/www.libriparlanti.org\/index.php\/prodotto\/nuovo-romanzo-5\/","title":{"rendered":"NUOVO ROMANZO"},"content":{"rendered":"<p>Brando \u00e8 nato per la danza. Corpo perfetto, movimenti che incantano. Sua madre ha cucito su di lui un sogno preciso, che forse gli va troppo stretto. Ma quando il mondo tace, Brando disegna. Disegna per sentirsi libero, per correre incontro alla sua vera essenza.<br \/>\nEttore \u00e8 l&#8217;opposto. La danza non lo ha scelto, lui l&#8217;ha strappata al suo corpo con ostinazione e fatica. Ogni passo \u00e8 una sfida, ogni errore un colpo incassato. Suo padre non capisce, ma Ettore continua a danzare. Perch\u00e9 lottare \u00e8 tutto ci\u00f2 che conosce.<br \/>\nEttore per\u00f2 ha anche un talento naturale. Disegna con istinto e grazia, come se fosse la cosa pi\u00f9 semplice al mondo. Brando lo vede. Lo invidia, quasi. Perch\u00e9 mentre lui cerca la libert\u00e0 nel disegno, Ettore la possiede senza sforzo.<br \/>\nSono cos\u00ec simili, Brando ed Ettore, molto amici e un poco rivali. Ma poi c&#8217;\u00e8 Mirta, che arriva come un temporale d&#8217;estate, e li vede, li comprende. E portando scompiglio e allegria li costringe a guardarsi davvero, e a ripensare a tutto quanto&#8230;<br \/>\nBrando, Ettore, Mirta. La danza, il disegno, l&#8217;amore. Qual \u00e8 il vero talento? Quello che ti \u00e8 stato dato o quello che scegli di inseguire, contro tutto e tutti?<br \/>\nIn una coreografia dove tutto si tiene, Matteo Bussola intreccia movimenti e desideri in un crescendo di emozioni. Perch\u00e9 forse il vero talento \u00e8 trovare il proprio passo e condividerlo con chi si ama.<\/p>\n","protected":false},"excerpt":{"rendered":"<p><em>Autore:<\/em> BUSSOLA MATTEO<br \/>\n<em>Editore:<\/em> SALANI<br \/>\n<em>ISBN:<\/em> 9788831012560<\/p>\n","protected":false},"featured_media":34994,"comment_status":"closed","ping_status":"closed","template":"","meta":{"_et_pb_use_builder":"","_et_pb_old_content":"","_et_gb_content_width":"","_joinchat":[]},"product_brand":[],"product_cat":[1733],"product_tag":[],"class_list":{"0":"post-34995","1":"product","2":"type-product","3":"status-publish","4":"has-post-thumbnail","6":"product_cat-ragazzi","8":"first","9":"instock","10":"taxable","11":"shipping-taxable","12":"purchasable","13":"product-type-simple"},"yoast_head":"<!-- This site is optimized with the Yoast SEO plugin v27.3 - https:\/\/yoast.com\/product\/yoast-seo-wordpress\/ -->\n<title>NUOVO ROMANZO - Libreria Libri parlanti<\/title>\n<meta name=\"robots\" content=\"index, follow, max-snippet:-1, max-image-preview:large, max-video-preview:-1\" \/>\n<link rel=\"canonical\" href=\"https:\/\/www.libriparlanti.org\/index.php\/prodotto\/nuovo-romanzo-5\/\" \/>\n<meta property=\"og:locale\" content=\"it_IT\" \/>\n<meta property=\"og:type\" content=\"article\" \/>\n<meta property=\"og:title\" content=\"NUOVO ROMANZO - Libreria Libri parlanti\" \/>\n<meta property=\"og:description\" content=\"Autore: BUSSOLA MATTEO Editore: SALANI ISBN: 9788831012560\" \/>\n<meta property=\"og:url\" content=\"https:\/\/www.libriparlanti.org\/index.php\/prodotto\/nuovo-romanzo-5\/\" \/>\n<meta property=\"og:site_name\" content=\"Libreria Libri parlanti\" \/>\n<meta property=\"article:publisher\" content=\"https:\/\/www.facebook.com\/LibriParlanti\" \/>\n<meta property=\"article:modified_time\" content=\"2025-06-04T13:53:38+00:00\" \/>\n<meta property=\"og:image\" content=\"https:\/\/www.libriparlanti.org\/wp-content\/uploads\/2025\/06\/AM2UjMxATMzgDO4cTO.jpg\" \/>\n\t<meta property=\"og:image:width\" content=\"209\" \/>\n\t<meta property=\"og:image:height\" content=\"300\" \/>\n\t<meta property=\"og:image:type\" content=\"image\/jpeg\" \/>\n<meta name=\"twitter:card\" content=\"summary_large_image\" \/>\n<meta name=\"twitter:label1\" content=\"Tempo di lettura stimato\" \/>\n\t<meta name=\"twitter:data1\" content=\"1 minuto\" \/>\n<script type=\"application\/ld+json\" class=\"yoast-schema-graph\">{\"@context\":\"https:\\\/\\\/schema.org\",\"@graph\":[{\"@type\":\"WebPage\",\"@id\":\"https:\\\/\\\/www.libriparlanti.org\\\/index.php\\\/prodotto\\\/nuovo-romanzo-5\\\/\",\"url\":\"https:\\\/\\\/www.libriparlanti.org\\\/index.php\\\/prodotto\\\/nuovo-romanzo-5\\\/\",\"name\":\"NUOVO ROMANZO - Libreria Libri parlanti\",\"isPartOf\":{\"@id\":\"https:\\\/\\\/www.libriparlanti.org\\\/#website\"},\"primaryImageOfPage\":{\"@id\":\"https:\\\/\\\/www.libriparlanti.org\\\/index.php\\\/prodotto\\\/nuovo-romanzo-5\\\/#primaryimage\"},\"image\":{\"@id\":\"https:\\\/\\\/www.libriparlanti.org\\\/index.php\\\/prodotto\\\/nuovo-romanzo-5\\\/#primaryimage\"},\"thumbnailUrl\":\"https:\\\/\\\/www.libriparlanti.org\\\/wp-content\\\/uploads\\\/2025\\\/06\\\/AM2UjMxATMzgDO4cTO.jpg\",\"datePublished\":\"2025-06-04T11:04:58+00:00\",\"dateModified\":\"2025-06-04T13:53:38+00:00\",\"breadcrumb\":{\"@id\":\"https:\\\/\\\/www.libriparlanti.org\\\/index.php\\\/prodotto\\\/nuovo-romanzo-5\\\/#breadcrumb\"},\"inLanguage\":\"it-IT\",\"potentialAction\":[{\"@type\":\"ReadAction\",\"target\":[\"https:\\\/\\\/www.libriparlanti.org\\\/index.php\\\/prodotto\\\/nuovo-romanzo-5\\\/\"]}]},{\"@type\":\"ImageObject\",\"inLanguage\":\"it-IT\",\"@id\":\"https:\\\/\\\/www.libriparlanti.org\\\/index.php\\\/prodotto\\\/nuovo-romanzo-5\\\/#primaryimage\",\"url\":\"https:\\\/\\\/www.libriparlanti.org\\\/wp-content\\\/uploads\\\/2025\\\/06\\\/AM2UjMxATMzgDO4cTO.jpg\",\"contentUrl\":\"https:\\\/\\\/www.libriparlanti.org\\\/wp-content\\\/uploads\\\/2025\\\/06\\\/AM2UjMxATMzgDO4cTO.jpg\",\"width\":209,\"height\":300},{\"@type\":\"BreadcrumbList\",\"@id\":\"https:\\\/\\\/www.libriparlanti.org\\\/index.php\\\/prodotto\\\/nuovo-romanzo-5\\\/#breadcrumb\",\"itemListElement\":[{\"@type\":\"ListItem\",\"position\":1,\"name\":\"Home\",\"item\":\"https:\\\/\\\/www.libriparlanti.org\\\/\"},{\"@type\":\"ListItem\",\"position\":2,\"name\":\"Shop\",\"item\":\"https:\\\/\\\/www.libriparlanti.org\\\/index.php\\\/negozio\\\/\"},{\"@type\":\"ListItem\",\"position\":3,\"name\":\"NUOVO ROMANZO\"}]},{\"@type\":\"WebSite\",\"@id\":\"https:\\\/\\\/www.libriparlanti.org\\\/#website\",\"url\":\"https:\\\/\\\/www.libriparlanti.org\\\/\",\"name\":\"Libreria Libri parlanti\",\"description\":\"Libreria in Castiglione del Lago (Pg)\",\"potentialAction\":[{\"@type\":\"SearchAction\",\"target\":{\"@type\":\"EntryPoint\",\"urlTemplate\":\"https:\\\/\\\/www.libriparlanti.org\\\/?s={search_term_string}\"},\"query-input\":{\"@type\":\"PropertyValueSpecification\",\"valueRequired\":true,\"valueName\":\"search_term_string\"}}],\"inLanguage\":\"it-IT\"}]}<\/script>\n<!-- \/ Yoast SEO plugin. -->","yoast_head_json":{"title":"NUOVO ROMANZO - Libreria Libri parlanti","robots":{"index":"index","follow":"follow","max-snippet":"max-snippet:-1","max-image-preview":"max-image-preview:large","max-video-preview":"max-video-preview:-1"},"canonical":"https:\/\/www.libriparlanti.org\/index.php\/prodotto\/nuovo-romanzo-5\/","og_locale":"it_IT","og_type":"article","og_title":"NUOVO ROMANZO - Libreria Libri parlanti","og_description":"Autore: BUSSOLA MATTEO Editore: SALANI ISBN: 9788831012560","og_url":"https:\/\/www.libriparlanti.org\/index.php\/prodotto\/nuovo-romanzo-5\/","og_site_name":"Libreria Libri parlanti","article_publisher":"https:\/\/www.facebook.com\/LibriParlanti","article_modified_time":"2025-06-04T13:53:38+00:00","og_image":[{"width":209,"height":300,"url":"https:\/\/www.libriparlanti.org\/wp-content\/uploads\/2025\/06\/AM2UjMxATMzgDO4cTO.jpg","type":"image\/jpeg"}],"twitter_card":"summary_large_image","twitter_misc":{"Tempo di lettura stimato":"1 minuto"},"schema":{"@context":"https:\/\/schema.org","@graph":[{"@type":"WebPage","@id":"https:\/\/www.libriparlanti.org\/index.php\/prodotto\/nuovo-romanzo-5\/","url":"https:\/\/www.libriparlanti.org\/index.php\/prodotto\/nuovo-romanzo-5\/","name":"NUOVO ROMANZO - Libreria Libri parlanti","isPartOf":{"@id":"https:\/\/www.libriparlanti.org\/#website"},"primaryImageOfPage":{"@id":"https:\/\/www.libriparlanti.org\/index.php\/prodotto\/nuovo-romanzo-5\/#primaryimage"},"image":{"@id":"https:\/\/www.libriparlanti.org\/index.php\/prodotto\/nuovo-romanzo-5\/#primaryimage"},"thumbnailUrl":"https:\/\/www.libriparlanti.org\/wp-content\/uploads\/2025\/06\/AM2UjMxATMzgDO4cTO.jpg","datePublished":"2025-06-04T11:04:58+00:00","dateModified":"2025-06-04T13:53:38+00:00","breadcrumb":{"@id":"https:\/\/www.libriparlanti.org\/index.php\/prodotto\/nuovo-romanzo-5\/#breadcrumb"},"inLanguage":"it-IT","potentialAction":[{"@type":"ReadAction","target":["https:\/\/www.libriparlanti.org\/index.php\/prodotto\/nuovo-romanzo-5\/"]}]},{"@type":"ImageObject","inLanguage":"it-IT","@id":"https:\/\/www.libriparlanti.org\/index.php\/prodotto\/nuovo-romanzo-5\/#primaryimage","url":"https:\/\/www.libriparlanti.org\/wp-content\/uploads\/2025\/06\/AM2UjMxATMzgDO4cTO.jpg","contentUrl":"https:\/\/www.libriparlanti.org\/wp-content\/uploads\/2025\/06\/AM2UjMxATMzgDO4cTO.jpg","width":209,"height":300},{"@type":"BreadcrumbList","@id":"https:\/\/www.libriparlanti.org\/index.php\/prodotto\/nuovo-romanzo-5\/#breadcrumb","itemListElement":[{"@type":"ListItem","position":1,"name":"Home","item":"https:\/\/www.libriparlanti.org\/"},{"@type":"ListItem","position":2,"name":"Shop","item":"https:\/\/www.libriparlanti.org\/index.php\/negozio\/"},{"@type":"ListItem","position":3,"name":"NUOVO ROMANZO"}]},{"@type":"WebSite","@id":"https:\/\/www.libriparlanti.org\/#website","url":"https:\/\/www.libriparlanti.org\/","name":"Libreria Libri parlanti","description":"Libreria in Castiglione del Lago (Pg)","potentialAction":[{"@type":"SearchAction","target":{"@type":"EntryPoint","urlTemplate":"https:\/\/www.libriparlanti.org\/?s={search_term_string}"},"query-input":{"@type":"PropertyValueSpecification","valueRequired":true,"valueName":"search_term_string"}}],"inLanguage":"it-IT"}]}},"_links":{"self":[{"href":"https:\/\/www.libriparlanti.org\/index.php\/wp-json\/wp\/v2\/product\/34995","targetHints":{"allow":["GET"]}}],"collection":[{"href":"https:\/\/www.libriparlanti.org\/index.php\/wp-json\/wp\/v2\/product"}],"about":[{"href":"https:\/\/www.libriparlanti.org\/index.php\/wp-json\/wp\/v2\/types\/product"}],"replies":[{"embeddable":true,"href":"https:\/\/www.libriparlanti.org\/index.php\/wp-json\/wp\/v2\/comments?post=34995"}],"wp:featuredmedia":[{"embeddable":true,"href":"https:\/\/www.libriparlanti.org\/index.php\/wp-json\/wp\/v2\/media\/34994"}],"wp:attachment":[{"href":"https:\/\/www.libriparlanti.org\/index.php\/wp-json\/wp\/v2\/media?parent=34995"}],"wp:term":[{"taxonomy":"product_brand","embeddable":true,"href":"https:\/\/www.libriparlanti.org\/index.php\/wp-json\/wp\/v2\/product_brand?post=34995"},{"taxonomy":"product_cat","embeddable":true,"href":"https:\/\/www.libriparlanti.org\/index.php\/wp-json\/wp\/v2\/product_cat?post=34995"},{"taxonomy":"product_tag","embeddable":true,"href":"https:\/\/www.libriparlanti.org\/index.php\/wp-json\/wp\/v2\/product_tag?post=34995"}],"curies":[{"name":"wp","href":"https:\/\/api.w.org\/{rel}","templated":true}]}}