{"id":34988,"date":"2025-06-04T12:56:57","date_gmt":"2025-06-04T10:56:57","guid":{"rendered":"https:\/\/www.libriparlanti.org\/index.php\/prodotto\/di-madre-in-figlia\/"},"modified":"2025-09-23T12:34:06","modified_gmt":"2025-09-23T10:34:06","slug":"di-madre-in-figlia","status":"publish","type":"product","link":"https:\/\/www.libriparlanti.org\/index.php\/prodotto\/di-madre-in-figlia\/","title":{"rendered":"DI MADRE IN FIGLIA"},"content":{"rendered":"<p>Ci\u00f2 che ti isola ti salva, \u00e8 la vita che ti mette in pericolo. Maril\u00f9 abita in cima a un&#8217;isola: sotto c&#8217;\u00e8 il villaggio, in mezzo il bosco e infine la radura con la sua casa, dove nemmeno i frequenti incendi estivi possono raggiungerla. \u00c8 una donna che affascina ma un po&#8217; spaventa, perch\u00e9 porta con s\u00e9 il fatto di essere stata molto libera negli anni pi\u00f9 liberi del secolo scorso, gli psichedelici Settanta. Fin troppo, pensa sua figlia Angela, che sente di averne ricevuto soltanto trascuratezza. Ora Angela si trova costretta a malincuore ad affidarle per tre mesi la figlia Adelaide &#8211; che si fa chiamare Ad\u00e8 -, adolescente tanto attiva in Rete quanto insicura nel mondo e nel proprio corpo. In questa lunga estate nonna e nipote si ritrovano insieme dopo dieci anni, si conoscono e si riconoscono, mentre la madre irrompe con telefonate ansiose sul fisso di casa perch\u00e9, come primo gesto, Maril\u00f9 ha requisito il cellulare alla ragazza. Per Ad\u00e8 la vacanza non potrebbe cominciare peggio, invece a poco a poco diventa un&#8217;avventura. C&#8217;\u00e8 un segreto di cui la nonna non vuole parlare, qualcosa che riguarda la sua storia familiare, la linea femminile che la precede &#8211; sua madre, farmacista in un paesino del Sud, e la madre di sua madre, una guaritrice che \u00e8 finita a vivere in un convento. Un&#8217;antica colpa in questa storia senza colpevoli. Sul delicato confine fra amare, proteggere e lasciare andare, fra prendersi cura e avvelenare, le tre, di madre in figlia, provano a capirsi. Ciascuna ha agito con le migliori intenzioni, anche se a volte il rancore, il dolore, l&#8217;amore accecano. Concita De Gregorio intreccia tre generazioni, tre epoche della storia e tre stagioni della vita nelle voci di Maril\u00f9, Angela e Ad\u00e8: subito cos\u00ec vere, cos\u00ec vulnerabili e vive da risuonare immediatamente intime. Un farmaco \u00e8 veleno o salvezza. Ogni cura lo \u00e8. Anche l&#8217;amore: pu\u00f2 soffocare, condannare o liberare. La giusta misura. Il calibro. Le dosi. Quanto di quanto somministrare. Quando. \u00c8 tutto qui.<\/p>\n","protected":false},"excerpt":{"rendered":"<p><em>Autore:<\/em> DE GREGORIO CONCITA<br \/>\n<em>Editore:<\/em> FELTRINELLI<br \/>\n<em>ISBN:<\/em> 9788807036682<br \/>\n<em>Pubblicazione:<\/em> 13\/05\/2025<\/p>\n","protected":false},"featured_media":34987,"comment_status":"closed","ping_status":"closed","template":"","meta":{"_et_pb_use_builder":"","_et_pb_old_content":"","_et_gb_content_width":"","_joinchat":[]},"product_brand":[],"product_cat":[1736],"product_tag":[],"class_list":{"0":"post-34988","1":"product","2":"type-product","3":"status-publish","4":"has-post-thumbnail","6":"product_cat-narrativa","8":"first","9":"instock","10":"taxable","11":"shipping-taxable","12":"purchasable","13":"product-type-simple"},"yoast_head":"<!-- This site is optimized with the Yoast SEO plugin v27.5 - https:\/\/yoast.com\/product\/yoast-seo-wordpress\/ -->\n<title>DI MADRE IN FIGLIA - Libreria Libri parlanti<\/title>\n<meta name=\"robots\" content=\"index, follow, max-snippet:-1, max-image-preview:large, max-video-preview:-1\" \/>\n<link rel=\"canonical\" href=\"https:\/\/www.libriparlanti.org\/index.php\/prodotto\/di-madre-in-figlia\/\" \/>\n<meta property=\"og:locale\" content=\"it_IT\" \/>\n<meta property=\"og:type\" content=\"article\" \/>\n<meta property=\"og:title\" content=\"DI MADRE IN FIGLIA - Libreria Libri parlanti\" \/>\n<meta property=\"og:description\" content=\"Autore: DE GREGORIO CONCITA Editore: FELTRINELLI ISBN: 9788807036682 Pubblicazione: 13\/05\/2025\" \/>\n<meta property=\"og:url\" content=\"https:\/\/www.libriparlanti.org\/index.php\/prodotto\/di-madre-in-figlia\/\" \/>\n<meta property=\"og:site_name\" content=\"Libreria Libri parlanti\" \/>\n<meta property=\"article:publisher\" content=\"https:\/\/www.facebook.com\/LibriParlanti\" \/>\n<meta property=\"article:modified_time\" content=\"2025-09-23T10:34:06+00:00\" \/>\n<meta property=\"og:image\" content=\"https:\/\/www.libriparlanti.org\/wp-content\/uploads\/2025\/06\/gM4YjNzAzNwgDO4cTO.jpg\" \/>\n\t<meta property=\"og:image:width\" content=\"191\" \/>\n\t<meta property=\"og:image:height\" content=\"300\" \/>\n\t<meta property=\"og:image:type\" content=\"image\/jpeg\" \/>\n<meta name=\"twitter:card\" content=\"summary_large_image\" \/>\n<meta name=\"twitter:label1\" content=\"Tempo di lettura stimato\" \/>\n\t<meta name=\"twitter:data1\" content=\"2 minuti\" \/>\n<script type=\"application\/ld+json\" class=\"yoast-schema-graph\">{\"@context\":\"https:\\\/\\\/schema.org\",\"@graph\":[{\"@type\":\"WebPage\",\"@id\":\"https:\\\/\\\/www.libriparlanti.org\\\/index.php\\\/prodotto\\\/di-madre-in-figlia\\\/\",\"url\":\"https:\\\/\\\/www.libriparlanti.org\\\/index.php\\\/prodotto\\\/di-madre-in-figlia\\\/\",\"name\":\"DI MADRE IN FIGLIA - Libreria Libri parlanti\",\"isPartOf\":{\"@id\":\"https:\\\/\\\/www.libriparlanti.org\\\/#website\"},\"primaryImageOfPage\":{\"@id\":\"https:\\\/\\\/www.libriparlanti.org\\\/index.php\\\/prodotto\\\/di-madre-in-figlia\\\/#primaryimage\"},\"image\":{\"@id\":\"https:\\\/\\\/www.libriparlanti.org\\\/index.php\\\/prodotto\\\/di-madre-in-figlia\\\/#primaryimage\"},\"thumbnailUrl\":\"https:\\\/\\\/www.libriparlanti.org\\\/wp-content\\\/uploads\\\/2025\\\/06\\\/gM4YjNzAzNwgDO4cTO.jpg\",\"datePublished\":\"2025-06-04T10:56:57+00:00\",\"dateModified\":\"2025-09-23T10:34:06+00:00\",\"breadcrumb\":{\"@id\":\"https:\\\/\\\/www.libriparlanti.org\\\/index.php\\\/prodotto\\\/di-madre-in-figlia\\\/#breadcrumb\"},\"inLanguage\":\"it-IT\",\"potentialAction\":[{\"@type\":\"ReadAction\",\"target\":[\"https:\\\/\\\/www.libriparlanti.org\\\/index.php\\\/prodotto\\\/di-madre-in-figlia\\\/\"]}]},{\"@type\":\"ImageObject\",\"inLanguage\":\"it-IT\",\"@id\":\"https:\\\/\\\/www.libriparlanti.org\\\/index.php\\\/prodotto\\\/di-madre-in-figlia\\\/#primaryimage\",\"url\":\"https:\\\/\\\/www.libriparlanti.org\\\/wp-content\\\/uploads\\\/2025\\\/06\\\/gM4YjNzAzNwgDO4cTO.jpg\",\"contentUrl\":\"https:\\\/\\\/www.libriparlanti.org\\\/wp-content\\\/uploads\\\/2025\\\/06\\\/gM4YjNzAzNwgDO4cTO.jpg\",\"width\":191,\"height\":300},{\"@type\":\"BreadcrumbList\",\"@id\":\"https:\\\/\\\/www.libriparlanti.org\\\/index.php\\\/prodotto\\\/di-madre-in-figlia\\\/#breadcrumb\",\"itemListElement\":[{\"@type\":\"ListItem\",\"position\":1,\"name\":\"Home\",\"item\":\"https:\\\/\\\/www.libriparlanti.org\\\/\"},{\"@type\":\"ListItem\",\"position\":2,\"name\":\"Shop\",\"item\":\"https:\\\/\\\/www.libriparlanti.org\\\/index.php\\\/negozio\\\/\"},{\"@type\":\"ListItem\",\"position\":3,\"name\":\"DI MADRE IN FIGLIA\"}]},{\"@type\":\"WebSite\",\"@id\":\"https:\\\/\\\/www.libriparlanti.org\\\/#website\",\"url\":\"https:\\\/\\\/www.libriparlanti.org\\\/\",\"name\":\"Libreria Libri parlanti\",\"description\":\"Libreria in Castiglione del Lago (Pg)\",\"potentialAction\":[{\"@type\":\"SearchAction\",\"target\":{\"@type\":\"EntryPoint\",\"urlTemplate\":\"https:\\\/\\\/www.libriparlanti.org\\\/?s={search_term_string}\"},\"query-input\":{\"@type\":\"PropertyValueSpecification\",\"valueRequired\":true,\"valueName\":\"search_term_string\"}}],\"inLanguage\":\"it-IT\"}]}<\/script>\n<!-- \/ Yoast SEO plugin. -->","yoast_head_json":{"title":"DI MADRE IN FIGLIA - Libreria Libri parlanti","robots":{"index":"index","follow":"follow","max-snippet":"max-snippet:-1","max-image-preview":"max-image-preview:large","max-video-preview":"max-video-preview:-1"},"canonical":"https:\/\/www.libriparlanti.org\/index.php\/prodotto\/di-madre-in-figlia\/","og_locale":"it_IT","og_type":"article","og_title":"DI MADRE IN FIGLIA - Libreria Libri parlanti","og_description":"Autore: DE GREGORIO CONCITA Editore: FELTRINELLI ISBN: 9788807036682 Pubblicazione: 13\/05\/2025","og_url":"https:\/\/www.libriparlanti.org\/index.php\/prodotto\/di-madre-in-figlia\/","og_site_name":"Libreria Libri parlanti","article_publisher":"https:\/\/www.facebook.com\/LibriParlanti","article_modified_time":"2025-09-23T10:34:06+00:00","og_image":[{"width":191,"height":300,"url":"https:\/\/www.libriparlanti.org\/wp-content\/uploads\/2025\/06\/gM4YjNzAzNwgDO4cTO.jpg","type":"image\/jpeg"}],"twitter_card":"summary_large_image","twitter_misc":{"Tempo di lettura stimato":"2 minuti"},"schema":{"@context":"https:\/\/schema.org","@graph":[{"@type":"WebPage","@id":"https:\/\/www.libriparlanti.org\/index.php\/prodotto\/di-madre-in-figlia\/","url":"https:\/\/www.libriparlanti.org\/index.php\/prodotto\/di-madre-in-figlia\/","name":"DI MADRE IN FIGLIA - Libreria Libri parlanti","isPartOf":{"@id":"https:\/\/www.libriparlanti.org\/#website"},"primaryImageOfPage":{"@id":"https:\/\/www.libriparlanti.org\/index.php\/prodotto\/di-madre-in-figlia\/#primaryimage"},"image":{"@id":"https:\/\/www.libriparlanti.org\/index.php\/prodotto\/di-madre-in-figlia\/#primaryimage"},"thumbnailUrl":"https:\/\/www.libriparlanti.org\/wp-content\/uploads\/2025\/06\/gM4YjNzAzNwgDO4cTO.jpg","datePublished":"2025-06-04T10:56:57+00:00","dateModified":"2025-09-23T10:34:06+00:00","breadcrumb":{"@id":"https:\/\/www.libriparlanti.org\/index.php\/prodotto\/di-madre-in-figlia\/#breadcrumb"},"inLanguage":"it-IT","potentialAction":[{"@type":"ReadAction","target":["https:\/\/www.libriparlanti.org\/index.php\/prodotto\/di-madre-in-figlia\/"]}]},{"@type":"ImageObject","inLanguage":"it-IT","@id":"https:\/\/www.libriparlanti.org\/index.php\/prodotto\/di-madre-in-figlia\/#primaryimage","url":"https:\/\/www.libriparlanti.org\/wp-content\/uploads\/2025\/06\/gM4YjNzAzNwgDO4cTO.jpg","contentUrl":"https:\/\/www.libriparlanti.org\/wp-content\/uploads\/2025\/06\/gM4YjNzAzNwgDO4cTO.jpg","width":191,"height":300},{"@type":"BreadcrumbList","@id":"https:\/\/www.libriparlanti.org\/index.php\/prodotto\/di-madre-in-figlia\/#breadcrumb","itemListElement":[{"@type":"ListItem","position":1,"name":"Home","item":"https:\/\/www.libriparlanti.org\/"},{"@type":"ListItem","position":2,"name":"Shop","item":"https:\/\/www.libriparlanti.org\/index.php\/negozio\/"},{"@type":"ListItem","position":3,"name":"DI MADRE IN FIGLIA"}]},{"@type":"WebSite","@id":"https:\/\/www.libriparlanti.org\/#website","url":"https:\/\/www.libriparlanti.org\/","name":"Libreria Libri parlanti","description":"Libreria in Castiglione del Lago (Pg)","potentialAction":[{"@type":"SearchAction","target":{"@type":"EntryPoint","urlTemplate":"https:\/\/www.libriparlanti.org\/?s={search_term_string}"},"query-input":{"@type":"PropertyValueSpecification","valueRequired":true,"valueName":"search_term_string"}}],"inLanguage":"it-IT"}]}},"_links":{"self":[{"href":"https:\/\/www.libriparlanti.org\/index.php\/wp-json\/wp\/v2\/product\/34988","targetHints":{"allow":["GET"]}}],"collection":[{"href":"https:\/\/www.libriparlanti.org\/index.php\/wp-json\/wp\/v2\/product"}],"about":[{"href":"https:\/\/www.libriparlanti.org\/index.php\/wp-json\/wp\/v2\/types\/product"}],"replies":[{"embeddable":true,"href":"https:\/\/www.libriparlanti.org\/index.php\/wp-json\/wp\/v2\/comments?post=34988"}],"wp:featuredmedia":[{"embeddable":true,"href":"https:\/\/www.libriparlanti.org\/index.php\/wp-json\/wp\/v2\/media\/34987"}],"wp:attachment":[{"href":"https:\/\/www.libriparlanti.org\/index.php\/wp-json\/wp\/v2\/media?parent=34988"}],"wp:term":[{"taxonomy":"product_brand","embeddable":true,"href":"https:\/\/www.libriparlanti.org\/index.php\/wp-json\/wp\/v2\/product_brand?post=34988"},{"taxonomy":"product_cat","embeddable":true,"href":"https:\/\/www.libriparlanti.org\/index.php\/wp-json\/wp\/v2\/product_cat?post=34988"},{"taxonomy":"product_tag","embeddable":true,"href":"https:\/\/www.libriparlanti.org\/index.php\/wp-json\/wp\/v2\/product_tag?post=34988"}],"curies":[{"name":"wp","href":"https:\/\/api.w.org\/{rel}","templated":true}]}}