{"id":34935,"date":"2025-05-28T16:05:13","date_gmt":"2025-05-28T14:05:13","guid":{"rendered":"https:\/\/www.libriparlanti.org\/index.php\/prodotto\/game-of-desire\/"},"modified":"2025-09-22T15:26:26","modified_gmt":"2025-09-22T13:26:26","slug":"game-of-desire","status":"publish","type":"product","link":"https:\/\/www.libriparlanti.org\/index.php\/prodotto\/game-of-desire\/","title":{"rendered":"GAME OF DESIRE"},"content":{"rendered":"<p>Aphrodite Lively \u00e8 abituata a sedurre ma ora qualcuno ha deciso che \u00e8 lei il premio da conquistare l&#8217;unico a tenerla al sicuro \u00e8 l&#8217;uomo che non pu\u00f2 avere. Siete pronti a giocare con la dea dell&#8217;amore? Aphrodite Lively non \u00e8 mai stata libera di scegliere il proprio destino. Figlia di Crono, cresciuta nel lusso e nel pericolo dell&#8217;Olimpo, l&#8217;isola dove il gioco d&#8217;azzardo si mescola a segreti inconfessabili, ha sempre creduto che nella sua famiglia il suo valore non risiedesse nei sogni o nell&#8217;intelligenza, ma unicamente nella bellezza. E cos\u00ec, quando tre ragazze con i suoi stessi tratti vengono trovate morte, il messaggio \u00e8 chiaro: lei \u00e8 la prossima. Per proteggerla, suo padre le assegna come guardia del corpo Thym\u00f3s, un ex militare dal passato oscuro e dallo sguardo impenetrabile. Un uomo che sembra nato per obbedire, ma quando si tratta di lei ogni cosa diventa una sfida. L&#8217;attrazione tra loro \u00e8 immediata e pericolosa, un gioco a cui nessuno dei due vorrebbe partecipare. E mentre Aphrodite cerca di dimostrare di non aver bisogno di essere salvata, scoprir\u00e0 che il nemico si nasconde pi\u00f9 vicino di quanto creda. Perch\u00e9 si sa, nel mondo dei Lively, l&#8217;amore \u00e8 una scommessa. E perdere significa morire.<\/p>\n","protected":false},"excerpt":{"rendered":"<p><em>Autore:<\/em> HAZEL RILEY<br \/>\n<em>Editore:<\/em> SPERLING &amp; KUPFER<br \/>\n<em>ISBN:<\/em> 9788820081140<br \/>\n<em>Pubblicazione:<\/em> 01\/04\/2025<\/p>\n","protected":false},"featured_media":34934,"comment_status":"closed","ping_status":"closed","template":"","meta":{"_et_pb_use_builder":"","_et_pb_old_content":"","_et_gb_content_width":"","_joinchat":[]},"product_brand":[],"product_cat":[959],"product_tag":[],"class_list":{"0":"post-34935","1":"product","2":"type-product","3":"status-publish","4":"has-post-thumbnail","6":"product_cat-senza-categoria","8":"first","9":"instock","10":"taxable","11":"shipping-taxable","12":"purchasable","13":"product-type-simple"},"yoast_head":"<!-- This site is optimized with the Yoast SEO plugin v27.4 - https:\/\/yoast.com\/product\/yoast-seo-wordpress\/ -->\n<title>GAME OF DESIRE - Libreria Libri parlanti<\/title>\n<meta name=\"robots\" content=\"index, follow, max-snippet:-1, max-image-preview:large, max-video-preview:-1\" \/>\n<link rel=\"canonical\" href=\"https:\/\/www.libriparlanti.org\/index.php\/prodotto\/game-of-desire\/\" \/>\n<meta property=\"og:locale\" content=\"it_IT\" \/>\n<meta property=\"og:type\" content=\"article\" \/>\n<meta property=\"og:title\" content=\"GAME OF DESIRE - Libreria Libri parlanti\" \/>\n<meta property=\"og:description\" content=\"Autore: HAZEL RILEY Editore: SPERLING &amp; KUPFER ISBN: 9788820081140 Pubblicazione: 01\/04\/2025\" \/>\n<meta property=\"og:url\" content=\"https:\/\/www.libriparlanti.org\/index.php\/prodotto\/game-of-desire\/\" \/>\n<meta property=\"og:site_name\" content=\"Libreria Libri parlanti\" \/>\n<meta property=\"article:publisher\" content=\"https:\/\/www.facebook.com\/LibriParlanti\" \/>\n<meta property=\"article:modified_time\" content=\"2025-09-22T13:26:26+00:00\" \/>\n<meta property=\"og:image\" content=\"https:\/\/www.libriparlanti.org\/wp-content\/uploads\/2025\/05\/AM0ETM4ADMygDO4cTO.jpg\" \/>\n\t<meta property=\"og:image:width\" content=\"195\" \/>\n\t<meta property=\"og:image:height\" content=\"300\" \/>\n\t<meta property=\"og:image:type\" content=\"image\/jpeg\" \/>\n<meta name=\"twitter:card\" content=\"summary_large_image\" \/>\n<meta name=\"twitter:label1\" content=\"Tempo di lettura stimato\" \/>\n\t<meta name=\"twitter:data1\" content=\"1 minuto\" \/>\n<script type=\"application\/ld+json\" class=\"yoast-schema-graph\">{\"@context\":\"https:\\\/\\\/schema.org\",\"@graph\":[{\"@type\":\"WebPage\",\"@id\":\"https:\\\/\\\/www.libriparlanti.org\\\/index.php\\\/prodotto\\\/game-of-desire\\\/\",\"url\":\"https:\\\/\\\/www.libriparlanti.org\\\/index.php\\\/prodotto\\\/game-of-desire\\\/\",\"name\":\"GAME OF DESIRE - Libreria Libri parlanti\",\"isPartOf\":{\"@id\":\"https:\\\/\\\/www.libriparlanti.org\\\/#website\"},\"primaryImageOfPage\":{\"@id\":\"https:\\\/\\\/www.libriparlanti.org\\\/index.php\\\/prodotto\\\/game-of-desire\\\/#primaryimage\"},\"image\":{\"@id\":\"https:\\\/\\\/www.libriparlanti.org\\\/index.php\\\/prodotto\\\/game-of-desire\\\/#primaryimage\"},\"thumbnailUrl\":\"https:\\\/\\\/www.libriparlanti.org\\\/wp-content\\\/uploads\\\/2025\\\/05\\\/AM0ETM4ADMygDO4cTO.jpg\",\"datePublished\":\"2025-05-28T14:05:13+00:00\",\"dateModified\":\"2025-09-22T13:26:26+00:00\",\"breadcrumb\":{\"@id\":\"https:\\\/\\\/www.libriparlanti.org\\\/index.php\\\/prodotto\\\/game-of-desire\\\/#breadcrumb\"},\"inLanguage\":\"it-IT\",\"potentialAction\":[{\"@type\":\"ReadAction\",\"target\":[\"https:\\\/\\\/www.libriparlanti.org\\\/index.php\\\/prodotto\\\/game-of-desire\\\/\"]}]},{\"@type\":\"ImageObject\",\"inLanguage\":\"it-IT\",\"@id\":\"https:\\\/\\\/www.libriparlanti.org\\\/index.php\\\/prodotto\\\/game-of-desire\\\/#primaryimage\",\"url\":\"https:\\\/\\\/www.libriparlanti.org\\\/wp-content\\\/uploads\\\/2025\\\/05\\\/AM0ETM4ADMygDO4cTO.jpg\",\"contentUrl\":\"https:\\\/\\\/www.libriparlanti.org\\\/wp-content\\\/uploads\\\/2025\\\/05\\\/AM0ETM4ADMygDO4cTO.jpg\",\"width\":195,\"height\":300},{\"@type\":\"BreadcrumbList\",\"@id\":\"https:\\\/\\\/www.libriparlanti.org\\\/index.php\\\/prodotto\\\/game-of-desire\\\/#breadcrumb\",\"itemListElement\":[{\"@type\":\"ListItem\",\"position\":1,\"name\":\"Home\",\"item\":\"https:\\\/\\\/www.libriparlanti.org\\\/\"},{\"@type\":\"ListItem\",\"position\":2,\"name\":\"Shop\",\"item\":\"https:\\\/\\\/www.libriparlanti.org\\\/index.php\\\/negozio\\\/\"},{\"@type\":\"ListItem\",\"position\":3,\"name\":\"GAME OF DESIRE\"}]},{\"@type\":\"WebSite\",\"@id\":\"https:\\\/\\\/www.libriparlanti.org\\\/#website\",\"url\":\"https:\\\/\\\/www.libriparlanti.org\\\/\",\"name\":\"Libreria Libri parlanti\",\"description\":\"Libreria in Castiglione del Lago (Pg)\",\"potentialAction\":[{\"@type\":\"SearchAction\",\"target\":{\"@type\":\"EntryPoint\",\"urlTemplate\":\"https:\\\/\\\/www.libriparlanti.org\\\/?s={search_term_string}\"},\"query-input\":{\"@type\":\"PropertyValueSpecification\",\"valueRequired\":true,\"valueName\":\"search_term_string\"}}],\"inLanguage\":\"it-IT\"}]}<\/script>\n<!-- \/ Yoast SEO plugin. -->","yoast_head_json":{"title":"GAME OF DESIRE - Libreria Libri parlanti","robots":{"index":"index","follow":"follow","max-snippet":"max-snippet:-1","max-image-preview":"max-image-preview:large","max-video-preview":"max-video-preview:-1"},"canonical":"https:\/\/www.libriparlanti.org\/index.php\/prodotto\/game-of-desire\/","og_locale":"it_IT","og_type":"article","og_title":"GAME OF DESIRE - Libreria Libri parlanti","og_description":"Autore: HAZEL RILEY Editore: SPERLING &amp; KUPFER ISBN: 9788820081140 Pubblicazione: 01\/04\/2025","og_url":"https:\/\/www.libriparlanti.org\/index.php\/prodotto\/game-of-desire\/","og_site_name":"Libreria Libri parlanti","article_publisher":"https:\/\/www.facebook.com\/LibriParlanti","article_modified_time":"2025-09-22T13:26:26+00:00","og_image":[{"width":195,"height":300,"url":"https:\/\/www.libriparlanti.org\/wp-content\/uploads\/2025\/05\/AM0ETM4ADMygDO4cTO.jpg","type":"image\/jpeg"}],"twitter_card":"summary_large_image","twitter_misc":{"Tempo di lettura stimato":"1 minuto"},"schema":{"@context":"https:\/\/schema.org","@graph":[{"@type":"WebPage","@id":"https:\/\/www.libriparlanti.org\/index.php\/prodotto\/game-of-desire\/","url":"https:\/\/www.libriparlanti.org\/index.php\/prodotto\/game-of-desire\/","name":"GAME OF DESIRE - Libreria Libri parlanti","isPartOf":{"@id":"https:\/\/www.libriparlanti.org\/#website"},"primaryImageOfPage":{"@id":"https:\/\/www.libriparlanti.org\/index.php\/prodotto\/game-of-desire\/#primaryimage"},"image":{"@id":"https:\/\/www.libriparlanti.org\/index.php\/prodotto\/game-of-desire\/#primaryimage"},"thumbnailUrl":"https:\/\/www.libriparlanti.org\/wp-content\/uploads\/2025\/05\/AM0ETM4ADMygDO4cTO.jpg","datePublished":"2025-05-28T14:05:13+00:00","dateModified":"2025-09-22T13:26:26+00:00","breadcrumb":{"@id":"https:\/\/www.libriparlanti.org\/index.php\/prodotto\/game-of-desire\/#breadcrumb"},"inLanguage":"it-IT","potentialAction":[{"@type":"ReadAction","target":["https:\/\/www.libriparlanti.org\/index.php\/prodotto\/game-of-desire\/"]}]},{"@type":"ImageObject","inLanguage":"it-IT","@id":"https:\/\/www.libriparlanti.org\/index.php\/prodotto\/game-of-desire\/#primaryimage","url":"https:\/\/www.libriparlanti.org\/wp-content\/uploads\/2025\/05\/AM0ETM4ADMygDO4cTO.jpg","contentUrl":"https:\/\/www.libriparlanti.org\/wp-content\/uploads\/2025\/05\/AM0ETM4ADMygDO4cTO.jpg","width":195,"height":300},{"@type":"BreadcrumbList","@id":"https:\/\/www.libriparlanti.org\/index.php\/prodotto\/game-of-desire\/#breadcrumb","itemListElement":[{"@type":"ListItem","position":1,"name":"Home","item":"https:\/\/www.libriparlanti.org\/"},{"@type":"ListItem","position":2,"name":"Shop","item":"https:\/\/www.libriparlanti.org\/index.php\/negozio\/"},{"@type":"ListItem","position":3,"name":"GAME OF DESIRE"}]},{"@type":"WebSite","@id":"https:\/\/www.libriparlanti.org\/#website","url":"https:\/\/www.libriparlanti.org\/","name":"Libreria Libri parlanti","description":"Libreria in Castiglione del Lago (Pg)","potentialAction":[{"@type":"SearchAction","target":{"@type":"EntryPoint","urlTemplate":"https:\/\/www.libriparlanti.org\/?s={search_term_string}"},"query-input":{"@type":"PropertyValueSpecification","valueRequired":true,"valueName":"search_term_string"}}],"inLanguage":"it-IT"}]}},"_links":{"self":[{"href":"https:\/\/www.libriparlanti.org\/index.php\/wp-json\/wp\/v2\/product\/34935","targetHints":{"allow":["GET"]}}],"collection":[{"href":"https:\/\/www.libriparlanti.org\/index.php\/wp-json\/wp\/v2\/product"}],"about":[{"href":"https:\/\/www.libriparlanti.org\/index.php\/wp-json\/wp\/v2\/types\/product"}],"replies":[{"embeddable":true,"href":"https:\/\/www.libriparlanti.org\/index.php\/wp-json\/wp\/v2\/comments?post=34935"}],"wp:featuredmedia":[{"embeddable":true,"href":"https:\/\/www.libriparlanti.org\/index.php\/wp-json\/wp\/v2\/media\/34934"}],"wp:attachment":[{"href":"https:\/\/www.libriparlanti.org\/index.php\/wp-json\/wp\/v2\/media?parent=34935"}],"wp:term":[{"taxonomy":"product_brand","embeddable":true,"href":"https:\/\/www.libriparlanti.org\/index.php\/wp-json\/wp\/v2\/product_brand?post=34935"},{"taxonomy":"product_cat","embeddable":true,"href":"https:\/\/www.libriparlanti.org\/index.php\/wp-json\/wp\/v2\/product_cat?post=34935"},{"taxonomy":"product_tag","embeddable":true,"href":"https:\/\/www.libriparlanti.org\/index.php\/wp-json\/wp\/v2\/product_tag?post=34935"}],"curies":[{"name":"wp","href":"https:\/\/api.w.org\/{rel}","templated":true}]}}