{"id":34697,"date":"2025-05-22T14:57:23","date_gmt":"2025-05-22T12:57:23","guid":{"rendered":"https:\/\/www.libriparlanti.org\/index.php\/prodotto\/dove-comincia-luomo\/"},"modified":"2025-08-27T15:30:22","modified_gmt":"2025-08-27T13:30:22","slug":"dove-comincia-luomo","status":"publish","type":"product","link":"https:\/\/www.libriparlanti.org\/index.php\/prodotto\/dove-comincia-luomo\/","title":{"rendered":"DOVE COMINCIA L&#8217;UOMO"},"content":{"rendered":"<p>La nostra specie \u00e8 solo l&#8217;ultimo ramoscello di un albero intricato di forme che si sono succedute e hanno convissuto negli ultimi sei milioni di anni. Ma quaranta millenni fa sulla Terra ancora coabitavano almeno cinque specie umane differenti, e con almeno due di queste Homo sapiens ha interagito e si \u00e8 ibridato. Ma perch\u00e9 tutte queste specie umane in circolazione? Ciascuna era la discendente di una delle tante migrazioni di forme del genere Homo fuori dall&#8217;Africa. E va ricordato che tra 900 e 800.000 anni fa abbiamo rischiato anche di estinguerci quando un drammatico cambiamento climatico ridusse le popolazioni umane di pi\u00f9 del 98%. Perch\u00e9 siamo rimasti, allora, l&#8217;unica specie umana sul pianeta? Due tra i migliori scrittori di scienza italiani, un evoluzionista e un medico, fanno il punto sulle scoperte che negli ultimi anni hanno profondamente cambiato quello che pensavamo di conoscere su di noi e raccontano la storia accidentata e imprevedibile di una specie cosciente e invadente che, forse per prima, si \u00e8 interrogata sul senso del mondo. Capire l&#8217;unicit\u00e0 di Homo (non la sua superiorit\u00e0) ci aiuta a leggere meglio anche le tendenze evolutive in atto, le sfide della salute e dell&#8217;ambiente, gli scenari futuri.<\/p>\n","protected":false},"excerpt":{"rendered":"<p><em>Autore:<\/em> TELMO PIEVANI GIUSEPPE<br \/>\n<em>Editore:<\/em> SOLFERINO<br \/>\n<em>Collana:<\/em> SAGGI<br \/>\n<em>ISBN:<\/em> 9788828216438<br \/>\n<em>Pubblicazione:<\/em> 01\/04\/2025<\/p>\n","protected":false},"featured_media":34696,"comment_status":"closed","ping_status":"closed","template":"","meta":{"_et_pb_use_builder":"","_et_pb_old_content":"","_et_gb_content_width":"","_joinchat":[]},"product_brand":[],"product_cat":[959],"product_tag":[],"class_list":{"0":"post-34697","1":"product","2":"type-product","3":"status-publish","4":"has-post-thumbnail","6":"product_cat-senza-categoria","8":"first","9":"onbackorder","10":"taxable","11":"shipping-taxable","12":"purchasable","13":"product-type-simple"},"yoast_head":"<!-- This site is optimized with the Yoast SEO plugin v27.5 - https:\/\/yoast.com\/product\/yoast-seo-wordpress\/ -->\n<title>DOVE COMINCIA L&#039;UOMO - Libreria Libri parlanti<\/title>\n<meta name=\"robots\" content=\"index, follow, max-snippet:-1, max-image-preview:large, max-video-preview:-1\" \/>\n<link rel=\"canonical\" href=\"https:\/\/www.libriparlanti.org\/index.php\/prodotto\/dove-comincia-luomo\/\" \/>\n<meta property=\"og:locale\" content=\"it_IT\" \/>\n<meta property=\"og:type\" content=\"article\" \/>\n<meta property=\"og:title\" content=\"DOVE COMINCIA L&#039;UOMO - Libreria Libri parlanti\" \/>\n<meta property=\"og:description\" content=\"Autore: TELMO PIEVANI GIUSEPPE Editore: SOLFERINO Collana: SAGGI ISBN: 9788828216438 Pubblicazione: 01\/04\/2025\" \/>\n<meta property=\"og:url\" content=\"https:\/\/www.libriparlanti.org\/index.php\/prodotto\/dove-comincia-luomo\/\" \/>\n<meta property=\"og:site_name\" content=\"Libreria Libri parlanti\" \/>\n<meta property=\"article:publisher\" content=\"https:\/\/www.facebook.com\/LibriParlanti\" \/>\n<meta property=\"article:modified_time\" content=\"2025-08-27T13:30:22+00:00\" \/>\n<meta property=\"og:image\" content=\"https:\/\/www.libriparlanti.org\/wp-content\/uploads\/2025\/05\/AOzQjNxIDOygDO4cTO.jpg\" \/>\n\t<meta property=\"og:image:width\" content=\"198\" \/>\n\t<meta property=\"og:image:height\" content=\"300\" \/>\n\t<meta property=\"og:image:type\" content=\"image\/jpeg\" \/>\n<meta name=\"twitter:card\" content=\"summary_large_image\" \/>\n<meta name=\"twitter:label1\" content=\"Tempo di lettura stimato\" \/>\n\t<meta name=\"twitter:data1\" content=\"1 minuto\" \/>\n<script type=\"application\/ld+json\" class=\"yoast-schema-graph\">{\"@context\":\"https:\\\/\\\/schema.org\",\"@graph\":[{\"@type\":\"WebPage\",\"@id\":\"https:\\\/\\\/www.libriparlanti.org\\\/index.php\\\/prodotto\\\/dove-comincia-luomo\\\/\",\"url\":\"https:\\\/\\\/www.libriparlanti.org\\\/index.php\\\/prodotto\\\/dove-comincia-luomo\\\/\",\"name\":\"DOVE COMINCIA L'UOMO - Libreria Libri parlanti\",\"isPartOf\":{\"@id\":\"https:\\\/\\\/www.libriparlanti.org\\\/#website\"},\"primaryImageOfPage\":{\"@id\":\"https:\\\/\\\/www.libriparlanti.org\\\/index.php\\\/prodotto\\\/dove-comincia-luomo\\\/#primaryimage\"},\"image\":{\"@id\":\"https:\\\/\\\/www.libriparlanti.org\\\/index.php\\\/prodotto\\\/dove-comincia-luomo\\\/#primaryimage\"},\"thumbnailUrl\":\"https:\\\/\\\/www.libriparlanti.org\\\/wp-content\\\/uploads\\\/2025\\\/05\\\/AOzQjNxIDOygDO4cTO.jpg\",\"datePublished\":\"2025-05-22T12:57:23+00:00\",\"dateModified\":\"2025-08-27T13:30:22+00:00\",\"breadcrumb\":{\"@id\":\"https:\\\/\\\/www.libriparlanti.org\\\/index.php\\\/prodotto\\\/dove-comincia-luomo\\\/#breadcrumb\"},\"inLanguage\":\"it-IT\",\"potentialAction\":[{\"@type\":\"ReadAction\",\"target\":[\"https:\\\/\\\/www.libriparlanti.org\\\/index.php\\\/prodotto\\\/dove-comincia-luomo\\\/\"]}]},{\"@type\":\"ImageObject\",\"inLanguage\":\"it-IT\",\"@id\":\"https:\\\/\\\/www.libriparlanti.org\\\/index.php\\\/prodotto\\\/dove-comincia-luomo\\\/#primaryimage\",\"url\":\"https:\\\/\\\/www.libriparlanti.org\\\/wp-content\\\/uploads\\\/2025\\\/05\\\/AOzQjNxIDOygDO4cTO.jpg\",\"contentUrl\":\"https:\\\/\\\/www.libriparlanti.org\\\/wp-content\\\/uploads\\\/2025\\\/05\\\/AOzQjNxIDOygDO4cTO.jpg\",\"width\":198,\"height\":300},{\"@type\":\"BreadcrumbList\",\"@id\":\"https:\\\/\\\/www.libriparlanti.org\\\/index.php\\\/prodotto\\\/dove-comincia-luomo\\\/#breadcrumb\",\"itemListElement\":[{\"@type\":\"ListItem\",\"position\":1,\"name\":\"Home\",\"item\":\"https:\\\/\\\/www.libriparlanti.org\\\/\"},{\"@type\":\"ListItem\",\"position\":2,\"name\":\"Shop\",\"item\":\"https:\\\/\\\/www.libriparlanti.org\\\/index.php\\\/negozio\\\/\"},{\"@type\":\"ListItem\",\"position\":3,\"name\":\"DOVE COMINCIA L&#8217;UOMO\"}]},{\"@type\":\"WebSite\",\"@id\":\"https:\\\/\\\/www.libriparlanti.org\\\/#website\",\"url\":\"https:\\\/\\\/www.libriparlanti.org\\\/\",\"name\":\"Libreria Libri parlanti\",\"description\":\"Libreria in Castiglione del Lago (Pg)\",\"potentialAction\":[{\"@type\":\"SearchAction\",\"target\":{\"@type\":\"EntryPoint\",\"urlTemplate\":\"https:\\\/\\\/www.libriparlanti.org\\\/?s={search_term_string}\"},\"query-input\":{\"@type\":\"PropertyValueSpecification\",\"valueRequired\":true,\"valueName\":\"search_term_string\"}}],\"inLanguage\":\"it-IT\"}]}<\/script>\n<!-- \/ Yoast SEO plugin. -->","yoast_head_json":{"title":"DOVE COMINCIA L'UOMO - Libreria Libri parlanti","robots":{"index":"index","follow":"follow","max-snippet":"max-snippet:-1","max-image-preview":"max-image-preview:large","max-video-preview":"max-video-preview:-1"},"canonical":"https:\/\/www.libriparlanti.org\/index.php\/prodotto\/dove-comincia-luomo\/","og_locale":"it_IT","og_type":"article","og_title":"DOVE COMINCIA L'UOMO - Libreria Libri parlanti","og_description":"Autore: TELMO PIEVANI GIUSEPPE Editore: SOLFERINO Collana: SAGGI ISBN: 9788828216438 Pubblicazione: 01\/04\/2025","og_url":"https:\/\/www.libriparlanti.org\/index.php\/prodotto\/dove-comincia-luomo\/","og_site_name":"Libreria Libri parlanti","article_publisher":"https:\/\/www.facebook.com\/LibriParlanti","article_modified_time":"2025-08-27T13:30:22+00:00","og_image":[{"width":198,"height":300,"url":"https:\/\/www.libriparlanti.org\/wp-content\/uploads\/2025\/05\/AOzQjNxIDOygDO4cTO.jpg","type":"image\/jpeg"}],"twitter_card":"summary_large_image","twitter_misc":{"Tempo di lettura stimato":"1 minuto"},"schema":{"@context":"https:\/\/schema.org","@graph":[{"@type":"WebPage","@id":"https:\/\/www.libriparlanti.org\/index.php\/prodotto\/dove-comincia-luomo\/","url":"https:\/\/www.libriparlanti.org\/index.php\/prodotto\/dove-comincia-luomo\/","name":"DOVE COMINCIA L'UOMO - Libreria Libri parlanti","isPartOf":{"@id":"https:\/\/www.libriparlanti.org\/#website"},"primaryImageOfPage":{"@id":"https:\/\/www.libriparlanti.org\/index.php\/prodotto\/dove-comincia-luomo\/#primaryimage"},"image":{"@id":"https:\/\/www.libriparlanti.org\/index.php\/prodotto\/dove-comincia-luomo\/#primaryimage"},"thumbnailUrl":"https:\/\/www.libriparlanti.org\/wp-content\/uploads\/2025\/05\/AOzQjNxIDOygDO4cTO.jpg","datePublished":"2025-05-22T12:57:23+00:00","dateModified":"2025-08-27T13:30:22+00:00","breadcrumb":{"@id":"https:\/\/www.libriparlanti.org\/index.php\/prodotto\/dove-comincia-luomo\/#breadcrumb"},"inLanguage":"it-IT","potentialAction":[{"@type":"ReadAction","target":["https:\/\/www.libriparlanti.org\/index.php\/prodotto\/dove-comincia-luomo\/"]}]},{"@type":"ImageObject","inLanguage":"it-IT","@id":"https:\/\/www.libriparlanti.org\/index.php\/prodotto\/dove-comincia-luomo\/#primaryimage","url":"https:\/\/www.libriparlanti.org\/wp-content\/uploads\/2025\/05\/AOzQjNxIDOygDO4cTO.jpg","contentUrl":"https:\/\/www.libriparlanti.org\/wp-content\/uploads\/2025\/05\/AOzQjNxIDOygDO4cTO.jpg","width":198,"height":300},{"@type":"BreadcrumbList","@id":"https:\/\/www.libriparlanti.org\/index.php\/prodotto\/dove-comincia-luomo\/#breadcrumb","itemListElement":[{"@type":"ListItem","position":1,"name":"Home","item":"https:\/\/www.libriparlanti.org\/"},{"@type":"ListItem","position":2,"name":"Shop","item":"https:\/\/www.libriparlanti.org\/index.php\/negozio\/"},{"@type":"ListItem","position":3,"name":"DOVE COMINCIA L&#8217;UOMO"}]},{"@type":"WebSite","@id":"https:\/\/www.libriparlanti.org\/#website","url":"https:\/\/www.libriparlanti.org\/","name":"Libreria Libri parlanti","description":"Libreria in Castiglione del Lago (Pg)","potentialAction":[{"@type":"SearchAction","target":{"@type":"EntryPoint","urlTemplate":"https:\/\/www.libriparlanti.org\/?s={search_term_string}"},"query-input":{"@type":"PropertyValueSpecification","valueRequired":true,"valueName":"search_term_string"}}],"inLanguage":"it-IT"}]}},"_links":{"self":[{"href":"https:\/\/www.libriparlanti.org\/index.php\/wp-json\/wp\/v2\/product\/34697","targetHints":{"allow":["GET"]}}],"collection":[{"href":"https:\/\/www.libriparlanti.org\/index.php\/wp-json\/wp\/v2\/product"}],"about":[{"href":"https:\/\/www.libriparlanti.org\/index.php\/wp-json\/wp\/v2\/types\/product"}],"replies":[{"embeddable":true,"href":"https:\/\/www.libriparlanti.org\/index.php\/wp-json\/wp\/v2\/comments?post=34697"}],"wp:featuredmedia":[{"embeddable":true,"href":"https:\/\/www.libriparlanti.org\/index.php\/wp-json\/wp\/v2\/media\/34696"}],"wp:attachment":[{"href":"https:\/\/www.libriparlanti.org\/index.php\/wp-json\/wp\/v2\/media?parent=34697"}],"wp:term":[{"taxonomy":"product_brand","embeddable":true,"href":"https:\/\/www.libriparlanti.org\/index.php\/wp-json\/wp\/v2\/product_brand?post=34697"},{"taxonomy":"product_cat","embeddable":true,"href":"https:\/\/www.libriparlanti.org\/index.php\/wp-json\/wp\/v2\/product_cat?post=34697"},{"taxonomy":"product_tag","embeddable":true,"href":"https:\/\/www.libriparlanti.org\/index.php\/wp-json\/wp\/v2\/product_tag?post=34697"}],"curies":[{"name":"wp","href":"https:\/\/api.w.org\/{rel}","templated":true}]}}