{"id":34657,"date":"2025-05-21T15:55:12","date_gmt":"2025-05-21T13:55:12","guid":{"rendered":"https:\/\/www.libriparlanti.org\/index.php\/prodotto\/grande-bro\/"},"modified":"2025-11-13T18:38:06","modified_gmt":"2025-11-13T16:38:06","slug":"grande-bro","status":"publish","type":"product","link":"https:\/\/www.libriparlanti.org\/index.php\/prodotto\/grande-bro\/","title":{"rendered":"GRANDE, BRO!"},"content":{"rendered":"<p>\u00c8 un sollievo per M\u00e5ns, dodicenne di Stoccolma, mettersi lo skate sottobraccio e seguire la mamma in una trasferta estiva a Malm\u00f6: lontano da chi lo conosce, potr\u00e0 finalmente essere se stesso. L&#8217;incontro-scontro con Mikkel, un bullo con gli occhi sottili da assassino e skater incallito come lui, sembra minare subito il suo ottimismo, ma fra trick, sfide impossibili e incidenti sulla tavola, tra i due nasce l&#8217;amicizia, con la promessa reciproca di essere sempre leali e sinceri l&#8217;uno con l&#8217;altro. M\u00e5ns per\u00f2 non riesce a confessargli un segreto, un disagio che vive da quando \u00e8 nato: tutti lo hanno sempre considerato una femmina, mentre lui sa di essere un maschio. Quando l&#8217;ha detto ai genitori, suo padre ne \u00e8 rimasto sconvolto, convinto che la sua vita sar\u00e0 sempre in salita, senza capire che per M\u00e5ns, in realt\u00e0, \u00e8 l&#8217;esatto opposto. Nel corso di un&#8217;estate piena di emozioni e avventure, M\u00e5ns sente per la prima volta di avere dei veri amici &#8211; tra cui Jasmine, un&#8217;altra skater fuoriclasse &#8211; finch\u00e9 Mikkel non scoprir\u00e0 il suo segreto, sentendosi tradito. Ma cos&#8217;\u00e8 la sincerit\u00e0? Chi meglio di M\u00e5ns pu\u00f2 sapere chi \u00e8 veramente? Tutta l&#8217;energia e il sentimento della preadolescenza fanno brillare questa storia che parla di identit\u00e0 e libert\u00e0 di esprimersi, del bisogno e del coraggio di essere se stessi di fronte agli altri, e del significato pi\u00f9 profondo e autentico dell&#8217;amicizia. Et\u00e0 di lettura: da 12 anni.<\/p>\n","protected":false},"excerpt":{"rendered":"<p><em>Autore:<\/em> JA?GERFELD JENNY<br \/>\n<em>Editore:<\/em> IPERBOREA<br \/>\n<em>ISBN:<\/em> 9788870918182<\/p>\n","protected":false},"featured_media":34656,"comment_status":"closed","ping_status":"closed","template":"","meta":{"_et_pb_use_builder":"","_et_pb_old_content":"","_et_gb_content_width":"","_joinchat":[]},"product_brand":[],"product_cat":[959],"product_tag":[],"class_list":{"0":"post-34657","1":"product","2":"type-product","3":"status-publish","4":"has-post-thumbnail","6":"product_cat-senza-categoria","8":"first","9":"onbackorder","10":"taxable","11":"shipping-taxable","12":"purchasable","13":"product-type-simple"},"yoast_head":"<!-- This site is optimized with the Yoast SEO plugin v27.4 - https:\/\/yoast.com\/product\/yoast-seo-wordpress\/ -->\n<title>GRANDE, BRO! - Libreria Libri parlanti<\/title>\n<meta name=\"robots\" content=\"index, follow, max-snippet:-1, max-image-preview:large, max-video-preview:-1\" \/>\n<link rel=\"canonical\" href=\"https:\/\/www.libriparlanti.org\/index.php\/prodotto\/grande-bro\/\" \/>\n<meta property=\"og:locale\" content=\"it_IT\" \/>\n<meta property=\"og:type\" content=\"article\" \/>\n<meta property=\"og:title\" content=\"GRANDE, BRO! - Libreria Libri parlanti\" \/>\n<meta property=\"og:description\" content=\"Autore: JA?GERFELD JENNY Editore: IPERBOREA ISBN: 9788870918182\" \/>\n<meta property=\"og:url\" content=\"https:\/\/www.libriparlanti.org\/index.php\/prodotto\/grande-bro\/\" \/>\n<meta property=\"og:site_name\" content=\"Libreria Libri parlanti\" \/>\n<meta property=\"article:publisher\" content=\"https:\/\/www.facebook.com\/LibriParlanti\" \/>\n<meta property=\"article:modified_time\" content=\"2025-11-13T16:38:06+00:00\" \/>\n<meta property=\"og:image\" content=\"https:\/\/www.libriparlanti.org\/wp-content\/uploads\/2025\/05\/gM4EDOxkDM3gDO4cTO.jpg\" \/>\n\t<meta property=\"og:image:width\" content=\"194\" \/>\n\t<meta property=\"og:image:height\" content=\"300\" \/>\n\t<meta property=\"og:image:type\" content=\"image\/jpeg\" \/>\n<meta name=\"twitter:card\" content=\"summary_large_image\" \/>\n<meta name=\"twitter:label1\" content=\"Tempo di lettura stimato\" \/>\n\t<meta name=\"twitter:data1\" content=\"1 minuto\" \/>\n<script type=\"application\/ld+json\" class=\"yoast-schema-graph\">{\"@context\":\"https:\\\/\\\/schema.org\",\"@graph\":[{\"@type\":\"WebPage\",\"@id\":\"https:\\\/\\\/www.libriparlanti.org\\\/index.php\\\/prodotto\\\/grande-bro\\\/\",\"url\":\"https:\\\/\\\/www.libriparlanti.org\\\/index.php\\\/prodotto\\\/grande-bro\\\/\",\"name\":\"GRANDE, BRO! - Libreria Libri parlanti\",\"isPartOf\":{\"@id\":\"https:\\\/\\\/www.libriparlanti.org\\\/#website\"},\"primaryImageOfPage\":{\"@id\":\"https:\\\/\\\/www.libriparlanti.org\\\/index.php\\\/prodotto\\\/grande-bro\\\/#primaryimage\"},\"image\":{\"@id\":\"https:\\\/\\\/www.libriparlanti.org\\\/index.php\\\/prodotto\\\/grande-bro\\\/#primaryimage\"},\"thumbnailUrl\":\"https:\\\/\\\/www.libriparlanti.org\\\/wp-content\\\/uploads\\\/2025\\\/05\\\/gM4EDOxkDM3gDO4cTO.jpg\",\"datePublished\":\"2025-05-21T13:55:12+00:00\",\"dateModified\":\"2025-11-13T16:38:06+00:00\",\"breadcrumb\":{\"@id\":\"https:\\\/\\\/www.libriparlanti.org\\\/index.php\\\/prodotto\\\/grande-bro\\\/#breadcrumb\"},\"inLanguage\":\"it-IT\",\"potentialAction\":[{\"@type\":\"ReadAction\",\"target\":[\"https:\\\/\\\/www.libriparlanti.org\\\/index.php\\\/prodotto\\\/grande-bro\\\/\"]}]},{\"@type\":\"ImageObject\",\"inLanguage\":\"it-IT\",\"@id\":\"https:\\\/\\\/www.libriparlanti.org\\\/index.php\\\/prodotto\\\/grande-bro\\\/#primaryimage\",\"url\":\"https:\\\/\\\/www.libriparlanti.org\\\/wp-content\\\/uploads\\\/2025\\\/05\\\/gM4EDOxkDM3gDO4cTO.jpg\",\"contentUrl\":\"https:\\\/\\\/www.libriparlanti.org\\\/wp-content\\\/uploads\\\/2025\\\/05\\\/gM4EDOxkDM3gDO4cTO.jpg\",\"width\":194,\"height\":300},{\"@type\":\"BreadcrumbList\",\"@id\":\"https:\\\/\\\/www.libriparlanti.org\\\/index.php\\\/prodotto\\\/grande-bro\\\/#breadcrumb\",\"itemListElement\":[{\"@type\":\"ListItem\",\"position\":1,\"name\":\"Home\",\"item\":\"https:\\\/\\\/www.libriparlanti.org\\\/\"},{\"@type\":\"ListItem\",\"position\":2,\"name\":\"Shop\",\"item\":\"https:\\\/\\\/www.libriparlanti.org\\\/index.php\\\/negozio\\\/\"},{\"@type\":\"ListItem\",\"position\":3,\"name\":\"GRANDE, BRO!\"}]},{\"@type\":\"WebSite\",\"@id\":\"https:\\\/\\\/www.libriparlanti.org\\\/#website\",\"url\":\"https:\\\/\\\/www.libriparlanti.org\\\/\",\"name\":\"Libreria Libri parlanti\",\"description\":\"Libreria in Castiglione del Lago (Pg)\",\"potentialAction\":[{\"@type\":\"SearchAction\",\"target\":{\"@type\":\"EntryPoint\",\"urlTemplate\":\"https:\\\/\\\/www.libriparlanti.org\\\/?s={search_term_string}\"},\"query-input\":{\"@type\":\"PropertyValueSpecification\",\"valueRequired\":true,\"valueName\":\"search_term_string\"}}],\"inLanguage\":\"it-IT\"}]}<\/script>\n<!-- \/ Yoast SEO plugin. -->","yoast_head_json":{"title":"GRANDE, BRO! - Libreria Libri parlanti","robots":{"index":"index","follow":"follow","max-snippet":"max-snippet:-1","max-image-preview":"max-image-preview:large","max-video-preview":"max-video-preview:-1"},"canonical":"https:\/\/www.libriparlanti.org\/index.php\/prodotto\/grande-bro\/","og_locale":"it_IT","og_type":"article","og_title":"GRANDE, BRO! - Libreria Libri parlanti","og_description":"Autore: JA?GERFELD JENNY Editore: IPERBOREA ISBN: 9788870918182","og_url":"https:\/\/www.libriparlanti.org\/index.php\/prodotto\/grande-bro\/","og_site_name":"Libreria Libri parlanti","article_publisher":"https:\/\/www.facebook.com\/LibriParlanti","article_modified_time":"2025-11-13T16:38:06+00:00","og_image":[{"width":194,"height":300,"url":"https:\/\/www.libriparlanti.org\/wp-content\/uploads\/2025\/05\/gM4EDOxkDM3gDO4cTO.jpg","type":"image\/jpeg"}],"twitter_card":"summary_large_image","twitter_misc":{"Tempo di lettura stimato":"1 minuto"},"schema":{"@context":"https:\/\/schema.org","@graph":[{"@type":"WebPage","@id":"https:\/\/www.libriparlanti.org\/index.php\/prodotto\/grande-bro\/","url":"https:\/\/www.libriparlanti.org\/index.php\/prodotto\/grande-bro\/","name":"GRANDE, BRO! - Libreria Libri parlanti","isPartOf":{"@id":"https:\/\/www.libriparlanti.org\/#website"},"primaryImageOfPage":{"@id":"https:\/\/www.libriparlanti.org\/index.php\/prodotto\/grande-bro\/#primaryimage"},"image":{"@id":"https:\/\/www.libriparlanti.org\/index.php\/prodotto\/grande-bro\/#primaryimage"},"thumbnailUrl":"https:\/\/www.libriparlanti.org\/wp-content\/uploads\/2025\/05\/gM4EDOxkDM3gDO4cTO.jpg","datePublished":"2025-05-21T13:55:12+00:00","dateModified":"2025-11-13T16:38:06+00:00","breadcrumb":{"@id":"https:\/\/www.libriparlanti.org\/index.php\/prodotto\/grande-bro\/#breadcrumb"},"inLanguage":"it-IT","potentialAction":[{"@type":"ReadAction","target":["https:\/\/www.libriparlanti.org\/index.php\/prodotto\/grande-bro\/"]}]},{"@type":"ImageObject","inLanguage":"it-IT","@id":"https:\/\/www.libriparlanti.org\/index.php\/prodotto\/grande-bro\/#primaryimage","url":"https:\/\/www.libriparlanti.org\/wp-content\/uploads\/2025\/05\/gM4EDOxkDM3gDO4cTO.jpg","contentUrl":"https:\/\/www.libriparlanti.org\/wp-content\/uploads\/2025\/05\/gM4EDOxkDM3gDO4cTO.jpg","width":194,"height":300},{"@type":"BreadcrumbList","@id":"https:\/\/www.libriparlanti.org\/index.php\/prodotto\/grande-bro\/#breadcrumb","itemListElement":[{"@type":"ListItem","position":1,"name":"Home","item":"https:\/\/www.libriparlanti.org\/"},{"@type":"ListItem","position":2,"name":"Shop","item":"https:\/\/www.libriparlanti.org\/index.php\/negozio\/"},{"@type":"ListItem","position":3,"name":"GRANDE, BRO!"}]},{"@type":"WebSite","@id":"https:\/\/www.libriparlanti.org\/#website","url":"https:\/\/www.libriparlanti.org\/","name":"Libreria Libri parlanti","description":"Libreria in Castiglione del Lago (Pg)","potentialAction":[{"@type":"SearchAction","target":{"@type":"EntryPoint","urlTemplate":"https:\/\/www.libriparlanti.org\/?s={search_term_string}"},"query-input":{"@type":"PropertyValueSpecification","valueRequired":true,"valueName":"search_term_string"}}],"inLanguage":"it-IT"}]}},"_links":{"self":[{"href":"https:\/\/www.libriparlanti.org\/index.php\/wp-json\/wp\/v2\/product\/34657","targetHints":{"allow":["GET"]}}],"collection":[{"href":"https:\/\/www.libriparlanti.org\/index.php\/wp-json\/wp\/v2\/product"}],"about":[{"href":"https:\/\/www.libriparlanti.org\/index.php\/wp-json\/wp\/v2\/types\/product"}],"replies":[{"embeddable":true,"href":"https:\/\/www.libriparlanti.org\/index.php\/wp-json\/wp\/v2\/comments?post=34657"}],"wp:featuredmedia":[{"embeddable":true,"href":"https:\/\/www.libriparlanti.org\/index.php\/wp-json\/wp\/v2\/media\/34656"}],"wp:attachment":[{"href":"https:\/\/www.libriparlanti.org\/index.php\/wp-json\/wp\/v2\/media?parent=34657"}],"wp:term":[{"taxonomy":"product_brand","embeddable":true,"href":"https:\/\/www.libriparlanti.org\/index.php\/wp-json\/wp\/v2\/product_brand?post=34657"},{"taxonomy":"product_cat","embeddable":true,"href":"https:\/\/www.libriparlanti.org\/index.php\/wp-json\/wp\/v2\/product_cat?post=34657"},{"taxonomy":"product_tag","embeddable":true,"href":"https:\/\/www.libriparlanti.org\/index.php\/wp-json\/wp\/v2\/product_tag?post=34657"}],"curies":[{"name":"wp","href":"https:\/\/api.w.org\/{rel}","templated":true}]}}