{"id":34447,"date":"2025-04-07T15:00:25","date_gmt":"2025-04-07T13:00:25","guid":{"rendered":"https:\/\/www.libriparlanti.org\/index.php\/prodotto\/m-la-fine-e-il-principio\/"},"modified":"2025-08-08T11:13:58","modified_gmt":"2025-08-08T09:13:58","slug":"m-la-fine-e-il-principio","status":"publish","type":"product","link":"https:\/\/www.libriparlanti.org\/index.php\/prodotto\/m-la-fine-e-il-principio\/","title":{"rendered":"M. LA FINE E IL PRINCIPIO"},"content":{"rendered":"<p>All&#8217;indomani della seduta del Gran Consiglio che lo depone, il 28 luglio 1943 Benito Mussolini viene deportato a Ponza. Ma su quell&#8217;isola dove il regime ha confinato decine di dissidenti il Duce rimane giusto il tempo per celebrare, solo, il suo sessantesimo compleanno; poi viene spostato a Campo Imperatore, in cima al Gran Sasso. Ha perso tutto, non spera pi\u00f9 niente. Liberato con un blitz dei paracadutisti del F\u00fchrer, ricongiunto a una famiglia di cui fa parte uno dei suoi traditori, Galeazzo Ciano, Mussolini viene posto da Hitler a capo di uno Stato fantoccio immobile e plumbeo come le acque del lago di Garda da cui dovrebbe governarlo: la Repubblica sociale italiana. Ma la bestia ferita tenta il suo ultimo colpo di coda.<br \/>\nSono i seicento giorni, dal settembre del 1943 all&#8217;aprile del 1945, in cui il nostro Paese conosce la sua ora pi\u00f9 buia: \u00e8 l&#8217;ora della violenza pi\u00f9 bassa e vile, della Legione Muti e della banda Koch che portano il terrore nelle citt\u00e0, della caccia agli ebrei, dei bombardamenti, della guerra civile. Siamo all&#8217;ultimo atto della tragedia del fascismo e della guerra. \u00c8 la fine dell&#8217;impero, della monarchia, la fine dell&#8217;uomo che pi\u00f9 di ogni altro ha marchiato a sangue il corpo della nostra storia, Benito Mussolini. \u00c8 la fine di tutti i coprotagonisti, i cortigiani, i conniventi, quelli che fuggono e quelli che rimangono accanto al Duce fino all&#8217;ultimo, quelli che cercano ?la bella morte? e quelli che hanno continuato a vivere nel dopoguerra cambiando pelle.<br \/>\nAncora una volta non c&#8217;\u00e8 niente di inventato nel dramma di cui si compie l&#8217;atto finale. Nell&#8217;ultimo pannello della saga di M, Antonio Scurati ci mostra il fascismo repubblichino e lo scempio di piazzale Loreto come mai era stato fatto prima e, mettendo in campo tutta la potenza e la pietas della letteratura, ci racconta la tragica fine del dittatore.<\/p>\n","protected":false},"excerpt":{"rendered":"<p><em>Autore:<\/em> ANTONIO SCURATI<br \/>\n<em>Editore:<\/em> BOMPIANI<br \/>\n<em>ISBN:<\/em> 9788830106987<br \/>\n<em>Pubblicazione:<\/em> 08\/04\/2025<\/p>\n","protected":false},"featured_media":34446,"comment_status":"closed","ping_status":"closed","template":"","meta":{"_et_pb_use_builder":"","_et_pb_old_content":"","_et_gb_content_width":"","_joinchat":[]},"product_brand":[],"product_cat":[959],"product_tag":[],"class_list":{"0":"post-34447","1":"product","2":"type-product","3":"status-publish","4":"has-post-thumbnail","6":"product_cat-senza-categoria","8":"first","9":"onbackorder","10":"taxable","11":"shipping-taxable","12":"purchasable","13":"product-type-simple"},"yoast_head":"<!-- This site is optimized with the Yoast SEO plugin v27.4 - https:\/\/yoast.com\/product\/yoast-seo-wordpress\/ -->\n<title>M. LA FINE E IL PRINCIPIO - Libreria Libri parlanti<\/title>\n<meta name=\"robots\" content=\"index, follow, max-snippet:-1, max-image-preview:large, max-video-preview:-1\" \/>\n<link rel=\"canonical\" href=\"https:\/\/www.libriparlanti.org\/index.php\/prodotto\/m-la-fine-e-il-principio\/\" \/>\n<meta property=\"og:locale\" content=\"it_IT\" \/>\n<meta property=\"og:type\" content=\"article\" \/>\n<meta property=\"og:title\" content=\"M. LA FINE E IL PRINCIPIO - Libreria Libri parlanti\" \/>\n<meta property=\"og:description\" content=\"Autore: ANTONIO SCURATI Editore: BOMPIANI ISBN: 9788830106987 Pubblicazione: 08\/04\/2025\" \/>\n<meta property=\"og:url\" content=\"https:\/\/www.libriparlanti.org\/index.php\/prodotto\/m-la-fine-e-il-principio\/\" \/>\n<meta property=\"og:site_name\" content=\"Libreria Libri parlanti\" \/>\n<meta property=\"article:publisher\" content=\"https:\/\/www.facebook.com\/LibriParlanti\" \/>\n<meta property=\"article:modified_time\" content=\"2025-08-08T09:13:58+00:00\" \/>\n<meta property=\"og:image\" content=\"https:\/\/www.libriparlanti.org\/wp-content\/uploads\/2025\/04\/wN4kjNwEDMzgDO4cTO.jpg\" \/>\n\t<meta property=\"og:image:width\" content=\"214\" \/>\n\t<meta property=\"og:image:height\" content=\"300\" \/>\n\t<meta property=\"og:image:type\" content=\"image\/jpeg\" \/>\n<meta name=\"twitter:card\" content=\"summary_large_image\" \/>\n<meta name=\"twitter:label1\" content=\"Tempo di lettura stimato\" \/>\n\t<meta name=\"twitter:data1\" content=\"2 minuti\" \/>\n<script type=\"application\/ld+json\" class=\"yoast-schema-graph\">{\"@context\":\"https:\\\/\\\/schema.org\",\"@graph\":[{\"@type\":\"WebPage\",\"@id\":\"https:\\\/\\\/www.libriparlanti.org\\\/index.php\\\/prodotto\\\/m-la-fine-e-il-principio\\\/\",\"url\":\"https:\\\/\\\/www.libriparlanti.org\\\/index.php\\\/prodotto\\\/m-la-fine-e-il-principio\\\/\",\"name\":\"M. LA FINE E IL PRINCIPIO - Libreria Libri parlanti\",\"isPartOf\":{\"@id\":\"https:\\\/\\\/www.libriparlanti.org\\\/#website\"},\"primaryImageOfPage\":{\"@id\":\"https:\\\/\\\/www.libriparlanti.org\\\/index.php\\\/prodotto\\\/m-la-fine-e-il-principio\\\/#primaryimage\"},\"image\":{\"@id\":\"https:\\\/\\\/www.libriparlanti.org\\\/index.php\\\/prodotto\\\/m-la-fine-e-il-principio\\\/#primaryimage\"},\"thumbnailUrl\":\"https:\\\/\\\/www.libriparlanti.org\\\/wp-content\\\/uploads\\\/2025\\\/04\\\/wN4kjNwEDMzgDO4cTO.jpg\",\"datePublished\":\"2025-04-07T13:00:25+00:00\",\"dateModified\":\"2025-08-08T09:13:58+00:00\",\"breadcrumb\":{\"@id\":\"https:\\\/\\\/www.libriparlanti.org\\\/index.php\\\/prodotto\\\/m-la-fine-e-il-principio\\\/#breadcrumb\"},\"inLanguage\":\"it-IT\",\"potentialAction\":[{\"@type\":\"ReadAction\",\"target\":[\"https:\\\/\\\/www.libriparlanti.org\\\/index.php\\\/prodotto\\\/m-la-fine-e-il-principio\\\/\"]}]},{\"@type\":\"ImageObject\",\"inLanguage\":\"it-IT\",\"@id\":\"https:\\\/\\\/www.libriparlanti.org\\\/index.php\\\/prodotto\\\/m-la-fine-e-il-principio\\\/#primaryimage\",\"url\":\"https:\\\/\\\/www.libriparlanti.org\\\/wp-content\\\/uploads\\\/2025\\\/04\\\/wN4kjNwEDMzgDO4cTO.jpg\",\"contentUrl\":\"https:\\\/\\\/www.libriparlanti.org\\\/wp-content\\\/uploads\\\/2025\\\/04\\\/wN4kjNwEDMzgDO4cTO.jpg\",\"width\":214,\"height\":300},{\"@type\":\"BreadcrumbList\",\"@id\":\"https:\\\/\\\/www.libriparlanti.org\\\/index.php\\\/prodotto\\\/m-la-fine-e-il-principio\\\/#breadcrumb\",\"itemListElement\":[{\"@type\":\"ListItem\",\"position\":1,\"name\":\"Home\",\"item\":\"https:\\\/\\\/www.libriparlanti.org\\\/\"},{\"@type\":\"ListItem\",\"position\":2,\"name\":\"Shop\",\"item\":\"https:\\\/\\\/www.libriparlanti.org\\\/index.php\\\/negozio\\\/\"},{\"@type\":\"ListItem\",\"position\":3,\"name\":\"M. LA FINE E IL PRINCIPIO\"}]},{\"@type\":\"WebSite\",\"@id\":\"https:\\\/\\\/www.libriparlanti.org\\\/#website\",\"url\":\"https:\\\/\\\/www.libriparlanti.org\\\/\",\"name\":\"Libreria Libri parlanti\",\"description\":\"Libreria in Castiglione del Lago (Pg)\",\"potentialAction\":[{\"@type\":\"SearchAction\",\"target\":{\"@type\":\"EntryPoint\",\"urlTemplate\":\"https:\\\/\\\/www.libriparlanti.org\\\/?s={search_term_string}\"},\"query-input\":{\"@type\":\"PropertyValueSpecification\",\"valueRequired\":true,\"valueName\":\"search_term_string\"}}],\"inLanguage\":\"it-IT\"}]}<\/script>\n<!-- \/ Yoast SEO plugin. -->","yoast_head_json":{"title":"M. LA FINE E IL PRINCIPIO - Libreria Libri parlanti","robots":{"index":"index","follow":"follow","max-snippet":"max-snippet:-1","max-image-preview":"max-image-preview:large","max-video-preview":"max-video-preview:-1"},"canonical":"https:\/\/www.libriparlanti.org\/index.php\/prodotto\/m-la-fine-e-il-principio\/","og_locale":"it_IT","og_type":"article","og_title":"M. LA FINE E IL PRINCIPIO - Libreria Libri parlanti","og_description":"Autore: ANTONIO SCURATI Editore: BOMPIANI ISBN: 9788830106987 Pubblicazione: 08\/04\/2025","og_url":"https:\/\/www.libriparlanti.org\/index.php\/prodotto\/m-la-fine-e-il-principio\/","og_site_name":"Libreria Libri parlanti","article_publisher":"https:\/\/www.facebook.com\/LibriParlanti","article_modified_time":"2025-08-08T09:13:58+00:00","og_image":[{"width":214,"height":300,"url":"https:\/\/www.libriparlanti.org\/wp-content\/uploads\/2025\/04\/wN4kjNwEDMzgDO4cTO.jpg","type":"image\/jpeg"}],"twitter_card":"summary_large_image","twitter_misc":{"Tempo di lettura stimato":"2 minuti"},"schema":{"@context":"https:\/\/schema.org","@graph":[{"@type":"WebPage","@id":"https:\/\/www.libriparlanti.org\/index.php\/prodotto\/m-la-fine-e-il-principio\/","url":"https:\/\/www.libriparlanti.org\/index.php\/prodotto\/m-la-fine-e-il-principio\/","name":"M. LA FINE E IL PRINCIPIO - Libreria Libri parlanti","isPartOf":{"@id":"https:\/\/www.libriparlanti.org\/#website"},"primaryImageOfPage":{"@id":"https:\/\/www.libriparlanti.org\/index.php\/prodotto\/m-la-fine-e-il-principio\/#primaryimage"},"image":{"@id":"https:\/\/www.libriparlanti.org\/index.php\/prodotto\/m-la-fine-e-il-principio\/#primaryimage"},"thumbnailUrl":"https:\/\/www.libriparlanti.org\/wp-content\/uploads\/2025\/04\/wN4kjNwEDMzgDO4cTO.jpg","datePublished":"2025-04-07T13:00:25+00:00","dateModified":"2025-08-08T09:13:58+00:00","breadcrumb":{"@id":"https:\/\/www.libriparlanti.org\/index.php\/prodotto\/m-la-fine-e-il-principio\/#breadcrumb"},"inLanguage":"it-IT","potentialAction":[{"@type":"ReadAction","target":["https:\/\/www.libriparlanti.org\/index.php\/prodotto\/m-la-fine-e-il-principio\/"]}]},{"@type":"ImageObject","inLanguage":"it-IT","@id":"https:\/\/www.libriparlanti.org\/index.php\/prodotto\/m-la-fine-e-il-principio\/#primaryimage","url":"https:\/\/www.libriparlanti.org\/wp-content\/uploads\/2025\/04\/wN4kjNwEDMzgDO4cTO.jpg","contentUrl":"https:\/\/www.libriparlanti.org\/wp-content\/uploads\/2025\/04\/wN4kjNwEDMzgDO4cTO.jpg","width":214,"height":300},{"@type":"BreadcrumbList","@id":"https:\/\/www.libriparlanti.org\/index.php\/prodotto\/m-la-fine-e-il-principio\/#breadcrumb","itemListElement":[{"@type":"ListItem","position":1,"name":"Home","item":"https:\/\/www.libriparlanti.org\/"},{"@type":"ListItem","position":2,"name":"Shop","item":"https:\/\/www.libriparlanti.org\/index.php\/negozio\/"},{"@type":"ListItem","position":3,"name":"M. LA FINE E IL PRINCIPIO"}]},{"@type":"WebSite","@id":"https:\/\/www.libriparlanti.org\/#website","url":"https:\/\/www.libriparlanti.org\/","name":"Libreria Libri parlanti","description":"Libreria in Castiglione del Lago (Pg)","potentialAction":[{"@type":"SearchAction","target":{"@type":"EntryPoint","urlTemplate":"https:\/\/www.libriparlanti.org\/?s={search_term_string}"},"query-input":{"@type":"PropertyValueSpecification","valueRequired":true,"valueName":"search_term_string"}}],"inLanguage":"it-IT"}]}},"_links":{"self":[{"href":"https:\/\/www.libriparlanti.org\/index.php\/wp-json\/wp\/v2\/product\/34447","targetHints":{"allow":["GET"]}}],"collection":[{"href":"https:\/\/www.libriparlanti.org\/index.php\/wp-json\/wp\/v2\/product"}],"about":[{"href":"https:\/\/www.libriparlanti.org\/index.php\/wp-json\/wp\/v2\/types\/product"}],"replies":[{"embeddable":true,"href":"https:\/\/www.libriparlanti.org\/index.php\/wp-json\/wp\/v2\/comments?post=34447"}],"wp:featuredmedia":[{"embeddable":true,"href":"https:\/\/www.libriparlanti.org\/index.php\/wp-json\/wp\/v2\/media\/34446"}],"wp:attachment":[{"href":"https:\/\/www.libriparlanti.org\/index.php\/wp-json\/wp\/v2\/media?parent=34447"}],"wp:term":[{"taxonomy":"product_brand","embeddable":true,"href":"https:\/\/www.libriparlanti.org\/index.php\/wp-json\/wp\/v2\/product_brand?post=34447"},{"taxonomy":"product_cat","embeddable":true,"href":"https:\/\/www.libriparlanti.org\/index.php\/wp-json\/wp\/v2\/product_cat?post=34447"},{"taxonomy":"product_tag","embeddable":true,"href":"https:\/\/www.libriparlanti.org\/index.php\/wp-json\/wp\/v2\/product_tag?post=34447"}],"curies":[{"name":"wp","href":"https:\/\/api.w.org\/{rel}","templated":true}]}}