{"id":33905,"date":"2024-10-28T18:21:42","date_gmt":"2024-10-28T16:21:42","guid":{"rendered":"https:\/\/www.libriparlanti.org\/index.php\/prodotto\/tutti-gli-indirizzi-perduti\/"},"modified":"2025-10-09T13:26:45","modified_gmt":"2025-10-09T11:26:45","slug":"tutti-gli-indirizzi-perduti","status":"publish","type":"product","link":"https:\/\/www.libriparlanti.org\/index.php\/prodotto\/tutti-gli-indirizzi-perduti\/","title":{"rendered":"TUTTI GLI INDIRIZZI PERDUTI"},"content":{"rendered":"<p>C&#8217;\u00e8 una piccola isola, nel mare interno di Seto, che ha la forma di un&#8217;elica e non pi\u00f9 di centocinquanta abitanti. Proprio l\u00ec, nell&#8217;ufficio postale di Awashima, vengono conservate tutte le lettere spedite a un destinatario irraggiungibile: un amore perduto eppure ancora presente, la ragazza che leggeva Kawabata su un autobus a Roma, l&#8217;inventore del fon, il giocattolo preferito d&#8217;infanzia, il primo bacio che tarda ad arrivare. Come messaggi in bottiglia, sono parole lasciate andare alla deriva che non aspettano una risposta. Perch\u00e9 scrivere pu\u00f2 curare, tenere compagnia, aiutarci a decifrare il mondo, o la nostra stessa anima. \u00abTutto il senso dello scrivere queste lettere \u00e8, precisamente, scriverle\u00bb. Un romanzo felice, pieno d&#8217;incanto, sulla potenza della scrittura e sulla meraviglia che pu\u00f2 nascere dalla fiducia nelle relazioni, anche quelle con gli sconosciuti. Risa sbarca ad Awashima in un mattino freddo di primavera, con s\u00e9 ha una sacca misteriosa gonfia di buste. L&#8217;isola \u00e8 bellissima, piena di luce, ma si sta spopolando: le scuole chiudono e gli abitanti invecchiano. Eppure proprio l\u00ec c&#8217;\u00e8 un minuscolo ufficio postale davvero unico. Raccoglie tutta la corrispondenza che, da ogni parte del Giappone e del mondo, viene imbucata ma non \u00e8 possibile recapitare al destinatario. \u00abAwashima \u00e8 l&#8217;indirizzo che ha preso in carica tutti gli indirizzi perduti della terra\u00bb. Risa si \u00e8 offerta di catalogare le tantissime lettere arrivate in dieci anni all&#8217;Ufficio postale alla deriva (\u00e8 questo il suo nome). Chi scrive al marito che non c&#8217;\u00e8 pi\u00f9, chi al proprio cuscino, chi chiede perdono a una lucertola a cui da bambino ha rubato la coda, chi si rivolge alla vecchia vicina di casa che gli leggeva libri quando era piccolo, chi manda cartoline alla madre che diventer\u00e0, augurandosi di saper trasmettere l&#8217;allegria. Un lavoro enorme, quello che si \u00e8 presa in carico Risa, come setacciare l&#8217;oceano, ma lei lo fa per ragioni di cuore. Perch\u00e9 suo padre \u00e8 un postino, e ha lavorato tutta la vita affinch\u00e9 neppure una lettera andasse perduta. Se dal padre ha imparato la dedizione e la tenacia con cui ci si pu\u00f2 prendere cura delle cose e delle persone, l&#8217;eredit\u00e0 che le ha lasciato la madre \u00e8 ben pi\u00f9 complicata. La sua \u00e8 stata una madre intermittente, che conosceva parole magiche per evocare creature del bosco e il cui sguardo offuscato si accendeva all&#8217;improvviso su ci\u00f2 che agli altri restava invisibile. Sua madre le ha insegnato la poesia e la curiosit\u00e0 verso ci\u00f2 che \u00e8 estraneo, perch\u00e9 \u00ab\u00e8 dall&#8217;incontro con gli sconosciuti che pu\u00f2 nascere lo straordinario\u00bb. Ma ad Awashima Risa \u00e8 venuta anche per un altro motivo, che finora ha tenuto segreto. Il sospetto ? o la speranza ? che tra quelle migliaia di parole d&#8217;amore, rimpianto, riconoscenza, biasimo e gioia, ce ne siano alcune indirizzate proprio a lei. Laura Imai Messina ha una capacit\u00e0 speciale, poetica e intensa, di cogliere la magia nascosta del mondo e raccontarcela. Ogni sua storia \u00e8 un viaggio che ci porta lontanissimo, fin dentro i nostri pi\u00f9 intimi pensieri.<\/p>\n","protected":false},"excerpt":{"rendered":"<p><em>Autore:<\/em> LAURA IMAI MESSINA<br \/>\n<em>Editore:<\/em> EINAUDI<br \/>\n<em>ISBN:<\/em> 9788806255770<br \/>\n<em>Pubblicazione:<\/em> 29\/10\/2024<\/p>\n","protected":false},"featured_media":33904,"comment_status":"closed","ping_status":"closed","template":"","meta":{"_et_pb_use_builder":"","_et_pb_old_content":"","_et_gb_content_width":"","_joinchat":[]},"product_brand":[],"product_cat":[959],"product_tag":[],"class_list":{"0":"post-33905","1":"product","2":"type-product","3":"status-publish","4":"has-post-thumbnail","6":"product_cat-senza-categoria","8":"first","9":"instock","10":"taxable","11":"shipping-taxable","12":"purchasable","13":"product-type-simple"},"yoast_head":"<!-- This site is optimized with the Yoast SEO plugin v27.4 - https:\/\/yoast.com\/product\/yoast-seo-wordpress\/ -->\n<title>TUTTI GLI INDIRIZZI PERDUTI - Libreria Libri parlanti<\/title>\n<meta name=\"robots\" content=\"index, follow, max-snippet:-1, max-image-preview:large, max-video-preview:-1\" \/>\n<link rel=\"canonical\" href=\"https:\/\/www.libriparlanti.org\/index.php\/prodotto\/tutti-gli-indirizzi-perduti\/\" \/>\n<meta property=\"og:locale\" content=\"it_IT\" \/>\n<meta property=\"og:type\" content=\"article\" \/>\n<meta property=\"og:title\" content=\"TUTTI GLI INDIRIZZI PERDUTI - Libreria Libri parlanti\" \/>\n<meta property=\"og:description\" content=\"Autore: LAURA IMAI MESSINA Editore: EINAUDI ISBN: 9788806255770 Pubblicazione: 29\/10\/2024\" \/>\n<meta property=\"og:url\" content=\"https:\/\/www.libriparlanti.org\/index.php\/prodotto\/tutti-gli-indirizzi-perduti\/\" \/>\n<meta property=\"og:site_name\" content=\"Libreria Libri parlanti\" \/>\n<meta property=\"article:publisher\" content=\"https:\/\/www.facebook.com\/LibriParlanti\" \/>\n<meta property=\"article:modified_time\" content=\"2025-10-09T11:26:45+00:00\" \/>\n<meta property=\"og:image\" content=\"https:\/\/www.libriparlanti.org\/wp-content\/uploads\/2024\/10\/9788806255770.jpg\" \/>\n\t<meta property=\"og:image:width\" content=\"150\" \/>\n\t<meta property=\"og:image:height\" content=\"238\" \/>\n\t<meta property=\"og:image:type\" content=\"image\/jpeg\" \/>\n<meta name=\"twitter:card\" content=\"summary_large_image\" \/>\n<meta name=\"twitter:label1\" content=\"Tempo di lettura stimato\" \/>\n\t<meta name=\"twitter:data1\" content=\"2 minuti\" \/>\n<script type=\"application\/ld+json\" class=\"yoast-schema-graph\">{\"@context\":\"https:\\\/\\\/schema.org\",\"@graph\":[{\"@type\":\"WebPage\",\"@id\":\"https:\\\/\\\/www.libriparlanti.org\\\/index.php\\\/prodotto\\\/tutti-gli-indirizzi-perduti\\\/\",\"url\":\"https:\\\/\\\/www.libriparlanti.org\\\/index.php\\\/prodotto\\\/tutti-gli-indirizzi-perduti\\\/\",\"name\":\"TUTTI GLI INDIRIZZI PERDUTI - Libreria Libri parlanti\",\"isPartOf\":{\"@id\":\"https:\\\/\\\/www.libriparlanti.org\\\/#website\"},\"primaryImageOfPage\":{\"@id\":\"https:\\\/\\\/www.libriparlanti.org\\\/index.php\\\/prodotto\\\/tutti-gli-indirizzi-perduti\\\/#primaryimage\"},\"image\":{\"@id\":\"https:\\\/\\\/www.libriparlanti.org\\\/index.php\\\/prodotto\\\/tutti-gli-indirizzi-perduti\\\/#primaryimage\"},\"thumbnailUrl\":\"https:\\\/\\\/www.libriparlanti.org\\\/wp-content\\\/uploads\\\/2024\\\/10\\\/9788806255770.jpg\",\"datePublished\":\"2024-10-28T16:21:42+00:00\",\"dateModified\":\"2025-10-09T11:26:45+00:00\",\"breadcrumb\":{\"@id\":\"https:\\\/\\\/www.libriparlanti.org\\\/index.php\\\/prodotto\\\/tutti-gli-indirizzi-perduti\\\/#breadcrumb\"},\"inLanguage\":\"it-IT\",\"potentialAction\":[{\"@type\":\"ReadAction\",\"target\":[\"https:\\\/\\\/www.libriparlanti.org\\\/index.php\\\/prodotto\\\/tutti-gli-indirizzi-perduti\\\/\"]}]},{\"@type\":\"ImageObject\",\"inLanguage\":\"it-IT\",\"@id\":\"https:\\\/\\\/www.libriparlanti.org\\\/index.php\\\/prodotto\\\/tutti-gli-indirizzi-perduti\\\/#primaryimage\",\"url\":\"https:\\\/\\\/www.libriparlanti.org\\\/wp-content\\\/uploads\\\/2024\\\/10\\\/9788806255770.jpg\",\"contentUrl\":\"https:\\\/\\\/www.libriparlanti.org\\\/wp-content\\\/uploads\\\/2024\\\/10\\\/9788806255770.jpg\",\"width\":150,\"height\":238},{\"@type\":\"BreadcrumbList\",\"@id\":\"https:\\\/\\\/www.libriparlanti.org\\\/index.php\\\/prodotto\\\/tutti-gli-indirizzi-perduti\\\/#breadcrumb\",\"itemListElement\":[{\"@type\":\"ListItem\",\"position\":1,\"name\":\"Home\",\"item\":\"https:\\\/\\\/www.libriparlanti.org\\\/\"},{\"@type\":\"ListItem\",\"position\":2,\"name\":\"Shop\",\"item\":\"https:\\\/\\\/www.libriparlanti.org\\\/index.php\\\/negozio\\\/\"},{\"@type\":\"ListItem\",\"position\":3,\"name\":\"TUTTI GLI INDIRIZZI PERDUTI\"}]},{\"@type\":\"WebSite\",\"@id\":\"https:\\\/\\\/www.libriparlanti.org\\\/#website\",\"url\":\"https:\\\/\\\/www.libriparlanti.org\\\/\",\"name\":\"Libreria Libri parlanti\",\"description\":\"Libreria in Castiglione del Lago (Pg)\",\"potentialAction\":[{\"@type\":\"SearchAction\",\"target\":{\"@type\":\"EntryPoint\",\"urlTemplate\":\"https:\\\/\\\/www.libriparlanti.org\\\/?s={search_term_string}\"},\"query-input\":{\"@type\":\"PropertyValueSpecification\",\"valueRequired\":true,\"valueName\":\"search_term_string\"}}],\"inLanguage\":\"it-IT\"}]}<\/script>\n<!-- \/ Yoast SEO plugin. -->","yoast_head_json":{"title":"TUTTI GLI INDIRIZZI PERDUTI - Libreria Libri parlanti","robots":{"index":"index","follow":"follow","max-snippet":"max-snippet:-1","max-image-preview":"max-image-preview:large","max-video-preview":"max-video-preview:-1"},"canonical":"https:\/\/www.libriparlanti.org\/index.php\/prodotto\/tutti-gli-indirizzi-perduti\/","og_locale":"it_IT","og_type":"article","og_title":"TUTTI GLI INDIRIZZI PERDUTI - Libreria Libri parlanti","og_description":"Autore: LAURA IMAI MESSINA Editore: EINAUDI ISBN: 9788806255770 Pubblicazione: 29\/10\/2024","og_url":"https:\/\/www.libriparlanti.org\/index.php\/prodotto\/tutti-gli-indirizzi-perduti\/","og_site_name":"Libreria Libri parlanti","article_publisher":"https:\/\/www.facebook.com\/LibriParlanti","article_modified_time":"2025-10-09T11:26:45+00:00","og_image":[{"width":150,"height":238,"url":"https:\/\/www.libriparlanti.org\/wp-content\/uploads\/2024\/10\/9788806255770.jpg","type":"image\/jpeg"}],"twitter_card":"summary_large_image","twitter_misc":{"Tempo di lettura stimato":"2 minuti"},"schema":{"@context":"https:\/\/schema.org","@graph":[{"@type":"WebPage","@id":"https:\/\/www.libriparlanti.org\/index.php\/prodotto\/tutti-gli-indirizzi-perduti\/","url":"https:\/\/www.libriparlanti.org\/index.php\/prodotto\/tutti-gli-indirizzi-perduti\/","name":"TUTTI GLI INDIRIZZI PERDUTI - Libreria Libri parlanti","isPartOf":{"@id":"https:\/\/www.libriparlanti.org\/#website"},"primaryImageOfPage":{"@id":"https:\/\/www.libriparlanti.org\/index.php\/prodotto\/tutti-gli-indirizzi-perduti\/#primaryimage"},"image":{"@id":"https:\/\/www.libriparlanti.org\/index.php\/prodotto\/tutti-gli-indirizzi-perduti\/#primaryimage"},"thumbnailUrl":"https:\/\/www.libriparlanti.org\/wp-content\/uploads\/2024\/10\/9788806255770.jpg","datePublished":"2024-10-28T16:21:42+00:00","dateModified":"2025-10-09T11:26:45+00:00","breadcrumb":{"@id":"https:\/\/www.libriparlanti.org\/index.php\/prodotto\/tutti-gli-indirizzi-perduti\/#breadcrumb"},"inLanguage":"it-IT","potentialAction":[{"@type":"ReadAction","target":["https:\/\/www.libriparlanti.org\/index.php\/prodotto\/tutti-gli-indirizzi-perduti\/"]}]},{"@type":"ImageObject","inLanguage":"it-IT","@id":"https:\/\/www.libriparlanti.org\/index.php\/prodotto\/tutti-gli-indirizzi-perduti\/#primaryimage","url":"https:\/\/www.libriparlanti.org\/wp-content\/uploads\/2024\/10\/9788806255770.jpg","contentUrl":"https:\/\/www.libriparlanti.org\/wp-content\/uploads\/2024\/10\/9788806255770.jpg","width":150,"height":238},{"@type":"BreadcrumbList","@id":"https:\/\/www.libriparlanti.org\/index.php\/prodotto\/tutti-gli-indirizzi-perduti\/#breadcrumb","itemListElement":[{"@type":"ListItem","position":1,"name":"Home","item":"https:\/\/www.libriparlanti.org\/"},{"@type":"ListItem","position":2,"name":"Shop","item":"https:\/\/www.libriparlanti.org\/index.php\/negozio\/"},{"@type":"ListItem","position":3,"name":"TUTTI GLI INDIRIZZI PERDUTI"}]},{"@type":"WebSite","@id":"https:\/\/www.libriparlanti.org\/#website","url":"https:\/\/www.libriparlanti.org\/","name":"Libreria Libri parlanti","description":"Libreria in Castiglione del Lago (Pg)","potentialAction":[{"@type":"SearchAction","target":{"@type":"EntryPoint","urlTemplate":"https:\/\/www.libriparlanti.org\/?s={search_term_string}"},"query-input":{"@type":"PropertyValueSpecification","valueRequired":true,"valueName":"search_term_string"}}],"inLanguage":"it-IT"}]}},"_links":{"self":[{"href":"https:\/\/www.libriparlanti.org\/index.php\/wp-json\/wp\/v2\/product\/33905","targetHints":{"allow":["GET"]}}],"collection":[{"href":"https:\/\/www.libriparlanti.org\/index.php\/wp-json\/wp\/v2\/product"}],"about":[{"href":"https:\/\/www.libriparlanti.org\/index.php\/wp-json\/wp\/v2\/types\/product"}],"replies":[{"embeddable":true,"href":"https:\/\/www.libriparlanti.org\/index.php\/wp-json\/wp\/v2\/comments?post=33905"}],"wp:featuredmedia":[{"embeddable":true,"href":"https:\/\/www.libriparlanti.org\/index.php\/wp-json\/wp\/v2\/media\/33904"}],"wp:attachment":[{"href":"https:\/\/www.libriparlanti.org\/index.php\/wp-json\/wp\/v2\/media?parent=33905"}],"wp:term":[{"taxonomy":"product_brand","embeddable":true,"href":"https:\/\/www.libriparlanti.org\/index.php\/wp-json\/wp\/v2\/product_brand?post=33905"},{"taxonomy":"product_cat","embeddable":true,"href":"https:\/\/www.libriparlanti.org\/index.php\/wp-json\/wp\/v2\/product_cat?post=33905"},{"taxonomy":"product_tag","embeddable":true,"href":"https:\/\/www.libriparlanti.org\/index.php\/wp-json\/wp\/v2\/product_tag?post=33905"}],"curies":[{"name":"wp","href":"https:\/\/api.w.org\/{rel}","templated":true}]}}