{"id":32858,"date":"2024-06-10T15:28:17","date_gmt":"2024-06-10T13:28:17","guid":{"rendered":"https:\/\/www.libriparlanti.org\/index.php\/prodotto\/taylor-youll-be-fine\/"},"modified":"2024-10-04T18:56:46","modified_gmt":"2024-10-04T16:56:46","slug":"taylor-youll-be-fine","status":"publish","type":"product","link":"https:\/\/www.libriparlanti.org\/index.php\/prodotto\/taylor-youll-be-fine\/","title":{"rendered":"TAYLOR, YOU&#8217;LL BE FINE!"},"content":{"rendered":"<p>?Se quella di Taylor fosse una storia, comincerebbe in modo non troppo diverso da quella di molti altri suoi coetanei, con un&#8217;infanzia serena trascorsa in Pennsylvania?? ma \u00e8 il seguito che conta: Taylor Swift \u00e8 appena ragazzina, e con s\u00e9 ha solo una chitarra e la certezza di una passione, quella per la musica. Forte di una famiglia che crede in lei e di un talento unico con le parole, cerca di farsi largo nella music industry: inizia suonando in piccoli festival e a serate di paese nella provincia americana; piano piano si fa notare e ad appena quattordici anni firma il suo primo contratto discografico. Inizia un percorso che poche artiste nella storia sono riuscite a compiere: oggi Taylor Swift \u00e8 la regina mondiale del pop, una superstar indiscussa, ma soprattutto la voce forte, coraggiosa e profonda di milioni di persone. La sua musica abbraccia diverse generazioni e travalica i confini, i suoi testi fanno risuonare nel mondo le emozioni che tutti noi proviamo nella nostra vita e che Taylor sa cantare in modo cos\u00ec autentico, facendoci sentire che non siamo mai soli. In queste pagine ? scritte da chi Taylor la conosce molto bene, cio\u00e8 i rappresentanti della sua community italiana ? si ripercorre la sua carriera, era dopo era. Tra fun facts, approfondimenti sulle canzoni, chicche poco note e tante fotografie, si trova la storia di Taylor dagli inizi a oggi. Per tutte le fan e tutti i fan che vogliono tuffarsi nel suo mondo, ripercorrerne le vicende, scoprirne i segreti e le curiosit\u00e0, capire i testi di alcuni brani, immergersi nella sua musica e nel suo universo. Per chi \u00e8 gi\u00e0 swiftie, ma anche per chi vuole diventarlo. E per chi vuole cantare a squarciagola, al suo concerto, assieme ad altre migliaia di persone: ?Taylor, you&#8217;ll be fine!?.<\/p>\n","protected":false},"excerpt":{"rendered":"<p><em>Autore:<\/em> TAYLOR SWIFT ITALIA @TSWIFTITA<br \/>\n<em>Editore:<\/em> FABBRI<br \/>\n<em>ISBN:<\/em> 9788891596765<\/p>\n","protected":false},"featured_media":32857,"comment_status":"closed","ping_status":"closed","template":"","meta":{"_et_pb_use_builder":"","_et_pb_old_content":"","_et_gb_content_width":"","_joinchat":[]},"product_brand":[],"product_cat":[959],"product_tag":[],"class_list":{"0":"post-32858","1":"product","2":"type-product","3":"status-publish","4":"has-post-thumbnail","6":"product_cat-senza-categoria","8":"first","9":"onbackorder","10":"taxable","11":"shipping-taxable","12":"purchasable","13":"product-type-simple"},"yoast_head":"<!-- This site is optimized with the Yoast SEO plugin v27.3 - https:\/\/yoast.com\/product\/yoast-seo-wordpress\/ -->\n<title>TAYLOR, YOU&#039;LL BE FINE! - Libreria Libri parlanti<\/title>\n<meta name=\"robots\" content=\"index, follow, max-snippet:-1, max-image-preview:large, max-video-preview:-1\" \/>\n<link rel=\"canonical\" href=\"https:\/\/www.libriparlanti.org\/index.php\/prodotto\/taylor-youll-be-fine\/\" \/>\n<meta property=\"og:locale\" content=\"it_IT\" \/>\n<meta property=\"og:type\" content=\"article\" \/>\n<meta property=\"og:title\" content=\"TAYLOR, YOU&#039;LL BE FINE! - Libreria Libri parlanti\" \/>\n<meta property=\"og:description\" content=\"Autore: TAYLOR SWIFT ITALIA @TSWIFTITA Editore: FABBRI ISBN: 9788891596765\" \/>\n<meta property=\"og:url\" content=\"https:\/\/www.libriparlanti.org\/index.php\/prodotto\/taylor-youll-be-fine\/\" \/>\n<meta property=\"og:site_name\" content=\"Libreria Libri parlanti\" \/>\n<meta property=\"article:publisher\" content=\"https:\/\/www.facebook.com\/LibriParlanti\" \/>\n<meta property=\"article:modified_time\" content=\"2024-10-04T16:56:46+00:00\" \/>\n<meta property=\"og:image\" content=\"https:\/\/www.libriparlanti.org\/wp-content\/uploads\/2024\/06\/9788891596765.jpg\" \/>\n\t<meta property=\"og:image:width\" content=\"150\" \/>\n\t<meta property=\"og:image:height\" content=\"197\" \/>\n\t<meta property=\"og:image:type\" content=\"image\/jpeg\" \/>\n<meta name=\"twitter:card\" content=\"summary_large_image\" \/>\n<meta name=\"twitter:label1\" content=\"Tempo di lettura stimato\" \/>\n\t<meta name=\"twitter:data1\" content=\"1 minuto\" \/>\n<script type=\"application\/ld+json\" class=\"yoast-schema-graph\">{\"@context\":\"https:\\\/\\\/schema.org\",\"@graph\":[{\"@type\":\"WebPage\",\"@id\":\"https:\\\/\\\/www.libriparlanti.org\\\/index.php\\\/prodotto\\\/taylor-youll-be-fine\\\/\",\"url\":\"https:\\\/\\\/www.libriparlanti.org\\\/index.php\\\/prodotto\\\/taylor-youll-be-fine\\\/\",\"name\":\"TAYLOR, YOU'LL BE FINE! - Libreria Libri parlanti\",\"isPartOf\":{\"@id\":\"https:\\\/\\\/www.libriparlanti.org\\\/#website\"},\"primaryImageOfPage\":{\"@id\":\"https:\\\/\\\/www.libriparlanti.org\\\/index.php\\\/prodotto\\\/taylor-youll-be-fine\\\/#primaryimage\"},\"image\":{\"@id\":\"https:\\\/\\\/www.libriparlanti.org\\\/index.php\\\/prodotto\\\/taylor-youll-be-fine\\\/#primaryimage\"},\"thumbnailUrl\":\"https:\\\/\\\/www.libriparlanti.org\\\/wp-content\\\/uploads\\\/2024\\\/06\\\/9788891596765.jpg\",\"datePublished\":\"2024-06-10T13:28:17+00:00\",\"dateModified\":\"2024-10-04T16:56:46+00:00\",\"breadcrumb\":{\"@id\":\"https:\\\/\\\/www.libriparlanti.org\\\/index.php\\\/prodotto\\\/taylor-youll-be-fine\\\/#breadcrumb\"},\"inLanguage\":\"it-IT\",\"potentialAction\":[{\"@type\":\"ReadAction\",\"target\":[\"https:\\\/\\\/www.libriparlanti.org\\\/index.php\\\/prodotto\\\/taylor-youll-be-fine\\\/\"]}]},{\"@type\":\"ImageObject\",\"inLanguage\":\"it-IT\",\"@id\":\"https:\\\/\\\/www.libriparlanti.org\\\/index.php\\\/prodotto\\\/taylor-youll-be-fine\\\/#primaryimage\",\"url\":\"https:\\\/\\\/www.libriparlanti.org\\\/wp-content\\\/uploads\\\/2024\\\/06\\\/9788891596765.jpg\",\"contentUrl\":\"https:\\\/\\\/www.libriparlanti.org\\\/wp-content\\\/uploads\\\/2024\\\/06\\\/9788891596765.jpg\",\"width\":150,\"height\":197},{\"@type\":\"BreadcrumbList\",\"@id\":\"https:\\\/\\\/www.libriparlanti.org\\\/index.php\\\/prodotto\\\/taylor-youll-be-fine\\\/#breadcrumb\",\"itemListElement\":[{\"@type\":\"ListItem\",\"position\":1,\"name\":\"Home\",\"item\":\"https:\\\/\\\/www.libriparlanti.org\\\/\"},{\"@type\":\"ListItem\",\"position\":2,\"name\":\"Shop\",\"item\":\"https:\\\/\\\/www.libriparlanti.org\\\/index.php\\\/negozio\\\/\"},{\"@type\":\"ListItem\",\"position\":3,\"name\":\"TAYLOR, YOU&#8217;LL BE FINE!\"}]},{\"@type\":\"WebSite\",\"@id\":\"https:\\\/\\\/www.libriparlanti.org\\\/#website\",\"url\":\"https:\\\/\\\/www.libriparlanti.org\\\/\",\"name\":\"Libreria Libri parlanti\",\"description\":\"Libreria in Castiglione del Lago (Pg)\",\"potentialAction\":[{\"@type\":\"SearchAction\",\"target\":{\"@type\":\"EntryPoint\",\"urlTemplate\":\"https:\\\/\\\/www.libriparlanti.org\\\/?s={search_term_string}\"},\"query-input\":{\"@type\":\"PropertyValueSpecification\",\"valueRequired\":true,\"valueName\":\"search_term_string\"}}],\"inLanguage\":\"it-IT\"}]}<\/script>\n<!-- \/ Yoast SEO plugin. -->","yoast_head_json":{"title":"TAYLOR, YOU'LL BE FINE! - Libreria Libri parlanti","robots":{"index":"index","follow":"follow","max-snippet":"max-snippet:-1","max-image-preview":"max-image-preview:large","max-video-preview":"max-video-preview:-1"},"canonical":"https:\/\/www.libriparlanti.org\/index.php\/prodotto\/taylor-youll-be-fine\/","og_locale":"it_IT","og_type":"article","og_title":"TAYLOR, YOU'LL BE FINE! - Libreria Libri parlanti","og_description":"Autore: TAYLOR SWIFT ITALIA @TSWIFTITA Editore: FABBRI ISBN: 9788891596765","og_url":"https:\/\/www.libriparlanti.org\/index.php\/prodotto\/taylor-youll-be-fine\/","og_site_name":"Libreria Libri parlanti","article_publisher":"https:\/\/www.facebook.com\/LibriParlanti","article_modified_time":"2024-10-04T16:56:46+00:00","og_image":[{"width":150,"height":197,"url":"https:\/\/www.libriparlanti.org\/wp-content\/uploads\/2024\/06\/9788891596765.jpg","type":"image\/jpeg"}],"twitter_card":"summary_large_image","twitter_misc":{"Tempo di lettura stimato":"1 minuto"},"schema":{"@context":"https:\/\/schema.org","@graph":[{"@type":"WebPage","@id":"https:\/\/www.libriparlanti.org\/index.php\/prodotto\/taylor-youll-be-fine\/","url":"https:\/\/www.libriparlanti.org\/index.php\/prodotto\/taylor-youll-be-fine\/","name":"TAYLOR, YOU'LL BE FINE! - Libreria Libri parlanti","isPartOf":{"@id":"https:\/\/www.libriparlanti.org\/#website"},"primaryImageOfPage":{"@id":"https:\/\/www.libriparlanti.org\/index.php\/prodotto\/taylor-youll-be-fine\/#primaryimage"},"image":{"@id":"https:\/\/www.libriparlanti.org\/index.php\/prodotto\/taylor-youll-be-fine\/#primaryimage"},"thumbnailUrl":"https:\/\/www.libriparlanti.org\/wp-content\/uploads\/2024\/06\/9788891596765.jpg","datePublished":"2024-06-10T13:28:17+00:00","dateModified":"2024-10-04T16:56:46+00:00","breadcrumb":{"@id":"https:\/\/www.libriparlanti.org\/index.php\/prodotto\/taylor-youll-be-fine\/#breadcrumb"},"inLanguage":"it-IT","potentialAction":[{"@type":"ReadAction","target":["https:\/\/www.libriparlanti.org\/index.php\/prodotto\/taylor-youll-be-fine\/"]}]},{"@type":"ImageObject","inLanguage":"it-IT","@id":"https:\/\/www.libriparlanti.org\/index.php\/prodotto\/taylor-youll-be-fine\/#primaryimage","url":"https:\/\/www.libriparlanti.org\/wp-content\/uploads\/2024\/06\/9788891596765.jpg","contentUrl":"https:\/\/www.libriparlanti.org\/wp-content\/uploads\/2024\/06\/9788891596765.jpg","width":150,"height":197},{"@type":"BreadcrumbList","@id":"https:\/\/www.libriparlanti.org\/index.php\/prodotto\/taylor-youll-be-fine\/#breadcrumb","itemListElement":[{"@type":"ListItem","position":1,"name":"Home","item":"https:\/\/www.libriparlanti.org\/"},{"@type":"ListItem","position":2,"name":"Shop","item":"https:\/\/www.libriparlanti.org\/index.php\/negozio\/"},{"@type":"ListItem","position":3,"name":"TAYLOR, YOU&#8217;LL BE FINE!"}]},{"@type":"WebSite","@id":"https:\/\/www.libriparlanti.org\/#website","url":"https:\/\/www.libriparlanti.org\/","name":"Libreria Libri parlanti","description":"Libreria in Castiglione del Lago (Pg)","potentialAction":[{"@type":"SearchAction","target":{"@type":"EntryPoint","urlTemplate":"https:\/\/www.libriparlanti.org\/?s={search_term_string}"},"query-input":{"@type":"PropertyValueSpecification","valueRequired":true,"valueName":"search_term_string"}}],"inLanguage":"it-IT"}]}},"_links":{"self":[{"href":"https:\/\/www.libriparlanti.org\/index.php\/wp-json\/wp\/v2\/product\/32858","targetHints":{"allow":["GET"]}}],"collection":[{"href":"https:\/\/www.libriparlanti.org\/index.php\/wp-json\/wp\/v2\/product"}],"about":[{"href":"https:\/\/www.libriparlanti.org\/index.php\/wp-json\/wp\/v2\/types\/product"}],"replies":[{"embeddable":true,"href":"https:\/\/www.libriparlanti.org\/index.php\/wp-json\/wp\/v2\/comments?post=32858"}],"wp:featuredmedia":[{"embeddable":true,"href":"https:\/\/www.libriparlanti.org\/index.php\/wp-json\/wp\/v2\/media\/32857"}],"wp:attachment":[{"href":"https:\/\/www.libriparlanti.org\/index.php\/wp-json\/wp\/v2\/media?parent=32858"}],"wp:term":[{"taxonomy":"product_brand","embeddable":true,"href":"https:\/\/www.libriparlanti.org\/index.php\/wp-json\/wp\/v2\/product_brand?post=32858"},{"taxonomy":"product_cat","embeddable":true,"href":"https:\/\/www.libriparlanti.org\/index.php\/wp-json\/wp\/v2\/product_cat?post=32858"},{"taxonomy":"product_tag","embeddable":true,"href":"https:\/\/www.libriparlanti.org\/index.php\/wp-json\/wp\/v2\/product_tag?post=32858"}],"curies":[{"name":"wp","href":"https:\/\/api.w.org\/{rel}","templated":true}]}}