{"id":32798,"date":"2024-05-31T17:57:54","date_gmt":"2024-05-31T15:57:54","guid":{"rendered":"https:\/\/www.libriparlanti.org\/index.php\/prodotto\/il-romanzo-della-canzone-italiana\/"},"modified":"2024-06-13T19:10:44","modified_gmt":"2024-06-13T17:10:44","slug":"il-romanzo-della-canzone-italiana","status":"publish","type":"product","link":"https:\/\/www.libriparlanti.org\/index.php\/prodotto\/il-romanzo-della-canzone-italiana\/","title":{"rendered":"IL ROMANZO DELLA CANZONE ITALIANA"},"content":{"rendered":"<p>La storia dell?Italia moderna attraverso l?arte della canzone. C?\u00e8 un giorno preciso in cui tutto comincia. E? il giorno in cui Domenico Modugno appare al Festival di Sanremo con Nel blu dipinto di blu. Era il febbraio del 1958. Non solo \u00e8 il momento esatto in cui inizia la canzone moderna, ma anche il momento in cui l?Italia scopre, proprio grazie a quella canzone, di essere avviata verso una nuova era, verso un nuovo orizzonte di benessere: scopre di aver completato o quasi la ricostruzione post-bellica, di trovarsi su un balcone spalancato sull?arrivo degli anni Sessanta. Da allora e fino ai nostri giorni la canzone \u00e8 il racconto pi\u00f9 incisivo, ricco e diversificato del sentimento e delle trasformazioni del nostro Paese. Storie, testi, biografie, aneddoti sono parte di un unico emozionante racconto, il racconto dell?identit\u00e0 di un popolo che in queste canzoni si riflette e si riconosce. E che arriva alle soglie del 2000. Ogni capitolo sar\u00e0 integrato da una breve playlist di pezzi consigliati. Alla fine se ne potr\u00e0 ricavare una playlist di circa 300 pezzi che compongono la colonna sonora della nostra storia.<\/p>\n","protected":false},"excerpt":{"rendered":"<p><em>Autore:<\/em> GINO CASTALDO<br \/>\n<em>Editore:<\/em> EINAUDI<br \/>\n<em>ISBN:<\/em> 9788806235895<br \/>\n<em>Pubblicazione:<\/em> 30\/01\/2018<\/p>\n","protected":false},"featured_media":32797,"comment_status":"closed","ping_status":"closed","template":"","meta":{"_et_pb_use_builder":"","_et_pb_old_content":"","_et_gb_content_width":"","_joinchat":[]},"product_brand":[],"product_cat":[959],"product_tag":[],"class_list":{"0":"post-32798","1":"product","2":"type-product","3":"status-publish","4":"has-post-thumbnail","6":"product_cat-senza-categoria","8":"first","9":"onbackorder","10":"taxable","11":"shipping-taxable","12":"purchasable","13":"product-type-simple"},"yoast_head":"<!-- This site is optimized with the Yoast SEO plugin v27.4 - https:\/\/yoast.com\/product\/yoast-seo-wordpress\/ -->\n<title>IL ROMANZO DELLA CANZONE ITALIANA - Libreria Libri parlanti<\/title>\n<meta name=\"robots\" content=\"index, follow, max-snippet:-1, max-image-preview:large, max-video-preview:-1\" \/>\n<link rel=\"canonical\" href=\"https:\/\/www.libriparlanti.org\/index.php\/prodotto\/il-romanzo-della-canzone-italiana\/\" \/>\n<meta property=\"og:locale\" content=\"it_IT\" \/>\n<meta property=\"og:type\" content=\"article\" \/>\n<meta property=\"og:title\" content=\"IL ROMANZO DELLA CANZONE ITALIANA - Libreria Libri parlanti\" \/>\n<meta property=\"og:description\" content=\"Autore: GINO CASTALDO Editore: EINAUDI ISBN: 9788806235895 Pubblicazione: 30\/01\/2018\" \/>\n<meta property=\"og:url\" content=\"https:\/\/www.libriparlanti.org\/index.php\/prodotto\/il-romanzo-della-canzone-italiana\/\" \/>\n<meta property=\"og:site_name\" content=\"Libreria Libri parlanti\" \/>\n<meta property=\"article:publisher\" content=\"https:\/\/www.facebook.com\/LibriParlanti\" \/>\n<meta property=\"article:modified_time\" content=\"2024-06-13T17:10:44+00:00\" \/>\n<meta property=\"og:image\" content=\"https:\/\/www.libriparlanti.org\/wp-content\/uploads\/2024\/05\/9788806235895.jpg\" \/>\n\t<meta property=\"og:image:width\" content=\"179\" \/>\n\t<meta property=\"og:image:height\" content=\"281\" \/>\n\t<meta property=\"og:image:type\" content=\"image\/jpeg\" \/>\n<meta name=\"twitter:card\" content=\"summary_large_image\" \/>\n<meta name=\"twitter:label1\" content=\"Tempo di lettura stimato\" \/>\n\t<meta name=\"twitter:data1\" content=\"1 minuto\" \/>\n<script type=\"application\/ld+json\" class=\"yoast-schema-graph\">{\"@context\":\"https:\\\/\\\/schema.org\",\"@graph\":[{\"@type\":\"WebPage\",\"@id\":\"https:\\\/\\\/www.libriparlanti.org\\\/index.php\\\/prodotto\\\/il-romanzo-della-canzone-italiana\\\/\",\"url\":\"https:\\\/\\\/www.libriparlanti.org\\\/index.php\\\/prodotto\\\/il-romanzo-della-canzone-italiana\\\/\",\"name\":\"IL ROMANZO DELLA CANZONE ITALIANA - Libreria Libri parlanti\",\"isPartOf\":{\"@id\":\"https:\\\/\\\/www.libriparlanti.org\\\/#website\"},\"primaryImageOfPage\":{\"@id\":\"https:\\\/\\\/www.libriparlanti.org\\\/index.php\\\/prodotto\\\/il-romanzo-della-canzone-italiana\\\/#primaryimage\"},\"image\":{\"@id\":\"https:\\\/\\\/www.libriparlanti.org\\\/index.php\\\/prodotto\\\/il-romanzo-della-canzone-italiana\\\/#primaryimage\"},\"thumbnailUrl\":\"https:\\\/\\\/www.libriparlanti.org\\\/wp-content\\\/uploads\\\/2024\\\/05\\\/9788806235895.jpg\",\"datePublished\":\"2024-05-31T15:57:54+00:00\",\"dateModified\":\"2024-06-13T17:10:44+00:00\",\"breadcrumb\":{\"@id\":\"https:\\\/\\\/www.libriparlanti.org\\\/index.php\\\/prodotto\\\/il-romanzo-della-canzone-italiana\\\/#breadcrumb\"},\"inLanguage\":\"it-IT\",\"potentialAction\":[{\"@type\":\"ReadAction\",\"target\":[\"https:\\\/\\\/www.libriparlanti.org\\\/index.php\\\/prodotto\\\/il-romanzo-della-canzone-italiana\\\/\"]}]},{\"@type\":\"ImageObject\",\"inLanguage\":\"it-IT\",\"@id\":\"https:\\\/\\\/www.libriparlanti.org\\\/index.php\\\/prodotto\\\/il-romanzo-della-canzone-italiana\\\/#primaryimage\",\"url\":\"https:\\\/\\\/www.libriparlanti.org\\\/wp-content\\\/uploads\\\/2024\\\/05\\\/9788806235895.jpg\",\"contentUrl\":\"https:\\\/\\\/www.libriparlanti.org\\\/wp-content\\\/uploads\\\/2024\\\/05\\\/9788806235895.jpg\",\"width\":179,\"height\":281},{\"@type\":\"BreadcrumbList\",\"@id\":\"https:\\\/\\\/www.libriparlanti.org\\\/index.php\\\/prodotto\\\/il-romanzo-della-canzone-italiana\\\/#breadcrumb\",\"itemListElement\":[{\"@type\":\"ListItem\",\"position\":1,\"name\":\"Home\",\"item\":\"https:\\\/\\\/www.libriparlanti.org\\\/\"},{\"@type\":\"ListItem\",\"position\":2,\"name\":\"Shop\",\"item\":\"https:\\\/\\\/www.libriparlanti.org\\\/index.php\\\/negozio\\\/\"},{\"@type\":\"ListItem\",\"position\":3,\"name\":\"IL ROMANZO DELLA CANZONE ITALIANA\"}]},{\"@type\":\"WebSite\",\"@id\":\"https:\\\/\\\/www.libriparlanti.org\\\/#website\",\"url\":\"https:\\\/\\\/www.libriparlanti.org\\\/\",\"name\":\"Libreria Libri parlanti\",\"description\":\"Libreria in Castiglione del Lago (Pg)\",\"potentialAction\":[{\"@type\":\"SearchAction\",\"target\":{\"@type\":\"EntryPoint\",\"urlTemplate\":\"https:\\\/\\\/www.libriparlanti.org\\\/?s={search_term_string}\"},\"query-input\":{\"@type\":\"PropertyValueSpecification\",\"valueRequired\":true,\"valueName\":\"search_term_string\"}}],\"inLanguage\":\"it-IT\"}]}<\/script>\n<!-- \/ Yoast SEO plugin. -->","yoast_head_json":{"title":"IL ROMANZO DELLA CANZONE ITALIANA - Libreria Libri parlanti","robots":{"index":"index","follow":"follow","max-snippet":"max-snippet:-1","max-image-preview":"max-image-preview:large","max-video-preview":"max-video-preview:-1"},"canonical":"https:\/\/www.libriparlanti.org\/index.php\/prodotto\/il-romanzo-della-canzone-italiana\/","og_locale":"it_IT","og_type":"article","og_title":"IL ROMANZO DELLA CANZONE ITALIANA - Libreria Libri parlanti","og_description":"Autore: GINO CASTALDO Editore: EINAUDI ISBN: 9788806235895 Pubblicazione: 30\/01\/2018","og_url":"https:\/\/www.libriparlanti.org\/index.php\/prodotto\/il-romanzo-della-canzone-italiana\/","og_site_name":"Libreria Libri parlanti","article_publisher":"https:\/\/www.facebook.com\/LibriParlanti","article_modified_time":"2024-06-13T17:10:44+00:00","og_image":[{"width":179,"height":281,"url":"https:\/\/www.libriparlanti.org\/wp-content\/uploads\/2024\/05\/9788806235895.jpg","type":"image\/jpeg"}],"twitter_card":"summary_large_image","twitter_misc":{"Tempo di lettura stimato":"1 minuto"},"schema":{"@context":"https:\/\/schema.org","@graph":[{"@type":"WebPage","@id":"https:\/\/www.libriparlanti.org\/index.php\/prodotto\/il-romanzo-della-canzone-italiana\/","url":"https:\/\/www.libriparlanti.org\/index.php\/prodotto\/il-romanzo-della-canzone-italiana\/","name":"IL ROMANZO DELLA CANZONE ITALIANA - Libreria Libri parlanti","isPartOf":{"@id":"https:\/\/www.libriparlanti.org\/#website"},"primaryImageOfPage":{"@id":"https:\/\/www.libriparlanti.org\/index.php\/prodotto\/il-romanzo-della-canzone-italiana\/#primaryimage"},"image":{"@id":"https:\/\/www.libriparlanti.org\/index.php\/prodotto\/il-romanzo-della-canzone-italiana\/#primaryimage"},"thumbnailUrl":"https:\/\/www.libriparlanti.org\/wp-content\/uploads\/2024\/05\/9788806235895.jpg","datePublished":"2024-05-31T15:57:54+00:00","dateModified":"2024-06-13T17:10:44+00:00","breadcrumb":{"@id":"https:\/\/www.libriparlanti.org\/index.php\/prodotto\/il-romanzo-della-canzone-italiana\/#breadcrumb"},"inLanguage":"it-IT","potentialAction":[{"@type":"ReadAction","target":["https:\/\/www.libriparlanti.org\/index.php\/prodotto\/il-romanzo-della-canzone-italiana\/"]}]},{"@type":"ImageObject","inLanguage":"it-IT","@id":"https:\/\/www.libriparlanti.org\/index.php\/prodotto\/il-romanzo-della-canzone-italiana\/#primaryimage","url":"https:\/\/www.libriparlanti.org\/wp-content\/uploads\/2024\/05\/9788806235895.jpg","contentUrl":"https:\/\/www.libriparlanti.org\/wp-content\/uploads\/2024\/05\/9788806235895.jpg","width":179,"height":281},{"@type":"BreadcrumbList","@id":"https:\/\/www.libriparlanti.org\/index.php\/prodotto\/il-romanzo-della-canzone-italiana\/#breadcrumb","itemListElement":[{"@type":"ListItem","position":1,"name":"Home","item":"https:\/\/www.libriparlanti.org\/"},{"@type":"ListItem","position":2,"name":"Shop","item":"https:\/\/www.libriparlanti.org\/index.php\/negozio\/"},{"@type":"ListItem","position":3,"name":"IL ROMANZO DELLA CANZONE ITALIANA"}]},{"@type":"WebSite","@id":"https:\/\/www.libriparlanti.org\/#website","url":"https:\/\/www.libriparlanti.org\/","name":"Libreria Libri parlanti","description":"Libreria in Castiglione del Lago (Pg)","potentialAction":[{"@type":"SearchAction","target":{"@type":"EntryPoint","urlTemplate":"https:\/\/www.libriparlanti.org\/?s={search_term_string}"},"query-input":{"@type":"PropertyValueSpecification","valueRequired":true,"valueName":"search_term_string"}}],"inLanguage":"it-IT"}]}},"_links":{"self":[{"href":"https:\/\/www.libriparlanti.org\/index.php\/wp-json\/wp\/v2\/product\/32798","targetHints":{"allow":["GET"]}}],"collection":[{"href":"https:\/\/www.libriparlanti.org\/index.php\/wp-json\/wp\/v2\/product"}],"about":[{"href":"https:\/\/www.libriparlanti.org\/index.php\/wp-json\/wp\/v2\/types\/product"}],"replies":[{"embeddable":true,"href":"https:\/\/www.libriparlanti.org\/index.php\/wp-json\/wp\/v2\/comments?post=32798"}],"wp:featuredmedia":[{"embeddable":true,"href":"https:\/\/www.libriparlanti.org\/index.php\/wp-json\/wp\/v2\/media\/32797"}],"wp:attachment":[{"href":"https:\/\/www.libriparlanti.org\/index.php\/wp-json\/wp\/v2\/media?parent=32798"}],"wp:term":[{"taxonomy":"product_brand","embeddable":true,"href":"https:\/\/www.libriparlanti.org\/index.php\/wp-json\/wp\/v2\/product_brand?post=32798"},{"taxonomy":"product_cat","embeddable":true,"href":"https:\/\/www.libriparlanti.org\/index.php\/wp-json\/wp\/v2\/product_cat?post=32798"},{"taxonomy":"product_tag","embeddable":true,"href":"https:\/\/www.libriparlanti.org\/index.php\/wp-json\/wp\/v2\/product_tag?post=32798"}],"curies":[{"name":"wp","href":"https:\/\/api.w.org\/{rel}","templated":true}]}}