{"id":31939,"date":"2024-05-06T18:31:51","date_gmt":"2024-05-06T16:31:51","guid":{"rendered":"https:\/\/www.libriparlanti.org\/index.php\/prodotto\/guilty-drunk-in-love\/"},"modified":"2025-02-10T16:33:09","modified_gmt":"2025-02-10T14:33:09","slug":"guilty-drunk-in-love","status":"publish","type":"product","link":"https:\/\/www.libriparlanti.org\/index.php\/prodotto\/guilty-drunk-in-love\/","title":{"rendered":"GUILTY. DRUNK IN LOVE"},"content":{"rendered":"<p>Lavinia vive da sola in una casa in rovina, mentre si destreggia tra lavori part time ed esperienze dolorose. Giunta allo stremo delle forze, un giorno decide di farla finita lanciandosi da un ponte. A salvarla, mentre precipita nelle acque gelide del fiume sottostante, \u00e8 un giovane dai riccioli d&#8217;oro, Arthur. Il ragazzo sembra non avere un&#8217;identit\u00e0 n\u00e9 una famiglia, cos\u00ec Lavinia per sdebitarsi finisce per accoglierlo in casa propria. Qui lui le racconta di essere il principe di un universo parallelo e di non sapere com&#8217;\u00e8 arrivato nel nostro mondo. Costretti a convivere sotto lo stesso tetto, a poco a poco Arthur e Lavinia stringono un legame inaspettato, fra loro nasce qualcosa che nessuno dei due sa e vuole domare. Sulla loro storia incombe per\u00f2 una maledizione. Per Arthur \u00e8 arrivato il tempo di tornare a casa e proteggere il suo regno minacciato da un antico nemico. E non lo far\u00e0 senza portare Lavinia con s\u00e9.<\/p>\n","protected":false},"excerpt":{"rendered":"<p><em>Autore:<\/em> ROKIA<br \/>\n<em>Editore:<\/em> MAGAZZINI SALANI<br \/>\n<em>Collana:<\/em> FICTION<br \/>\n<em>ISBN:<\/em> 9791259573087<br \/>\n<em>Pubblicazione:<\/em> 07\/05\/2024<\/p>\n","protected":false},"featured_media":31938,"comment_status":"closed","ping_status":"closed","template":"","meta":{"_et_pb_use_builder":"","_et_pb_old_content":"","_et_gb_content_width":"","_joinchat":[]},"product_brand":[],"product_cat":[959],"product_tag":[],"class_list":{"0":"post-31939","1":"product","2":"type-product","3":"status-publish","4":"has-post-thumbnail","6":"product_cat-senza-categoria","8":"first","9":"onbackorder","10":"taxable","11":"shipping-taxable","12":"purchasable","13":"product-type-simple"},"yoast_head":"<!-- This site is optimized with the Yoast SEO plugin v27.3 - https:\/\/yoast.com\/product\/yoast-seo-wordpress\/ -->\n<title>GUILTY. DRUNK IN LOVE - Libreria Libri parlanti<\/title>\n<meta name=\"robots\" content=\"index, follow, max-snippet:-1, max-image-preview:large, max-video-preview:-1\" \/>\n<link rel=\"canonical\" href=\"https:\/\/www.libriparlanti.org\/index.php\/prodotto\/guilty-drunk-in-love\/\" \/>\n<meta property=\"og:locale\" content=\"it_IT\" \/>\n<meta property=\"og:type\" content=\"article\" \/>\n<meta property=\"og:title\" content=\"GUILTY. DRUNK IN LOVE - Libreria Libri parlanti\" \/>\n<meta property=\"og:description\" content=\"Autore: ROKIA Editore: MAGAZZINI SALANI Collana: FICTION ISBN: 9791259573087 Pubblicazione: 07\/05\/2024\" \/>\n<meta property=\"og:url\" content=\"https:\/\/www.libriparlanti.org\/index.php\/prodotto\/guilty-drunk-in-love\/\" \/>\n<meta property=\"og:site_name\" content=\"Libreria Libri parlanti\" \/>\n<meta property=\"article:publisher\" content=\"https:\/\/www.facebook.com\/LibriParlanti\" \/>\n<meta property=\"article:modified_time\" content=\"2025-02-10T14:33:09+00:00\" \/>\n<meta property=\"og:image\" content=\"https:\/\/www.libriparlanti.org\/wp-content\/uploads\/2024\/05\/9791259573087.jpg\" \/>\n\t<meta property=\"og:image:width\" content=\"150\" \/>\n\t<meta property=\"og:image:height\" content=\"228\" \/>\n\t<meta property=\"og:image:type\" content=\"image\/jpeg\" \/>\n<meta name=\"twitter:card\" content=\"summary_large_image\" \/>\n<meta name=\"twitter:label1\" content=\"Tempo di lettura stimato\" \/>\n\t<meta name=\"twitter:data1\" content=\"1 minuto\" \/>\n<script type=\"application\/ld+json\" class=\"yoast-schema-graph\">{\"@context\":\"https:\\\/\\\/schema.org\",\"@graph\":[{\"@type\":\"WebPage\",\"@id\":\"https:\\\/\\\/www.libriparlanti.org\\\/index.php\\\/prodotto\\\/guilty-drunk-in-love\\\/\",\"url\":\"https:\\\/\\\/www.libriparlanti.org\\\/index.php\\\/prodotto\\\/guilty-drunk-in-love\\\/\",\"name\":\"GUILTY. DRUNK IN LOVE - Libreria Libri parlanti\",\"isPartOf\":{\"@id\":\"https:\\\/\\\/www.libriparlanti.org\\\/#website\"},\"primaryImageOfPage\":{\"@id\":\"https:\\\/\\\/www.libriparlanti.org\\\/index.php\\\/prodotto\\\/guilty-drunk-in-love\\\/#primaryimage\"},\"image\":{\"@id\":\"https:\\\/\\\/www.libriparlanti.org\\\/index.php\\\/prodotto\\\/guilty-drunk-in-love\\\/#primaryimage\"},\"thumbnailUrl\":\"https:\\\/\\\/www.libriparlanti.org\\\/wp-content\\\/uploads\\\/2024\\\/05\\\/9791259573087.jpg\",\"datePublished\":\"2024-05-06T16:31:51+00:00\",\"dateModified\":\"2025-02-10T14:33:09+00:00\",\"breadcrumb\":{\"@id\":\"https:\\\/\\\/www.libriparlanti.org\\\/index.php\\\/prodotto\\\/guilty-drunk-in-love\\\/#breadcrumb\"},\"inLanguage\":\"it-IT\",\"potentialAction\":[{\"@type\":\"ReadAction\",\"target\":[\"https:\\\/\\\/www.libriparlanti.org\\\/index.php\\\/prodotto\\\/guilty-drunk-in-love\\\/\"]}]},{\"@type\":\"ImageObject\",\"inLanguage\":\"it-IT\",\"@id\":\"https:\\\/\\\/www.libriparlanti.org\\\/index.php\\\/prodotto\\\/guilty-drunk-in-love\\\/#primaryimage\",\"url\":\"https:\\\/\\\/www.libriparlanti.org\\\/wp-content\\\/uploads\\\/2024\\\/05\\\/9791259573087.jpg\",\"contentUrl\":\"https:\\\/\\\/www.libriparlanti.org\\\/wp-content\\\/uploads\\\/2024\\\/05\\\/9791259573087.jpg\",\"width\":150,\"height\":228},{\"@type\":\"BreadcrumbList\",\"@id\":\"https:\\\/\\\/www.libriparlanti.org\\\/index.php\\\/prodotto\\\/guilty-drunk-in-love\\\/#breadcrumb\",\"itemListElement\":[{\"@type\":\"ListItem\",\"position\":1,\"name\":\"Home\",\"item\":\"https:\\\/\\\/www.libriparlanti.org\\\/\"},{\"@type\":\"ListItem\",\"position\":2,\"name\":\"Shop\",\"item\":\"https:\\\/\\\/www.libriparlanti.org\\\/index.php\\\/negozio\\\/\"},{\"@type\":\"ListItem\",\"position\":3,\"name\":\"GUILTY. DRUNK IN LOVE\"}]},{\"@type\":\"WebSite\",\"@id\":\"https:\\\/\\\/www.libriparlanti.org\\\/#website\",\"url\":\"https:\\\/\\\/www.libriparlanti.org\\\/\",\"name\":\"Libreria Libri parlanti\",\"description\":\"Libreria in Castiglione del Lago (Pg)\",\"potentialAction\":[{\"@type\":\"SearchAction\",\"target\":{\"@type\":\"EntryPoint\",\"urlTemplate\":\"https:\\\/\\\/www.libriparlanti.org\\\/?s={search_term_string}\"},\"query-input\":{\"@type\":\"PropertyValueSpecification\",\"valueRequired\":true,\"valueName\":\"search_term_string\"}}],\"inLanguage\":\"it-IT\"}]}<\/script>\n<!-- \/ Yoast SEO plugin. -->","yoast_head_json":{"title":"GUILTY. DRUNK IN LOVE - Libreria Libri parlanti","robots":{"index":"index","follow":"follow","max-snippet":"max-snippet:-1","max-image-preview":"max-image-preview:large","max-video-preview":"max-video-preview:-1"},"canonical":"https:\/\/www.libriparlanti.org\/index.php\/prodotto\/guilty-drunk-in-love\/","og_locale":"it_IT","og_type":"article","og_title":"GUILTY. DRUNK IN LOVE - Libreria Libri parlanti","og_description":"Autore: ROKIA Editore: MAGAZZINI SALANI Collana: FICTION ISBN: 9791259573087 Pubblicazione: 07\/05\/2024","og_url":"https:\/\/www.libriparlanti.org\/index.php\/prodotto\/guilty-drunk-in-love\/","og_site_name":"Libreria Libri parlanti","article_publisher":"https:\/\/www.facebook.com\/LibriParlanti","article_modified_time":"2025-02-10T14:33:09+00:00","og_image":[{"width":150,"height":228,"url":"https:\/\/www.libriparlanti.org\/wp-content\/uploads\/2024\/05\/9791259573087.jpg","type":"image\/jpeg"}],"twitter_card":"summary_large_image","twitter_misc":{"Tempo di lettura stimato":"1 minuto"},"schema":{"@context":"https:\/\/schema.org","@graph":[{"@type":"WebPage","@id":"https:\/\/www.libriparlanti.org\/index.php\/prodotto\/guilty-drunk-in-love\/","url":"https:\/\/www.libriparlanti.org\/index.php\/prodotto\/guilty-drunk-in-love\/","name":"GUILTY. DRUNK IN LOVE - Libreria Libri parlanti","isPartOf":{"@id":"https:\/\/www.libriparlanti.org\/#website"},"primaryImageOfPage":{"@id":"https:\/\/www.libriparlanti.org\/index.php\/prodotto\/guilty-drunk-in-love\/#primaryimage"},"image":{"@id":"https:\/\/www.libriparlanti.org\/index.php\/prodotto\/guilty-drunk-in-love\/#primaryimage"},"thumbnailUrl":"https:\/\/www.libriparlanti.org\/wp-content\/uploads\/2024\/05\/9791259573087.jpg","datePublished":"2024-05-06T16:31:51+00:00","dateModified":"2025-02-10T14:33:09+00:00","breadcrumb":{"@id":"https:\/\/www.libriparlanti.org\/index.php\/prodotto\/guilty-drunk-in-love\/#breadcrumb"},"inLanguage":"it-IT","potentialAction":[{"@type":"ReadAction","target":["https:\/\/www.libriparlanti.org\/index.php\/prodotto\/guilty-drunk-in-love\/"]}]},{"@type":"ImageObject","inLanguage":"it-IT","@id":"https:\/\/www.libriparlanti.org\/index.php\/prodotto\/guilty-drunk-in-love\/#primaryimage","url":"https:\/\/www.libriparlanti.org\/wp-content\/uploads\/2024\/05\/9791259573087.jpg","contentUrl":"https:\/\/www.libriparlanti.org\/wp-content\/uploads\/2024\/05\/9791259573087.jpg","width":150,"height":228},{"@type":"BreadcrumbList","@id":"https:\/\/www.libriparlanti.org\/index.php\/prodotto\/guilty-drunk-in-love\/#breadcrumb","itemListElement":[{"@type":"ListItem","position":1,"name":"Home","item":"https:\/\/www.libriparlanti.org\/"},{"@type":"ListItem","position":2,"name":"Shop","item":"https:\/\/www.libriparlanti.org\/index.php\/negozio\/"},{"@type":"ListItem","position":3,"name":"GUILTY. DRUNK IN LOVE"}]},{"@type":"WebSite","@id":"https:\/\/www.libriparlanti.org\/#website","url":"https:\/\/www.libriparlanti.org\/","name":"Libreria Libri parlanti","description":"Libreria in Castiglione del Lago (Pg)","potentialAction":[{"@type":"SearchAction","target":{"@type":"EntryPoint","urlTemplate":"https:\/\/www.libriparlanti.org\/?s={search_term_string}"},"query-input":{"@type":"PropertyValueSpecification","valueRequired":true,"valueName":"search_term_string"}}],"inLanguage":"it-IT"}]}},"_links":{"self":[{"href":"https:\/\/www.libriparlanti.org\/index.php\/wp-json\/wp\/v2\/product\/31939","targetHints":{"allow":["GET"]}}],"collection":[{"href":"https:\/\/www.libriparlanti.org\/index.php\/wp-json\/wp\/v2\/product"}],"about":[{"href":"https:\/\/www.libriparlanti.org\/index.php\/wp-json\/wp\/v2\/types\/product"}],"replies":[{"embeddable":true,"href":"https:\/\/www.libriparlanti.org\/index.php\/wp-json\/wp\/v2\/comments?post=31939"}],"wp:featuredmedia":[{"embeddable":true,"href":"https:\/\/www.libriparlanti.org\/index.php\/wp-json\/wp\/v2\/media\/31938"}],"wp:attachment":[{"href":"https:\/\/www.libriparlanti.org\/index.php\/wp-json\/wp\/v2\/media?parent=31939"}],"wp:term":[{"taxonomy":"product_brand","embeddable":true,"href":"https:\/\/www.libriparlanti.org\/index.php\/wp-json\/wp\/v2\/product_brand?post=31939"},{"taxonomy":"product_cat","embeddable":true,"href":"https:\/\/www.libriparlanti.org\/index.php\/wp-json\/wp\/v2\/product_cat?post=31939"},{"taxonomy":"product_tag","embeddable":true,"href":"https:\/\/www.libriparlanti.org\/index.php\/wp-json\/wp\/v2\/product_tag?post=31939"}],"curies":[{"name":"wp","href":"https:\/\/api.w.org\/{rel}","templated":true}]}}