{"id":30727,"date":"2024-03-07T12:31:10","date_gmt":"2024-03-07T10:31:10","guid":{"rendered":"https:\/\/www.libriparlanti.org\/index.php\/prodotto\/io-filippo-e-lalbero-di-ciliegie\/"},"modified":"2024-10-01T12:28:30","modified_gmt":"2024-10-01T10:28:30","slug":"io-filippo-e-lalbero-di-ciliegie","status":"publish","type":"product","link":"https:\/\/www.libriparlanti.org\/index.php\/prodotto\/io-filippo-e-lalbero-di-ciliegie\/","title":{"rendered":"IO, FILIPPO E L&#8217;ALBERO DI CILIEGIE"},"content":{"rendered":"<p>Il commovente seguito de La distanza tra me e il ciliegio: Mafalda ha tredici anni ed \u00e8 cieca da quando ne aveva dieci. Ha un migliore amico, Filippo, e un gatto fedele che l&#8217;accompagna ovunque, Ottimo Turcaret. Nonostante cerchi sempre il lato positivo, stavolta \u00e8 preoccupata per suo pap\u00e0, che ha perso il lavoro ed \u00e8 ora in preda alla depressione. E poi&#8230; poi quell&#8217;orrenda compagna di scuola, Debbie, ora sembra interessata a Filippo. Lui, che le \u00e8 amico da anni, potrebbe essere la persona di cui Mafalda si sta innamorando? Nella sua vita entrano due nuovi adulti: Elsa, una giovane senzatetto, e il signor Nino, l&#8217;anziano vicino del piano di sopra, con un pessimo carattere, e una grande passione per Charles Dickens. A poco a poco, Mafalda apprende le loro storie e come anche le loro vite sono state plasmate da scelte coraggiose e difficili. Et\u00e0 di lettura: da 10 anni.<\/p>\n","protected":false},"excerpt":{"rendered":"<p><em>Autore:<\/em> PERETTI PAOLA<br \/>\n<em>Editore:<\/em> GIUNTI<br \/>\n<em>Collana:<\/em> BIBLIOTECA JUNIOR<br \/>\n<em>ISBN:<\/em> 9788809877689<br \/>\n<em>Pubblicazione:<\/em> 10\/01\/2024<\/p>\n","protected":false},"featured_media":30726,"comment_status":"closed","ping_status":"closed","template":"","meta":{"_et_pb_use_builder":"","_et_pb_old_content":"","_et_gb_content_width":"","_joinchat":[]},"product_brand":[],"product_cat":[959],"product_tag":[],"class_list":{"0":"post-30727","1":"product","2":"type-product","3":"status-publish","4":"has-post-thumbnail","6":"product_cat-senza-categoria","8":"first","9":"onbackorder","10":"taxable","11":"shipping-taxable","12":"purchasable","13":"product-type-simple"},"yoast_head":"<!-- This site is optimized with the Yoast SEO plugin v27.4 - https:\/\/yoast.com\/product\/yoast-seo-wordpress\/ -->\n<title>IO, FILIPPO E L&#039;ALBERO DI CILIEGIE - Libreria Libri parlanti<\/title>\n<meta name=\"robots\" content=\"index, follow, max-snippet:-1, max-image-preview:large, max-video-preview:-1\" \/>\n<link rel=\"canonical\" href=\"https:\/\/www.libriparlanti.org\/index.php\/prodotto\/io-filippo-e-lalbero-di-ciliegie\/\" \/>\n<meta property=\"og:locale\" content=\"it_IT\" \/>\n<meta property=\"og:type\" content=\"article\" \/>\n<meta property=\"og:title\" content=\"IO, FILIPPO E L&#039;ALBERO DI CILIEGIE - Libreria Libri parlanti\" \/>\n<meta property=\"og:description\" content=\"Autore: PERETTI PAOLA Editore: GIUNTI Collana: BIBLIOTECA JUNIOR ISBN: 9788809877689 Pubblicazione: 10\/01\/2024\" \/>\n<meta property=\"og:url\" content=\"https:\/\/www.libriparlanti.org\/index.php\/prodotto\/io-filippo-e-lalbero-di-ciliegie\/\" \/>\n<meta property=\"og:site_name\" content=\"Libreria Libri parlanti\" \/>\n<meta property=\"article:publisher\" content=\"https:\/\/www.facebook.com\/LibriParlanti\" \/>\n<meta property=\"article:modified_time\" content=\"2024-10-01T10:28:30+00:00\" \/>\n<meta property=\"og:image\" content=\"https:\/\/www.libriparlanti.org\/wp-content\/uploads\/2024\/03\/QO4YzN3gTOwgDO4cTO.jpg\" \/>\n\t<meta property=\"og:image:width\" content=\"198\" \/>\n\t<meta property=\"og:image:height\" content=\"300\" \/>\n\t<meta property=\"og:image:type\" content=\"image\/jpeg\" \/>\n<meta name=\"twitter:card\" content=\"summary_large_image\" \/>\n<meta name=\"twitter:label1\" content=\"Tempo di lettura stimato\" \/>\n\t<meta name=\"twitter:data1\" content=\"1 minuto\" \/>\n<script type=\"application\/ld+json\" class=\"yoast-schema-graph\">{\"@context\":\"https:\\\/\\\/schema.org\",\"@graph\":[{\"@type\":\"WebPage\",\"@id\":\"https:\\\/\\\/www.libriparlanti.org\\\/index.php\\\/prodotto\\\/io-filippo-e-lalbero-di-ciliegie\\\/\",\"url\":\"https:\\\/\\\/www.libriparlanti.org\\\/index.php\\\/prodotto\\\/io-filippo-e-lalbero-di-ciliegie\\\/\",\"name\":\"IO, FILIPPO E L'ALBERO DI CILIEGIE - Libreria Libri parlanti\",\"isPartOf\":{\"@id\":\"https:\\\/\\\/www.libriparlanti.org\\\/#website\"},\"primaryImageOfPage\":{\"@id\":\"https:\\\/\\\/www.libriparlanti.org\\\/index.php\\\/prodotto\\\/io-filippo-e-lalbero-di-ciliegie\\\/#primaryimage\"},\"image\":{\"@id\":\"https:\\\/\\\/www.libriparlanti.org\\\/index.php\\\/prodotto\\\/io-filippo-e-lalbero-di-ciliegie\\\/#primaryimage\"},\"thumbnailUrl\":\"https:\\\/\\\/www.libriparlanti.org\\\/wp-content\\\/uploads\\\/2024\\\/03\\\/QO4YzN3gTOwgDO4cTO.jpg\",\"datePublished\":\"2024-03-07T10:31:10+00:00\",\"dateModified\":\"2024-10-01T10:28:30+00:00\",\"breadcrumb\":{\"@id\":\"https:\\\/\\\/www.libriparlanti.org\\\/index.php\\\/prodotto\\\/io-filippo-e-lalbero-di-ciliegie\\\/#breadcrumb\"},\"inLanguage\":\"it-IT\",\"potentialAction\":[{\"@type\":\"ReadAction\",\"target\":[\"https:\\\/\\\/www.libriparlanti.org\\\/index.php\\\/prodotto\\\/io-filippo-e-lalbero-di-ciliegie\\\/\"]}]},{\"@type\":\"ImageObject\",\"inLanguage\":\"it-IT\",\"@id\":\"https:\\\/\\\/www.libriparlanti.org\\\/index.php\\\/prodotto\\\/io-filippo-e-lalbero-di-ciliegie\\\/#primaryimage\",\"url\":\"https:\\\/\\\/www.libriparlanti.org\\\/wp-content\\\/uploads\\\/2024\\\/03\\\/QO4YzN3gTOwgDO4cTO.jpg\",\"contentUrl\":\"https:\\\/\\\/www.libriparlanti.org\\\/wp-content\\\/uploads\\\/2024\\\/03\\\/QO4YzN3gTOwgDO4cTO.jpg\",\"width\":198,\"height\":300},{\"@type\":\"BreadcrumbList\",\"@id\":\"https:\\\/\\\/www.libriparlanti.org\\\/index.php\\\/prodotto\\\/io-filippo-e-lalbero-di-ciliegie\\\/#breadcrumb\",\"itemListElement\":[{\"@type\":\"ListItem\",\"position\":1,\"name\":\"Home\",\"item\":\"https:\\\/\\\/www.libriparlanti.org\\\/\"},{\"@type\":\"ListItem\",\"position\":2,\"name\":\"Shop\",\"item\":\"https:\\\/\\\/www.libriparlanti.org\\\/index.php\\\/negozio\\\/\"},{\"@type\":\"ListItem\",\"position\":3,\"name\":\"IO, FILIPPO E L&#8217;ALBERO DI CILIEGIE\"}]},{\"@type\":\"WebSite\",\"@id\":\"https:\\\/\\\/www.libriparlanti.org\\\/#website\",\"url\":\"https:\\\/\\\/www.libriparlanti.org\\\/\",\"name\":\"Libreria Libri parlanti\",\"description\":\"Libreria in Castiglione del Lago (Pg)\",\"potentialAction\":[{\"@type\":\"SearchAction\",\"target\":{\"@type\":\"EntryPoint\",\"urlTemplate\":\"https:\\\/\\\/www.libriparlanti.org\\\/?s={search_term_string}\"},\"query-input\":{\"@type\":\"PropertyValueSpecification\",\"valueRequired\":true,\"valueName\":\"search_term_string\"}}],\"inLanguage\":\"it-IT\"}]}<\/script>\n<!-- \/ Yoast SEO plugin. -->","yoast_head_json":{"title":"IO, FILIPPO E L'ALBERO DI CILIEGIE - Libreria Libri parlanti","robots":{"index":"index","follow":"follow","max-snippet":"max-snippet:-1","max-image-preview":"max-image-preview:large","max-video-preview":"max-video-preview:-1"},"canonical":"https:\/\/www.libriparlanti.org\/index.php\/prodotto\/io-filippo-e-lalbero-di-ciliegie\/","og_locale":"it_IT","og_type":"article","og_title":"IO, FILIPPO E L'ALBERO DI CILIEGIE - Libreria Libri parlanti","og_description":"Autore: PERETTI PAOLA Editore: GIUNTI Collana: BIBLIOTECA JUNIOR ISBN: 9788809877689 Pubblicazione: 10\/01\/2024","og_url":"https:\/\/www.libriparlanti.org\/index.php\/prodotto\/io-filippo-e-lalbero-di-ciliegie\/","og_site_name":"Libreria Libri parlanti","article_publisher":"https:\/\/www.facebook.com\/LibriParlanti","article_modified_time":"2024-10-01T10:28:30+00:00","og_image":[{"width":198,"height":300,"url":"https:\/\/www.libriparlanti.org\/wp-content\/uploads\/2024\/03\/QO4YzN3gTOwgDO4cTO.jpg","type":"image\/jpeg"}],"twitter_card":"summary_large_image","twitter_misc":{"Tempo di lettura stimato":"1 minuto"},"schema":{"@context":"https:\/\/schema.org","@graph":[{"@type":"WebPage","@id":"https:\/\/www.libriparlanti.org\/index.php\/prodotto\/io-filippo-e-lalbero-di-ciliegie\/","url":"https:\/\/www.libriparlanti.org\/index.php\/prodotto\/io-filippo-e-lalbero-di-ciliegie\/","name":"IO, FILIPPO E L'ALBERO DI CILIEGIE - Libreria Libri parlanti","isPartOf":{"@id":"https:\/\/www.libriparlanti.org\/#website"},"primaryImageOfPage":{"@id":"https:\/\/www.libriparlanti.org\/index.php\/prodotto\/io-filippo-e-lalbero-di-ciliegie\/#primaryimage"},"image":{"@id":"https:\/\/www.libriparlanti.org\/index.php\/prodotto\/io-filippo-e-lalbero-di-ciliegie\/#primaryimage"},"thumbnailUrl":"https:\/\/www.libriparlanti.org\/wp-content\/uploads\/2024\/03\/QO4YzN3gTOwgDO4cTO.jpg","datePublished":"2024-03-07T10:31:10+00:00","dateModified":"2024-10-01T10:28:30+00:00","breadcrumb":{"@id":"https:\/\/www.libriparlanti.org\/index.php\/prodotto\/io-filippo-e-lalbero-di-ciliegie\/#breadcrumb"},"inLanguage":"it-IT","potentialAction":[{"@type":"ReadAction","target":["https:\/\/www.libriparlanti.org\/index.php\/prodotto\/io-filippo-e-lalbero-di-ciliegie\/"]}]},{"@type":"ImageObject","inLanguage":"it-IT","@id":"https:\/\/www.libriparlanti.org\/index.php\/prodotto\/io-filippo-e-lalbero-di-ciliegie\/#primaryimage","url":"https:\/\/www.libriparlanti.org\/wp-content\/uploads\/2024\/03\/QO4YzN3gTOwgDO4cTO.jpg","contentUrl":"https:\/\/www.libriparlanti.org\/wp-content\/uploads\/2024\/03\/QO4YzN3gTOwgDO4cTO.jpg","width":198,"height":300},{"@type":"BreadcrumbList","@id":"https:\/\/www.libriparlanti.org\/index.php\/prodotto\/io-filippo-e-lalbero-di-ciliegie\/#breadcrumb","itemListElement":[{"@type":"ListItem","position":1,"name":"Home","item":"https:\/\/www.libriparlanti.org\/"},{"@type":"ListItem","position":2,"name":"Shop","item":"https:\/\/www.libriparlanti.org\/index.php\/negozio\/"},{"@type":"ListItem","position":3,"name":"IO, FILIPPO E L&#8217;ALBERO DI CILIEGIE"}]},{"@type":"WebSite","@id":"https:\/\/www.libriparlanti.org\/#website","url":"https:\/\/www.libriparlanti.org\/","name":"Libreria Libri parlanti","description":"Libreria in Castiglione del Lago (Pg)","potentialAction":[{"@type":"SearchAction","target":{"@type":"EntryPoint","urlTemplate":"https:\/\/www.libriparlanti.org\/?s={search_term_string}"},"query-input":{"@type":"PropertyValueSpecification","valueRequired":true,"valueName":"search_term_string"}}],"inLanguage":"it-IT"}]}},"_links":{"self":[{"href":"https:\/\/www.libriparlanti.org\/index.php\/wp-json\/wp\/v2\/product\/30727","targetHints":{"allow":["GET"]}}],"collection":[{"href":"https:\/\/www.libriparlanti.org\/index.php\/wp-json\/wp\/v2\/product"}],"about":[{"href":"https:\/\/www.libriparlanti.org\/index.php\/wp-json\/wp\/v2\/types\/product"}],"replies":[{"embeddable":true,"href":"https:\/\/www.libriparlanti.org\/index.php\/wp-json\/wp\/v2\/comments?post=30727"}],"wp:featuredmedia":[{"embeddable":true,"href":"https:\/\/www.libriparlanti.org\/index.php\/wp-json\/wp\/v2\/media\/30726"}],"wp:attachment":[{"href":"https:\/\/www.libriparlanti.org\/index.php\/wp-json\/wp\/v2\/media?parent=30727"}],"wp:term":[{"taxonomy":"product_brand","embeddable":true,"href":"https:\/\/www.libriparlanti.org\/index.php\/wp-json\/wp\/v2\/product_brand?post=30727"},{"taxonomy":"product_cat","embeddable":true,"href":"https:\/\/www.libriparlanti.org\/index.php\/wp-json\/wp\/v2\/product_cat?post=30727"},{"taxonomy":"product_tag","embeddable":true,"href":"https:\/\/www.libriparlanti.org\/index.php\/wp-json\/wp\/v2\/product_tag?post=30727"}],"curies":[{"name":"wp","href":"https:\/\/api.w.org\/{rel}","templated":true}]}}