{"id":28670,"date":"2023-06-29T17:09:33","date_gmt":"2023-06-29T15:09:33","guid":{"rendered":"https:\/\/www.libriparlanti.org\/index.php\/prodotto\/cose-che-teniamo-solo-per-noi\/"},"modified":"2024-03-22T13:35:47","modified_gmt":"2024-03-22T11:35:47","slug":"cose-che-teniamo-solo-per-noi","status":"publish","type":"product","link":"https:\/\/www.libriparlanti.org\/index.php\/prodotto\/cose-che-teniamo-solo-per-noi\/","title":{"rendered":"COSE CHE TENIAMO SOLO PER NOI"},"content":{"rendered":"<p>Lina arriva nella sperduta citt\u00e0 di Knockemout, in Virginia, con pi\u00f9 segreti che bagagli. Il suo obiettivo \u00e8 semplice: rimediare a uno scivolone professionale, dare un nuovo impulso alla sua carriera, e poi lasciare al pi\u00f9 presto quel remoto angolo d&#8217;America. Ma non ha fatto i conti con il nuovo vicino di casa&#8230; Nash Morgan \u00e8 un poliziotto modello. Il classico supereroe senza mantello che non si tira indietro quando si tratta di aiutare gli altri. Il problema \u00e8 che, da quando \u00e8 in convalescenza forzata per una ferita da arma da fuoco, il ragazzo d&#8217;oro ha lasciato il posto all&#8217;ombra di s\u00e9 stesso. Cinico, perseguitato dagli incubi e tormentato dagli attacchi di panico, evita con cura ogni contatto umano per nascondere la sua sofferenza. Lina, dal canto suo, \u00e8 quanto di pi\u00f9 lontano dalla classica brava ragazza della porta accanto. E sa che di un poliziotto, per quanto assurdamente sexy sia, \u00e8 meglio non fidarsi. Ma un semplice incontro sul pianerottolo di casa render\u00e0 improvvisamente sfumati i confini che si erano imposti di mantenere. E chiss\u00e0 che, nel tentativo di tenere tutti a distanza, Nash e Lina non si ritrovino molto pi\u00f9 vicini di quanto sia prudente&#8230;<\/p>\n","protected":false},"excerpt":{"rendered":"<p><em>Autore:<\/em> LUCY SCORE<br \/>\n<em>Editore:<\/em> NEWTON COMPTON<br \/>\n<em>ISBN:<\/em> 9788822774415<br \/>\n<em>Pubblicazione:<\/em> 27\/06\/2023<\/p>\n","protected":false},"featured_media":28669,"comment_status":"closed","ping_status":"closed","template":"","meta":{"_et_pb_use_builder":"","_et_pb_old_content":"","_et_gb_content_width":"","_joinchat":[]},"product_brand":[],"product_cat":[1736],"product_tag":[],"class_list":{"0":"post-28670","1":"product","2":"type-product","3":"status-publish","4":"has-post-thumbnail","6":"product_cat-narrativa","8":"first","9":"onbackorder","10":"taxable","11":"shipping-taxable","12":"purchasable","13":"product-type-simple"},"yoast_head":"<!-- This site is optimized with the Yoast SEO plugin v27.5 - https:\/\/yoast.com\/product\/yoast-seo-wordpress\/ -->\n<title>COSE CHE TENIAMO SOLO PER NOI - Libreria Libri parlanti<\/title>\n<meta name=\"robots\" content=\"index, follow, max-snippet:-1, max-image-preview:large, max-video-preview:-1\" \/>\n<link rel=\"canonical\" href=\"https:\/\/www.libriparlanti.org\/index.php\/prodotto\/cose-che-teniamo-solo-per-noi\/\" \/>\n<meta property=\"og:locale\" content=\"it_IT\" \/>\n<meta property=\"og:type\" content=\"article\" \/>\n<meta property=\"og:title\" content=\"COSE CHE TENIAMO SOLO PER NOI - Libreria Libri parlanti\" \/>\n<meta property=\"og:description\" content=\"Autore: LUCY SCORE Editore: NEWTON COMPTON ISBN: 9788822774415 Pubblicazione: 27\/06\/2023\" \/>\n<meta property=\"og:url\" content=\"https:\/\/www.libriparlanti.org\/index.php\/prodotto\/cose-che-teniamo-solo-per-noi\/\" \/>\n<meta property=\"og:site_name\" content=\"Libreria Libri parlanti\" \/>\n<meta property=\"article:publisher\" content=\"https:\/\/www.facebook.com\/LibriParlanti\" \/>\n<meta property=\"article:modified_time\" content=\"2024-03-22T11:35:47+00:00\" \/>\n<meta property=\"og:image\" content=\"https:\/\/www.libriparlanti.org\/wp-content\/uploads\/2023\/06\/9788822774415.jpg\" \/>\n\t<meta property=\"og:image:width\" content=\"180\" \/>\n\t<meta property=\"og:image:height\" content=\"280\" \/>\n\t<meta property=\"og:image:type\" content=\"image\/jpeg\" \/>\n<meta name=\"twitter:card\" content=\"summary_large_image\" \/>\n<meta name=\"twitter:label1\" content=\"Tempo di lettura stimato\" \/>\n\t<meta name=\"twitter:data1\" content=\"1 minuto\" \/>\n<script type=\"application\/ld+json\" class=\"yoast-schema-graph\">{\"@context\":\"https:\\\/\\\/schema.org\",\"@graph\":[{\"@type\":\"WebPage\",\"@id\":\"https:\\\/\\\/www.libriparlanti.org\\\/index.php\\\/prodotto\\\/cose-che-teniamo-solo-per-noi\\\/\",\"url\":\"https:\\\/\\\/www.libriparlanti.org\\\/index.php\\\/prodotto\\\/cose-che-teniamo-solo-per-noi\\\/\",\"name\":\"COSE CHE TENIAMO SOLO PER NOI - Libreria Libri parlanti\",\"isPartOf\":{\"@id\":\"https:\\\/\\\/www.libriparlanti.org\\\/#website\"},\"primaryImageOfPage\":{\"@id\":\"https:\\\/\\\/www.libriparlanti.org\\\/index.php\\\/prodotto\\\/cose-che-teniamo-solo-per-noi\\\/#primaryimage\"},\"image\":{\"@id\":\"https:\\\/\\\/www.libriparlanti.org\\\/index.php\\\/prodotto\\\/cose-che-teniamo-solo-per-noi\\\/#primaryimage\"},\"thumbnailUrl\":\"https:\\\/\\\/www.libriparlanti.org\\\/wp-content\\\/uploads\\\/2023\\\/06\\\/9788822774415.jpg\",\"datePublished\":\"2023-06-29T15:09:33+00:00\",\"dateModified\":\"2024-03-22T11:35:47+00:00\",\"breadcrumb\":{\"@id\":\"https:\\\/\\\/www.libriparlanti.org\\\/index.php\\\/prodotto\\\/cose-che-teniamo-solo-per-noi\\\/#breadcrumb\"},\"inLanguage\":\"it-IT\",\"potentialAction\":[{\"@type\":\"ReadAction\",\"target\":[\"https:\\\/\\\/www.libriparlanti.org\\\/index.php\\\/prodotto\\\/cose-che-teniamo-solo-per-noi\\\/\"]}]},{\"@type\":\"ImageObject\",\"inLanguage\":\"it-IT\",\"@id\":\"https:\\\/\\\/www.libriparlanti.org\\\/index.php\\\/prodotto\\\/cose-che-teniamo-solo-per-noi\\\/#primaryimage\",\"url\":\"https:\\\/\\\/www.libriparlanti.org\\\/wp-content\\\/uploads\\\/2023\\\/06\\\/9788822774415.jpg\",\"contentUrl\":\"https:\\\/\\\/www.libriparlanti.org\\\/wp-content\\\/uploads\\\/2023\\\/06\\\/9788822774415.jpg\",\"width\":180,\"height\":280},{\"@type\":\"BreadcrumbList\",\"@id\":\"https:\\\/\\\/www.libriparlanti.org\\\/index.php\\\/prodotto\\\/cose-che-teniamo-solo-per-noi\\\/#breadcrumb\",\"itemListElement\":[{\"@type\":\"ListItem\",\"position\":1,\"name\":\"Home\",\"item\":\"https:\\\/\\\/www.libriparlanti.org\\\/\"},{\"@type\":\"ListItem\",\"position\":2,\"name\":\"Shop\",\"item\":\"https:\\\/\\\/www.libriparlanti.org\\\/index.php\\\/negozio\\\/\"},{\"@type\":\"ListItem\",\"position\":3,\"name\":\"COSE CHE TENIAMO SOLO PER NOI\"}]},{\"@type\":\"WebSite\",\"@id\":\"https:\\\/\\\/www.libriparlanti.org\\\/#website\",\"url\":\"https:\\\/\\\/www.libriparlanti.org\\\/\",\"name\":\"Libreria Libri parlanti\",\"description\":\"Libreria in Castiglione del Lago (Pg)\",\"potentialAction\":[{\"@type\":\"SearchAction\",\"target\":{\"@type\":\"EntryPoint\",\"urlTemplate\":\"https:\\\/\\\/www.libriparlanti.org\\\/?s={search_term_string}\"},\"query-input\":{\"@type\":\"PropertyValueSpecification\",\"valueRequired\":true,\"valueName\":\"search_term_string\"}}],\"inLanguage\":\"it-IT\"}]}<\/script>\n<!-- \/ Yoast SEO plugin. -->","yoast_head_json":{"title":"COSE CHE TENIAMO SOLO PER NOI - Libreria Libri parlanti","robots":{"index":"index","follow":"follow","max-snippet":"max-snippet:-1","max-image-preview":"max-image-preview:large","max-video-preview":"max-video-preview:-1"},"canonical":"https:\/\/www.libriparlanti.org\/index.php\/prodotto\/cose-che-teniamo-solo-per-noi\/","og_locale":"it_IT","og_type":"article","og_title":"COSE CHE TENIAMO SOLO PER NOI - Libreria Libri parlanti","og_description":"Autore: LUCY SCORE Editore: NEWTON COMPTON ISBN: 9788822774415 Pubblicazione: 27\/06\/2023","og_url":"https:\/\/www.libriparlanti.org\/index.php\/prodotto\/cose-che-teniamo-solo-per-noi\/","og_site_name":"Libreria Libri parlanti","article_publisher":"https:\/\/www.facebook.com\/LibriParlanti","article_modified_time":"2024-03-22T11:35:47+00:00","og_image":[{"width":180,"height":280,"url":"https:\/\/www.libriparlanti.org\/wp-content\/uploads\/2023\/06\/9788822774415.jpg","type":"image\/jpeg"}],"twitter_card":"summary_large_image","twitter_misc":{"Tempo di lettura stimato":"1 minuto"},"schema":{"@context":"https:\/\/schema.org","@graph":[{"@type":"WebPage","@id":"https:\/\/www.libriparlanti.org\/index.php\/prodotto\/cose-che-teniamo-solo-per-noi\/","url":"https:\/\/www.libriparlanti.org\/index.php\/prodotto\/cose-che-teniamo-solo-per-noi\/","name":"COSE CHE TENIAMO SOLO PER NOI - Libreria Libri parlanti","isPartOf":{"@id":"https:\/\/www.libriparlanti.org\/#website"},"primaryImageOfPage":{"@id":"https:\/\/www.libriparlanti.org\/index.php\/prodotto\/cose-che-teniamo-solo-per-noi\/#primaryimage"},"image":{"@id":"https:\/\/www.libriparlanti.org\/index.php\/prodotto\/cose-che-teniamo-solo-per-noi\/#primaryimage"},"thumbnailUrl":"https:\/\/www.libriparlanti.org\/wp-content\/uploads\/2023\/06\/9788822774415.jpg","datePublished":"2023-06-29T15:09:33+00:00","dateModified":"2024-03-22T11:35:47+00:00","breadcrumb":{"@id":"https:\/\/www.libriparlanti.org\/index.php\/prodotto\/cose-che-teniamo-solo-per-noi\/#breadcrumb"},"inLanguage":"it-IT","potentialAction":[{"@type":"ReadAction","target":["https:\/\/www.libriparlanti.org\/index.php\/prodotto\/cose-che-teniamo-solo-per-noi\/"]}]},{"@type":"ImageObject","inLanguage":"it-IT","@id":"https:\/\/www.libriparlanti.org\/index.php\/prodotto\/cose-che-teniamo-solo-per-noi\/#primaryimage","url":"https:\/\/www.libriparlanti.org\/wp-content\/uploads\/2023\/06\/9788822774415.jpg","contentUrl":"https:\/\/www.libriparlanti.org\/wp-content\/uploads\/2023\/06\/9788822774415.jpg","width":180,"height":280},{"@type":"BreadcrumbList","@id":"https:\/\/www.libriparlanti.org\/index.php\/prodotto\/cose-che-teniamo-solo-per-noi\/#breadcrumb","itemListElement":[{"@type":"ListItem","position":1,"name":"Home","item":"https:\/\/www.libriparlanti.org\/"},{"@type":"ListItem","position":2,"name":"Shop","item":"https:\/\/www.libriparlanti.org\/index.php\/negozio\/"},{"@type":"ListItem","position":3,"name":"COSE CHE TENIAMO SOLO PER NOI"}]},{"@type":"WebSite","@id":"https:\/\/www.libriparlanti.org\/#website","url":"https:\/\/www.libriparlanti.org\/","name":"Libreria Libri parlanti","description":"Libreria in Castiglione del Lago (Pg)","potentialAction":[{"@type":"SearchAction","target":{"@type":"EntryPoint","urlTemplate":"https:\/\/www.libriparlanti.org\/?s={search_term_string}"},"query-input":{"@type":"PropertyValueSpecification","valueRequired":true,"valueName":"search_term_string"}}],"inLanguage":"it-IT"}]}},"_links":{"self":[{"href":"https:\/\/www.libriparlanti.org\/index.php\/wp-json\/wp\/v2\/product\/28670","targetHints":{"allow":["GET"]}}],"collection":[{"href":"https:\/\/www.libriparlanti.org\/index.php\/wp-json\/wp\/v2\/product"}],"about":[{"href":"https:\/\/www.libriparlanti.org\/index.php\/wp-json\/wp\/v2\/types\/product"}],"replies":[{"embeddable":true,"href":"https:\/\/www.libriparlanti.org\/index.php\/wp-json\/wp\/v2\/comments?post=28670"}],"wp:featuredmedia":[{"embeddable":true,"href":"https:\/\/www.libriparlanti.org\/index.php\/wp-json\/wp\/v2\/media\/28669"}],"wp:attachment":[{"href":"https:\/\/www.libriparlanti.org\/index.php\/wp-json\/wp\/v2\/media?parent=28670"}],"wp:term":[{"taxonomy":"product_brand","embeddable":true,"href":"https:\/\/www.libriparlanti.org\/index.php\/wp-json\/wp\/v2\/product_brand?post=28670"},{"taxonomy":"product_cat","embeddable":true,"href":"https:\/\/www.libriparlanti.org\/index.php\/wp-json\/wp\/v2\/product_cat?post=28670"},{"taxonomy":"product_tag","embeddable":true,"href":"https:\/\/www.libriparlanti.org\/index.php\/wp-json\/wp\/v2\/product_tag?post=28670"}],"curies":[{"name":"wp","href":"https:\/\/api.w.org\/{rel}","templated":true}]}}