{"id":28648,"date":"2023-06-29T16:15:55","date_gmt":"2023-06-29T14:15:55","guid":{"rendered":"https:\/\/www.libriparlanti.org\/index.php\/prodotto\/il-profanatore-di-tesori-perduti\/"},"modified":"2023-09-29T10:58:52","modified_gmt":"2023-09-29T08:58:52","slug":"il-profanatore-di-tesori-perduti","status":"publish","type":"product","link":"https:\/\/www.libriparlanti.org\/index.php\/prodotto\/il-profanatore-di-tesori-perduti\/","title":{"rendered":"IL PROFANATORE DI TESORI PERDUTI"},"content":{"rendered":"<p>Gerusalemme \u00e8 appena caduta nelle mani dei cavalieri crociati quando, in un affollato caravanserraglio vicino ai sobborghi del Cairo, giunge un uomo avvolto dal mistero. \u00c8 alla ricerca di un&#8217;antica citt\u00e0 sotto la quale ? cos\u00ec narra la leggenda ? si nasconderebbe un inestimabile tesoro. Molto poco si sa di lui, se non che il suo nome \u00e8 Sufrah e che, attraverso l&#8217;arte divinatoria della geomanzia, domina le menti umane e sottomette gli spiriti maligni. Nel viaggio lo accompagna Alif, un giovane servo dal passato di ladro, sul quale ricadranno inaspettatamente le sorti della spedizione. Raggiungere le rovine maledette di Zarzourah si riveler\u00e0 un&#8217;insidiosa caccia al tesoro, capace di attirare uno sciame di avventurieri: infidi cammellieri, spie cristiane, sicari della setta degli assassini. Ambientata nel deserto egiziano, uno dei luoghi pi\u00f9 inospitali del Medioevo, questa storia dal sapore esotico fa rivivere un mondo affascinante, in cui, attraverso personaggi dall&#8217;ammaliante bellezza, risuonano gli echi di meravigliose, antiche culture<\/p>\n","protected":false},"excerpt":{"rendered":"<p><em>Autore:<\/em> MARCELLO SIMONI<br \/>\n<em>Editore:<\/em> NEWTON COMPTON<br \/>\n<em>ISBN:<\/em> 9788822745859<br \/>\n<em>Pubblicazione:<\/em> 27\/06\/2023<\/p>\n","protected":false},"featured_media":28647,"comment_status":"closed","ping_status":"closed","template":"","meta":{"_et_pb_use_builder":"","_et_pb_old_content":"","_et_gb_content_width":"","_joinchat":[]},"product_brand":[],"product_cat":[1737],"product_tag":[],"class_list":{"0":"post-28648","1":"product","2":"type-product","3":"status-publish","4":"has-post-thumbnail","6":"product_cat-gialli-thriller","8":"first","9":"onbackorder","10":"taxable","11":"shipping-taxable","12":"purchasable","13":"product-type-simple"},"yoast_head":"<!-- This site is optimized with the Yoast SEO plugin v27.5 - https:\/\/yoast.com\/product\/yoast-seo-wordpress\/ -->\n<title>IL PROFANATORE DI TESORI PERDUTI - Libreria Libri parlanti<\/title>\n<meta name=\"robots\" content=\"index, follow, max-snippet:-1, max-image-preview:large, max-video-preview:-1\" \/>\n<link rel=\"canonical\" href=\"https:\/\/www.libriparlanti.org\/index.php\/prodotto\/il-profanatore-di-tesori-perduti\/\" \/>\n<meta property=\"og:locale\" content=\"it_IT\" \/>\n<meta property=\"og:type\" content=\"article\" \/>\n<meta property=\"og:title\" content=\"IL PROFANATORE DI TESORI PERDUTI - Libreria Libri parlanti\" \/>\n<meta property=\"og:description\" content=\"Autore: MARCELLO SIMONI Editore: NEWTON COMPTON ISBN: 9788822745859 Pubblicazione: 27\/06\/2023\" \/>\n<meta property=\"og:url\" content=\"https:\/\/www.libriparlanti.org\/index.php\/prodotto\/il-profanatore-di-tesori-perduti\/\" \/>\n<meta property=\"og:site_name\" content=\"Libreria Libri parlanti\" \/>\n<meta property=\"article:publisher\" content=\"https:\/\/www.facebook.com\/LibriParlanti\" \/>\n<meta property=\"article:modified_time\" content=\"2023-09-29T08:58:52+00:00\" \/>\n<meta property=\"og:image\" content=\"https:\/\/www.libriparlanti.org\/wp-content\/uploads\/2023\/06\/QO1gTN0cjMygDO4cTO.jpg\" \/>\n\t<meta property=\"og:image:width\" content=\"192\" \/>\n\t<meta property=\"og:image:height\" content=\"300\" \/>\n\t<meta property=\"og:image:type\" content=\"image\/jpeg\" \/>\n<meta name=\"twitter:card\" content=\"summary_large_image\" \/>\n<meta name=\"twitter:label1\" content=\"Tempo di lettura stimato\" \/>\n\t<meta name=\"twitter:data1\" content=\"1 minuto\" \/>\n<script type=\"application\/ld+json\" class=\"yoast-schema-graph\">{\"@context\":\"https:\\\/\\\/schema.org\",\"@graph\":[{\"@type\":\"WebPage\",\"@id\":\"https:\\\/\\\/www.libriparlanti.org\\\/index.php\\\/prodotto\\\/il-profanatore-di-tesori-perduti\\\/\",\"url\":\"https:\\\/\\\/www.libriparlanti.org\\\/index.php\\\/prodotto\\\/il-profanatore-di-tesori-perduti\\\/\",\"name\":\"IL PROFANATORE DI TESORI PERDUTI - Libreria Libri parlanti\",\"isPartOf\":{\"@id\":\"https:\\\/\\\/www.libriparlanti.org\\\/#website\"},\"primaryImageOfPage\":{\"@id\":\"https:\\\/\\\/www.libriparlanti.org\\\/index.php\\\/prodotto\\\/il-profanatore-di-tesori-perduti\\\/#primaryimage\"},\"image\":{\"@id\":\"https:\\\/\\\/www.libriparlanti.org\\\/index.php\\\/prodotto\\\/il-profanatore-di-tesori-perduti\\\/#primaryimage\"},\"thumbnailUrl\":\"https:\\\/\\\/www.libriparlanti.org\\\/wp-content\\\/uploads\\\/2023\\\/06\\\/QO1gTN0cjMygDO4cTO.jpg\",\"datePublished\":\"2023-06-29T14:15:55+00:00\",\"dateModified\":\"2023-09-29T08:58:52+00:00\",\"breadcrumb\":{\"@id\":\"https:\\\/\\\/www.libriparlanti.org\\\/index.php\\\/prodotto\\\/il-profanatore-di-tesori-perduti\\\/#breadcrumb\"},\"inLanguage\":\"it-IT\",\"potentialAction\":[{\"@type\":\"ReadAction\",\"target\":[\"https:\\\/\\\/www.libriparlanti.org\\\/index.php\\\/prodotto\\\/il-profanatore-di-tesori-perduti\\\/\"]}]},{\"@type\":\"ImageObject\",\"inLanguage\":\"it-IT\",\"@id\":\"https:\\\/\\\/www.libriparlanti.org\\\/index.php\\\/prodotto\\\/il-profanatore-di-tesori-perduti\\\/#primaryimage\",\"url\":\"https:\\\/\\\/www.libriparlanti.org\\\/wp-content\\\/uploads\\\/2023\\\/06\\\/QO1gTN0cjMygDO4cTO.jpg\",\"contentUrl\":\"https:\\\/\\\/www.libriparlanti.org\\\/wp-content\\\/uploads\\\/2023\\\/06\\\/QO1gTN0cjMygDO4cTO.jpg\",\"width\":192,\"height\":300},{\"@type\":\"BreadcrumbList\",\"@id\":\"https:\\\/\\\/www.libriparlanti.org\\\/index.php\\\/prodotto\\\/il-profanatore-di-tesori-perduti\\\/#breadcrumb\",\"itemListElement\":[{\"@type\":\"ListItem\",\"position\":1,\"name\":\"Home\",\"item\":\"https:\\\/\\\/www.libriparlanti.org\\\/\"},{\"@type\":\"ListItem\",\"position\":2,\"name\":\"Shop\",\"item\":\"https:\\\/\\\/www.libriparlanti.org\\\/index.php\\\/negozio\\\/\"},{\"@type\":\"ListItem\",\"position\":3,\"name\":\"IL PROFANATORE DI TESORI PERDUTI\"}]},{\"@type\":\"WebSite\",\"@id\":\"https:\\\/\\\/www.libriparlanti.org\\\/#website\",\"url\":\"https:\\\/\\\/www.libriparlanti.org\\\/\",\"name\":\"Libreria Libri parlanti\",\"description\":\"Libreria in Castiglione del Lago (Pg)\",\"potentialAction\":[{\"@type\":\"SearchAction\",\"target\":{\"@type\":\"EntryPoint\",\"urlTemplate\":\"https:\\\/\\\/www.libriparlanti.org\\\/?s={search_term_string}\"},\"query-input\":{\"@type\":\"PropertyValueSpecification\",\"valueRequired\":true,\"valueName\":\"search_term_string\"}}],\"inLanguage\":\"it-IT\"}]}<\/script>\n<!-- \/ Yoast SEO plugin. -->","yoast_head_json":{"title":"IL PROFANATORE DI TESORI PERDUTI - Libreria Libri parlanti","robots":{"index":"index","follow":"follow","max-snippet":"max-snippet:-1","max-image-preview":"max-image-preview:large","max-video-preview":"max-video-preview:-1"},"canonical":"https:\/\/www.libriparlanti.org\/index.php\/prodotto\/il-profanatore-di-tesori-perduti\/","og_locale":"it_IT","og_type":"article","og_title":"IL PROFANATORE DI TESORI PERDUTI - Libreria Libri parlanti","og_description":"Autore: MARCELLO SIMONI Editore: NEWTON COMPTON ISBN: 9788822745859 Pubblicazione: 27\/06\/2023","og_url":"https:\/\/www.libriparlanti.org\/index.php\/prodotto\/il-profanatore-di-tesori-perduti\/","og_site_name":"Libreria Libri parlanti","article_publisher":"https:\/\/www.facebook.com\/LibriParlanti","article_modified_time":"2023-09-29T08:58:52+00:00","og_image":[{"width":192,"height":300,"url":"https:\/\/www.libriparlanti.org\/wp-content\/uploads\/2023\/06\/QO1gTN0cjMygDO4cTO.jpg","type":"image\/jpeg"}],"twitter_card":"summary_large_image","twitter_misc":{"Tempo di lettura stimato":"1 minuto"},"schema":{"@context":"https:\/\/schema.org","@graph":[{"@type":"WebPage","@id":"https:\/\/www.libriparlanti.org\/index.php\/prodotto\/il-profanatore-di-tesori-perduti\/","url":"https:\/\/www.libriparlanti.org\/index.php\/prodotto\/il-profanatore-di-tesori-perduti\/","name":"IL PROFANATORE DI TESORI PERDUTI - Libreria Libri parlanti","isPartOf":{"@id":"https:\/\/www.libriparlanti.org\/#website"},"primaryImageOfPage":{"@id":"https:\/\/www.libriparlanti.org\/index.php\/prodotto\/il-profanatore-di-tesori-perduti\/#primaryimage"},"image":{"@id":"https:\/\/www.libriparlanti.org\/index.php\/prodotto\/il-profanatore-di-tesori-perduti\/#primaryimage"},"thumbnailUrl":"https:\/\/www.libriparlanti.org\/wp-content\/uploads\/2023\/06\/QO1gTN0cjMygDO4cTO.jpg","datePublished":"2023-06-29T14:15:55+00:00","dateModified":"2023-09-29T08:58:52+00:00","breadcrumb":{"@id":"https:\/\/www.libriparlanti.org\/index.php\/prodotto\/il-profanatore-di-tesori-perduti\/#breadcrumb"},"inLanguage":"it-IT","potentialAction":[{"@type":"ReadAction","target":["https:\/\/www.libriparlanti.org\/index.php\/prodotto\/il-profanatore-di-tesori-perduti\/"]}]},{"@type":"ImageObject","inLanguage":"it-IT","@id":"https:\/\/www.libriparlanti.org\/index.php\/prodotto\/il-profanatore-di-tesori-perduti\/#primaryimage","url":"https:\/\/www.libriparlanti.org\/wp-content\/uploads\/2023\/06\/QO1gTN0cjMygDO4cTO.jpg","contentUrl":"https:\/\/www.libriparlanti.org\/wp-content\/uploads\/2023\/06\/QO1gTN0cjMygDO4cTO.jpg","width":192,"height":300},{"@type":"BreadcrumbList","@id":"https:\/\/www.libriparlanti.org\/index.php\/prodotto\/il-profanatore-di-tesori-perduti\/#breadcrumb","itemListElement":[{"@type":"ListItem","position":1,"name":"Home","item":"https:\/\/www.libriparlanti.org\/"},{"@type":"ListItem","position":2,"name":"Shop","item":"https:\/\/www.libriparlanti.org\/index.php\/negozio\/"},{"@type":"ListItem","position":3,"name":"IL PROFANATORE DI TESORI PERDUTI"}]},{"@type":"WebSite","@id":"https:\/\/www.libriparlanti.org\/#website","url":"https:\/\/www.libriparlanti.org\/","name":"Libreria Libri parlanti","description":"Libreria in Castiglione del Lago (Pg)","potentialAction":[{"@type":"SearchAction","target":{"@type":"EntryPoint","urlTemplate":"https:\/\/www.libriparlanti.org\/?s={search_term_string}"},"query-input":{"@type":"PropertyValueSpecification","valueRequired":true,"valueName":"search_term_string"}}],"inLanguage":"it-IT"}]}},"_links":{"self":[{"href":"https:\/\/www.libriparlanti.org\/index.php\/wp-json\/wp\/v2\/product\/28648","targetHints":{"allow":["GET"]}}],"collection":[{"href":"https:\/\/www.libriparlanti.org\/index.php\/wp-json\/wp\/v2\/product"}],"about":[{"href":"https:\/\/www.libriparlanti.org\/index.php\/wp-json\/wp\/v2\/types\/product"}],"replies":[{"embeddable":true,"href":"https:\/\/www.libriparlanti.org\/index.php\/wp-json\/wp\/v2\/comments?post=28648"}],"wp:featuredmedia":[{"embeddable":true,"href":"https:\/\/www.libriparlanti.org\/index.php\/wp-json\/wp\/v2\/media\/28647"}],"wp:attachment":[{"href":"https:\/\/www.libriparlanti.org\/index.php\/wp-json\/wp\/v2\/media?parent=28648"}],"wp:term":[{"taxonomy":"product_brand","embeddable":true,"href":"https:\/\/www.libriparlanti.org\/index.php\/wp-json\/wp\/v2\/product_brand?post=28648"},{"taxonomy":"product_cat","embeddable":true,"href":"https:\/\/www.libriparlanti.org\/index.php\/wp-json\/wp\/v2\/product_cat?post=28648"},{"taxonomy":"product_tag","embeddable":true,"href":"https:\/\/www.libriparlanti.org\/index.php\/wp-json\/wp\/v2\/product_tag?post=28648"}],"curies":[{"name":"wp","href":"https:\/\/api.w.org\/{rel}","templated":true}]}}