{"id":28174,"date":"2023-06-09T19:19:37","date_gmt":"2023-06-09T17:19:37","guid":{"rendered":"https:\/\/www.libriparlanti.org\/index.php\/prodotto\/la-donna-che-rise-di-dio\/"},"modified":"2024-01-10T18:45:42","modified_gmt":"2024-01-10T16:45:42","slug":"la-donna-che-rise-di-dio","status":"publish","type":"product","link":"https:\/\/www.libriparlanti.org\/index.php\/prodotto\/la-donna-che-rise-di-dio\/","title":{"rendered":"LA DONNA CHE RISE DI DIO"},"content":{"rendered":"<p>Pu\u00f2 sembrare incredibile ma nella Bibbia, quando Dio sceglie una persona per affidarle una missione, si tratta quasi sempre della persona pi\u00f9 sbagliata che si possa immaginare. Ordina a una coppia anziana e sterile di generare un popolo, chiama a s\u00e9 un balbuziente perch\u00e9 diventi oratore e profeta, mette giustizia e verit\u00e0 nelle mani di ladroni e prostitute. Le figure pi\u00f9 venerabili dell&#8217;Antico Testamento, come Abramo, Mos\u00e8, Davide e Salomone, sono in realt\u00e0 segnate da una moltitudine di colpe, destinate a coprirsi di ridicolo. Dio stesso, il pi\u00f9 delle volte, si rivela inaffidabile: dice una cosa e poi ne fa un&#8217;altra, prende decisioni di cui presto si pente, compie un&#8217;azione per poi tornare precipitosamente sui suoi passi. Qual \u00e8 il senso di tutto questo? Ce lo racconta Mercadini, come solo lui sa fare. Trascinandoci in una carrellata di prescelti improbabili, ci guida tra le pagine ardenti delle Scritture e ci invita a riflettere sulla lezione che si nasconde in ciascun versetto: se ti trovi di fronte a un&#8217;impresa per cui ti senti impreparato, inadatto, troppo piccolo, non disperare. Perch\u00e9 nessuno, per quanto possa esserne convinto, pu\u00f2 davvero conoscere la volont\u00e0 divina. E magari Dio, dovendo scegliere uno fra tutti, sceglierebbe proprio te.<\/p>\n","protected":false},"excerpt":{"rendered":"<p><em>Autore:<\/em> ROBERTO MERCADINI<br \/>\n<em>Editore:<\/em> RIZZOLI<br \/>\n<em>ISBN:<\/em> 9788817175494<\/p>\n","protected":false},"featured_media":28173,"comment_status":"closed","ping_status":"closed","template":"","meta":{"_et_pb_use_builder":"","_et_pb_old_content":"","_et_gb_content_width":"","_joinchat":[]},"product_brand":[],"product_cat":[959],"product_tag":[],"class_list":{"0":"post-28174","1":"product","2":"type-product","3":"status-publish","4":"has-post-thumbnail","6":"product_cat-senza-categoria","8":"first","9":"onbackorder","10":"taxable","11":"shipping-taxable","12":"purchasable","13":"product-type-simple"},"yoast_head":"<!-- This site is optimized with the Yoast SEO plugin v27.3 - https:\/\/yoast.com\/product\/yoast-seo-wordpress\/ -->\n<title>LA DONNA CHE RISE DI DIO - Libreria Libri parlanti<\/title>\n<meta name=\"robots\" content=\"index, follow, max-snippet:-1, max-image-preview:large, max-video-preview:-1\" \/>\n<link rel=\"canonical\" href=\"https:\/\/www.libriparlanti.org\/index.php\/prodotto\/la-donna-che-rise-di-dio\/\" \/>\n<meta property=\"og:locale\" content=\"it_IT\" \/>\n<meta property=\"og:type\" content=\"article\" \/>\n<meta property=\"og:title\" content=\"LA DONNA CHE RISE DI DIO - Libreria Libri parlanti\" \/>\n<meta property=\"og:description\" content=\"Autore: ROBERTO MERCADINI Editore: RIZZOLI ISBN: 9788817175494\" \/>\n<meta property=\"og:url\" content=\"https:\/\/www.libriparlanti.org\/index.php\/prodotto\/la-donna-che-rise-di-dio\/\" \/>\n<meta property=\"og:site_name\" content=\"Libreria Libri parlanti\" \/>\n<meta property=\"article:publisher\" content=\"https:\/\/www.facebook.com\/LibriParlanti\" \/>\n<meta property=\"article:modified_time\" content=\"2024-01-10T16:45:42+00:00\" \/>\n<meta property=\"og:image\" content=\"https:\/\/www.libriparlanti.org\/wp-content\/uploads\/2023\/06\/9788817175494.jpg\" \/>\n\t<meta property=\"og:image:width\" content=\"181\" \/>\n\t<meta property=\"og:image:height\" content=\"278\" \/>\n\t<meta property=\"og:image:type\" content=\"image\/jpeg\" \/>\n<meta name=\"twitter:card\" content=\"summary_large_image\" \/>\n<meta name=\"twitter:label1\" content=\"Tempo di lettura stimato\" \/>\n\t<meta name=\"twitter:data1\" content=\"1 minuto\" \/>\n<script type=\"application\/ld+json\" class=\"yoast-schema-graph\">{\"@context\":\"https:\\\/\\\/schema.org\",\"@graph\":[{\"@type\":\"WebPage\",\"@id\":\"https:\\\/\\\/www.libriparlanti.org\\\/index.php\\\/prodotto\\\/la-donna-che-rise-di-dio\\\/\",\"url\":\"https:\\\/\\\/www.libriparlanti.org\\\/index.php\\\/prodotto\\\/la-donna-che-rise-di-dio\\\/\",\"name\":\"LA DONNA CHE RISE DI DIO - Libreria Libri parlanti\",\"isPartOf\":{\"@id\":\"https:\\\/\\\/www.libriparlanti.org\\\/#website\"},\"primaryImageOfPage\":{\"@id\":\"https:\\\/\\\/www.libriparlanti.org\\\/index.php\\\/prodotto\\\/la-donna-che-rise-di-dio\\\/#primaryimage\"},\"image\":{\"@id\":\"https:\\\/\\\/www.libriparlanti.org\\\/index.php\\\/prodotto\\\/la-donna-che-rise-di-dio\\\/#primaryimage\"},\"thumbnailUrl\":\"https:\\\/\\\/www.libriparlanti.org\\\/wp-content\\\/uploads\\\/2023\\\/06\\\/9788817175494.jpg\",\"datePublished\":\"2023-06-09T17:19:37+00:00\",\"dateModified\":\"2024-01-10T16:45:42+00:00\",\"breadcrumb\":{\"@id\":\"https:\\\/\\\/www.libriparlanti.org\\\/index.php\\\/prodotto\\\/la-donna-che-rise-di-dio\\\/#breadcrumb\"},\"inLanguage\":\"it-IT\",\"potentialAction\":[{\"@type\":\"ReadAction\",\"target\":[\"https:\\\/\\\/www.libriparlanti.org\\\/index.php\\\/prodotto\\\/la-donna-che-rise-di-dio\\\/\"]}]},{\"@type\":\"ImageObject\",\"inLanguage\":\"it-IT\",\"@id\":\"https:\\\/\\\/www.libriparlanti.org\\\/index.php\\\/prodotto\\\/la-donna-che-rise-di-dio\\\/#primaryimage\",\"url\":\"https:\\\/\\\/www.libriparlanti.org\\\/wp-content\\\/uploads\\\/2023\\\/06\\\/9788817175494.jpg\",\"contentUrl\":\"https:\\\/\\\/www.libriparlanti.org\\\/wp-content\\\/uploads\\\/2023\\\/06\\\/9788817175494.jpg\",\"width\":181,\"height\":278},{\"@type\":\"BreadcrumbList\",\"@id\":\"https:\\\/\\\/www.libriparlanti.org\\\/index.php\\\/prodotto\\\/la-donna-che-rise-di-dio\\\/#breadcrumb\",\"itemListElement\":[{\"@type\":\"ListItem\",\"position\":1,\"name\":\"Home\",\"item\":\"https:\\\/\\\/www.libriparlanti.org\\\/\"},{\"@type\":\"ListItem\",\"position\":2,\"name\":\"Shop\",\"item\":\"https:\\\/\\\/www.libriparlanti.org\\\/index.php\\\/negozio\\\/\"},{\"@type\":\"ListItem\",\"position\":3,\"name\":\"LA DONNA CHE RISE DI DIO\"}]},{\"@type\":\"WebSite\",\"@id\":\"https:\\\/\\\/www.libriparlanti.org\\\/#website\",\"url\":\"https:\\\/\\\/www.libriparlanti.org\\\/\",\"name\":\"Libreria Libri parlanti\",\"description\":\"Libreria in Castiglione del Lago (Pg)\",\"potentialAction\":[{\"@type\":\"SearchAction\",\"target\":{\"@type\":\"EntryPoint\",\"urlTemplate\":\"https:\\\/\\\/www.libriparlanti.org\\\/?s={search_term_string}\"},\"query-input\":{\"@type\":\"PropertyValueSpecification\",\"valueRequired\":true,\"valueName\":\"search_term_string\"}}],\"inLanguage\":\"it-IT\"}]}<\/script>\n<!-- \/ Yoast SEO plugin. -->","yoast_head_json":{"title":"LA DONNA CHE RISE DI DIO - Libreria Libri parlanti","robots":{"index":"index","follow":"follow","max-snippet":"max-snippet:-1","max-image-preview":"max-image-preview:large","max-video-preview":"max-video-preview:-1"},"canonical":"https:\/\/www.libriparlanti.org\/index.php\/prodotto\/la-donna-che-rise-di-dio\/","og_locale":"it_IT","og_type":"article","og_title":"LA DONNA CHE RISE DI DIO - Libreria Libri parlanti","og_description":"Autore: ROBERTO MERCADINI Editore: RIZZOLI ISBN: 9788817175494","og_url":"https:\/\/www.libriparlanti.org\/index.php\/prodotto\/la-donna-che-rise-di-dio\/","og_site_name":"Libreria Libri parlanti","article_publisher":"https:\/\/www.facebook.com\/LibriParlanti","article_modified_time":"2024-01-10T16:45:42+00:00","og_image":[{"width":181,"height":278,"url":"https:\/\/www.libriparlanti.org\/wp-content\/uploads\/2023\/06\/9788817175494.jpg","type":"image\/jpeg"}],"twitter_card":"summary_large_image","twitter_misc":{"Tempo di lettura stimato":"1 minuto"},"schema":{"@context":"https:\/\/schema.org","@graph":[{"@type":"WebPage","@id":"https:\/\/www.libriparlanti.org\/index.php\/prodotto\/la-donna-che-rise-di-dio\/","url":"https:\/\/www.libriparlanti.org\/index.php\/prodotto\/la-donna-che-rise-di-dio\/","name":"LA DONNA CHE RISE DI DIO - Libreria Libri parlanti","isPartOf":{"@id":"https:\/\/www.libriparlanti.org\/#website"},"primaryImageOfPage":{"@id":"https:\/\/www.libriparlanti.org\/index.php\/prodotto\/la-donna-che-rise-di-dio\/#primaryimage"},"image":{"@id":"https:\/\/www.libriparlanti.org\/index.php\/prodotto\/la-donna-che-rise-di-dio\/#primaryimage"},"thumbnailUrl":"https:\/\/www.libriparlanti.org\/wp-content\/uploads\/2023\/06\/9788817175494.jpg","datePublished":"2023-06-09T17:19:37+00:00","dateModified":"2024-01-10T16:45:42+00:00","breadcrumb":{"@id":"https:\/\/www.libriparlanti.org\/index.php\/prodotto\/la-donna-che-rise-di-dio\/#breadcrumb"},"inLanguage":"it-IT","potentialAction":[{"@type":"ReadAction","target":["https:\/\/www.libriparlanti.org\/index.php\/prodotto\/la-donna-che-rise-di-dio\/"]}]},{"@type":"ImageObject","inLanguage":"it-IT","@id":"https:\/\/www.libriparlanti.org\/index.php\/prodotto\/la-donna-che-rise-di-dio\/#primaryimage","url":"https:\/\/www.libriparlanti.org\/wp-content\/uploads\/2023\/06\/9788817175494.jpg","contentUrl":"https:\/\/www.libriparlanti.org\/wp-content\/uploads\/2023\/06\/9788817175494.jpg","width":181,"height":278},{"@type":"BreadcrumbList","@id":"https:\/\/www.libriparlanti.org\/index.php\/prodotto\/la-donna-che-rise-di-dio\/#breadcrumb","itemListElement":[{"@type":"ListItem","position":1,"name":"Home","item":"https:\/\/www.libriparlanti.org\/"},{"@type":"ListItem","position":2,"name":"Shop","item":"https:\/\/www.libriparlanti.org\/index.php\/negozio\/"},{"@type":"ListItem","position":3,"name":"LA DONNA CHE RISE DI DIO"}]},{"@type":"WebSite","@id":"https:\/\/www.libriparlanti.org\/#website","url":"https:\/\/www.libriparlanti.org\/","name":"Libreria Libri parlanti","description":"Libreria in Castiglione del Lago (Pg)","potentialAction":[{"@type":"SearchAction","target":{"@type":"EntryPoint","urlTemplate":"https:\/\/www.libriparlanti.org\/?s={search_term_string}"},"query-input":{"@type":"PropertyValueSpecification","valueRequired":true,"valueName":"search_term_string"}}],"inLanguage":"it-IT"}]}},"_links":{"self":[{"href":"https:\/\/www.libriparlanti.org\/index.php\/wp-json\/wp\/v2\/product\/28174","targetHints":{"allow":["GET"]}}],"collection":[{"href":"https:\/\/www.libriparlanti.org\/index.php\/wp-json\/wp\/v2\/product"}],"about":[{"href":"https:\/\/www.libriparlanti.org\/index.php\/wp-json\/wp\/v2\/types\/product"}],"replies":[{"embeddable":true,"href":"https:\/\/www.libriparlanti.org\/index.php\/wp-json\/wp\/v2\/comments?post=28174"}],"wp:featuredmedia":[{"embeddable":true,"href":"https:\/\/www.libriparlanti.org\/index.php\/wp-json\/wp\/v2\/media\/28173"}],"wp:attachment":[{"href":"https:\/\/www.libriparlanti.org\/index.php\/wp-json\/wp\/v2\/media?parent=28174"}],"wp:term":[{"taxonomy":"product_brand","embeddable":true,"href":"https:\/\/www.libriparlanti.org\/index.php\/wp-json\/wp\/v2\/product_brand?post=28174"},{"taxonomy":"product_cat","embeddable":true,"href":"https:\/\/www.libriparlanti.org\/index.php\/wp-json\/wp\/v2\/product_cat?post=28174"},{"taxonomy":"product_tag","embeddable":true,"href":"https:\/\/www.libriparlanti.org\/index.php\/wp-json\/wp\/v2\/product_tag?post=28174"}],"curies":[{"name":"wp","href":"https:\/\/api.w.org\/{rel}","templated":true}]}}