{"id":28015,"date":"2023-06-05T15:51:21","date_gmt":"2023-06-05T13:51:21","guid":{"rendered":"https:\/\/www.libriparlanti.org\/index.php\/prodotto\/prima-del-diluvio\/"},"modified":"2023-10-03T13:15:47","modified_gmt":"2023-10-03T11:15:47","slug":"prima-del-diluvio","status":"publish","type":"product","link":"https:\/\/www.libriparlanti.org\/index.php\/prodotto\/prima-del-diluvio\/","title":{"rendered":"PRIMA DEL DILUVIO"},"content":{"rendered":"<p>Glasgow. Alla fine degli anni Sessanta un uomo ribattezzato dalla stampa ?Bible John? uccise tre giovani donne, tutte con caratteristiche fisiche simili, adescate in un club notturno della citt\u00e0. L&#8217;assassino si presentava con un volto pulito e le carte giuste per convincere una ragazza a passare del tempo con lui, per poi stringerla nel suo abbraccio mortale. Non verr\u00e0 mai arrestato. Quindici anni dopo Bible affolla ancora le pagine di cronaca nera, perch\u00e9 ogni tanto capita che un delitto mostri proprio la sua impronta. E l&#8217;investigatore Noah Scott Sherrington ne \u00e8 ossessionato, convinto com&#8217;\u00e8 di poterlo trovare, anche se nessuno ci scommette pi\u00f9. Ma non importa. La caccia non si deve fermare e in una notte di pioggia, sulla sponda limacciosa di un lago, Sherrington \u00e8 davvero a un passo da lui, poi il cuore ha un&#8217;esitazione, cede, e l&#8217;investigatore non pu\u00f2 andare oltre. Noah \u00e8 cardiopatico e non dovrebbe condurre questo tipo di indagini. Eppure \u00e8 solo da qui che la corsa per catturare il serial killer accelera e approda a Bilbao, dove sembra che Bible sia fuggito a bordo di un cargo partito dalla Scozia. \u00c8 il 1983 e la citt\u00e0 ignora ci\u00f2 che si sta preparando: sono i giorni prima del diluvio, o meglio di un&#8217;alluvione che metter\u00e0 in ginocchio una popolazione intera, ed \u00e8 in queste ore che Sherrington e Bible consumeranno, forse, il loro ultimo duello.<\/p>\n","protected":false},"excerpt":{"rendered":"<p><em>Autore:<\/em> DOLORES REDONDO<br \/>\n<em>Editore:<\/em> RIZZOLI<br \/>\n<em>ISBN:<\/em> 9788817175883<\/p>\n","protected":false},"featured_media":0,"comment_status":"closed","ping_status":"closed","template":"","meta":{"_et_pb_use_builder":"","_et_pb_old_content":"","_et_gb_content_width":"","_joinchat":[]},"product_brand":[],"product_cat":[1737],"product_tag":[],"class_list":{"0":"post-28015","1":"product","2":"type-product","3":"status-publish","5":"product_cat-gialli-thriller","7":"first","8":"onbackorder","9":"taxable","10":"shipping-taxable","11":"purchasable","12":"product-type-simple"},"yoast_head":"<!-- This site is optimized with the Yoast SEO plugin v27.5 - https:\/\/yoast.com\/product\/yoast-seo-wordpress\/ -->\n<title>PRIMA DEL DILUVIO - Libreria Libri parlanti<\/title>\n<meta name=\"robots\" content=\"index, follow, max-snippet:-1, max-image-preview:large, max-video-preview:-1\" \/>\n<link rel=\"canonical\" href=\"https:\/\/www.libriparlanti.org\/index.php\/prodotto\/prima-del-diluvio\/\" \/>\n<meta property=\"og:locale\" content=\"it_IT\" \/>\n<meta property=\"og:type\" content=\"article\" \/>\n<meta property=\"og:title\" content=\"PRIMA DEL DILUVIO - Libreria Libri parlanti\" \/>\n<meta property=\"og:description\" content=\"Autore: DOLORES REDONDO Editore: RIZZOLI ISBN: 9788817175883\" \/>\n<meta property=\"og:url\" content=\"https:\/\/www.libriparlanti.org\/index.php\/prodotto\/prima-del-diluvio\/\" \/>\n<meta property=\"og:site_name\" content=\"Libreria Libri parlanti\" \/>\n<meta property=\"article:publisher\" content=\"https:\/\/www.facebook.com\/LibriParlanti\" \/>\n<meta property=\"article:modified_time\" content=\"2023-10-03T11:15:47+00:00\" \/>\n<meta name=\"twitter:card\" content=\"summary_large_image\" \/>\n<meta name=\"twitter:label1\" content=\"Tempo di lettura stimato\" \/>\n\t<meta name=\"twitter:data1\" content=\"1 minuto\" \/>\n<script type=\"application\/ld+json\" class=\"yoast-schema-graph\">{\"@context\":\"https:\\\/\\\/schema.org\",\"@graph\":[{\"@type\":\"WebPage\",\"@id\":\"https:\\\/\\\/www.libriparlanti.org\\\/index.php\\\/prodotto\\\/prima-del-diluvio\\\/\",\"url\":\"https:\\\/\\\/www.libriparlanti.org\\\/index.php\\\/prodotto\\\/prima-del-diluvio\\\/\",\"name\":\"PRIMA DEL DILUVIO - Libreria Libri parlanti\",\"isPartOf\":{\"@id\":\"https:\\\/\\\/www.libriparlanti.org\\\/#website\"},\"datePublished\":\"2023-06-05T13:51:21+00:00\",\"dateModified\":\"2023-10-03T11:15:47+00:00\",\"breadcrumb\":{\"@id\":\"https:\\\/\\\/www.libriparlanti.org\\\/index.php\\\/prodotto\\\/prima-del-diluvio\\\/#breadcrumb\"},\"inLanguage\":\"it-IT\",\"potentialAction\":[{\"@type\":\"ReadAction\",\"target\":[\"https:\\\/\\\/www.libriparlanti.org\\\/index.php\\\/prodotto\\\/prima-del-diluvio\\\/\"]}]},{\"@type\":\"BreadcrumbList\",\"@id\":\"https:\\\/\\\/www.libriparlanti.org\\\/index.php\\\/prodotto\\\/prima-del-diluvio\\\/#breadcrumb\",\"itemListElement\":[{\"@type\":\"ListItem\",\"position\":1,\"name\":\"Home\",\"item\":\"https:\\\/\\\/www.libriparlanti.org\\\/\"},{\"@type\":\"ListItem\",\"position\":2,\"name\":\"Shop\",\"item\":\"https:\\\/\\\/www.libriparlanti.org\\\/index.php\\\/negozio\\\/\"},{\"@type\":\"ListItem\",\"position\":3,\"name\":\"PRIMA DEL DILUVIO\"}]},{\"@type\":\"WebSite\",\"@id\":\"https:\\\/\\\/www.libriparlanti.org\\\/#website\",\"url\":\"https:\\\/\\\/www.libriparlanti.org\\\/\",\"name\":\"Libreria Libri parlanti\",\"description\":\"Libreria in Castiglione del Lago (Pg)\",\"potentialAction\":[{\"@type\":\"SearchAction\",\"target\":{\"@type\":\"EntryPoint\",\"urlTemplate\":\"https:\\\/\\\/www.libriparlanti.org\\\/?s={search_term_string}\"},\"query-input\":{\"@type\":\"PropertyValueSpecification\",\"valueRequired\":true,\"valueName\":\"search_term_string\"}}],\"inLanguage\":\"it-IT\"}]}<\/script>\n<!-- \/ Yoast SEO plugin. -->","yoast_head_json":{"title":"PRIMA DEL DILUVIO - Libreria Libri parlanti","robots":{"index":"index","follow":"follow","max-snippet":"max-snippet:-1","max-image-preview":"max-image-preview:large","max-video-preview":"max-video-preview:-1"},"canonical":"https:\/\/www.libriparlanti.org\/index.php\/prodotto\/prima-del-diluvio\/","og_locale":"it_IT","og_type":"article","og_title":"PRIMA DEL DILUVIO - Libreria Libri parlanti","og_description":"Autore: DOLORES REDONDO Editore: RIZZOLI ISBN: 9788817175883","og_url":"https:\/\/www.libriparlanti.org\/index.php\/prodotto\/prima-del-diluvio\/","og_site_name":"Libreria Libri parlanti","article_publisher":"https:\/\/www.facebook.com\/LibriParlanti","article_modified_time":"2023-10-03T11:15:47+00:00","twitter_card":"summary_large_image","twitter_misc":{"Tempo di lettura stimato":"1 minuto"},"schema":{"@context":"https:\/\/schema.org","@graph":[{"@type":"WebPage","@id":"https:\/\/www.libriparlanti.org\/index.php\/prodotto\/prima-del-diluvio\/","url":"https:\/\/www.libriparlanti.org\/index.php\/prodotto\/prima-del-diluvio\/","name":"PRIMA DEL DILUVIO - Libreria Libri parlanti","isPartOf":{"@id":"https:\/\/www.libriparlanti.org\/#website"},"datePublished":"2023-06-05T13:51:21+00:00","dateModified":"2023-10-03T11:15:47+00:00","breadcrumb":{"@id":"https:\/\/www.libriparlanti.org\/index.php\/prodotto\/prima-del-diluvio\/#breadcrumb"},"inLanguage":"it-IT","potentialAction":[{"@type":"ReadAction","target":["https:\/\/www.libriparlanti.org\/index.php\/prodotto\/prima-del-diluvio\/"]}]},{"@type":"BreadcrumbList","@id":"https:\/\/www.libriparlanti.org\/index.php\/prodotto\/prima-del-diluvio\/#breadcrumb","itemListElement":[{"@type":"ListItem","position":1,"name":"Home","item":"https:\/\/www.libriparlanti.org\/"},{"@type":"ListItem","position":2,"name":"Shop","item":"https:\/\/www.libriparlanti.org\/index.php\/negozio\/"},{"@type":"ListItem","position":3,"name":"PRIMA DEL DILUVIO"}]},{"@type":"WebSite","@id":"https:\/\/www.libriparlanti.org\/#website","url":"https:\/\/www.libriparlanti.org\/","name":"Libreria Libri parlanti","description":"Libreria in Castiglione del Lago (Pg)","potentialAction":[{"@type":"SearchAction","target":{"@type":"EntryPoint","urlTemplate":"https:\/\/www.libriparlanti.org\/?s={search_term_string}"},"query-input":{"@type":"PropertyValueSpecification","valueRequired":true,"valueName":"search_term_string"}}],"inLanguage":"it-IT"}]}},"_links":{"self":[{"href":"https:\/\/www.libriparlanti.org\/index.php\/wp-json\/wp\/v2\/product\/28015","targetHints":{"allow":["GET"]}}],"collection":[{"href":"https:\/\/www.libriparlanti.org\/index.php\/wp-json\/wp\/v2\/product"}],"about":[{"href":"https:\/\/www.libriparlanti.org\/index.php\/wp-json\/wp\/v2\/types\/product"}],"replies":[{"embeddable":true,"href":"https:\/\/www.libriparlanti.org\/index.php\/wp-json\/wp\/v2\/comments?post=28015"}],"wp:attachment":[{"href":"https:\/\/www.libriparlanti.org\/index.php\/wp-json\/wp\/v2\/media?parent=28015"}],"wp:term":[{"taxonomy":"product_brand","embeddable":true,"href":"https:\/\/www.libriparlanti.org\/index.php\/wp-json\/wp\/v2\/product_brand?post=28015"},{"taxonomy":"product_cat","embeddable":true,"href":"https:\/\/www.libriparlanti.org\/index.php\/wp-json\/wp\/v2\/product_cat?post=28015"},{"taxonomy":"product_tag","embeddable":true,"href":"https:\/\/www.libriparlanti.org\/index.php\/wp-json\/wp\/v2\/product_tag?post=28015"}],"curies":[{"name":"wp","href":"https:\/\/api.w.org\/{rel}","templated":true}]}}