{"id":28010,"date":"2023-06-05T15:19:56","date_gmt":"2023-06-05T13:19:56","guid":{"rendered":"https:\/\/www.libriparlanti.org\/index.php\/prodotto\/sera-tra-amici-a-jinbocho\/"},"modified":"2023-08-21T12:58:34","modified_gmt":"2023-08-21T10:58:34","slug":"sera-tra-amici-a-jinbocho","status":"publish","type":"product","link":"https:\/\/www.libriparlanti.org\/index.php\/prodotto\/sera-tra-amici-a-jinbocho\/","title":{"rendered":"SERA TRA AMICI A JINBOCHO"},"content":{"rendered":"<p>T?ky?. A Jinb?ch?, nel quartiere di librerie pi\u00f9 grande del mondo, i giorni scorrono tranquilli. Nei vicoli lontano dal traffico, la gente passeggia curiosa tra centinaia di librerie, tutte diverse. Fumetti, cinema, libricini del periodo Tokugawa e perfino gatti: ce n&#8217;\u00e8 per tutti i gusti, per la gioia dei lettori. Alla libreria Morisaki, un piccolo negozio a gestione familiare specializzato in letteratura giapponese moderna, pile di libri affollano gli scaffali fino a invadere ogni angolo del pavimento e, quando la campanella sopra la porta segnala l&#8217;arrivo di un cliente, dalla stanza al piano superiore fa capolino il proprietario, lo zio Satoru. Di recente, ad aiutarlo c&#8217;\u00e8 la moglie Momoko, ma spesso si unisce anche la nipote Takako, nei momenti liberi dal suo lavoro. Per l&#8217;anniversario di matrimonio di Satoru e Momoko, la ragazza regala loro un viaggio romantico. Satoru \u00e8 preoccupato per il negozio, ma lei si impegna a sostituirlo e a trasferirsi nella stanza sopra la libreria, come aveva gi\u00e0 fatto in passato. Tornare a immergersi nell&#8217;atmosfera fuori dal tempo di Jinb?ch?, con il suo panorama variopinto di habitu\u00e9 e di visitatori, sar\u00e0 la spinta che le ci voleva. Per la prima volta dopo molto tempo, Takako \u00e8 entusiasta della vita. Ma allora perch\u00e9 Satoru si comporta in modo cos\u00ec strano? E chi \u00e8 la donna che lei continua a vedere nel caff\u00e8 in fondo alla strada?<\/p>\n","protected":false},"excerpt":{"rendered":"<p><em>Autore:<\/em> YAGISAWA SATOSHI<br \/>\n<em>Editore:<\/em> FELTRINELLI<br \/>\n<em>ISBN:<\/em> 9788807035425<\/p>\n","protected":false},"featured_media":28009,"comment_status":"closed","ping_status":"closed","template":"","meta":{"_et_pb_use_builder":"","_et_pb_old_content":"","_et_gb_content_width":"","_joinchat":[]},"product_brand":[],"product_cat":[1736],"product_tag":[],"class_list":{"0":"post-28010","1":"product","2":"type-product","3":"status-publish","4":"has-post-thumbnail","6":"product_cat-narrativa","8":"first","9":"onbackorder","10":"taxable","11":"shipping-taxable","12":"purchasable","13":"product-type-simple"},"yoast_head":"<!-- This site is optimized with the Yoast SEO plugin v27.5 - https:\/\/yoast.com\/product\/yoast-seo-wordpress\/ -->\n<title>SERA TRA AMICI A JINBOCHO - Libreria Libri parlanti<\/title>\n<meta name=\"robots\" content=\"index, follow, max-snippet:-1, max-image-preview:large, max-video-preview:-1\" \/>\n<link rel=\"canonical\" href=\"https:\/\/www.libriparlanti.org\/index.php\/prodotto\/sera-tra-amici-a-jinbocho\/\" \/>\n<meta property=\"og:locale\" content=\"it_IT\" \/>\n<meta property=\"og:type\" content=\"article\" \/>\n<meta property=\"og:title\" content=\"SERA TRA AMICI A JINBOCHO - Libreria Libri parlanti\" \/>\n<meta property=\"og:description\" content=\"Autore: YAGISAWA SATOSHI Editore: FELTRINELLI ISBN: 9788807035425\" \/>\n<meta property=\"og:url\" content=\"https:\/\/www.libriparlanti.org\/index.php\/prodotto\/sera-tra-amici-a-jinbocho\/\" \/>\n<meta property=\"og:site_name\" content=\"Libreria Libri parlanti\" \/>\n<meta property=\"article:publisher\" content=\"https:\/\/www.facebook.com\/LibriParlanti\" \/>\n<meta property=\"article:modified_time\" content=\"2023-08-21T10:58:34+00:00\" \/>\n<meta property=\"og:image\" content=\"https:\/\/www.libriparlanti.org\/wp-content\/uploads\/2023\/06\/9788807035425.jpg\" \/>\n\t<meta property=\"og:image:width\" content=\"179\" \/>\n\t<meta property=\"og:image:height\" content=\"281\" \/>\n\t<meta property=\"og:image:type\" content=\"image\/jpeg\" \/>\n<meta name=\"twitter:card\" content=\"summary_large_image\" \/>\n<meta name=\"twitter:label1\" content=\"Tempo di lettura stimato\" \/>\n\t<meta name=\"twitter:data1\" content=\"1 minuto\" \/>\n<script type=\"application\/ld+json\" class=\"yoast-schema-graph\">{\"@context\":\"https:\\\/\\\/schema.org\",\"@graph\":[{\"@type\":\"WebPage\",\"@id\":\"https:\\\/\\\/www.libriparlanti.org\\\/index.php\\\/prodotto\\\/sera-tra-amici-a-jinbocho\\\/\",\"url\":\"https:\\\/\\\/www.libriparlanti.org\\\/index.php\\\/prodotto\\\/sera-tra-amici-a-jinbocho\\\/\",\"name\":\"SERA TRA AMICI A JINBOCHO - Libreria Libri parlanti\",\"isPartOf\":{\"@id\":\"https:\\\/\\\/www.libriparlanti.org\\\/#website\"},\"primaryImageOfPage\":{\"@id\":\"https:\\\/\\\/www.libriparlanti.org\\\/index.php\\\/prodotto\\\/sera-tra-amici-a-jinbocho\\\/#primaryimage\"},\"image\":{\"@id\":\"https:\\\/\\\/www.libriparlanti.org\\\/index.php\\\/prodotto\\\/sera-tra-amici-a-jinbocho\\\/#primaryimage\"},\"thumbnailUrl\":\"https:\\\/\\\/www.libriparlanti.org\\\/wp-content\\\/uploads\\\/2023\\\/06\\\/9788807035425.jpg\",\"datePublished\":\"2023-06-05T13:19:56+00:00\",\"dateModified\":\"2023-08-21T10:58:34+00:00\",\"breadcrumb\":{\"@id\":\"https:\\\/\\\/www.libriparlanti.org\\\/index.php\\\/prodotto\\\/sera-tra-amici-a-jinbocho\\\/#breadcrumb\"},\"inLanguage\":\"it-IT\",\"potentialAction\":[{\"@type\":\"ReadAction\",\"target\":[\"https:\\\/\\\/www.libriparlanti.org\\\/index.php\\\/prodotto\\\/sera-tra-amici-a-jinbocho\\\/\"]}]},{\"@type\":\"ImageObject\",\"inLanguage\":\"it-IT\",\"@id\":\"https:\\\/\\\/www.libriparlanti.org\\\/index.php\\\/prodotto\\\/sera-tra-amici-a-jinbocho\\\/#primaryimage\",\"url\":\"https:\\\/\\\/www.libriparlanti.org\\\/wp-content\\\/uploads\\\/2023\\\/06\\\/9788807035425.jpg\",\"contentUrl\":\"https:\\\/\\\/www.libriparlanti.org\\\/wp-content\\\/uploads\\\/2023\\\/06\\\/9788807035425.jpg\",\"width\":179,\"height\":281},{\"@type\":\"BreadcrumbList\",\"@id\":\"https:\\\/\\\/www.libriparlanti.org\\\/index.php\\\/prodotto\\\/sera-tra-amici-a-jinbocho\\\/#breadcrumb\",\"itemListElement\":[{\"@type\":\"ListItem\",\"position\":1,\"name\":\"Home\",\"item\":\"https:\\\/\\\/www.libriparlanti.org\\\/\"},{\"@type\":\"ListItem\",\"position\":2,\"name\":\"Shop\",\"item\":\"https:\\\/\\\/www.libriparlanti.org\\\/index.php\\\/negozio\\\/\"},{\"@type\":\"ListItem\",\"position\":3,\"name\":\"SERA TRA AMICI A JINBOCHO\"}]},{\"@type\":\"WebSite\",\"@id\":\"https:\\\/\\\/www.libriparlanti.org\\\/#website\",\"url\":\"https:\\\/\\\/www.libriparlanti.org\\\/\",\"name\":\"Libreria Libri parlanti\",\"description\":\"Libreria in Castiglione del Lago (Pg)\",\"potentialAction\":[{\"@type\":\"SearchAction\",\"target\":{\"@type\":\"EntryPoint\",\"urlTemplate\":\"https:\\\/\\\/www.libriparlanti.org\\\/?s={search_term_string}\"},\"query-input\":{\"@type\":\"PropertyValueSpecification\",\"valueRequired\":true,\"valueName\":\"search_term_string\"}}],\"inLanguage\":\"it-IT\"}]}<\/script>\n<!-- \/ Yoast SEO plugin. -->","yoast_head_json":{"title":"SERA TRA AMICI A JINBOCHO - Libreria Libri parlanti","robots":{"index":"index","follow":"follow","max-snippet":"max-snippet:-1","max-image-preview":"max-image-preview:large","max-video-preview":"max-video-preview:-1"},"canonical":"https:\/\/www.libriparlanti.org\/index.php\/prodotto\/sera-tra-amici-a-jinbocho\/","og_locale":"it_IT","og_type":"article","og_title":"SERA TRA AMICI A JINBOCHO - Libreria Libri parlanti","og_description":"Autore: YAGISAWA SATOSHI Editore: FELTRINELLI ISBN: 9788807035425","og_url":"https:\/\/www.libriparlanti.org\/index.php\/prodotto\/sera-tra-amici-a-jinbocho\/","og_site_name":"Libreria Libri parlanti","article_publisher":"https:\/\/www.facebook.com\/LibriParlanti","article_modified_time":"2023-08-21T10:58:34+00:00","og_image":[{"width":179,"height":281,"url":"https:\/\/www.libriparlanti.org\/wp-content\/uploads\/2023\/06\/9788807035425.jpg","type":"image\/jpeg"}],"twitter_card":"summary_large_image","twitter_misc":{"Tempo di lettura stimato":"1 minuto"},"schema":{"@context":"https:\/\/schema.org","@graph":[{"@type":"WebPage","@id":"https:\/\/www.libriparlanti.org\/index.php\/prodotto\/sera-tra-amici-a-jinbocho\/","url":"https:\/\/www.libriparlanti.org\/index.php\/prodotto\/sera-tra-amici-a-jinbocho\/","name":"SERA TRA AMICI A JINBOCHO - Libreria Libri parlanti","isPartOf":{"@id":"https:\/\/www.libriparlanti.org\/#website"},"primaryImageOfPage":{"@id":"https:\/\/www.libriparlanti.org\/index.php\/prodotto\/sera-tra-amici-a-jinbocho\/#primaryimage"},"image":{"@id":"https:\/\/www.libriparlanti.org\/index.php\/prodotto\/sera-tra-amici-a-jinbocho\/#primaryimage"},"thumbnailUrl":"https:\/\/www.libriparlanti.org\/wp-content\/uploads\/2023\/06\/9788807035425.jpg","datePublished":"2023-06-05T13:19:56+00:00","dateModified":"2023-08-21T10:58:34+00:00","breadcrumb":{"@id":"https:\/\/www.libriparlanti.org\/index.php\/prodotto\/sera-tra-amici-a-jinbocho\/#breadcrumb"},"inLanguage":"it-IT","potentialAction":[{"@type":"ReadAction","target":["https:\/\/www.libriparlanti.org\/index.php\/prodotto\/sera-tra-amici-a-jinbocho\/"]}]},{"@type":"ImageObject","inLanguage":"it-IT","@id":"https:\/\/www.libriparlanti.org\/index.php\/prodotto\/sera-tra-amici-a-jinbocho\/#primaryimage","url":"https:\/\/www.libriparlanti.org\/wp-content\/uploads\/2023\/06\/9788807035425.jpg","contentUrl":"https:\/\/www.libriparlanti.org\/wp-content\/uploads\/2023\/06\/9788807035425.jpg","width":179,"height":281},{"@type":"BreadcrumbList","@id":"https:\/\/www.libriparlanti.org\/index.php\/prodotto\/sera-tra-amici-a-jinbocho\/#breadcrumb","itemListElement":[{"@type":"ListItem","position":1,"name":"Home","item":"https:\/\/www.libriparlanti.org\/"},{"@type":"ListItem","position":2,"name":"Shop","item":"https:\/\/www.libriparlanti.org\/index.php\/negozio\/"},{"@type":"ListItem","position":3,"name":"SERA TRA AMICI A JINBOCHO"}]},{"@type":"WebSite","@id":"https:\/\/www.libriparlanti.org\/#website","url":"https:\/\/www.libriparlanti.org\/","name":"Libreria Libri parlanti","description":"Libreria in Castiglione del Lago (Pg)","potentialAction":[{"@type":"SearchAction","target":{"@type":"EntryPoint","urlTemplate":"https:\/\/www.libriparlanti.org\/?s={search_term_string}"},"query-input":{"@type":"PropertyValueSpecification","valueRequired":true,"valueName":"search_term_string"}}],"inLanguage":"it-IT"}]}},"_links":{"self":[{"href":"https:\/\/www.libriparlanti.org\/index.php\/wp-json\/wp\/v2\/product\/28010","targetHints":{"allow":["GET"]}}],"collection":[{"href":"https:\/\/www.libriparlanti.org\/index.php\/wp-json\/wp\/v2\/product"}],"about":[{"href":"https:\/\/www.libriparlanti.org\/index.php\/wp-json\/wp\/v2\/types\/product"}],"replies":[{"embeddable":true,"href":"https:\/\/www.libriparlanti.org\/index.php\/wp-json\/wp\/v2\/comments?post=28010"}],"wp:featuredmedia":[{"embeddable":true,"href":"https:\/\/www.libriparlanti.org\/index.php\/wp-json\/wp\/v2\/media\/28009"}],"wp:attachment":[{"href":"https:\/\/www.libriparlanti.org\/index.php\/wp-json\/wp\/v2\/media?parent=28010"}],"wp:term":[{"taxonomy":"product_brand","embeddable":true,"href":"https:\/\/www.libriparlanti.org\/index.php\/wp-json\/wp\/v2\/product_brand?post=28010"},{"taxonomy":"product_cat","embeddable":true,"href":"https:\/\/www.libriparlanti.org\/index.php\/wp-json\/wp\/v2\/product_cat?post=28010"},{"taxonomy":"product_tag","embeddable":true,"href":"https:\/\/www.libriparlanti.org\/index.php\/wp-json\/wp\/v2\/product_tag?post=28010"}],"curies":[{"name":"wp","href":"https:\/\/api.w.org\/{rel}","templated":true}]}}