{"id":28004,"date":"2023-06-05T15:03:34","date_gmt":"2023-06-05T13:03:34","guid":{"rendered":"https:\/\/www.libriparlanti.org\/index.php\/prodotto\/le-figlie-di-hope-house\/"},"modified":"2025-06-05T13:53:41","modified_gmt":"2025-06-05T11:53:41","slug":"le-figlie-di-hope-house","status":"publish","type":"product","link":"https:\/\/www.libriparlanti.org\/index.php\/prodotto\/le-figlie-di-hope-house\/","title":{"rendered":"LE FIGLIE DI HOPE HOUSE"},"content":{"rendered":"<p>Mentre apre la piccola scatola che le hanno appena consegnato, Lily non immagina certo che la sua vita stia per cambiare per sempre. Al suo interno, una ricetta scritta a mano e la vecchia locandina di un balletto. Lily non lo sa ancora, ma in quella scatola \u00e8 racchiuso tutto il suo passato. Un passato che non conosce. Cos\u00ec come non conosce le altre donne sedute con lei al grande tavolo dello studio legale, ma tutte hanno qualcosa in comune: le loro nonne sono nate a Hope House, una casa per madri nubili. Anche loro hanno ricevuto una scatola, ma il contenuto \u00e8 diverso per ciascuna. Gli oggetti che Lily ha trovato nella propria la conducono tra i vigneti di un paese lontano. L\u00ec, fra colline tinte di giallo e di rosso, si sente per la prima volta a casa. \u00c8 un tuffo nel passato che le far\u00e0 ripercorrere la vita della bisnonna: Lily scoprir\u00e0 che era una ballerina di danza classica, ma anche una donna disposta a tutto per amore. E che tra le mura di un antico panificio \u00e8 custodito il suo segreto. Un segreto inconfessabile che ha segnato la storia delle donne della sua famiglia e che ora riguarda anche lei. Donne forti e ribelli. Donne che le somigliano pi\u00f9 di quanto potesse immaginare. Ci\u00f2 che scopre la metter\u00e0 di fronte alla scelta pi\u00f9 importante della sua vita. Perch\u00e9 \u00e8 nel passato che \u00e8 cominciato il suo futuro. Gli editori di tutto il mondo hanno capito immediatamente di avere tra le mani un libro importante, ora in via di pubblicazione in 20 paesi. \u00c8 un romanzo che parla di amore, coraggio e speranza. \u00c8 una storia che ci ricorda che nessuno pu\u00f2 sfuggire al proprio destino, ma che ciascuno pu\u00f2 scegliere di vivere la vita che ha sempre desiderato. Un romanzo che ha messo d&#8217;accordo critici e lettori, che non hanno avuto dubbi: Soraya Lane \u00e8 l&#8217;unica degna erede di Lucinda Riley.<\/p>\n","protected":false},"excerpt":{"rendered":"<p><em>Autore:<\/em> LANE SORAYA<br \/>\n<em>Editore:<\/em> GARZANTI<br \/>\n<em>ISBN:<\/em> 9788811008873<\/p>\n","protected":false},"featured_media":28003,"comment_status":"closed","ping_status":"closed","template":"","meta":{"_et_pb_use_builder":"","_et_pb_old_content":"","_et_gb_content_width":"","_joinchat":[]},"product_brand":[],"product_cat":[1736],"product_tag":[],"class_list":{"0":"post-28004","1":"product","2":"type-product","3":"status-publish","4":"has-post-thumbnail","6":"product_cat-narrativa","8":"first","9":"onbackorder","10":"taxable","11":"shipping-taxable","12":"purchasable","13":"product-type-simple"},"yoast_head":"<!-- This site is optimized with the Yoast SEO plugin v27.5 - https:\/\/yoast.com\/product\/yoast-seo-wordpress\/ -->\n<title>LE FIGLIE DI HOPE HOUSE - Libreria Libri parlanti<\/title>\n<meta name=\"robots\" content=\"index, follow, max-snippet:-1, max-image-preview:large, max-video-preview:-1\" \/>\n<link rel=\"canonical\" href=\"https:\/\/www.libriparlanti.org\/index.php\/prodotto\/le-figlie-di-hope-house\/\" \/>\n<meta property=\"og:locale\" content=\"it_IT\" \/>\n<meta property=\"og:type\" content=\"article\" \/>\n<meta property=\"og:title\" content=\"LE FIGLIE DI HOPE HOUSE - Libreria Libri parlanti\" \/>\n<meta property=\"og:description\" content=\"Autore: LANE SORAYA Editore: GARZANTI ISBN: 9788811008873\" \/>\n<meta property=\"og:url\" content=\"https:\/\/www.libriparlanti.org\/index.php\/prodotto\/le-figlie-di-hope-house\/\" \/>\n<meta property=\"og:site_name\" content=\"Libreria Libri parlanti\" \/>\n<meta property=\"article:publisher\" content=\"https:\/\/www.facebook.com\/LibriParlanti\" \/>\n<meta property=\"article:modified_time\" content=\"2025-06-05T11:53:41+00:00\" \/>\n<meta property=\"og:image\" content=\"https:\/\/www.libriparlanti.org\/wp-content\/uploads\/2023\/06\/9788811008873.jpg\" \/>\n\t<meta property=\"og:image:width\" content=\"181\" \/>\n\t<meta property=\"og:image:height\" content=\"278\" \/>\n\t<meta property=\"og:image:type\" content=\"image\/jpeg\" \/>\n<meta name=\"twitter:card\" content=\"summary_large_image\" \/>\n<meta name=\"twitter:label1\" content=\"Tempo di lettura stimato\" \/>\n\t<meta name=\"twitter:data1\" content=\"2 minuti\" \/>\n<script type=\"application\/ld+json\" class=\"yoast-schema-graph\">{\"@context\":\"https:\\\/\\\/schema.org\",\"@graph\":[{\"@type\":\"WebPage\",\"@id\":\"https:\\\/\\\/www.libriparlanti.org\\\/index.php\\\/prodotto\\\/le-figlie-di-hope-house\\\/\",\"url\":\"https:\\\/\\\/www.libriparlanti.org\\\/index.php\\\/prodotto\\\/le-figlie-di-hope-house\\\/\",\"name\":\"LE FIGLIE DI HOPE HOUSE - Libreria Libri parlanti\",\"isPartOf\":{\"@id\":\"https:\\\/\\\/www.libriparlanti.org\\\/#website\"},\"primaryImageOfPage\":{\"@id\":\"https:\\\/\\\/www.libriparlanti.org\\\/index.php\\\/prodotto\\\/le-figlie-di-hope-house\\\/#primaryimage\"},\"image\":{\"@id\":\"https:\\\/\\\/www.libriparlanti.org\\\/index.php\\\/prodotto\\\/le-figlie-di-hope-house\\\/#primaryimage\"},\"thumbnailUrl\":\"https:\\\/\\\/www.libriparlanti.org\\\/wp-content\\\/uploads\\\/2023\\\/06\\\/9788811008873.jpg\",\"datePublished\":\"2023-06-05T13:03:34+00:00\",\"dateModified\":\"2025-06-05T11:53:41+00:00\",\"breadcrumb\":{\"@id\":\"https:\\\/\\\/www.libriparlanti.org\\\/index.php\\\/prodotto\\\/le-figlie-di-hope-house\\\/#breadcrumb\"},\"inLanguage\":\"it-IT\",\"potentialAction\":[{\"@type\":\"ReadAction\",\"target\":[\"https:\\\/\\\/www.libriparlanti.org\\\/index.php\\\/prodotto\\\/le-figlie-di-hope-house\\\/\"]}]},{\"@type\":\"ImageObject\",\"inLanguage\":\"it-IT\",\"@id\":\"https:\\\/\\\/www.libriparlanti.org\\\/index.php\\\/prodotto\\\/le-figlie-di-hope-house\\\/#primaryimage\",\"url\":\"https:\\\/\\\/www.libriparlanti.org\\\/wp-content\\\/uploads\\\/2023\\\/06\\\/9788811008873.jpg\",\"contentUrl\":\"https:\\\/\\\/www.libriparlanti.org\\\/wp-content\\\/uploads\\\/2023\\\/06\\\/9788811008873.jpg\",\"width\":181,\"height\":278},{\"@type\":\"BreadcrumbList\",\"@id\":\"https:\\\/\\\/www.libriparlanti.org\\\/index.php\\\/prodotto\\\/le-figlie-di-hope-house\\\/#breadcrumb\",\"itemListElement\":[{\"@type\":\"ListItem\",\"position\":1,\"name\":\"Home\",\"item\":\"https:\\\/\\\/www.libriparlanti.org\\\/\"},{\"@type\":\"ListItem\",\"position\":2,\"name\":\"Shop\",\"item\":\"https:\\\/\\\/www.libriparlanti.org\\\/index.php\\\/negozio\\\/\"},{\"@type\":\"ListItem\",\"position\":3,\"name\":\"LE FIGLIE DI HOPE HOUSE\"}]},{\"@type\":\"WebSite\",\"@id\":\"https:\\\/\\\/www.libriparlanti.org\\\/#website\",\"url\":\"https:\\\/\\\/www.libriparlanti.org\\\/\",\"name\":\"Libreria Libri parlanti\",\"description\":\"Libreria in Castiglione del Lago (Pg)\",\"potentialAction\":[{\"@type\":\"SearchAction\",\"target\":{\"@type\":\"EntryPoint\",\"urlTemplate\":\"https:\\\/\\\/www.libriparlanti.org\\\/?s={search_term_string}\"},\"query-input\":{\"@type\":\"PropertyValueSpecification\",\"valueRequired\":true,\"valueName\":\"search_term_string\"}}],\"inLanguage\":\"it-IT\"}]}<\/script>\n<!-- \/ Yoast SEO plugin. -->","yoast_head_json":{"title":"LE FIGLIE DI HOPE HOUSE - Libreria Libri parlanti","robots":{"index":"index","follow":"follow","max-snippet":"max-snippet:-1","max-image-preview":"max-image-preview:large","max-video-preview":"max-video-preview:-1"},"canonical":"https:\/\/www.libriparlanti.org\/index.php\/prodotto\/le-figlie-di-hope-house\/","og_locale":"it_IT","og_type":"article","og_title":"LE FIGLIE DI HOPE HOUSE - Libreria Libri parlanti","og_description":"Autore: LANE SORAYA Editore: GARZANTI ISBN: 9788811008873","og_url":"https:\/\/www.libriparlanti.org\/index.php\/prodotto\/le-figlie-di-hope-house\/","og_site_name":"Libreria Libri parlanti","article_publisher":"https:\/\/www.facebook.com\/LibriParlanti","article_modified_time":"2025-06-05T11:53:41+00:00","og_image":[{"width":181,"height":278,"url":"https:\/\/www.libriparlanti.org\/wp-content\/uploads\/2023\/06\/9788811008873.jpg","type":"image\/jpeg"}],"twitter_card":"summary_large_image","twitter_misc":{"Tempo di lettura stimato":"2 minuti"},"schema":{"@context":"https:\/\/schema.org","@graph":[{"@type":"WebPage","@id":"https:\/\/www.libriparlanti.org\/index.php\/prodotto\/le-figlie-di-hope-house\/","url":"https:\/\/www.libriparlanti.org\/index.php\/prodotto\/le-figlie-di-hope-house\/","name":"LE FIGLIE DI HOPE HOUSE - Libreria Libri parlanti","isPartOf":{"@id":"https:\/\/www.libriparlanti.org\/#website"},"primaryImageOfPage":{"@id":"https:\/\/www.libriparlanti.org\/index.php\/prodotto\/le-figlie-di-hope-house\/#primaryimage"},"image":{"@id":"https:\/\/www.libriparlanti.org\/index.php\/prodotto\/le-figlie-di-hope-house\/#primaryimage"},"thumbnailUrl":"https:\/\/www.libriparlanti.org\/wp-content\/uploads\/2023\/06\/9788811008873.jpg","datePublished":"2023-06-05T13:03:34+00:00","dateModified":"2025-06-05T11:53:41+00:00","breadcrumb":{"@id":"https:\/\/www.libriparlanti.org\/index.php\/prodotto\/le-figlie-di-hope-house\/#breadcrumb"},"inLanguage":"it-IT","potentialAction":[{"@type":"ReadAction","target":["https:\/\/www.libriparlanti.org\/index.php\/prodotto\/le-figlie-di-hope-house\/"]}]},{"@type":"ImageObject","inLanguage":"it-IT","@id":"https:\/\/www.libriparlanti.org\/index.php\/prodotto\/le-figlie-di-hope-house\/#primaryimage","url":"https:\/\/www.libriparlanti.org\/wp-content\/uploads\/2023\/06\/9788811008873.jpg","contentUrl":"https:\/\/www.libriparlanti.org\/wp-content\/uploads\/2023\/06\/9788811008873.jpg","width":181,"height":278},{"@type":"BreadcrumbList","@id":"https:\/\/www.libriparlanti.org\/index.php\/prodotto\/le-figlie-di-hope-house\/#breadcrumb","itemListElement":[{"@type":"ListItem","position":1,"name":"Home","item":"https:\/\/www.libriparlanti.org\/"},{"@type":"ListItem","position":2,"name":"Shop","item":"https:\/\/www.libriparlanti.org\/index.php\/negozio\/"},{"@type":"ListItem","position":3,"name":"LE FIGLIE DI HOPE HOUSE"}]},{"@type":"WebSite","@id":"https:\/\/www.libriparlanti.org\/#website","url":"https:\/\/www.libriparlanti.org\/","name":"Libreria Libri parlanti","description":"Libreria in Castiglione del Lago (Pg)","potentialAction":[{"@type":"SearchAction","target":{"@type":"EntryPoint","urlTemplate":"https:\/\/www.libriparlanti.org\/?s={search_term_string}"},"query-input":{"@type":"PropertyValueSpecification","valueRequired":true,"valueName":"search_term_string"}}],"inLanguage":"it-IT"}]}},"_links":{"self":[{"href":"https:\/\/www.libriparlanti.org\/index.php\/wp-json\/wp\/v2\/product\/28004","targetHints":{"allow":["GET"]}}],"collection":[{"href":"https:\/\/www.libriparlanti.org\/index.php\/wp-json\/wp\/v2\/product"}],"about":[{"href":"https:\/\/www.libriparlanti.org\/index.php\/wp-json\/wp\/v2\/types\/product"}],"replies":[{"embeddable":true,"href":"https:\/\/www.libriparlanti.org\/index.php\/wp-json\/wp\/v2\/comments?post=28004"}],"wp:featuredmedia":[{"embeddable":true,"href":"https:\/\/www.libriparlanti.org\/index.php\/wp-json\/wp\/v2\/media\/28003"}],"wp:attachment":[{"href":"https:\/\/www.libriparlanti.org\/index.php\/wp-json\/wp\/v2\/media?parent=28004"}],"wp:term":[{"taxonomy":"product_brand","embeddable":true,"href":"https:\/\/www.libriparlanti.org\/index.php\/wp-json\/wp\/v2\/product_brand?post=28004"},{"taxonomy":"product_cat","embeddable":true,"href":"https:\/\/www.libriparlanti.org\/index.php\/wp-json\/wp\/v2\/product_cat?post=28004"},{"taxonomy":"product_tag","embeddable":true,"href":"https:\/\/www.libriparlanti.org\/index.php\/wp-json\/wp\/v2\/product_tag?post=28004"}],"curies":[{"name":"wp","href":"https:\/\/api.w.org\/{rel}","templated":true}]}}