{"id":28000,"date":"2023-06-05T15:00:25","date_gmt":"2023-06-05T13:00:25","guid":{"rendered":"https:\/\/www.libriparlanti.org\/index.php\/prodotto\/hotel-21\/"},"modified":"2023-10-02T07:38:14","modified_gmt":"2023-10-02T05:38:14","slug":"hotel-21","status":"publish","type":"product","link":"https:\/\/www.libriparlanti.org\/index.php\/prodotto\/hotel-21\/","title":{"rendered":"HOTEL 21"},"content":{"rendered":"<p>Noelle si sfila la divisa da cameriera e apre il suo baule segreto. Dentro ci sono tutte le cose che ha rubato. Noelle \u00e8 una ladra, ma ruba oggetti insignificanti, di cui nessuno denuncerebbe la scomparsa. Davanti a s\u00e9 ha pinzette, bottoni e fazzoletti che per lei valgono pi\u00f9 di qualsiasi diamante. Ognuno di questi oggetti racchiude la storia della persona cui \u00e8 appartenuto. Quando li prende tra le mani, Noelle sente di stringere pezzettini delle vite degli altri. Vite pi\u00f9 felici della sua, che felice non potr\u00e0 mai essere perch\u00e9 quella possibilit\u00e0 le \u00e8 stata strappata quando era molto piccola, e niente potr\u00e0 cambiare le cose. Quelle, invece, sono vite che hanno riso, pianto, che forse hanno amato. E ora sono sue, che le emozioni non riesce provarle. Noelle di lavoro fa le pulizie e oggi ha cominciato in un albergo nuovo. \u00c8 abituata ai primi giorni. Cambia hotel continuamente. Non pu\u00f2 rischiare di rimanere troppo a lungo nello stesso posto o qualcuno prima o poi finir\u00e0 per accorgersi di quello che fa. Ancora non sa che all&#8217;hotel Magnolia la sua vita cambier\u00e0 per sempre. Perch\u00e9 le sue nuove colleghe non hanno alcuna intenzione di lasciarla fuggire. Nemmeno dopo aver scoperto il suo segreto?Un romanzo perfetto per chi ha amato Eleanor Oliphant sta benissimo, ma soprattutto per chi si sente sempre fuori posto, per chi pensa che la felicit\u00e0 sia fatta per tutti tranne che per s\u00e9. Per chi, come Noelle, cerca negli oggetti degli altri un pezzo della loro vita, e in questa storia trover\u00e0 invece un frammento della sua. Perch\u00e9 abbiamo tutti qualcosa di cui ci vergogniamo, per cui vorremmo chiedere scusa, per cui abbiamo rimpianti. Eppure, con dei veri amici accanto, il passato fa meno male e il futuro non fa pi\u00f9 cos\u00ec paura. Hotel 21 ha convinto gli editori in tutto il mondo e presto sar\u00e0 anche una serie tv.<\/p>\n","protected":false},"excerpt":{"rendered":"<p><em>Autore:<\/em> SENTA RICH<br \/>\n<em>Editore:<\/em> GARZANTI<br \/>\n<em>ISBN:<\/em> 9788811009320<\/p>\n","protected":false},"featured_media":27999,"comment_status":"closed","ping_status":"closed","template":"","meta":{"_et_pb_use_builder":"","_et_pb_old_content":"","_et_gb_content_width":"","_joinchat":[]},"product_brand":[],"product_cat":[1737],"product_tag":[],"class_list":{"0":"post-28000","1":"product","2":"type-product","3":"status-publish","4":"has-post-thumbnail","6":"product_cat-gialli-thriller","8":"first","9":"onbackorder","10":"taxable","11":"shipping-taxable","12":"purchasable","13":"product-type-simple"},"yoast_head":"<!-- This site is optimized with the Yoast SEO plugin v27.5 - https:\/\/yoast.com\/product\/yoast-seo-wordpress\/ -->\n<title>HOTEL 21 - Libreria Libri parlanti<\/title>\n<meta name=\"robots\" content=\"index, follow, max-snippet:-1, max-image-preview:large, max-video-preview:-1\" \/>\n<link rel=\"canonical\" href=\"https:\/\/www.libriparlanti.org\/index.php\/prodotto\/hotel-21\/\" \/>\n<meta property=\"og:locale\" content=\"it_IT\" \/>\n<meta property=\"og:type\" content=\"article\" \/>\n<meta property=\"og:title\" content=\"HOTEL 21 - Libreria Libri parlanti\" \/>\n<meta property=\"og:description\" content=\"Autore: SENTA RICH Editore: GARZANTI ISBN: 9788811009320\" \/>\n<meta property=\"og:url\" content=\"https:\/\/www.libriparlanti.org\/index.php\/prodotto\/hotel-21\/\" \/>\n<meta property=\"og:site_name\" content=\"Libreria Libri parlanti\" \/>\n<meta property=\"article:publisher\" content=\"https:\/\/www.facebook.com\/LibriParlanti\" \/>\n<meta property=\"article:modified_time\" content=\"2023-10-02T05:38:14+00:00\" \/>\n<meta property=\"og:image\" content=\"https:\/\/www.libriparlanti.org\/wp-content\/uploads\/2023\/06\/9788811009320.jpg\" \/>\n\t<meta property=\"og:image:width\" content=\"181\" \/>\n\t<meta property=\"og:image:height\" content=\"278\" \/>\n\t<meta property=\"og:image:type\" content=\"image\/jpeg\" \/>\n<meta name=\"twitter:card\" content=\"summary_large_image\" \/>\n<meta name=\"twitter:label1\" content=\"Tempo di lettura stimato\" \/>\n\t<meta name=\"twitter:data1\" content=\"2 minuti\" \/>\n<script type=\"application\/ld+json\" class=\"yoast-schema-graph\">{\"@context\":\"https:\\\/\\\/schema.org\",\"@graph\":[{\"@type\":\"WebPage\",\"@id\":\"https:\\\/\\\/www.libriparlanti.org\\\/index.php\\\/prodotto\\\/hotel-21\\\/\",\"url\":\"https:\\\/\\\/www.libriparlanti.org\\\/index.php\\\/prodotto\\\/hotel-21\\\/\",\"name\":\"HOTEL 21 - Libreria Libri parlanti\",\"isPartOf\":{\"@id\":\"https:\\\/\\\/www.libriparlanti.org\\\/#website\"},\"primaryImageOfPage\":{\"@id\":\"https:\\\/\\\/www.libriparlanti.org\\\/index.php\\\/prodotto\\\/hotel-21\\\/#primaryimage\"},\"image\":{\"@id\":\"https:\\\/\\\/www.libriparlanti.org\\\/index.php\\\/prodotto\\\/hotel-21\\\/#primaryimage\"},\"thumbnailUrl\":\"https:\\\/\\\/www.libriparlanti.org\\\/wp-content\\\/uploads\\\/2023\\\/06\\\/9788811009320.jpg\",\"datePublished\":\"2023-06-05T13:00:25+00:00\",\"dateModified\":\"2023-10-02T05:38:14+00:00\",\"breadcrumb\":{\"@id\":\"https:\\\/\\\/www.libriparlanti.org\\\/index.php\\\/prodotto\\\/hotel-21\\\/#breadcrumb\"},\"inLanguage\":\"it-IT\",\"potentialAction\":[{\"@type\":\"ReadAction\",\"target\":[\"https:\\\/\\\/www.libriparlanti.org\\\/index.php\\\/prodotto\\\/hotel-21\\\/\"]}]},{\"@type\":\"ImageObject\",\"inLanguage\":\"it-IT\",\"@id\":\"https:\\\/\\\/www.libriparlanti.org\\\/index.php\\\/prodotto\\\/hotel-21\\\/#primaryimage\",\"url\":\"https:\\\/\\\/www.libriparlanti.org\\\/wp-content\\\/uploads\\\/2023\\\/06\\\/9788811009320.jpg\",\"contentUrl\":\"https:\\\/\\\/www.libriparlanti.org\\\/wp-content\\\/uploads\\\/2023\\\/06\\\/9788811009320.jpg\",\"width\":181,\"height\":278},{\"@type\":\"BreadcrumbList\",\"@id\":\"https:\\\/\\\/www.libriparlanti.org\\\/index.php\\\/prodotto\\\/hotel-21\\\/#breadcrumb\",\"itemListElement\":[{\"@type\":\"ListItem\",\"position\":1,\"name\":\"Home\",\"item\":\"https:\\\/\\\/www.libriparlanti.org\\\/\"},{\"@type\":\"ListItem\",\"position\":2,\"name\":\"Shop\",\"item\":\"https:\\\/\\\/www.libriparlanti.org\\\/index.php\\\/negozio\\\/\"},{\"@type\":\"ListItem\",\"position\":3,\"name\":\"HOTEL 21\"}]},{\"@type\":\"WebSite\",\"@id\":\"https:\\\/\\\/www.libriparlanti.org\\\/#website\",\"url\":\"https:\\\/\\\/www.libriparlanti.org\\\/\",\"name\":\"Libreria Libri parlanti\",\"description\":\"Libreria in Castiglione del Lago (Pg)\",\"potentialAction\":[{\"@type\":\"SearchAction\",\"target\":{\"@type\":\"EntryPoint\",\"urlTemplate\":\"https:\\\/\\\/www.libriparlanti.org\\\/?s={search_term_string}\"},\"query-input\":{\"@type\":\"PropertyValueSpecification\",\"valueRequired\":true,\"valueName\":\"search_term_string\"}}],\"inLanguage\":\"it-IT\"}]}<\/script>\n<!-- \/ Yoast SEO plugin. -->","yoast_head_json":{"title":"HOTEL 21 - Libreria Libri parlanti","robots":{"index":"index","follow":"follow","max-snippet":"max-snippet:-1","max-image-preview":"max-image-preview:large","max-video-preview":"max-video-preview:-1"},"canonical":"https:\/\/www.libriparlanti.org\/index.php\/prodotto\/hotel-21\/","og_locale":"it_IT","og_type":"article","og_title":"HOTEL 21 - Libreria Libri parlanti","og_description":"Autore: SENTA RICH Editore: GARZANTI ISBN: 9788811009320","og_url":"https:\/\/www.libriparlanti.org\/index.php\/prodotto\/hotel-21\/","og_site_name":"Libreria Libri parlanti","article_publisher":"https:\/\/www.facebook.com\/LibriParlanti","article_modified_time":"2023-10-02T05:38:14+00:00","og_image":[{"width":181,"height":278,"url":"https:\/\/www.libriparlanti.org\/wp-content\/uploads\/2023\/06\/9788811009320.jpg","type":"image\/jpeg"}],"twitter_card":"summary_large_image","twitter_misc":{"Tempo di lettura stimato":"2 minuti"},"schema":{"@context":"https:\/\/schema.org","@graph":[{"@type":"WebPage","@id":"https:\/\/www.libriparlanti.org\/index.php\/prodotto\/hotel-21\/","url":"https:\/\/www.libriparlanti.org\/index.php\/prodotto\/hotel-21\/","name":"HOTEL 21 - Libreria Libri parlanti","isPartOf":{"@id":"https:\/\/www.libriparlanti.org\/#website"},"primaryImageOfPage":{"@id":"https:\/\/www.libriparlanti.org\/index.php\/prodotto\/hotel-21\/#primaryimage"},"image":{"@id":"https:\/\/www.libriparlanti.org\/index.php\/prodotto\/hotel-21\/#primaryimage"},"thumbnailUrl":"https:\/\/www.libriparlanti.org\/wp-content\/uploads\/2023\/06\/9788811009320.jpg","datePublished":"2023-06-05T13:00:25+00:00","dateModified":"2023-10-02T05:38:14+00:00","breadcrumb":{"@id":"https:\/\/www.libriparlanti.org\/index.php\/prodotto\/hotel-21\/#breadcrumb"},"inLanguage":"it-IT","potentialAction":[{"@type":"ReadAction","target":["https:\/\/www.libriparlanti.org\/index.php\/prodotto\/hotel-21\/"]}]},{"@type":"ImageObject","inLanguage":"it-IT","@id":"https:\/\/www.libriparlanti.org\/index.php\/prodotto\/hotel-21\/#primaryimage","url":"https:\/\/www.libriparlanti.org\/wp-content\/uploads\/2023\/06\/9788811009320.jpg","contentUrl":"https:\/\/www.libriparlanti.org\/wp-content\/uploads\/2023\/06\/9788811009320.jpg","width":181,"height":278},{"@type":"BreadcrumbList","@id":"https:\/\/www.libriparlanti.org\/index.php\/prodotto\/hotel-21\/#breadcrumb","itemListElement":[{"@type":"ListItem","position":1,"name":"Home","item":"https:\/\/www.libriparlanti.org\/"},{"@type":"ListItem","position":2,"name":"Shop","item":"https:\/\/www.libriparlanti.org\/index.php\/negozio\/"},{"@type":"ListItem","position":3,"name":"HOTEL 21"}]},{"@type":"WebSite","@id":"https:\/\/www.libriparlanti.org\/#website","url":"https:\/\/www.libriparlanti.org\/","name":"Libreria Libri parlanti","description":"Libreria in Castiglione del Lago (Pg)","potentialAction":[{"@type":"SearchAction","target":{"@type":"EntryPoint","urlTemplate":"https:\/\/www.libriparlanti.org\/?s={search_term_string}"},"query-input":{"@type":"PropertyValueSpecification","valueRequired":true,"valueName":"search_term_string"}}],"inLanguage":"it-IT"}]}},"_links":{"self":[{"href":"https:\/\/www.libriparlanti.org\/index.php\/wp-json\/wp\/v2\/product\/28000","targetHints":{"allow":["GET"]}}],"collection":[{"href":"https:\/\/www.libriparlanti.org\/index.php\/wp-json\/wp\/v2\/product"}],"about":[{"href":"https:\/\/www.libriparlanti.org\/index.php\/wp-json\/wp\/v2\/types\/product"}],"replies":[{"embeddable":true,"href":"https:\/\/www.libriparlanti.org\/index.php\/wp-json\/wp\/v2\/comments?post=28000"}],"wp:featuredmedia":[{"embeddable":true,"href":"https:\/\/www.libriparlanti.org\/index.php\/wp-json\/wp\/v2\/media\/27999"}],"wp:attachment":[{"href":"https:\/\/www.libriparlanti.org\/index.php\/wp-json\/wp\/v2\/media?parent=28000"}],"wp:term":[{"taxonomy":"product_brand","embeddable":true,"href":"https:\/\/www.libriparlanti.org\/index.php\/wp-json\/wp\/v2\/product_brand?post=28000"},{"taxonomy":"product_cat","embeddable":true,"href":"https:\/\/www.libriparlanti.org\/index.php\/wp-json\/wp\/v2\/product_cat?post=28000"},{"taxonomy":"product_tag","embeddable":true,"href":"https:\/\/www.libriparlanti.org\/index.php\/wp-json\/wp\/v2\/product_tag?post=28000"}],"curies":[{"name":"wp","href":"https:\/\/api.w.org\/{rel}","templated":true}]}}