{"id":27955,"date":"2023-06-03T12:44:21","date_gmt":"2023-06-03T10:44:21","guid":{"rendered":"https:\/\/www.libriparlanti.org\/index.php\/prodotto\/i-biglietti-misteriosi-di-margaret-small\/"},"modified":"2023-08-05T16:28:23","modified_gmt":"2023-08-05T14:28:23","slug":"i-biglietti-misteriosi-di-margaret-small","status":"publish","type":"product","link":"https:\/\/www.libriparlanti.org\/index.php\/prodotto\/i-biglietti-misteriosi-di-margaret-small\/","title":{"rendered":"I BIGLIETTI MISTERIOSI DI MARGARET SMALL"},"content":{"rendered":"<p>C&#8217;\u00e8 posta per Margaret Small e non si tratta di pubblicit\u00e0. La busta colorata contiene cinquanta sterline e una lettera, breve e scritta con una grafia ordinata. Margaret riesce a distinguere la firma: C. Il resto, invece, non riesce a leggerlo. Sotto i suoi occhi le lettere oscillano, sparpagliandosi sul pezzo di carta. Lei prova ad afferrarle, ma le sfuggono via. Margaret \u00e8 diversa dalla maggior parte delle persone. Ha qualche difficolt\u00e0 in pi\u00f9. Per questo, quand&#8217;era bambina, sua nonna l&#8217;ha affidata all&#8217;istituto St Mary; da quel momento, Margaret non l&#8217;ha pi\u00f9 vista. Alla St Mary nessuno le ha veramente insegnato qualcosa ? l\u00ec i bambini vengono abbandonati a loro stessi ? eppure, in quella scuola, ci \u00e8 rimasta pi\u00f9 a lungo del previsto: ne \u00e8 uscita all&#8217;et\u00e0 di quarantun anni. Oggi di anni ne ha settantacinque e a leggere non ha ancora imparato. La sua vita semplice \u00e8 scandita da rituali che si ripetono ogni giorno. Come le lettere che continuano ad arrivare. Il mistero si infittisce? Ogni tanto, Margaret racconta di aver dimenticato gli occhiali e riesce a trovare qualcuno che legga al posto suo. Lei ancora non lo sa, ma dietro quelle lettere si nascondono segreti sconvolgenti che riguardano il suo passato. Il passato che lei voleva dimenticare.Questo libro \u00e8 una vera e propria coccola e quando l&#8217;avrete finito vi verr\u00e0 voglia di abbracciarlo. \u00c8 impossibile non voler bene alla sua protagonista e alla sua profonda umanit\u00e0. \u00c8 anche un romanzo che, per la prima volta, affronta i problemi dell&#8217;apprendimento con grazia e competenza. La capacit\u00e0 dell&#8217;autore di parlare di questa realt\u00e0 \u00e8 stata infatti premiata: il libro ha dominato le classifiche inglesi per settimane ed \u00e8 ora in via di pubblicazione in dieci paesi. Margaret Small ci mostra la vita attraverso i suoi occhi e il mondo non \u00e8 mai stato pi\u00f9 colorato.<\/p>\n","protected":false},"excerpt":{"rendered":"<p><em>Autore:<\/em> NEIL ALEXANDER<br \/>\n<em>Editore:<\/em> GARZANTI<br \/>\n<em>ISBN:<\/em> 9788811816409<\/p>\n","protected":false},"featured_media":27954,"comment_status":"closed","ping_status":"closed","template":"","meta":{"_et_pb_use_builder":"","_et_pb_old_content":"","_et_gb_content_width":"","_joinchat":[]},"product_brand":[],"product_cat":[1736],"product_tag":[],"class_list":{"0":"post-27955","1":"product","2":"type-product","3":"status-publish","4":"has-post-thumbnail","6":"product_cat-narrativa","8":"first","9":"onbackorder","10":"taxable","11":"shipping-taxable","12":"purchasable","13":"product-type-simple"},"yoast_head":"<!-- This site is optimized with the Yoast SEO plugin v27.3 - https:\/\/yoast.com\/product\/yoast-seo-wordpress\/ -->\n<title>I BIGLIETTI MISTERIOSI DI MARGARET SMALL - Libreria Libri parlanti<\/title>\n<meta name=\"robots\" content=\"index, follow, max-snippet:-1, max-image-preview:large, max-video-preview:-1\" \/>\n<link rel=\"canonical\" href=\"https:\/\/www.libriparlanti.org\/index.php\/prodotto\/i-biglietti-misteriosi-di-margaret-small\/\" \/>\n<meta property=\"og:locale\" content=\"it_IT\" \/>\n<meta property=\"og:type\" content=\"article\" \/>\n<meta property=\"og:title\" content=\"I BIGLIETTI MISTERIOSI DI MARGARET SMALL - Libreria Libri parlanti\" \/>\n<meta property=\"og:description\" content=\"Autore: NEIL ALEXANDER Editore: GARZANTI ISBN: 9788811816409\" \/>\n<meta property=\"og:url\" content=\"https:\/\/www.libriparlanti.org\/index.php\/prodotto\/i-biglietti-misteriosi-di-margaret-small\/\" \/>\n<meta property=\"og:site_name\" content=\"Libreria Libri parlanti\" \/>\n<meta property=\"article:publisher\" content=\"https:\/\/www.facebook.com\/LibriParlanti\" \/>\n<meta property=\"article:modified_time\" content=\"2023-08-05T14:28:23+00:00\" \/>\n<meta property=\"og:image\" content=\"https:\/\/www.libriparlanti.org\/wp-content\/uploads\/2023\/06\/9788811816409.jpg\" \/>\n\t<meta property=\"og:image:width\" content=\"222\" \/>\n\t<meta property=\"og:image:height\" content=\"340\" \/>\n\t<meta property=\"og:image:type\" content=\"image\/jpeg\" \/>\n<meta name=\"twitter:card\" content=\"summary_large_image\" \/>\n<meta name=\"twitter:label1\" content=\"Tempo di lettura stimato\" \/>\n\t<meta name=\"twitter:data1\" content=\"1 minuto\" \/>\n<script type=\"application\/ld+json\" class=\"yoast-schema-graph\">{\"@context\":\"https:\\\/\\\/schema.org\",\"@graph\":[{\"@type\":\"WebPage\",\"@id\":\"https:\\\/\\\/www.libriparlanti.org\\\/index.php\\\/prodotto\\\/i-biglietti-misteriosi-di-margaret-small\\\/\",\"url\":\"https:\\\/\\\/www.libriparlanti.org\\\/index.php\\\/prodotto\\\/i-biglietti-misteriosi-di-margaret-small\\\/\",\"name\":\"I BIGLIETTI MISTERIOSI DI MARGARET SMALL - Libreria Libri parlanti\",\"isPartOf\":{\"@id\":\"https:\\\/\\\/www.libriparlanti.org\\\/#website\"},\"primaryImageOfPage\":{\"@id\":\"https:\\\/\\\/www.libriparlanti.org\\\/index.php\\\/prodotto\\\/i-biglietti-misteriosi-di-margaret-small\\\/#primaryimage\"},\"image\":{\"@id\":\"https:\\\/\\\/www.libriparlanti.org\\\/index.php\\\/prodotto\\\/i-biglietti-misteriosi-di-margaret-small\\\/#primaryimage\"},\"thumbnailUrl\":\"https:\\\/\\\/www.libriparlanti.org\\\/wp-content\\\/uploads\\\/2023\\\/06\\\/9788811816409.jpg\",\"datePublished\":\"2023-06-03T10:44:21+00:00\",\"dateModified\":\"2023-08-05T14:28:23+00:00\",\"breadcrumb\":{\"@id\":\"https:\\\/\\\/www.libriparlanti.org\\\/index.php\\\/prodotto\\\/i-biglietti-misteriosi-di-margaret-small\\\/#breadcrumb\"},\"inLanguage\":\"it-IT\",\"potentialAction\":[{\"@type\":\"ReadAction\",\"target\":[\"https:\\\/\\\/www.libriparlanti.org\\\/index.php\\\/prodotto\\\/i-biglietti-misteriosi-di-margaret-small\\\/\"]}]},{\"@type\":\"ImageObject\",\"inLanguage\":\"it-IT\",\"@id\":\"https:\\\/\\\/www.libriparlanti.org\\\/index.php\\\/prodotto\\\/i-biglietti-misteriosi-di-margaret-small\\\/#primaryimage\",\"url\":\"https:\\\/\\\/www.libriparlanti.org\\\/wp-content\\\/uploads\\\/2023\\\/06\\\/9788811816409.jpg\",\"contentUrl\":\"https:\\\/\\\/www.libriparlanti.org\\\/wp-content\\\/uploads\\\/2023\\\/06\\\/9788811816409.jpg\",\"width\":222,\"height\":340},{\"@type\":\"BreadcrumbList\",\"@id\":\"https:\\\/\\\/www.libriparlanti.org\\\/index.php\\\/prodotto\\\/i-biglietti-misteriosi-di-margaret-small\\\/#breadcrumb\",\"itemListElement\":[{\"@type\":\"ListItem\",\"position\":1,\"name\":\"Home\",\"item\":\"https:\\\/\\\/www.libriparlanti.org\\\/\"},{\"@type\":\"ListItem\",\"position\":2,\"name\":\"Shop\",\"item\":\"https:\\\/\\\/www.libriparlanti.org\\\/index.php\\\/negozio\\\/\"},{\"@type\":\"ListItem\",\"position\":3,\"name\":\"I BIGLIETTI MISTERIOSI DI MARGARET SMALL\"}]},{\"@type\":\"WebSite\",\"@id\":\"https:\\\/\\\/www.libriparlanti.org\\\/#website\",\"url\":\"https:\\\/\\\/www.libriparlanti.org\\\/\",\"name\":\"Libreria Libri parlanti\",\"description\":\"Libreria in Castiglione del Lago (Pg)\",\"potentialAction\":[{\"@type\":\"SearchAction\",\"target\":{\"@type\":\"EntryPoint\",\"urlTemplate\":\"https:\\\/\\\/www.libriparlanti.org\\\/?s={search_term_string}\"},\"query-input\":{\"@type\":\"PropertyValueSpecification\",\"valueRequired\":true,\"valueName\":\"search_term_string\"}}],\"inLanguage\":\"it-IT\"}]}<\/script>\n<!-- \/ Yoast SEO plugin. -->","yoast_head_json":{"title":"I BIGLIETTI MISTERIOSI DI MARGARET SMALL - Libreria Libri parlanti","robots":{"index":"index","follow":"follow","max-snippet":"max-snippet:-1","max-image-preview":"max-image-preview:large","max-video-preview":"max-video-preview:-1"},"canonical":"https:\/\/www.libriparlanti.org\/index.php\/prodotto\/i-biglietti-misteriosi-di-margaret-small\/","og_locale":"it_IT","og_type":"article","og_title":"I BIGLIETTI MISTERIOSI DI MARGARET SMALL - Libreria Libri parlanti","og_description":"Autore: NEIL ALEXANDER Editore: GARZANTI ISBN: 9788811816409","og_url":"https:\/\/www.libriparlanti.org\/index.php\/prodotto\/i-biglietti-misteriosi-di-margaret-small\/","og_site_name":"Libreria Libri parlanti","article_publisher":"https:\/\/www.facebook.com\/LibriParlanti","article_modified_time":"2023-08-05T14:28:23+00:00","og_image":[{"width":222,"height":340,"url":"https:\/\/www.libriparlanti.org\/wp-content\/uploads\/2023\/06\/9788811816409.jpg","type":"image\/jpeg"}],"twitter_card":"summary_large_image","twitter_misc":{"Tempo di lettura stimato":"1 minuto"},"schema":{"@context":"https:\/\/schema.org","@graph":[{"@type":"WebPage","@id":"https:\/\/www.libriparlanti.org\/index.php\/prodotto\/i-biglietti-misteriosi-di-margaret-small\/","url":"https:\/\/www.libriparlanti.org\/index.php\/prodotto\/i-biglietti-misteriosi-di-margaret-small\/","name":"I BIGLIETTI MISTERIOSI DI MARGARET SMALL - Libreria Libri parlanti","isPartOf":{"@id":"https:\/\/www.libriparlanti.org\/#website"},"primaryImageOfPage":{"@id":"https:\/\/www.libriparlanti.org\/index.php\/prodotto\/i-biglietti-misteriosi-di-margaret-small\/#primaryimage"},"image":{"@id":"https:\/\/www.libriparlanti.org\/index.php\/prodotto\/i-biglietti-misteriosi-di-margaret-small\/#primaryimage"},"thumbnailUrl":"https:\/\/www.libriparlanti.org\/wp-content\/uploads\/2023\/06\/9788811816409.jpg","datePublished":"2023-06-03T10:44:21+00:00","dateModified":"2023-08-05T14:28:23+00:00","breadcrumb":{"@id":"https:\/\/www.libriparlanti.org\/index.php\/prodotto\/i-biglietti-misteriosi-di-margaret-small\/#breadcrumb"},"inLanguage":"it-IT","potentialAction":[{"@type":"ReadAction","target":["https:\/\/www.libriparlanti.org\/index.php\/prodotto\/i-biglietti-misteriosi-di-margaret-small\/"]}]},{"@type":"ImageObject","inLanguage":"it-IT","@id":"https:\/\/www.libriparlanti.org\/index.php\/prodotto\/i-biglietti-misteriosi-di-margaret-small\/#primaryimage","url":"https:\/\/www.libriparlanti.org\/wp-content\/uploads\/2023\/06\/9788811816409.jpg","contentUrl":"https:\/\/www.libriparlanti.org\/wp-content\/uploads\/2023\/06\/9788811816409.jpg","width":222,"height":340},{"@type":"BreadcrumbList","@id":"https:\/\/www.libriparlanti.org\/index.php\/prodotto\/i-biglietti-misteriosi-di-margaret-small\/#breadcrumb","itemListElement":[{"@type":"ListItem","position":1,"name":"Home","item":"https:\/\/www.libriparlanti.org\/"},{"@type":"ListItem","position":2,"name":"Shop","item":"https:\/\/www.libriparlanti.org\/index.php\/negozio\/"},{"@type":"ListItem","position":3,"name":"I BIGLIETTI MISTERIOSI DI MARGARET SMALL"}]},{"@type":"WebSite","@id":"https:\/\/www.libriparlanti.org\/#website","url":"https:\/\/www.libriparlanti.org\/","name":"Libreria Libri parlanti","description":"Libreria in Castiglione del Lago (Pg)","potentialAction":[{"@type":"SearchAction","target":{"@type":"EntryPoint","urlTemplate":"https:\/\/www.libriparlanti.org\/?s={search_term_string}"},"query-input":{"@type":"PropertyValueSpecification","valueRequired":true,"valueName":"search_term_string"}}],"inLanguage":"it-IT"}]}},"_links":{"self":[{"href":"https:\/\/www.libriparlanti.org\/index.php\/wp-json\/wp\/v2\/product\/27955","targetHints":{"allow":["GET"]}}],"collection":[{"href":"https:\/\/www.libriparlanti.org\/index.php\/wp-json\/wp\/v2\/product"}],"about":[{"href":"https:\/\/www.libriparlanti.org\/index.php\/wp-json\/wp\/v2\/types\/product"}],"replies":[{"embeddable":true,"href":"https:\/\/www.libriparlanti.org\/index.php\/wp-json\/wp\/v2\/comments?post=27955"}],"wp:featuredmedia":[{"embeddable":true,"href":"https:\/\/www.libriparlanti.org\/index.php\/wp-json\/wp\/v2\/media\/27954"}],"wp:attachment":[{"href":"https:\/\/www.libriparlanti.org\/index.php\/wp-json\/wp\/v2\/media?parent=27955"}],"wp:term":[{"taxonomy":"product_brand","embeddable":true,"href":"https:\/\/www.libriparlanti.org\/index.php\/wp-json\/wp\/v2\/product_brand?post=27955"},{"taxonomy":"product_cat","embeddable":true,"href":"https:\/\/www.libriparlanti.org\/index.php\/wp-json\/wp\/v2\/product_cat?post=27955"},{"taxonomy":"product_tag","embeddable":true,"href":"https:\/\/www.libriparlanti.org\/index.php\/wp-json\/wp\/v2\/product_tag?post=27955"}],"curies":[{"name":"wp","href":"https:\/\/api.w.org\/{rel}","templated":true}]}}