{"id":27718,"date":"2023-05-19T11:49:28","date_gmt":"2023-05-19T09:49:28","guid":{"rendered":"https:\/\/www.libriparlanti.org\/index.php\/prodotto\/la-notte-degli-spilli\/"},"modified":"2023-06-12T12:41:38","modified_gmt":"2023-06-12T10:41:38","slug":"la-notte-degli-spilli","status":"publish","type":"product","link":"https:\/\/www.libriparlanti.org\/index.php\/prodotto\/la-notte-degli-spilli\/","title":{"rendered":"LA NOTTE DEGLI SPILLI"},"content":{"rendered":"<p>Beto, Moco, Carlos e Manu hanno quindici anni e frequentano un istituto religioso nella Lima degli anni Novanta. Condividono l&#8217;amicizia, il risveglio delle prime curiosit\u00e0 sessuali e hanno imparato a lottare per tenere nascoste le proprie fragilit\u00e0 ai coetanei, difendere il proprio territorio e fuggire dai rispettivi e complicati ambienti famigliari. Ma la loro adolescenza \u00e8 fatta anche di violenza, prevaricazione, di rabbia irrazionale, fino a quando, una notte, decidono di ribellarsi anche contro il mondo degli adulti e della scuola, ossia contro il mondo intero&#8230; Santiago Roncagliolo ci conduce &#8211; con grande maestria nella gestione della suspense e dell&#8217;indagine psicologica, alternata a una buona dose di ironia e umorismo &#8211; in un viaggio all&#8217;indietro nel tempo attraverso le voci dei protagonisti che, dopo molti anni, si ritrovano a raccontare di quella notte in cui hanno perso definitivamente la loro innocenza, infrangendo le barriere tra il bene e il male. Un romanzo che \u00e8 ritratto di una generazione confusa e spaesata tra benessere, violenza e ricerca di un posto nel mondo, ed \u00e8 anche indagine sociale, affresco storico, istantanea di un Per\u00f9 segnato dalla guerra civile.<\/p>\n","protected":false},"excerpt":{"rendered":"<p><em>Autore:<\/em> RONCAGLIOLO SANTIAGO<br \/>\n<em>Editore:<\/em> KELLER<br \/>\n<em>ISBN:<\/em> 9788899911782<\/p>\n","protected":false},"featured_media":27717,"comment_status":"closed","ping_status":"closed","template":"","meta":{"_et_pb_use_builder":"","_et_pb_old_content":"","_et_gb_content_width":"","_joinchat":[]},"product_brand":[],"product_cat":[1736],"product_tag":[],"class_list":{"0":"post-27718","1":"product","2":"type-product","3":"status-publish","4":"has-post-thumbnail","6":"product_cat-narrativa","8":"first","9":"onbackorder","10":"taxable","11":"shipping-taxable","12":"purchasable","13":"product-type-simple"},"yoast_head":"<!-- This site is optimized with the Yoast SEO plugin v27.5 - https:\/\/yoast.com\/product\/yoast-seo-wordpress\/ -->\n<title>LA NOTTE DEGLI SPILLI - Libreria Libri parlanti<\/title>\n<meta name=\"robots\" content=\"index, follow, max-snippet:-1, max-image-preview:large, max-video-preview:-1\" \/>\n<link rel=\"canonical\" href=\"https:\/\/www.libriparlanti.org\/index.php\/prodotto\/la-notte-degli-spilli\/\" \/>\n<meta property=\"og:locale\" content=\"it_IT\" \/>\n<meta property=\"og:type\" content=\"article\" \/>\n<meta property=\"og:title\" content=\"LA NOTTE DEGLI SPILLI - Libreria Libri parlanti\" \/>\n<meta property=\"og:description\" content=\"Autore: RONCAGLIOLO SANTIAGO Editore: KELLER ISBN: 9788899911782\" \/>\n<meta property=\"og:url\" content=\"https:\/\/www.libriparlanti.org\/index.php\/prodotto\/la-notte-degli-spilli\/\" \/>\n<meta property=\"og:site_name\" content=\"Libreria Libri parlanti\" \/>\n<meta property=\"article:publisher\" content=\"https:\/\/www.facebook.com\/LibriParlanti\" \/>\n<meta property=\"article:modified_time\" content=\"2023-06-12T10:41:38+00:00\" \/>\n<meta property=\"og:image\" content=\"https:\/\/www.libriparlanti.org\/wp-content\/uploads\/2023\/05\/9788899911782.jpg\" \/>\n\t<meta property=\"og:image:width\" content=\"188\" \/>\n\t<meta property=\"og:image:height\" content=\"268\" \/>\n\t<meta property=\"og:image:type\" content=\"image\/jpeg\" \/>\n<meta name=\"twitter:card\" content=\"summary_large_image\" \/>\n<meta name=\"twitter:label1\" content=\"Tempo di lettura stimato\" \/>\n\t<meta name=\"twitter:data1\" content=\"1 minuto\" \/>\n<script type=\"application\/ld+json\" class=\"yoast-schema-graph\">{\"@context\":\"https:\\\/\\\/schema.org\",\"@graph\":[{\"@type\":\"WebPage\",\"@id\":\"https:\\\/\\\/www.libriparlanti.org\\\/index.php\\\/prodotto\\\/la-notte-degli-spilli\\\/\",\"url\":\"https:\\\/\\\/www.libriparlanti.org\\\/index.php\\\/prodotto\\\/la-notte-degli-spilli\\\/\",\"name\":\"LA NOTTE DEGLI SPILLI - Libreria Libri parlanti\",\"isPartOf\":{\"@id\":\"https:\\\/\\\/www.libriparlanti.org\\\/#website\"},\"primaryImageOfPage\":{\"@id\":\"https:\\\/\\\/www.libriparlanti.org\\\/index.php\\\/prodotto\\\/la-notte-degli-spilli\\\/#primaryimage\"},\"image\":{\"@id\":\"https:\\\/\\\/www.libriparlanti.org\\\/index.php\\\/prodotto\\\/la-notte-degli-spilli\\\/#primaryimage\"},\"thumbnailUrl\":\"https:\\\/\\\/www.libriparlanti.org\\\/wp-content\\\/uploads\\\/2023\\\/05\\\/9788899911782.jpg\",\"datePublished\":\"2023-05-19T09:49:28+00:00\",\"dateModified\":\"2023-06-12T10:41:38+00:00\",\"breadcrumb\":{\"@id\":\"https:\\\/\\\/www.libriparlanti.org\\\/index.php\\\/prodotto\\\/la-notte-degli-spilli\\\/#breadcrumb\"},\"inLanguage\":\"it-IT\",\"potentialAction\":[{\"@type\":\"ReadAction\",\"target\":[\"https:\\\/\\\/www.libriparlanti.org\\\/index.php\\\/prodotto\\\/la-notte-degli-spilli\\\/\"]}]},{\"@type\":\"ImageObject\",\"inLanguage\":\"it-IT\",\"@id\":\"https:\\\/\\\/www.libriparlanti.org\\\/index.php\\\/prodotto\\\/la-notte-degli-spilli\\\/#primaryimage\",\"url\":\"https:\\\/\\\/www.libriparlanti.org\\\/wp-content\\\/uploads\\\/2023\\\/05\\\/9788899911782.jpg\",\"contentUrl\":\"https:\\\/\\\/www.libriparlanti.org\\\/wp-content\\\/uploads\\\/2023\\\/05\\\/9788899911782.jpg\",\"width\":188,\"height\":268},{\"@type\":\"BreadcrumbList\",\"@id\":\"https:\\\/\\\/www.libriparlanti.org\\\/index.php\\\/prodotto\\\/la-notte-degli-spilli\\\/#breadcrumb\",\"itemListElement\":[{\"@type\":\"ListItem\",\"position\":1,\"name\":\"Home\",\"item\":\"https:\\\/\\\/www.libriparlanti.org\\\/\"},{\"@type\":\"ListItem\",\"position\":2,\"name\":\"Shop\",\"item\":\"https:\\\/\\\/www.libriparlanti.org\\\/index.php\\\/negozio\\\/\"},{\"@type\":\"ListItem\",\"position\":3,\"name\":\"LA NOTTE DEGLI SPILLI\"}]},{\"@type\":\"WebSite\",\"@id\":\"https:\\\/\\\/www.libriparlanti.org\\\/#website\",\"url\":\"https:\\\/\\\/www.libriparlanti.org\\\/\",\"name\":\"Libreria Libri parlanti\",\"description\":\"Libreria in Castiglione del Lago (Pg)\",\"potentialAction\":[{\"@type\":\"SearchAction\",\"target\":{\"@type\":\"EntryPoint\",\"urlTemplate\":\"https:\\\/\\\/www.libriparlanti.org\\\/?s={search_term_string}\"},\"query-input\":{\"@type\":\"PropertyValueSpecification\",\"valueRequired\":true,\"valueName\":\"search_term_string\"}}],\"inLanguage\":\"it-IT\"}]}<\/script>\n<!-- \/ Yoast SEO plugin. -->","yoast_head_json":{"title":"LA NOTTE DEGLI SPILLI - Libreria Libri parlanti","robots":{"index":"index","follow":"follow","max-snippet":"max-snippet:-1","max-image-preview":"max-image-preview:large","max-video-preview":"max-video-preview:-1"},"canonical":"https:\/\/www.libriparlanti.org\/index.php\/prodotto\/la-notte-degli-spilli\/","og_locale":"it_IT","og_type":"article","og_title":"LA NOTTE DEGLI SPILLI - Libreria Libri parlanti","og_description":"Autore: RONCAGLIOLO SANTIAGO Editore: KELLER ISBN: 9788899911782","og_url":"https:\/\/www.libriparlanti.org\/index.php\/prodotto\/la-notte-degli-spilli\/","og_site_name":"Libreria Libri parlanti","article_publisher":"https:\/\/www.facebook.com\/LibriParlanti","article_modified_time":"2023-06-12T10:41:38+00:00","og_image":[{"width":188,"height":268,"url":"https:\/\/www.libriparlanti.org\/wp-content\/uploads\/2023\/05\/9788899911782.jpg","type":"image\/jpeg"}],"twitter_card":"summary_large_image","twitter_misc":{"Tempo di lettura stimato":"1 minuto"},"schema":{"@context":"https:\/\/schema.org","@graph":[{"@type":"WebPage","@id":"https:\/\/www.libriparlanti.org\/index.php\/prodotto\/la-notte-degli-spilli\/","url":"https:\/\/www.libriparlanti.org\/index.php\/prodotto\/la-notte-degli-spilli\/","name":"LA NOTTE DEGLI SPILLI - Libreria Libri parlanti","isPartOf":{"@id":"https:\/\/www.libriparlanti.org\/#website"},"primaryImageOfPage":{"@id":"https:\/\/www.libriparlanti.org\/index.php\/prodotto\/la-notte-degli-spilli\/#primaryimage"},"image":{"@id":"https:\/\/www.libriparlanti.org\/index.php\/prodotto\/la-notte-degli-spilli\/#primaryimage"},"thumbnailUrl":"https:\/\/www.libriparlanti.org\/wp-content\/uploads\/2023\/05\/9788899911782.jpg","datePublished":"2023-05-19T09:49:28+00:00","dateModified":"2023-06-12T10:41:38+00:00","breadcrumb":{"@id":"https:\/\/www.libriparlanti.org\/index.php\/prodotto\/la-notte-degli-spilli\/#breadcrumb"},"inLanguage":"it-IT","potentialAction":[{"@type":"ReadAction","target":["https:\/\/www.libriparlanti.org\/index.php\/prodotto\/la-notte-degli-spilli\/"]}]},{"@type":"ImageObject","inLanguage":"it-IT","@id":"https:\/\/www.libriparlanti.org\/index.php\/prodotto\/la-notte-degli-spilli\/#primaryimage","url":"https:\/\/www.libriparlanti.org\/wp-content\/uploads\/2023\/05\/9788899911782.jpg","contentUrl":"https:\/\/www.libriparlanti.org\/wp-content\/uploads\/2023\/05\/9788899911782.jpg","width":188,"height":268},{"@type":"BreadcrumbList","@id":"https:\/\/www.libriparlanti.org\/index.php\/prodotto\/la-notte-degli-spilli\/#breadcrumb","itemListElement":[{"@type":"ListItem","position":1,"name":"Home","item":"https:\/\/www.libriparlanti.org\/"},{"@type":"ListItem","position":2,"name":"Shop","item":"https:\/\/www.libriparlanti.org\/index.php\/negozio\/"},{"@type":"ListItem","position":3,"name":"LA NOTTE DEGLI SPILLI"}]},{"@type":"WebSite","@id":"https:\/\/www.libriparlanti.org\/#website","url":"https:\/\/www.libriparlanti.org\/","name":"Libreria Libri parlanti","description":"Libreria in Castiglione del Lago (Pg)","potentialAction":[{"@type":"SearchAction","target":{"@type":"EntryPoint","urlTemplate":"https:\/\/www.libriparlanti.org\/?s={search_term_string}"},"query-input":{"@type":"PropertyValueSpecification","valueRequired":true,"valueName":"search_term_string"}}],"inLanguage":"it-IT"}]}},"_links":{"self":[{"href":"https:\/\/www.libriparlanti.org\/index.php\/wp-json\/wp\/v2\/product\/27718","targetHints":{"allow":["GET"]}}],"collection":[{"href":"https:\/\/www.libriparlanti.org\/index.php\/wp-json\/wp\/v2\/product"}],"about":[{"href":"https:\/\/www.libriparlanti.org\/index.php\/wp-json\/wp\/v2\/types\/product"}],"replies":[{"embeddable":true,"href":"https:\/\/www.libriparlanti.org\/index.php\/wp-json\/wp\/v2\/comments?post=27718"}],"wp:featuredmedia":[{"embeddable":true,"href":"https:\/\/www.libriparlanti.org\/index.php\/wp-json\/wp\/v2\/media\/27717"}],"wp:attachment":[{"href":"https:\/\/www.libriparlanti.org\/index.php\/wp-json\/wp\/v2\/media?parent=27718"}],"wp:term":[{"taxonomy":"product_brand","embeddable":true,"href":"https:\/\/www.libriparlanti.org\/index.php\/wp-json\/wp\/v2\/product_brand?post=27718"},{"taxonomy":"product_cat","embeddable":true,"href":"https:\/\/www.libriparlanti.org\/index.php\/wp-json\/wp\/v2\/product_cat?post=27718"},{"taxonomy":"product_tag","embeddable":true,"href":"https:\/\/www.libriparlanti.org\/index.php\/wp-json\/wp\/v2\/product_tag?post=27718"}],"curies":[{"name":"wp","href":"https:\/\/api.w.org\/{rel}","templated":true}]}}