{"id":27714,"date":"2023-05-19T11:45:11","date_gmt":"2023-05-19T09:45:11","guid":{"rendered":"https:\/\/www.libriparlanti.org\/index.php\/prodotto\/dieci-figli-che-la-signora-ming-non-ha-m\/"},"modified":"2023-11-16T11:20:28","modified_gmt":"2023-11-16T09:20:28","slug":"dieci-figli-che-la-signora-ming-non-ha-m","status":"publish","type":"product","link":"https:\/\/www.libriparlanti.org\/index.php\/prodotto\/dieci-figli-che-la-signora-ming-non-ha-m\/","title":{"rendered":"DIECI FIGLI CHE LA SIGNORA MING NON HA M"},"content":{"rendered":"<p>Tutti, anche i pi\u00f9 sprovveduti, sanno che in Cina le coppie non possono avere pi\u00f9 di un figlio. Le autorit\u00e0 cinesi sono molto attente al controllo demografico, e chi trasgredisce incorre in severe sanzioni. Come fa allora la modesta signora Ming, addetta alle pulizie della toilette per gli uomini del Grand Hotel di Yunhai, ad avere dieci figli? Il moderno e spregiudicato imprenditore francese, a Yunhai per affari, ritiene che la donna lo voglia prendere in giro. Si diverte a parlare con lei, ad ascoltare le storie che lei gli racconta sui suoi figli immaginari, e ne approfitta per praticare la lingua del luogo, il cantonese, ma di base \u00e8 convinto che la donna sia una mitomane. Nel corso dei giorni, per\u00f2, man mano che si dipanano le vicende dei figli inesistenti, l&#8217;uomo d&#8217;affari cambia parere. Le parole della signora Ming, farcite di precetti di Confucio, gli fanno apparire l&#8217;esistenza sotto un&#8217;altra ottica, lo spingono a indagare sui labili confini che dividono la verit\u00e0 dalla menzogna e lo portano, infine, a rivalutare la sua stessa vita e a considerare seriamente la possibilit\u00e0 di una paternit\u00e0 fino ad allora accuratamente evitata.<\/p>\n","protected":false},"excerpt":{"rendered":"<p><em>Autore:<\/em> SCHMITT ERIC-EMMANUEL<br \/>\n<em>Editore:<\/em> E\/O<br \/>\n<em>ISBN:<\/em> 9788866321842<\/p>\n","protected":false},"featured_media":27713,"comment_status":"closed","ping_status":"closed","template":"","meta":{"_et_pb_use_builder":"","_et_pb_old_content":"","_et_gb_content_width":"","_joinchat":[]},"product_brand":[],"product_cat":[1736],"product_tag":[],"class_list":{"0":"post-27714","1":"product","2":"type-product","3":"status-publish","4":"has-post-thumbnail","6":"product_cat-narrativa","8":"first","9":"onbackorder","10":"taxable","11":"shipping-taxable","12":"purchasable","13":"product-type-simple"},"yoast_head":"<!-- This site is optimized with the Yoast SEO plugin v27.5 - https:\/\/yoast.com\/product\/yoast-seo-wordpress\/ -->\n<title>DIECI FIGLI CHE LA SIGNORA MING NON HA M - Libreria Libri parlanti<\/title>\n<meta name=\"robots\" content=\"index, follow, max-snippet:-1, max-image-preview:large, max-video-preview:-1\" \/>\n<link rel=\"canonical\" href=\"https:\/\/www.libriparlanti.org\/index.php\/prodotto\/dieci-figli-che-la-signora-ming-non-ha-m\/\" \/>\n<meta property=\"og:locale\" content=\"it_IT\" \/>\n<meta property=\"og:type\" content=\"article\" \/>\n<meta property=\"og:title\" content=\"DIECI FIGLI CHE LA SIGNORA MING NON HA M - Libreria Libri parlanti\" \/>\n<meta property=\"og:description\" content=\"Autore: SCHMITT ERIC-EMMANUEL Editore: E\/O ISBN: 9788866321842\" \/>\n<meta property=\"og:url\" content=\"https:\/\/www.libriparlanti.org\/index.php\/prodotto\/dieci-figli-che-la-signora-ming-non-ha-m\/\" \/>\n<meta property=\"og:site_name\" content=\"Libreria Libri parlanti\" \/>\n<meta property=\"article:publisher\" content=\"https:\/\/www.facebook.com\/LibriParlanti\" \/>\n<meta property=\"article:modified_time\" content=\"2023-11-16T09:20:28+00:00\" \/>\n<meta property=\"og:image\" content=\"https:\/\/www.libriparlanti.org\/wp-content\/uploads\/2023\/05\/9788866321842.jpg\" \/>\n\t<meta property=\"og:image:width\" content=\"177\" \/>\n\t<meta property=\"og:image:height\" content=\"284\" \/>\n\t<meta property=\"og:image:type\" content=\"image\/jpeg\" \/>\n<meta name=\"twitter:card\" content=\"summary_large_image\" \/>\n<meta name=\"twitter:label1\" content=\"Tempo di lettura stimato\" \/>\n\t<meta name=\"twitter:data1\" content=\"1 minuto\" \/>\n<script type=\"application\/ld+json\" class=\"yoast-schema-graph\">{\"@context\":\"https:\\\/\\\/schema.org\",\"@graph\":[{\"@type\":\"WebPage\",\"@id\":\"https:\\\/\\\/www.libriparlanti.org\\\/index.php\\\/prodotto\\\/dieci-figli-che-la-signora-ming-non-ha-m\\\/\",\"url\":\"https:\\\/\\\/www.libriparlanti.org\\\/index.php\\\/prodotto\\\/dieci-figli-che-la-signora-ming-non-ha-m\\\/\",\"name\":\"DIECI FIGLI CHE LA SIGNORA MING NON HA M - Libreria Libri parlanti\",\"isPartOf\":{\"@id\":\"https:\\\/\\\/www.libriparlanti.org\\\/#website\"},\"primaryImageOfPage\":{\"@id\":\"https:\\\/\\\/www.libriparlanti.org\\\/index.php\\\/prodotto\\\/dieci-figli-che-la-signora-ming-non-ha-m\\\/#primaryimage\"},\"image\":{\"@id\":\"https:\\\/\\\/www.libriparlanti.org\\\/index.php\\\/prodotto\\\/dieci-figli-che-la-signora-ming-non-ha-m\\\/#primaryimage\"},\"thumbnailUrl\":\"https:\\\/\\\/www.libriparlanti.org\\\/wp-content\\\/uploads\\\/2023\\\/05\\\/9788866321842.jpg\",\"datePublished\":\"2023-05-19T09:45:11+00:00\",\"dateModified\":\"2023-11-16T09:20:28+00:00\",\"breadcrumb\":{\"@id\":\"https:\\\/\\\/www.libriparlanti.org\\\/index.php\\\/prodotto\\\/dieci-figli-che-la-signora-ming-non-ha-m\\\/#breadcrumb\"},\"inLanguage\":\"it-IT\",\"potentialAction\":[{\"@type\":\"ReadAction\",\"target\":[\"https:\\\/\\\/www.libriparlanti.org\\\/index.php\\\/prodotto\\\/dieci-figli-che-la-signora-ming-non-ha-m\\\/\"]}]},{\"@type\":\"ImageObject\",\"inLanguage\":\"it-IT\",\"@id\":\"https:\\\/\\\/www.libriparlanti.org\\\/index.php\\\/prodotto\\\/dieci-figli-che-la-signora-ming-non-ha-m\\\/#primaryimage\",\"url\":\"https:\\\/\\\/www.libriparlanti.org\\\/wp-content\\\/uploads\\\/2023\\\/05\\\/9788866321842.jpg\",\"contentUrl\":\"https:\\\/\\\/www.libriparlanti.org\\\/wp-content\\\/uploads\\\/2023\\\/05\\\/9788866321842.jpg\",\"width\":177,\"height\":284},{\"@type\":\"BreadcrumbList\",\"@id\":\"https:\\\/\\\/www.libriparlanti.org\\\/index.php\\\/prodotto\\\/dieci-figli-che-la-signora-ming-non-ha-m\\\/#breadcrumb\",\"itemListElement\":[{\"@type\":\"ListItem\",\"position\":1,\"name\":\"Home\",\"item\":\"https:\\\/\\\/www.libriparlanti.org\\\/\"},{\"@type\":\"ListItem\",\"position\":2,\"name\":\"Shop\",\"item\":\"https:\\\/\\\/www.libriparlanti.org\\\/index.php\\\/negozio\\\/\"},{\"@type\":\"ListItem\",\"position\":3,\"name\":\"DIECI FIGLI CHE LA SIGNORA MING NON HA M\"}]},{\"@type\":\"WebSite\",\"@id\":\"https:\\\/\\\/www.libriparlanti.org\\\/#website\",\"url\":\"https:\\\/\\\/www.libriparlanti.org\\\/\",\"name\":\"Libreria Libri parlanti\",\"description\":\"Libreria in Castiglione del Lago (Pg)\",\"potentialAction\":[{\"@type\":\"SearchAction\",\"target\":{\"@type\":\"EntryPoint\",\"urlTemplate\":\"https:\\\/\\\/www.libriparlanti.org\\\/?s={search_term_string}\"},\"query-input\":{\"@type\":\"PropertyValueSpecification\",\"valueRequired\":true,\"valueName\":\"search_term_string\"}}],\"inLanguage\":\"it-IT\"}]}<\/script>\n<!-- \/ Yoast SEO plugin. -->","yoast_head_json":{"title":"DIECI FIGLI CHE LA SIGNORA MING NON HA M - Libreria Libri parlanti","robots":{"index":"index","follow":"follow","max-snippet":"max-snippet:-1","max-image-preview":"max-image-preview:large","max-video-preview":"max-video-preview:-1"},"canonical":"https:\/\/www.libriparlanti.org\/index.php\/prodotto\/dieci-figli-che-la-signora-ming-non-ha-m\/","og_locale":"it_IT","og_type":"article","og_title":"DIECI FIGLI CHE LA SIGNORA MING NON HA M - Libreria Libri parlanti","og_description":"Autore: SCHMITT ERIC-EMMANUEL Editore: E\/O ISBN: 9788866321842","og_url":"https:\/\/www.libriparlanti.org\/index.php\/prodotto\/dieci-figli-che-la-signora-ming-non-ha-m\/","og_site_name":"Libreria Libri parlanti","article_publisher":"https:\/\/www.facebook.com\/LibriParlanti","article_modified_time":"2023-11-16T09:20:28+00:00","og_image":[{"width":177,"height":284,"url":"https:\/\/www.libriparlanti.org\/wp-content\/uploads\/2023\/05\/9788866321842.jpg","type":"image\/jpeg"}],"twitter_card":"summary_large_image","twitter_misc":{"Tempo di lettura stimato":"1 minuto"},"schema":{"@context":"https:\/\/schema.org","@graph":[{"@type":"WebPage","@id":"https:\/\/www.libriparlanti.org\/index.php\/prodotto\/dieci-figli-che-la-signora-ming-non-ha-m\/","url":"https:\/\/www.libriparlanti.org\/index.php\/prodotto\/dieci-figli-che-la-signora-ming-non-ha-m\/","name":"DIECI FIGLI CHE LA SIGNORA MING NON HA M - Libreria Libri parlanti","isPartOf":{"@id":"https:\/\/www.libriparlanti.org\/#website"},"primaryImageOfPage":{"@id":"https:\/\/www.libriparlanti.org\/index.php\/prodotto\/dieci-figli-che-la-signora-ming-non-ha-m\/#primaryimage"},"image":{"@id":"https:\/\/www.libriparlanti.org\/index.php\/prodotto\/dieci-figli-che-la-signora-ming-non-ha-m\/#primaryimage"},"thumbnailUrl":"https:\/\/www.libriparlanti.org\/wp-content\/uploads\/2023\/05\/9788866321842.jpg","datePublished":"2023-05-19T09:45:11+00:00","dateModified":"2023-11-16T09:20:28+00:00","breadcrumb":{"@id":"https:\/\/www.libriparlanti.org\/index.php\/prodotto\/dieci-figli-che-la-signora-ming-non-ha-m\/#breadcrumb"},"inLanguage":"it-IT","potentialAction":[{"@type":"ReadAction","target":["https:\/\/www.libriparlanti.org\/index.php\/prodotto\/dieci-figli-che-la-signora-ming-non-ha-m\/"]}]},{"@type":"ImageObject","inLanguage":"it-IT","@id":"https:\/\/www.libriparlanti.org\/index.php\/prodotto\/dieci-figli-che-la-signora-ming-non-ha-m\/#primaryimage","url":"https:\/\/www.libriparlanti.org\/wp-content\/uploads\/2023\/05\/9788866321842.jpg","contentUrl":"https:\/\/www.libriparlanti.org\/wp-content\/uploads\/2023\/05\/9788866321842.jpg","width":177,"height":284},{"@type":"BreadcrumbList","@id":"https:\/\/www.libriparlanti.org\/index.php\/prodotto\/dieci-figli-che-la-signora-ming-non-ha-m\/#breadcrumb","itemListElement":[{"@type":"ListItem","position":1,"name":"Home","item":"https:\/\/www.libriparlanti.org\/"},{"@type":"ListItem","position":2,"name":"Shop","item":"https:\/\/www.libriparlanti.org\/index.php\/negozio\/"},{"@type":"ListItem","position":3,"name":"DIECI FIGLI CHE LA SIGNORA MING NON HA M"}]},{"@type":"WebSite","@id":"https:\/\/www.libriparlanti.org\/#website","url":"https:\/\/www.libriparlanti.org\/","name":"Libreria Libri parlanti","description":"Libreria in Castiglione del Lago (Pg)","potentialAction":[{"@type":"SearchAction","target":{"@type":"EntryPoint","urlTemplate":"https:\/\/www.libriparlanti.org\/?s={search_term_string}"},"query-input":{"@type":"PropertyValueSpecification","valueRequired":true,"valueName":"search_term_string"}}],"inLanguage":"it-IT"}]}},"_links":{"self":[{"href":"https:\/\/www.libriparlanti.org\/index.php\/wp-json\/wp\/v2\/product\/27714","targetHints":{"allow":["GET"]}}],"collection":[{"href":"https:\/\/www.libriparlanti.org\/index.php\/wp-json\/wp\/v2\/product"}],"about":[{"href":"https:\/\/www.libriparlanti.org\/index.php\/wp-json\/wp\/v2\/types\/product"}],"replies":[{"embeddable":true,"href":"https:\/\/www.libriparlanti.org\/index.php\/wp-json\/wp\/v2\/comments?post=27714"}],"wp:featuredmedia":[{"embeddable":true,"href":"https:\/\/www.libriparlanti.org\/index.php\/wp-json\/wp\/v2\/media\/27713"}],"wp:attachment":[{"href":"https:\/\/www.libriparlanti.org\/index.php\/wp-json\/wp\/v2\/media?parent=27714"}],"wp:term":[{"taxonomy":"product_brand","embeddable":true,"href":"https:\/\/www.libriparlanti.org\/index.php\/wp-json\/wp\/v2\/product_brand?post=27714"},{"taxonomy":"product_cat","embeddable":true,"href":"https:\/\/www.libriparlanti.org\/index.php\/wp-json\/wp\/v2\/product_cat?post=27714"},{"taxonomy":"product_tag","embeddable":true,"href":"https:\/\/www.libriparlanti.org\/index.php\/wp-json\/wp\/v2\/product_tag?post=27714"}],"curies":[{"name":"wp","href":"https:\/\/api.w.org\/{rel}","templated":true}]}}