{"id":27710,"date":"2023-05-19T11:39:56","date_gmt":"2023-05-19T09:39:56","guid":{"rendered":"https:\/\/www.libriparlanti.org\/index.php\/prodotto\/trance-autobiografia-di-un-lettore\/"},"modified":"2023-06-12T12:41:38","modified_gmt":"2023-06-12T10:41:38","slug":"trance-autobiografia-di-un-lettore","status":"publish","type":"product","link":"https:\/\/www.libriparlanti.org\/index.php\/prodotto\/trance-autobiografia-di-un-lettore\/","title":{"rendered":"TRANCE. AUTOBIOGRAFIA DI UN LETTORE"},"content":{"rendered":"<p>\u00abScopre molto presto che non c&#8217;\u00e8 niente che gli interessi pi\u00f9 di leggere. Legge tutto quello che pu\u00f2, quello che trova. Legge anche quello che non capisce\u00bb. Cos\u00ec si apre \u00abTrance\u00bb, il libro che Alan Pauls dedica esclusivamente alla narrazione della propria storia di lettore. Affidandosi alla terza persona, l&#8217;autore gioca con i generi creando un glossario &#8211; sull&#8217;esempio del Roland Barthes di \u00abFrammenti di un discorso amoroso\u00bb &#8211; che \u00e8 al tempo stesso di spunto romanzesco: la storia di una passione compulsiva, ostinata, smisurata. Per il narratore, leggere non \u00e8 che un vizio, una pratica militante e febbrile della quale non pu\u00f2 fare a meno: a tutti gli effetti una dipendenza. Ogni voce del glossario ci svela, in ordine cronologico-sentimentale, una delle tante manie del lettore protagonista, o uno scrittore che gli sta particolarmente a cuore, o un libro che ha segnato irrimediabilmente il suo percorso: da Proust, a Bola\u00f1o, allo strutturalismo; dalla meraviglia di far innamorare una ragazza leggendole qualche pagina, alla passione per i viaggi in aereo dove &#8211; confinato in uno spazio microscopico per ore, privo di distrazioni &#8211; l&#8217;autore trova il suo habitat naturale per dedicarsi alla lettura. Pauls in questo libro ci appare non solo in veste di scrittore, ma come un lettore in stato di trance che trova nella scrittura l&#8217;occasione di poter continuare a leggere per sempre.<\/p>\n","protected":false},"excerpt":{"rendered":"<p><em>Autore:<\/em> PAULS ALAN<br \/>\n<em>Editore:<\/em> SUR EDIZIONI<br \/>\n<em>Collana:<\/em> SUR<br \/>\n<em>ISBN:<\/em> 9788869981630<\/p>\n","protected":false},"featured_media":27709,"comment_status":"closed","ping_status":"closed","template":"","meta":{"_et_pb_use_builder":"","_et_pb_old_content":"","_et_gb_content_width":"","_joinchat":[]},"product_brand":[],"product_cat":[1736],"product_tag":[],"class_list":{"0":"post-27710","1":"product","2":"type-product","3":"status-publish","4":"has-post-thumbnail","6":"product_cat-narrativa","8":"first","9":"onbackorder","10":"taxable","11":"shipping-taxable","12":"purchasable","13":"product-type-simple"},"yoast_head":"<!-- This site is optimized with the Yoast SEO plugin v27.5 - https:\/\/yoast.com\/product\/yoast-seo-wordpress\/ -->\n<title>TRANCE. AUTOBIOGRAFIA DI UN LETTORE - Libreria Libri parlanti<\/title>\n<meta name=\"robots\" content=\"index, follow, max-snippet:-1, max-image-preview:large, max-video-preview:-1\" \/>\n<link rel=\"canonical\" href=\"https:\/\/www.libriparlanti.org\/index.php\/prodotto\/trance-autobiografia-di-un-lettore\/\" \/>\n<meta property=\"og:locale\" content=\"it_IT\" \/>\n<meta property=\"og:type\" content=\"article\" \/>\n<meta property=\"og:title\" content=\"TRANCE. AUTOBIOGRAFIA DI UN LETTORE - Libreria Libri parlanti\" \/>\n<meta property=\"og:description\" content=\"Autore: PAULS ALAN Editore: SUR EDIZIONI Collana: SUR ISBN: 9788869981630\" \/>\n<meta property=\"og:url\" content=\"https:\/\/www.libriparlanti.org\/index.php\/prodotto\/trance-autobiografia-di-un-lettore\/\" \/>\n<meta property=\"og:site_name\" content=\"Libreria Libri parlanti\" \/>\n<meta property=\"article:publisher\" content=\"https:\/\/www.facebook.com\/LibriParlanti\" \/>\n<meta property=\"article:modified_time\" content=\"2023-06-12T10:41:38+00:00\" \/>\n<meta property=\"og:image\" content=\"https:\/\/www.libriparlanti.org\/wp-content\/uploads\/2023\/05\/9788869981630.jpg\" \/>\n\t<meta property=\"og:image:width\" content=\"179\" \/>\n\t<meta property=\"og:image:height\" content=\"282\" \/>\n\t<meta property=\"og:image:type\" content=\"image\/jpeg\" \/>\n<meta name=\"twitter:card\" content=\"summary_large_image\" \/>\n<meta name=\"twitter:label1\" content=\"Tempo di lettura stimato\" \/>\n\t<meta name=\"twitter:data1\" content=\"1 minuto\" \/>\n<script type=\"application\/ld+json\" class=\"yoast-schema-graph\">{\"@context\":\"https:\\\/\\\/schema.org\",\"@graph\":[{\"@type\":\"WebPage\",\"@id\":\"https:\\\/\\\/www.libriparlanti.org\\\/index.php\\\/prodotto\\\/trance-autobiografia-di-un-lettore\\\/\",\"url\":\"https:\\\/\\\/www.libriparlanti.org\\\/index.php\\\/prodotto\\\/trance-autobiografia-di-un-lettore\\\/\",\"name\":\"TRANCE. AUTOBIOGRAFIA DI UN LETTORE - Libreria Libri parlanti\",\"isPartOf\":{\"@id\":\"https:\\\/\\\/www.libriparlanti.org\\\/#website\"},\"primaryImageOfPage\":{\"@id\":\"https:\\\/\\\/www.libriparlanti.org\\\/index.php\\\/prodotto\\\/trance-autobiografia-di-un-lettore\\\/#primaryimage\"},\"image\":{\"@id\":\"https:\\\/\\\/www.libriparlanti.org\\\/index.php\\\/prodotto\\\/trance-autobiografia-di-un-lettore\\\/#primaryimage\"},\"thumbnailUrl\":\"https:\\\/\\\/www.libriparlanti.org\\\/wp-content\\\/uploads\\\/2023\\\/05\\\/9788869981630.jpg\",\"datePublished\":\"2023-05-19T09:39:56+00:00\",\"dateModified\":\"2023-06-12T10:41:38+00:00\",\"breadcrumb\":{\"@id\":\"https:\\\/\\\/www.libriparlanti.org\\\/index.php\\\/prodotto\\\/trance-autobiografia-di-un-lettore\\\/#breadcrumb\"},\"inLanguage\":\"it-IT\",\"potentialAction\":[{\"@type\":\"ReadAction\",\"target\":[\"https:\\\/\\\/www.libriparlanti.org\\\/index.php\\\/prodotto\\\/trance-autobiografia-di-un-lettore\\\/\"]}]},{\"@type\":\"ImageObject\",\"inLanguage\":\"it-IT\",\"@id\":\"https:\\\/\\\/www.libriparlanti.org\\\/index.php\\\/prodotto\\\/trance-autobiografia-di-un-lettore\\\/#primaryimage\",\"url\":\"https:\\\/\\\/www.libriparlanti.org\\\/wp-content\\\/uploads\\\/2023\\\/05\\\/9788869981630.jpg\",\"contentUrl\":\"https:\\\/\\\/www.libriparlanti.org\\\/wp-content\\\/uploads\\\/2023\\\/05\\\/9788869981630.jpg\",\"width\":179,\"height\":282},{\"@type\":\"BreadcrumbList\",\"@id\":\"https:\\\/\\\/www.libriparlanti.org\\\/index.php\\\/prodotto\\\/trance-autobiografia-di-un-lettore\\\/#breadcrumb\",\"itemListElement\":[{\"@type\":\"ListItem\",\"position\":1,\"name\":\"Home\",\"item\":\"https:\\\/\\\/www.libriparlanti.org\\\/\"},{\"@type\":\"ListItem\",\"position\":2,\"name\":\"Shop\",\"item\":\"https:\\\/\\\/www.libriparlanti.org\\\/index.php\\\/negozio\\\/\"},{\"@type\":\"ListItem\",\"position\":3,\"name\":\"TRANCE. AUTOBIOGRAFIA DI UN LETTORE\"}]},{\"@type\":\"WebSite\",\"@id\":\"https:\\\/\\\/www.libriparlanti.org\\\/#website\",\"url\":\"https:\\\/\\\/www.libriparlanti.org\\\/\",\"name\":\"Libreria Libri parlanti\",\"description\":\"Libreria in Castiglione del Lago (Pg)\",\"potentialAction\":[{\"@type\":\"SearchAction\",\"target\":{\"@type\":\"EntryPoint\",\"urlTemplate\":\"https:\\\/\\\/www.libriparlanti.org\\\/?s={search_term_string}\"},\"query-input\":{\"@type\":\"PropertyValueSpecification\",\"valueRequired\":true,\"valueName\":\"search_term_string\"}}],\"inLanguage\":\"it-IT\"}]}<\/script>\n<!-- \/ Yoast SEO plugin. -->","yoast_head_json":{"title":"TRANCE. AUTOBIOGRAFIA DI UN LETTORE - Libreria Libri parlanti","robots":{"index":"index","follow":"follow","max-snippet":"max-snippet:-1","max-image-preview":"max-image-preview:large","max-video-preview":"max-video-preview:-1"},"canonical":"https:\/\/www.libriparlanti.org\/index.php\/prodotto\/trance-autobiografia-di-un-lettore\/","og_locale":"it_IT","og_type":"article","og_title":"TRANCE. AUTOBIOGRAFIA DI UN LETTORE - Libreria Libri parlanti","og_description":"Autore: PAULS ALAN Editore: SUR EDIZIONI Collana: SUR ISBN: 9788869981630","og_url":"https:\/\/www.libriparlanti.org\/index.php\/prodotto\/trance-autobiografia-di-un-lettore\/","og_site_name":"Libreria Libri parlanti","article_publisher":"https:\/\/www.facebook.com\/LibriParlanti","article_modified_time":"2023-06-12T10:41:38+00:00","og_image":[{"width":179,"height":282,"url":"https:\/\/www.libriparlanti.org\/wp-content\/uploads\/2023\/05\/9788869981630.jpg","type":"image\/jpeg"}],"twitter_card":"summary_large_image","twitter_misc":{"Tempo di lettura stimato":"1 minuto"},"schema":{"@context":"https:\/\/schema.org","@graph":[{"@type":"WebPage","@id":"https:\/\/www.libriparlanti.org\/index.php\/prodotto\/trance-autobiografia-di-un-lettore\/","url":"https:\/\/www.libriparlanti.org\/index.php\/prodotto\/trance-autobiografia-di-un-lettore\/","name":"TRANCE. AUTOBIOGRAFIA DI UN LETTORE - Libreria Libri parlanti","isPartOf":{"@id":"https:\/\/www.libriparlanti.org\/#website"},"primaryImageOfPage":{"@id":"https:\/\/www.libriparlanti.org\/index.php\/prodotto\/trance-autobiografia-di-un-lettore\/#primaryimage"},"image":{"@id":"https:\/\/www.libriparlanti.org\/index.php\/prodotto\/trance-autobiografia-di-un-lettore\/#primaryimage"},"thumbnailUrl":"https:\/\/www.libriparlanti.org\/wp-content\/uploads\/2023\/05\/9788869981630.jpg","datePublished":"2023-05-19T09:39:56+00:00","dateModified":"2023-06-12T10:41:38+00:00","breadcrumb":{"@id":"https:\/\/www.libriparlanti.org\/index.php\/prodotto\/trance-autobiografia-di-un-lettore\/#breadcrumb"},"inLanguage":"it-IT","potentialAction":[{"@type":"ReadAction","target":["https:\/\/www.libriparlanti.org\/index.php\/prodotto\/trance-autobiografia-di-un-lettore\/"]}]},{"@type":"ImageObject","inLanguage":"it-IT","@id":"https:\/\/www.libriparlanti.org\/index.php\/prodotto\/trance-autobiografia-di-un-lettore\/#primaryimage","url":"https:\/\/www.libriparlanti.org\/wp-content\/uploads\/2023\/05\/9788869981630.jpg","contentUrl":"https:\/\/www.libriparlanti.org\/wp-content\/uploads\/2023\/05\/9788869981630.jpg","width":179,"height":282},{"@type":"BreadcrumbList","@id":"https:\/\/www.libriparlanti.org\/index.php\/prodotto\/trance-autobiografia-di-un-lettore\/#breadcrumb","itemListElement":[{"@type":"ListItem","position":1,"name":"Home","item":"https:\/\/www.libriparlanti.org\/"},{"@type":"ListItem","position":2,"name":"Shop","item":"https:\/\/www.libriparlanti.org\/index.php\/negozio\/"},{"@type":"ListItem","position":3,"name":"TRANCE. AUTOBIOGRAFIA DI UN LETTORE"}]},{"@type":"WebSite","@id":"https:\/\/www.libriparlanti.org\/#website","url":"https:\/\/www.libriparlanti.org\/","name":"Libreria Libri parlanti","description":"Libreria in Castiglione del Lago (Pg)","potentialAction":[{"@type":"SearchAction","target":{"@type":"EntryPoint","urlTemplate":"https:\/\/www.libriparlanti.org\/?s={search_term_string}"},"query-input":{"@type":"PropertyValueSpecification","valueRequired":true,"valueName":"search_term_string"}}],"inLanguage":"it-IT"}]}},"_links":{"self":[{"href":"https:\/\/www.libriparlanti.org\/index.php\/wp-json\/wp\/v2\/product\/27710","targetHints":{"allow":["GET"]}}],"collection":[{"href":"https:\/\/www.libriparlanti.org\/index.php\/wp-json\/wp\/v2\/product"}],"about":[{"href":"https:\/\/www.libriparlanti.org\/index.php\/wp-json\/wp\/v2\/types\/product"}],"replies":[{"embeddable":true,"href":"https:\/\/www.libriparlanti.org\/index.php\/wp-json\/wp\/v2\/comments?post=27710"}],"wp:featuredmedia":[{"embeddable":true,"href":"https:\/\/www.libriparlanti.org\/index.php\/wp-json\/wp\/v2\/media\/27709"}],"wp:attachment":[{"href":"https:\/\/www.libriparlanti.org\/index.php\/wp-json\/wp\/v2\/media?parent=27710"}],"wp:term":[{"taxonomy":"product_brand","embeddable":true,"href":"https:\/\/www.libriparlanti.org\/index.php\/wp-json\/wp\/v2\/product_brand?post=27710"},{"taxonomy":"product_cat","embeddable":true,"href":"https:\/\/www.libriparlanti.org\/index.php\/wp-json\/wp\/v2\/product_cat?post=27710"},{"taxonomy":"product_tag","embeddable":true,"href":"https:\/\/www.libriparlanti.org\/index.php\/wp-json\/wp\/v2\/product_tag?post=27710"}],"curies":[{"name":"wp","href":"https:\/\/api.w.org\/{rel}","templated":true}]}}