{"id":26976,"date":"2023-04-19T18:35:35","date_gmt":"2023-04-19T16:35:35","guid":{"rendered":"https:\/\/www.libriparlanti.org\/index.php\/prodotto\/le-ricette-perdute-del-ristorante-kamoga\/"},"modified":"2024-01-11T09:43:42","modified_gmt":"2024-01-11T07:43:42","slug":"le-ricette-perdute-del-ristorante-kamoga","status":"publish","type":"product","link":"https:\/\/www.libriparlanti.org\/index.php\/prodotto\/le-ricette-perdute-del-ristorante-kamoga\/","title":{"rendered":"LE RICETTE PERDUTE DEL RISTORANTE KAMOGA"},"content":{"rendered":"<p>In un vicoletto di Kyoto, tra vecchi templi e piccole botteghe, c&#8217;\u00e8 il ristorante Kamogawa. Un locale accogliente dove, con ricette uniche e preparate a regola d&#8217;arte, un padre e una figlia aiutano i clienti a rivivere i momenti pi\u00fa importanti della loro vita. Un libro caldo, evocativo, a tratti nostalgico, che mescola tutto il fascino fiabesco e rincuorante del Giappone al piacere e alla sensualit\u00e0 del cibo. A Kyoto, alle spalle del tempio Higashi Hongan, al riparo dalle folate del monte Hiei, c&#8217;\u00e8 un&#8217;osteria gestita da Kamogawa Nagare e dalla figlia Koishi. \u00c8 qui che clienti abituali e avventori di passaggio approdano per chiedere ai proprietari, che hanno fama di investigatori di enigmi culinari, di rintracciare le loro ricette del cuore: cibi unici, stravaganti, legati a un periodo speciale della loro vita. Da un uomo vedovo che vuole riassaggiare gli udon che gli cucinava la moglie scomparsa, allo stufato di manzo che una vecchina ricorda di aver mangiato all&#8217;unico appuntamento, finito male, con il suo primo amore. Un omaggio nipponico all&#8217;importanza dei ricordi, delle tradizioni e, naturalmente, alla cucina.<\/p>\n","protected":false},"excerpt":{"rendered":"<p><em>Autore:<\/em> HISHASHI KASHWAI<br \/>\n<em>Editore:<\/em> EINAUDI<br \/>\n<em>ISBN:<\/em> 9788806257248<\/p>\n","protected":false},"featured_media":26975,"comment_status":"closed","ping_status":"closed","template":"","meta":{"_et_pb_use_builder":"","_et_pb_old_content":"","_et_gb_content_width":"","_joinchat":[]},"product_brand":[],"product_cat":[1736],"product_tag":[],"class_list":{"0":"post-26976","1":"product","2":"type-product","3":"status-publish","4":"has-post-thumbnail","6":"product_cat-narrativa","8":"first","9":"onbackorder","10":"taxable","11":"shipping-taxable","12":"purchasable","13":"product-type-simple"},"yoast_head":"<!-- This site is optimized with the Yoast SEO plugin v27.5 - https:\/\/yoast.com\/product\/yoast-seo-wordpress\/ -->\n<title>LE RICETTE PERDUTE DEL RISTORANTE KAMOGA - Libreria Libri parlanti<\/title>\n<meta name=\"robots\" content=\"index, follow, max-snippet:-1, max-image-preview:large, max-video-preview:-1\" \/>\n<link rel=\"canonical\" href=\"https:\/\/www.libriparlanti.org\/index.php\/prodotto\/le-ricette-perdute-del-ristorante-kamoga\/\" \/>\n<meta property=\"og:locale\" content=\"it_IT\" \/>\n<meta property=\"og:type\" content=\"article\" \/>\n<meta property=\"og:title\" content=\"LE RICETTE PERDUTE DEL RISTORANTE KAMOGA - Libreria Libri parlanti\" \/>\n<meta property=\"og:description\" content=\"Autore: HISHASHI KASHWAI Editore: EINAUDI ISBN: 9788806257248\" \/>\n<meta property=\"og:url\" content=\"https:\/\/www.libriparlanti.org\/index.php\/prodotto\/le-ricette-perdute-del-ristorante-kamoga\/\" \/>\n<meta property=\"og:site_name\" content=\"Libreria Libri parlanti\" \/>\n<meta property=\"article:publisher\" content=\"https:\/\/www.facebook.com\/LibriParlanti\" \/>\n<meta property=\"article:modified_time\" content=\"2024-01-11T07:43:42+00:00\" \/>\n<meta property=\"og:image\" content=\"https:\/\/www.libriparlanti.org\/wp-content\/uploads\/2023\/04\/9788806257248.jpg\" \/>\n\t<meta property=\"og:image:width\" content=\"179\" \/>\n\t<meta property=\"og:image:height\" content=\"281\" \/>\n\t<meta property=\"og:image:type\" content=\"image\/jpeg\" \/>\n<meta name=\"twitter:card\" content=\"summary_large_image\" \/>\n<meta name=\"twitter:label1\" content=\"Tempo di lettura stimato\" \/>\n\t<meta name=\"twitter:data1\" content=\"1 minuto\" \/>\n<script type=\"application\/ld+json\" class=\"yoast-schema-graph\">{\"@context\":\"https:\\\/\\\/schema.org\",\"@graph\":[{\"@type\":\"WebPage\",\"@id\":\"https:\\\/\\\/www.libriparlanti.org\\\/index.php\\\/prodotto\\\/le-ricette-perdute-del-ristorante-kamoga\\\/\",\"url\":\"https:\\\/\\\/www.libriparlanti.org\\\/index.php\\\/prodotto\\\/le-ricette-perdute-del-ristorante-kamoga\\\/\",\"name\":\"LE RICETTE PERDUTE DEL RISTORANTE KAMOGA - Libreria Libri parlanti\",\"isPartOf\":{\"@id\":\"https:\\\/\\\/www.libriparlanti.org\\\/#website\"},\"primaryImageOfPage\":{\"@id\":\"https:\\\/\\\/www.libriparlanti.org\\\/index.php\\\/prodotto\\\/le-ricette-perdute-del-ristorante-kamoga\\\/#primaryimage\"},\"image\":{\"@id\":\"https:\\\/\\\/www.libriparlanti.org\\\/index.php\\\/prodotto\\\/le-ricette-perdute-del-ristorante-kamoga\\\/#primaryimage\"},\"thumbnailUrl\":\"https:\\\/\\\/www.libriparlanti.org\\\/wp-content\\\/uploads\\\/2023\\\/04\\\/9788806257248.jpg\",\"datePublished\":\"2023-04-19T16:35:35+00:00\",\"dateModified\":\"2024-01-11T07:43:42+00:00\",\"breadcrumb\":{\"@id\":\"https:\\\/\\\/www.libriparlanti.org\\\/index.php\\\/prodotto\\\/le-ricette-perdute-del-ristorante-kamoga\\\/#breadcrumb\"},\"inLanguage\":\"it-IT\",\"potentialAction\":[{\"@type\":\"ReadAction\",\"target\":[\"https:\\\/\\\/www.libriparlanti.org\\\/index.php\\\/prodotto\\\/le-ricette-perdute-del-ristorante-kamoga\\\/\"]}]},{\"@type\":\"ImageObject\",\"inLanguage\":\"it-IT\",\"@id\":\"https:\\\/\\\/www.libriparlanti.org\\\/index.php\\\/prodotto\\\/le-ricette-perdute-del-ristorante-kamoga\\\/#primaryimage\",\"url\":\"https:\\\/\\\/www.libriparlanti.org\\\/wp-content\\\/uploads\\\/2023\\\/04\\\/9788806257248.jpg\",\"contentUrl\":\"https:\\\/\\\/www.libriparlanti.org\\\/wp-content\\\/uploads\\\/2023\\\/04\\\/9788806257248.jpg\",\"width\":179,\"height\":281},{\"@type\":\"BreadcrumbList\",\"@id\":\"https:\\\/\\\/www.libriparlanti.org\\\/index.php\\\/prodotto\\\/le-ricette-perdute-del-ristorante-kamoga\\\/#breadcrumb\",\"itemListElement\":[{\"@type\":\"ListItem\",\"position\":1,\"name\":\"Home\",\"item\":\"https:\\\/\\\/www.libriparlanti.org\\\/\"},{\"@type\":\"ListItem\",\"position\":2,\"name\":\"Shop\",\"item\":\"https:\\\/\\\/www.libriparlanti.org\\\/index.php\\\/negozio\\\/\"},{\"@type\":\"ListItem\",\"position\":3,\"name\":\"LE RICETTE PERDUTE DEL RISTORANTE KAMOGA\"}]},{\"@type\":\"WebSite\",\"@id\":\"https:\\\/\\\/www.libriparlanti.org\\\/#website\",\"url\":\"https:\\\/\\\/www.libriparlanti.org\\\/\",\"name\":\"Libreria Libri parlanti\",\"description\":\"Libreria in Castiglione del Lago (Pg)\",\"potentialAction\":[{\"@type\":\"SearchAction\",\"target\":{\"@type\":\"EntryPoint\",\"urlTemplate\":\"https:\\\/\\\/www.libriparlanti.org\\\/?s={search_term_string}\"},\"query-input\":{\"@type\":\"PropertyValueSpecification\",\"valueRequired\":true,\"valueName\":\"search_term_string\"}}],\"inLanguage\":\"it-IT\"}]}<\/script>\n<!-- \/ Yoast SEO plugin. -->","yoast_head_json":{"title":"LE RICETTE PERDUTE DEL RISTORANTE KAMOGA - Libreria Libri parlanti","robots":{"index":"index","follow":"follow","max-snippet":"max-snippet:-1","max-image-preview":"max-image-preview:large","max-video-preview":"max-video-preview:-1"},"canonical":"https:\/\/www.libriparlanti.org\/index.php\/prodotto\/le-ricette-perdute-del-ristorante-kamoga\/","og_locale":"it_IT","og_type":"article","og_title":"LE RICETTE PERDUTE DEL RISTORANTE KAMOGA - Libreria Libri parlanti","og_description":"Autore: HISHASHI KASHWAI Editore: EINAUDI ISBN: 9788806257248","og_url":"https:\/\/www.libriparlanti.org\/index.php\/prodotto\/le-ricette-perdute-del-ristorante-kamoga\/","og_site_name":"Libreria Libri parlanti","article_publisher":"https:\/\/www.facebook.com\/LibriParlanti","article_modified_time":"2024-01-11T07:43:42+00:00","og_image":[{"width":179,"height":281,"url":"https:\/\/www.libriparlanti.org\/wp-content\/uploads\/2023\/04\/9788806257248.jpg","type":"image\/jpeg"}],"twitter_card":"summary_large_image","twitter_misc":{"Tempo di lettura stimato":"1 minuto"},"schema":{"@context":"https:\/\/schema.org","@graph":[{"@type":"WebPage","@id":"https:\/\/www.libriparlanti.org\/index.php\/prodotto\/le-ricette-perdute-del-ristorante-kamoga\/","url":"https:\/\/www.libriparlanti.org\/index.php\/prodotto\/le-ricette-perdute-del-ristorante-kamoga\/","name":"LE RICETTE PERDUTE DEL RISTORANTE KAMOGA - Libreria Libri parlanti","isPartOf":{"@id":"https:\/\/www.libriparlanti.org\/#website"},"primaryImageOfPage":{"@id":"https:\/\/www.libriparlanti.org\/index.php\/prodotto\/le-ricette-perdute-del-ristorante-kamoga\/#primaryimage"},"image":{"@id":"https:\/\/www.libriparlanti.org\/index.php\/prodotto\/le-ricette-perdute-del-ristorante-kamoga\/#primaryimage"},"thumbnailUrl":"https:\/\/www.libriparlanti.org\/wp-content\/uploads\/2023\/04\/9788806257248.jpg","datePublished":"2023-04-19T16:35:35+00:00","dateModified":"2024-01-11T07:43:42+00:00","breadcrumb":{"@id":"https:\/\/www.libriparlanti.org\/index.php\/prodotto\/le-ricette-perdute-del-ristorante-kamoga\/#breadcrumb"},"inLanguage":"it-IT","potentialAction":[{"@type":"ReadAction","target":["https:\/\/www.libriparlanti.org\/index.php\/prodotto\/le-ricette-perdute-del-ristorante-kamoga\/"]}]},{"@type":"ImageObject","inLanguage":"it-IT","@id":"https:\/\/www.libriparlanti.org\/index.php\/prodotto\/le-ricette-perdute-del-ristorante-kamoga\/#primaryimage","url":"https:\/\/www.libriparlanti.org\/wp-content\/uploads\/2023\/04\/9788806257248.jpg","contentUrl":"https:\/\/www.libriparlanti.org\/wp-content\/uploads\/2023\/04\/9788806257248.jpg","width":179,"height":281},{"@type":"BreadcrumbList","@id":"https:\/\/www.libriparlanti.org\/index.php\/prodotto\/le-ricette-perdute-del-ristorante-kamoga\/#breadcrumb","itemListElement":[{"@type":"ListItem","position":1,"name":"Home","item":"https:\/\/www.libriparlanti.org\/"},{"@type":"ListItem","position":2,"name":"Shop","item":"https:\/\/www.libriparlanti.org\/index.php\/negozio\/"},{"@type":"ListItem","position":3,"name":"LE RICETTE PERDUTE DEL RISTORANTE KAMOGA"}]},{"@type":"WebSite","@id":"https:\/\/www.libriparlanti.org\/#website","url":"https:\/\/www.libriparlanti.org\/","name":"Libreria Libri parlanti","description":"Libreria in Castiglione del Lago (Pg)","potentialAction":[{"@type":"SearchAction","target":{"@type":"EntryPoint","urlTemplate":"https:\/\/www.libriparlanti.org\/?s={search_term_string}"},"query-input":{"@type":"PropertyValueSpecification","valueRequired":true,"valueName":"search_term_string"}}],"inLanguage":"it-IT"}]}},"_links":{"self":[{"href":"https:\/\/www.libriparlanti.org\/index.php\/wp-json\/wp\/v2\/product\/26976","targetHints":{"allow":["GET"]}}],"collection":[{"href":"https:\/\/www.libriparlanti.org\/index.php\/wp-json\/wp\/v2\/product"}],"about":[{"href":"https:\/\/www.libriparlanti.org\/index.php\/wp-json\/wp\/v2\/types\/product"}],"replies":[{"embeddable":true,"href":"https:\/\/www.libriparlanti.org\/index.php\/wp-json\/wp\/v2\/comments?post=26976"}],"wp:featuredmedia":[{"embeddable":true,"href":"https:\/\/www.libriparlanti.org\/index.php\/wp-json\/wp\/v2\/media\/26975"}],"wp:attachment":[{"href":"https:\/\/www.libriparlanti.org\/index.php\/wp-json\/wp\/v2\/media?parent=26976"}],"wp:term":[{"taxonomy":"product_brand","embeddable":true,"href":"https:\/\/www.libriparlanti.org\/index.php\/wp-json\/wp\/v2\/product_brand?post=26976"},{"taxonomy":"product_cat","embeddable":true,"href":"https:\/\/www.libriparlanti.org\/index.php\/wp-json\/wp\/v2\/product_cat?post=26976"},{"taxonomy":"product_tag","embeddable":true,"href":"https:\/\/www.libriparlanti.org\/index.php\/wp-json\/wp\/v2\/product_tag?post=26976"}],"curies":[{"name":"wp","href":"https:\/\/api.w.org\/{rel}","templated":true}]}}