{"id":26783,"date":"2023-04-06T18:07:21","date_gmt":"2023-04-06T16:07:21","guid":{"rendered":"https:\/\/www.libriparlanti.org\/index.php\/prodotto\/fiori-sopra-linferno-nuova-ed\/"},"modified":"2024-07-18T11:10:14","modified_gmt":"2024-07-18T09:10:14","slug":"fiori-sopra-linferno-nuova-ed","status":"publish","type":"product","link":"https:\/\/www.libriparlanti.org\/index.php\/prodotto\/fiori-sopra-linferno-nuova-ed\/","title":{"rendered":"FIORI SOPRA L&#8217;INFERNO NUOVA ED"},"content":{"rendered":"<p>\u00abTra i boschi e le pareti rocciose a strapiombo, gi\u00f9 nell&#8217;orrido che conduce al torrente, tra le pozze d&#8217;acqua smeraldo che profuma di ghiaccio, qualcosa si nasconde. Me lo dicono le tracce di sangue, me lo dice l&#8217;esperienza: \u00e8 successo, ma potrebbe risuccedere. Questo \u00e8 solo l&#8217;inizio. Qualcosa di sconvolgente \u00e8 accaduto, tra queste montagne. Qualcosa che richiede tutta la mia abilit\u00e0 investigativa. Sono un commissario di polizia specializzato in profiling, e ogni giorno cammino sopra l&#8217;inferno. Non \u00e8 la pistola, non \u00e8 la divisa: \u00e8 la mia mente la vera arma. Ma proprio lei mi sta tradendo. Non il corpo acciaccato dall&#8217;et\u00e0 che avanza, non il mio cuore tormentato. La mia lucidit\u00e0 \u00e8 a rischio, e questo significa che lo \u00e8 anche l&#8217;indagine. Mi chiamo Teresa Battaglia, ho un segreto che non oso confessare nemmeno a me stessa, e per la prima volta nella vita ho paura\u00bb.<\/p>\n","protected":false},"excerpt":{"rendered":"<p><em>Autore:<\/em> TUTI ILARIA<br \/>\n<em>Editore:<\/em> LONGANESI<br \/>\n<em>Collana:<\/em> LA GAJA SCIENZA<br \/>\n<em>ISBN:<\/em> 9788830460331<\/p>\n","protected":false},"featured_media":26782,"comment_status":"closed","ping_status":"closed","template":"","meta":{"_et_pb_use_builder":"","_et_pb_old_content":"","_et_gb_content_width":"","_joinchat":[]},"product_brand":[],"product_cat":[1736],"product_tag":[],"class_list":{"0":"post-26783","1":"product","2":"type-product","3":"status-publish","4":"has-post-thumbnail","6":"product_cat-narrativa","8":"first","9":"onbackorder","10":"taxable","11":"shipping-taxable","12":"purchasable","13":"product-type-simple"},"yoast_head":"<!-- This site is optimized with the Yoast SEO plugin v27.5 - https:\/\/yoast.com\/product\/yoast-seo-wordpress\/ -->\n<title>FIORI SOPRA L&#039;INFERNO NUOVA ED - Libreria Libri parlanti<\/title>\n<meta name=\"robots\" content=\"index, follow, max-snippet:-1, max-image-preview:large, max-video-preview:-1\" \/>\n<link rel=\"canonical\" href=\"https:\/\/www.libriparlanti.org\/index.php\/prodotto\/fiori-sopra-linferno-nuova-ed\/\" \/>\n<meta property=\"og:locale\" content=\"it_IT\" \/>\n<meta property=\"og:type\" content=\"article\" \/>\n<meta property=\"og:title\" content=\"FIORI SOPRA L&#039;INFERNO NUOVA ED - Libreria Libri parlanti\" \/>\n<meta property=\"og:description\" content=\"Autore: TUTI ILARIA Editore: LONGANESI Collana: LA GAJA SCIENZA ISBN: 9788830460331\" \/>\n<meta property=\"og:url\" content=\"https:\/\/www.libriparlanti.org\/index.php\/prodotto\/fiori-sopra-linferno-nuova-ed\/\" \/>\n<meta property=\"og:site_name\" content=\"Libreria Libri parlanti\" \/>\n<meta property=\"article:publisher\" content=\"https:\/\/www.facebook.com\/LibriParlanti\" \/>\n<meta property=\"article:modified_time\" content=\"2024-07-18T09:10:14+00:00\" \/>\n<meta property=\"og:image\" content=\"https:\/\/www.libriparlanti.org\/wp-content\/uploads\/2023\/04\/QMzMDM2QDMzgDO4cTO.jpg\" \/>\n\t<meta property=\"og:image:width\" content=\"202\" \/>\n\t<meta property=\"og:image:height\" content=\"300\" \/>\n\t<meta property=\"og:image:type\" content=\"image\/jpeg\" \/>\n<meta name=\"twitter:card\" content=\"summary_large_image\" \/>\n<meta name=\"twitter:label1\" content=\"Tempo di lettura stimato\" \/>\n\t<meta name=\"twitter:data1\" content=\"1 minuto\" \/>\n<script type=\"application\/ld+json\" class=\"yoast-schema-graph\">{\"@context\":\"https:\\\/\\\/schema.org\",\"@graph\":[{\"@type\":\"WebPage\",\"@id\":\"https:\\\/\\\/www.libriparlanti.org\\\/index.php\\\/prodotto\\\/fiori-sopra-linferno-nuova-ed\\\/\",\"url\":\"https:\\\/\\\/www.libriparlanti.org\\\/index.php\\\/prodotto\\\/fiori-sopra-linferno-nuova-ed\\\/\",\"name\":\"FIORI SOPRA L'INFERNO NUOVA ED - Libreria Libri parlanti\",\"isPartOf\":{\"@id\":\"https:\\\/\\\/www.libriparlanti.org\\\/#website\"},\"primaryImageOfPage\":{\"@id\":\"https:\\\/\\\/www.libriparlanti.org\\\/index.php\\\/prodotto\\\/fiori-sopra-linferno-nuova-ed\\\/#primaryimage\"},\"image\":{\"@id\":\"https:\\\/\\\/www.libriparlanti.org\\\/index.php\\\/prodotto\\\/fiori-sopra-linferno-nuova-ed\\\/#primaryimage\"},\"thumbnailUrl\":\"https:\\\/\\\/www.libriparlanti.org\\\/wp-content\\\/uploads\\\/2023\\\/04\\\/QMzMDM2QDMzgDO4cTO.jpg\",\"datePublished\":\"2023-04-06T16:07:21+00:00\",\"dateModified\":\"2024-07-18T09:10:14+00:00\",\"breadcrumb\":{\"@id\":\"https:\\\/\\\/www.libriparlanti.org\\\/index.php\\\/prodotto\\\/fiori-sopra-linferno-nuova-ed\\\/#breadcrumb\"},\"inLanguage\":\"it-IT\",\"potentialAction\":[{\"@type\":\"ReadAction\",\"target\":[\"https:\\\/\\\/www.libriparlanti.org\\\/index.php\\\/prodotto\\\/fiori-sopra-linferno-nuova-ed\\\/\"]}]},{\"@type\":\"ImageObject\",\"inLanguage\":\"it-IT\",\"@id\":\"https:\\\/\\\/www.libriparlanti.org\\\/index.php\\\/prodotto\\\/fiori-sopra-linferno-nuova-ed\\\/#primaryimage\",\"url\":\"https:\\\/\\\/www.libriparlanti.org\\\/wp-content\\\/uploads\\\/2023\\\/04\\\/QMzMDM2QDMzgDO4cTO.jpg\",\"contentUrl\":\"https:\\\/\\\/www.libriparlanti.org\\\/wp-content\\\/uploads\\\/2023\\\/04\\\/QMzMDM2QDMzgDO4cTO.jpg\",\"width\":202,\"height\":300},{\"@type\":\"BreadcrumbList\",\"@id\":\"https:\\\/\\\/www.libriparlanti.org\\\/index.php\\\/prodotto\\\/fiori-sopra-linferno-nuova-ed\\\/#breadcrumb\",\"itemListElement\":[{\"@type\":\"ListItem\",\"position\":1,\"name\":\"Home\",\"item\":\"https:\\\/\\\/www.libriparlanti.org\\\/\"},{\"@type\":\"ListItem\",\"position\":2,\"name\":\"Shop\",\"item\":\"https:\\\/\\\/www.libriparlanti.org\\\/index.php\\\/negozio\\\/\"},{\"@type\":\"ListItem\",\"position\":3,\"name\":\"FIORI SOPRA L&#8217;INFERNO NUOVA ED\"}]},{\"@type\":\"WebSite\",\"@id\":\"https:\\\/\\\/www.libriparlanti.org\\\/#website\",\"url\":\"https:\\\/\\\/www.libriparlanti.org\\\/\",\"name\":\"Libreria Libri parlanti\",\"description\":\"Libreria in Castiglione del Lago (Pg)\",\"potentialAction\":[{\"@type\":\"SearchAction\",\"target\":{\"@type\":\"EntryPoint\",\"urlTemplate\":\"https:\\\/\\\/www.libriparlanti.org\\\/?s={search_term_string}\"},\"query-input\":{\"@type\":\"PropertyValueSpecification\",\"valueRequired\":true,\"valueName\":\"search_term_string\"}}],\"inLanguage\":\"it-IT\"}]}<\/script>\n<!-- \/ Yoast SEO plugin. -->","yoast_head_json":{"title":"FIORI SOPRA L'INFERNO NUOVA ED - Libreria Libri parlanti","robots":{"index":"index","follow":"follow","max-snippet":"max-snippet:-1","max-image-preview":"max-image-preview:large","max-video-preview":"max-video-preview:-1"},"canonical":"https:\/\/www.libriparlanti.org\/index.php\/prodotto\/fiori-sopra-linferno-nuova-ed\/","og_locale":"it_IT","og_type":"article","og_title":"FIORI SOPRA L'INFERNO NUOVA ED - Libreria Libri parlanti","og_description":"Autore: TUTI ILARIA Editore: LONGANESI Collana: LA GAJA SCIENZA ISBN: 9788830460331","og_url":"https:\/\/www.libriparlanti.org\/index.php\/prodotto\/fiori-sopra-linferno-nuova-ed\/","og_site_name":"Libreria Libri parlanti","article_publisher":"https:\/\/www.facebook.com\/LibriParlanti","article_modified_time":"2024-07-18T09:10:14+00:00","og_image":[{"width":202,"height":300,"url":"https:\/\/www.libriparlanti.org\/wp-content\/uploads\/2023\/04\/QMzMDM2QDMzgDO4cTO.jpg","type":"image\/jpeg"}],"twitter_card":"summary_large_image","twitter_misc":{"Tempo di lettura stimato":"1 minuto"},"schema":{"@context":"https:\/\/schema.org","@graph":[{"@type":"WebPage","@id":"https:\/\/www.libriparlanti.org\/index.php\/prodotto\/fiori-sopra-linferno-nuova-ed\/","url":"https:\/\/www.libriparlanti.org\/index.php\/prodotto\/fiori-sopra-linferno-nuova-ed\/","name":"FIORI SOPRA L'INFERNO NUOVA ED - Libreria Libri parlanti","isPartOf":{"@id":"https:\/\/www.libriparlanti.org\/#website"},"primaryImageOfPage":{"@id":"https:\/\/www.libriparlanti.org\/index.php\/prodotto\/fiori-sopra-linferno-nuova-ed\/#primaryimage"},"image":{"@id":"https:\/\/www.libriparlanti.org\/index.php\/prodotto\/fiori-sopra-linferno-nuova-ed\/#primaryimage"},"thumbnailUrl":"https:\/\/www.libriparlanti.org\/wp-content\/uploads\/2023\/04\/QMzMDM2QDMzgDO4cTO.jpg","datePublished":"2023-04-06T16:07:21+00:00","dateModified":"2024-07-18T09:10:14+00:00","breadcrumb":{"@id":"https:\/\/www.libriparlanti.org\/index.php\/prodotto\/fiori-sopra-linferno-nuova-ed\/#breadcrumb"},"inLanguage":"it-IT","potentialAction":[{"@type":"ReadAction","target":["https:\/\/www.libriparlanti.org\/index.php\/prodotto\/fiori-sopra-linferno-nuova-ed\/"]}]},{"@type":"ImageObject","inLanguage":"it-IT","@id":"https:\/\/www.libriparlanti.org\/index.php\/prodotto\/fiori-sopra-linferno-nuova-ed\/#primaryimage","url":"https:\/\/www.libriparlanti.org\/wp-content\/uploads\/2023\/04\/QMzMDM2QDMzgDO4cTO.jpg","contentUrl":"https:\/\/www.libriparlanti.org\/wp-content\/uploads\/2023\/04\/QMzMDM2QDMzgDO4cTO.jpg","width":202,"height":300},{"@type":"BreadcrumbList","@id":"https:\/\/www.libriparlanti.org\/index.php\/prodotto\/fiori-sopra-linferno-nuova-ed\/#breadcrumb","itemListElement":[{"@type":"ListItem","position":1,"name":"Home","item":"https:\/\/www.libriparlanti.org\/"},{"@type":"ListItem","position":2,"name":"Shop","item":"https:\/\/www.libriparlanti.org\/index.php\/negozio\/"},{"@type":"ListItem","position":3,"name":"FIORI SOPRA L&#8217;INFERNO NUOVA ED"}]},{"@type":"WebSite","@id":"https:\/\/www.libriparlanti.org\/#website","url":"https:\/\/www.libriparlanti.org\/","name":"Libreria Libri parlanti","description":"Libreria in Castiglione del Lago (Pg)","potentialAction":[{"@type":"SearchAction","target":{"@type":"EntryPoint","urlTemplate":"https:\/\/www.libriparlanti.org\/?s={search_term_string}"},"query-input":{"@type":"PropertyValueSpecification","valueRequired":true,"valueName":"search_term_string"}}],"inLanguage":"it-IT"}]}},"_links":{"self":[{"href":"https:\/\/www.libriparlanti.org\/index.php\/wp-json\/wp\/v2\/product\/26783","targetHints":{"allow":["GET"]}}],"collection":[{"href":"https:\/\/www.libriparlanti.org\/index.php\/wp-json\/wp\/v2\/product"}],"about":[{"href":"https:\/\/www.libriparlanti.org\/index.php\/wp-json\/wp\/v2\/types\/product"}],"replies":[{"embeddable":true,"href":"https:\/\/www.libriparlanti.org\/index.php\/wp-json\/wp\/v2\/comments?post=26783"}],"wp:featuredmedia":[{"embeddable":true,"href":"https:\/\/www.libriparlanti.org\/index.php\/wp-json\/wp\/v2\/media\/26782"}],"wp:attachment":[{"href":"https:\/\/www.libriparlanti.org\/index.php\/wp-json\/wp\/v2\/media?parent=26783"}],"wp:term":[{"taxonomy":"product_brand","embeddable":true,"href":"https:\/\/www.libriparlanti.org\/index.php\/wp-json\/wp\/v2\/product_brand?post=26783"},{"taxonomy":"product_cat","embeddable":true,"href":"https:\/\/www.libriparlanti.org\/index.php\/wp-json\/wp\/v2\/product_cat?post=26783"},{"taxonomy":"product_tag","embeddable":true,"href":"https:\/\/www.libriparlanti.org\/index.php\/wp-json\/wp\/v2\/product_tag?post=26783"}],"curies":[{"name":"wp","href":"https:\/\/api.w.org\/{rel}","templated":true}]}}