{"id":26195,"date":"2023-03-08T10:30:02","date_gmt":"2023-03-08T08:30:02","guid":{"rendered":"https:\/\/www.libriparlanti.org\/index.php\/prodotto\/phi-leletta-deternita-o-per-amor\/"},"modified":"2025-10-25T12:40:21","modified_gmt":"2025-10-25T10:40:21","slug":"phi-leletta-deternita-o-per-amor","status":"publish","type":"product","link":"https:\/\/www.libriparlanti.org\/index.php\/prodotto\/phi-leletta-deternita-o-per-amor\/","title":{"rendered":"PHI. L&#8217;ELETTA D&#8217;ETERNIT\u00c0 O PER AMOR"},"content":{"rendered":"<p>Questo \u00e8 un viaggio attraverso percorsi che conducono verso Phi e che da Phi si diramano. Partendo da Pisa si arriva alla Luna e sul finale si torna a casa, alla madre, e salpare di nuovo sar\u00e0 una rinascita. Pagina dopo pagina le uniche regole formali sempre rispettate sono state quelle matematiche. Potrai trovare Easter Egg, illustrazioni, fumetti, versi, versi con accordi da interpretare, spazi bianchi dove poter scrivere, suggerimenti di lavoro manuale, ripetizioni di frasi con simbologia da spartito musicale&#8230; C&#8217;\u00e8 molto dell&#8217;autore e sicuramente qualcosa del lettore che potr\u00e0 far suo anche tutto il resto, sostituendosi cos\u00ec alla voce narrante. Si parte?<\/p>\n","protected":false},"excerpt":{"rendered":"<p><em>Autore:<\/em> LUCA PISELLI<br \/>\n<em>Editore:<\/em> EDICOM EDIZIONI<br \/>\n<em>ISBN:<\/em> 9788833813981<\/p>\n","protected":false},"featured_media":26194,"comment_status":"closed","ping_status":"closed","template":"","meta":{"_et_pb_use_builder":"","_et_pb_old_content":"","_et_gb_content_width":"","_joinchat":[]},"product_brand":[],"product_cat":[959],"product_tag":[],"class_list":{"0":"post-26195","1":"product","2":"type-product","3":"status-publish","4":"has-post-thumbnail","6":"product_cat-senza-categoria","8":"first","9":"instock","10":"taxable","11":"shipping-taxable","12":"purchasable","13":"product-type-simple"},"yoast_head":"<!-- This site is optimized with the Yoast SEO plugin v27.4 - https:\/\/yoast.com\/product\/yoast-seo-wordpress\/ -->\n<title>PHI. L&#039;ELETTA D&#039;ETERNIT\u00c0 O PER AMOR - Libreria Libri parlanti<\/title>\n<meta name=\"robots\" content=\"index, follow, max-snippet:-1, max-image-preview:large, max-video-preview:-1\" \/>\n<link rel=\"canonical\" href=\"https:\/\/www.libriparlanti.org\/index.php\/prodotto\/phi-leletta-deternita-o-per-amor\/\" \/>\n<meta property=\"og:locale\" content=\"it_IT\" \/>\n<meta property=\"og:type\" content=\"article\" \/>\n<meta property=\"og:title\" content=\"PHI. L&#039;ELETTA D&#039;ETERNIT\u00c0 O PER AMOR - Libreria Libri parlanti\" \/>\n<meta property=\"og:description\" content=\"Autore: LUCA PISELLI Editore: EDICOM EDIZIONI ISBN: 9788833813981\" \/>\n<meta property=\"og:url\" content=\"https:\/\/www.libriparlanti.org\/index.php\/prodotto\/phi-leletta-deternita-o-per-amor\/\" \/>\n<meta property=\"og:site_name\" content=\"Libreria Libri parlanti\" \/>\n<meta property=\"article:publisher\" content=\"https:\/\/www.facebook.com\/LibriParlanti\" \/>\n<meta property=\"article:modified_time\" content=\"2025-10-25T10:40:21+00:00\" \/>\n<meta property=\"og:image\" content=\"https:\/\/www.libriparlanti.org\/wp-content\/uploads\/2023\/03\/9788833813981.jpg\" \/>\n\t<meta property=\"og:image:width\" content=\"185\" \/>\n\t<meta property=\"og:image:height\" content=\"272\" \/>\n\t<meta property=\"og:image:type\" content=\"image\/jpeg\" \/>\n<meta name=\"twitter:card\" content=\"summary_large_image\" \/>\n<meta name=\"twitter:label1\" content=\"Tempo di lettura stimato\" \/>\n\t<meta name=\"twitter:data1\" content=\"1 minuto\" \/>\n<script type=\"application\/ld+json\" class=\"yoast-schema-graph\">{\"@context\":\"https:\\\/\\\/schema.org\",\"@graph\":[{\"@type\":\"WebPage\",\"@id\":\"https:\\\/\\\/www.libriparlanti.org\\\/index.php\\\/prodotto\\\/phi-leletta-deternita-o-per-amor\\\/\",\"url\":\"https:\\\/\\\/www.libriparlanti.org\\\/index.php\\\/prodotto\\\/phi-leletta-deternita-o-per-amor\\\/\",\"name\":\"PHI. L'ELETTA D'ETERNIT\u00c0 O PER AMOR - Libreria Libri parlanti\",\"isPartOf\":{\"@id\":\"https:\\\/\\\/www.libriparlanti.org\\\/#website\"},\"primaryImageOfPage\":{\"@id\":\"https:\\\/\\\/www.libriparlanti.org\\\/index.php\\\/prodotto\\\/phi-leletta-deternita-o-per-amor\\\/#primaryimage\"},\"image\":{\"@id\":\"https:\\\/\\\/www.libriparlanti.org\\\/index.php\\\/prodotto\\\/phi-leletta-deternita-o-per-amor\\\/#primaryimage\"},\"thumbnailUrl\":\"https:\\\/\\\/www.libriparlanti.org\\\/wp-content\\\/uploads\\\/2023\\\/03\\\/9788833813981.jpg\",\"datePublished\":\"2023-03-08T08:30:02+00:00\",\"dateModified\":\"2025-10-25T10:40:21+00:00\",\"breadcrumb\":{\"@id\":\"https:\\\/\\\/www.libriparlanti.org\\\/index.php\\\/prodotto\\\/phi-leletta-deternita-o-per-amor\\\/#breadcrumb\"},\"inLanguage\":\"it-IT\",\"potentialAction\":[{\"@type\":\"ReadAction\",\"target\":[\"https:\\\/\\\/www.libriparlanti.org\\\/index.php\\\/prodotto\\\/phi-leletta-deternita-o-per-amor\\\/\"]}]},{\"@type\":\"ImageObject\",\"inLanguage\":\"it-IT\",\"@id\":\"https:\\\/\\\/www.libriparlanti.org\\\/index.php\\\/prodotto\\\/phi-leletta-deternita-o-per-amor\\\/#primaryimage\",\"url\":\"https:\\\/\\\/www.libriparlanti.org\\\/wp-content\\\/uploads\\\/2023\\\/03\\\/9788833813981.jpg\",\"contentUrl\":\"https:\\\/\\\/www.libriparlanti.org\\\/wp-content\\\/uploads\\\/2023\\\/03\\\/9788833813981.jpg\",\"width\":185,\"height\":272},{\"@type\":\"BreadcrumbList\",\"@id\":\"https:\\\/\\\/www.libriparlanti.org\\\/index.php\\\/prodotto\\\/phi-leletta-deternita-o-per-amor\\\/#breadcrumb\",\"itemListElement\":[{\"@type\":\"ListItem\",\"position\":1,\"name\":\"Home\",\"item\":\"https:\\\/\\\/www.libriparlanti.org\\\/\"},{\"@type\":\"ListItem\",\"position\":2,\"name\":\"Shop\",\"item\":\"https:\\\/\\\/www.libriparlanti.org\\\/index.php\\\/negozio\\\/\"},{\"@type\":\"ListItem\",\"position\":3,\"name\":\"PHI. L&#8217;ELETTA D&#8217;ETERNIT\u00c0 O PER AMOR\"}]},{\"@type\":\"WebSite\",\"@id\":\"https:\\\/\\\/www.libriparlanti.org\\\/#website\",\"url\":\"https:\\\/\\\/www.libriparlanti.org\\\/\",\"name\":\"Libreria Libri parlanti\",\"description\":\"Libreria in Castiglione del Lago (Pg)\",\"potentialAction\":[{\"@type\":\"SearchAction\",\"target\":{\"@type\":\"EntryPoint\",\"urlTemplate\":\"https:\\\/\\\/www.libriparlanti.org\\\/?s={search_term_string}\"},\"query-input\":{\"@type\":\"PropertyValueSpecification\",\"valueRequired\":true,\"valueName\":\"search_term_string\"}}],\"inLanguage\":\"it-IT\"}]}<\/script>\n<!-- \/ Yoast SEO plugin. -->","yoast_head_json":{"title":"PHI. L'ELETTA D'ETERNIT\u00c0 O PER AMOR - Libreria Libri parlanti","robots":{"index":"index","follow":"follow","max-snippet":"max-snippet:-1","max-image-preview":"max-image-preview:large","max-video-preview":"max-video-preview:-1"},"canonical":"https:\/\/www.libriparlanti.org\/index.php\/prodotto\/phi-leletta-deternita-o-per-amor\/","og_locale":"it_IT","og_type":"article","og_title":"PHI. L'ELETTA D'ETERNIT\u00c0 O PER AMOR - Libreria Libri parlanti","og_description":"Autore: LUCA PISELLI Editore: EDICOM EDIZIONI ISBN: 9788833813981","og_url":"https:\/\/www.libriparlanti.org\/index.php\/prodotto\/phi-leletta-deternita-o-per-amor\/","og_site_name":"Libreria Libri parlanti","article_publisher":"https:\/\/www.facebook.com\/LibriParlanti","article_modified_time":"2025-10-25T10:40:21+00:00","og_image":[{"width":185,"height":272,"url":"https:\/\/www.libriparlanti.org\/wp-content\/uploads\/2023\/03\/9788833813981.jpg","type":"image\/jpeg"}],"twitter_card":"summary_large_image","twitter_misc":{"Tempo di lettura stimato":"1 minuto"},"schema":{"@context":"https:\/\/schema.org","@graph":[{"@type":"WebPage","@id":"https:\/\/www.libriparlanti.org\/index.php\/prodotto\/phi-leletta-deternita-o-per-amor\/","url":"https:\/\/www.libriparlanti.org\/index.php\/prodotto\/phi-leletta-deternita-o-per-amor\/","name":"PHI. L'ELETTA D'ETERNIT\u00c0 O PER AMOR - Libreria Libri parlanti","isPartOf":{"@id":"https:\/\/www.libriparlanti.org\/#website"},"primaryImageOfPage":{"@id":"https:\/\/www.libriparlanti.org\/index.php\/prodotto\/phi-leletta-deternita-o-per-amor\/#primaryimage"},"image":{"@id":"https:\/\/www.libriparlanti.org\/index.php\/prodotto\/phi-leletta-deternita-o-per-amor\/#primaryimage"},"thumbnailUrl":"https:\/\/www.libriparlanti.org\/wp-content\/uploads\/2023\/03\/9788833813981.jpg","datePublished":"2023-03-08T08:30:02+00:00","dateModified":"2025-10-25T10:40:21+00:00","breadcrumb":{"@id":"https:\/\/www.libriparlanti.org\/index.php\/prodotto\/phi-leletta-deternita-o-per-amor\/#breadcrumb"},"inLanguage":"it-IT","potentialAction":[{"@type":"ReadAction","target":["https:\/\/www.libriparlanti.org\/index.php\/prodotto\/phi-leletta-deternita-o-per-amor\/"]}]},{"@type":"ImageObject","inLanguage":"it-IT","@id":"https:\/\/www.libriparlanti.org\/index.php\/prodotto\/phi-leletta-deternita-o-per-amor\/#primaryimage","url":"https:\/\/www.libriparlanti.org\/wp-content\/uploads\/2023\/03\/9788833813981.jpg","contentUrl":"https:\/\/www.libriparlanti.org\/wp-content\/uploads\/2023\/03\/9788833813981.jpg","width":185,"height":272},{"@type":"BreadcrumbList","@id":"https:\/\/www.libriparlanti.org\/index.php\/prodotto\/phi-leletta-deternita-o-per-amor\/#breadcrumb","itemListElement":[{"@type":"ListItem","position":1,"name":"Home","item":"https:\/\/www.libriparlanti.org\/"},{"@type":"ListItem","position":2,"name":"Shop","item":"https:\/\/www.libriparlanti.org\/index.php\/negozio\/"},{"@type":"ListItem","position":3,"name":"PHI. L&#8217;ELETTA D&#8217;ETERNIT\u00c0 O PER AMOR"}]},{"@type":"WebSite","@id":"https:\/\/www.libriparlanti.org\/#website","url":"https:\/\/www.libriparlanti.org\/","name":"Libreria Libri parlanti","description":"Libreria in Castiglione del Lago (Pg)","potentialAction":[{"@type":"SearchAction","target":{"@type":"EntryPoint","urlTemplate":"https:\/\/www.libriparlanti.org\/?s={search_term_string}"},"query-input":{"@type":"PropertyValueSpecification","valueRequired":true,"valueName":"search_term_string"}}],"inLanguage":"it-IT"}]}},"_links":{"self":[{"href":"https:\/\/www.libriparlanti.org\/index.php\/wp-json\/wp\/v2\/product\/26195","targetHints":{"allow":["GET"]}}],"collection":[{"href":"https:\/\/www.libriparlanti.org\/index.php\/wp-json\/wp\/v2\/product"}],"about":[{"href":"https:\/\/www.libriparlanti.org\/index.php\/wp-json\/wp\/v2\/types\/product"}],"replies":[{"embeddable":true,"href":"https:\/\/www.libriparlanti.org\/index.php\/wp-json\/wp\/v2\/comments?post=26195"}],"wp:featuredmedia":[{"embeddable":true,"href":"https:\/\/www.libriparlanti.org\/index.php\/wp-json\/wp\/v2\/media\/26194"}],"wp:attachment":[{"href":"https:\/\/www.libriparlanti.org\/index.php\/wp-json\/wp\/v2\/media?parent=26195"}],"wp:term":[{"taxonomy":"product_brand","embeddable":true,"href":"https:\/\/www.libriparlanti.org\/index.php\/wp-json\/wp\/v2\/product_brand?post=26195"},{"taxonomy":"product_cat","embeddable":true,"href":"https:\/\/www.libriparlanti.org\/index.php\/wp-json\/wp\/v2\/product_cat?post=26195"},{"taxonomy":"product_tag","embeddable":true,"href":"https:\/\/www.libriparlanti.org\/index.php\/wp-json\/wp\/v2\/product_tag?post=26195"}],"curies":[{"name":"wp","href":"https:\/\/api.w.org\/{rel}","templated":true}]}}