{"id":25391,"date":"2023-01-26T16:22:36","date_gmt":"2023-01-26T14:22:36","guid":{"rendered":"https:\/\/www.libriparlanti.org\/index.php\/prodotto\/giuditta-e-lorecchio-del-diavolo\/"},"modified":"2025-08-27T11:42:53","modified_gmt":"2025-08-27T09:42:53","slug":"giuditta-e-lorecchio-del-diavolo","status":"publish","type":"product","link":"https:\/\/www.libriparlanti.org\/index.php\/prodotto\/giuditta-e-lorecchio-del-diavolo\/","title":{"rendered":"GIUDITTA E L&#8217;ORECCHIO DEL DIAVOLO"},"content":{"rendered":"<p>In un paese di montagna, nell&#8217;autunno del 1944, una bambina viene portata di nascosto a casa di Caterina, la moglie di Sandokan, il capo della banda partigiana che opera su in montagna. \u00c8 cieca, con occhi inquietanti. Si chiama Giuditta, ed \u00e8 scampata alla deportazione di tutta la sua famiglia. Giuditta \u00e8 strana: \u00e8 in grado di andare in giro per i sentieri della montagna come se ci vedesse, conosce tutte le erbe e i rimedi come le fattucchiere e parla con gli animali. Un giorno scopre l&#8217;Orecchio del Diavolo, un posto misterioso e maledetto dove si trova un muro alto e concavo, con al centro un sedile. Seduta l\u00ec, Giuditta sente le voci che arrivano dal fondovalle. Cos\u00ec, ogni giorno, torna all&#8217;Orecchio del Diavolo. ascolta le voci e i rumori, e riesce ad avvertire in anticipo i partigiani quando i tedeschi si mettono in moto. Per la vigilia di Natale Sandokan e otto dei suoi tornano in paese. Ma quando all&#8217;uscita dalla messa, passata la mezzanotte, sono circondati dai tedeschi \u00e8 chiaro che qualcuno ha fatto la spia e li ha venduti. Giuditta allora sale all&#8217;Orecchio del Diavolo e resta lass\u00f9 in ascolto, giorno e notte, per scoprire chi \u00e8 il traditore&#8230; Et\u00e0 di lettura: da 12 anni.<\/p>\n","protected":false},"excerpt":{"rendered":"<p><em>Autore:<\/em> D&#8217;ADAMO FRANCESCO<br \/>\n<em>Editore:<\/em> GIUNTI<br \/>\n<em>ISBN:<\/em> 9788809911802<br \/>\n<em>Pubblicazione:<\/em> 16\/03\/2022<\/p>\n","protected":false},"featured_media":25390,"comment_status":"closed","ping_status":"closed","template":"","meta":{"_et_pb_use_builder":"","_et_pb_old_content":"","_et_gb_content_width":"","_joinchat":[]},"product_brand":[],"product_cat":[1733],"product_tag":[],"class_list":{"0":"post-25391","1":"product","2":"type-product","3":"status-publish","4":"has-post-thumbnail","6":"product_cat-ragazzi","8":"first","9":"onbackorder","10":"taxable","11":"shipping-taxable","12":"purchasable","13":"product-type-simple"},"yoast_head":"<!-- This site is optimized with the Yoast SEO plugin v27.4 - https:\/\/yoast.com\/product\/yoast-seo-wordpress\/ -->\n<title>GIUDITTA E L&#039;ORECCHIO DEL DIAVOLO - Libreria Libri parlanti<\/title>\n<meta name=\"robots\" content=\"index, follow, max-snippet:-1, max-image-preview:large, max-video-preview:-1\" \/>\n<link rel=\"canonical\" href=\"https:\/\/www.libriparlanti.org\/index.php\/prodotto\/giuditta-e-lorecchio-del-diavolo\/\" \/>\n<meta property=\"og:locale\" content=\"it_IT\" \/>\n<meta property=\"og:type\" content=\"article\" \/>\n<meta property=\"og:title\" content=\"GIUDITTA E L&#039;ORECCHIO DEL DIAVOLO - Libreria Libri parlanti\" \/>\n<meta property=\"og:description\" content=\"Autore: D&#039;ADAMO FRANCESCO Editore: GIUNTI ISBN: 9788809911802 Pubblicazione: 16\/03\/2022\" \/>\n<meta property=\"og:url\" content=\"https:\/\/www.libriparlanti.org\/index.php\/prodotto\/giuditta-e-lorecchio-del-diavolo\/\" \/>\n<meta property=\"og:site_name\" content=\"Libreria Libri parlanti\" \/>\n<meta property=\"article:publisher\" content=\"https:\/\/www.facebook.com\/LibriParlanti\" \/>\n<meta property=\"article:modified_time\" content=\"2025-08-27T09:42:53+00:00\" \/>\n<meta property=\"og:image\" content=\"https:\/\/www.libriparlanti.org\/wp-content\/uploads\/2023\/01\/9788809911802.jpg\" \/>\n\t<meta property=\"og:image:width\" content=\"182\" \/>\n\t<meta property=\"og:image:height\" content=\"277\" \/>\n\t<meta property=\"og:image:type\" content=\"image\/jpeg\" \/>\n<meta name=\"twitter:card\" content=\"summary_large_image\" \/>\n<meta name=\"twitter:label1\" content=\"Tempo di lettura stimato\" \/>\n\t<meta name=\"twitter:data1\" content=\"1 minuto\" \/>\n<script type=\"application\/ld+json\" class=\"yoast-schema-graph\">{\"@context\":\"https:\\\/\\\/schema.org\",\"@graph\":[{\"@type\":\"WebPage\",\"@id\":\"https:\\\/\\\/www.libriparlanti.org\\\/index.php\\\/prodotto\\\/giuditta-e-lorecchio-del-diavolo\\\/\",\"url\":\"https:\\\/\\\/www.libriparlanti.org\\\/index.php\\\/prodotto\\\/giuditta-e-lorecchio-del-diavolo\\\/\",\"name\":\"GIUDITTA E L'ORECCHIO DEL DIAVOLO - Libreria Libri parlanti\",\"isPartOf\":{\"@id\":\"https:\\\/\\\/www.libriparlanti.org\\\/#website\"},\"primaryImageOfPage\":{\"@id\":\"https:\\\/\\\/www.libriparlanti.org\\\/index.php\\\/prodotto\\\/giuditta-e-lorecchio-del-diavolo\\\/#primaryimage\"},\"image\":{\"@id\":\"https:\\\/\\\/www.libriparlanti.org\\\/index.php\\\/prodotto\\\/giuditta-e-lorecchio-del-diavolo\\\/#primaryimage\"},\"thumbnailUrl\":\"https:\\\/\\\/www.libriparlanti.org\\\/wp-content\\\/uploads\\\/2023\\\/01\\\/9788809911802.jpg\",\"datePublished\":\"2023-01-26T14:22:36+00:00\",\"dateModified\":\"2025-08-27T09:42:53+00:00\",\"breadcrumb\":{\"@id\":\"https:\\\/\\\/www.libriparlanti.org\\\/index.php\\\/prodotto\\\/giuditta-e-lorecchio-del-diavolo\\\/#breadcrumb\"},\"inLanguage\":\"it-IT\",\"potentialAction\":[{\"@type\":\"ReadAction\",\"target\":[\"https:\\\/\\\/www.libriparlanti.org\\\/index.php\\\/prodotto\\\/giuditta-e-lorecchio-del-diavolo\\\/\"]}]},{\"@type\":\"ImageObject\",\"inLanguage\":\"it-IT\",\"@id\":\"https:\\\/\\\/www.libriparlanti.org\\\/index.php\\\/prodotto\\\/giuditta-e-lorecchio-del-diavolo\\\/#primaryimage\",\"url\":\"https:\\\/\\\/www.libriparlanti.org\\\/wp-content\\\/uploads\\\/2023\\\/01\\\/9788809911802.jpg\",\"contentUrl\":\"https:\\\/\\\/www.libriparlanti.org\\\/wp-content\\\/uploads\\\/2023\\\/01\\\/9788809911802.jpg\",\"width\":182,\"height\":277},{\"@type\":\"BreadcrumbList\",\"@id\":\"https:\\\/\\\/www.libriparlanti.org\\\/index.php\\\/prodotto\\\/giuditta-e-lorecchio-del-diavolo\\\/#breadcrumb\",\"itemListElement\":[{\"@type\":\"ListItem\",\"position\":1,\"name\":\"Home\",\"item\":\"https:\\\/\\\/www.libriparlanti.org\\\/\"},{\"@type\":\"ListItem\",\"position\":2,\"name\":\"Shop\",\"item\":\"https:\\\/\\\/www.libriparlanti.org\\\/index.php\\\/negozio\\\/\"},{\"@type\":\"ListItem\",\"position\":3,\"name\":\"GIUDITTA E L&#8217;ORECCHIO DEL DIAVOLO\"}]},{\"@type\":\"WebSite\",\"@id\":\"https:\\\/\\\/www.libriparlanti.org\\\/#website\",\"url\":\"https:\\\/\\\/www.libriparlanti.org\\\/\",\"name\":\"Libreria Libri parlanti\",\"description\":\"Libreria in Castiglione del Lago (Pg)\",\"potentialAction\":[{\"@type\":\"SearchAction\",\"target\":{\"@type\":\"EntryPoint\",\"urlTemplate\":\"https:\\\/\\\/www.libriparlanti.org\\\/?s={search_term_string}\"},\"query-input\":{\"@type\":\"PropertyValueSpecification\",\"valueRequired\":true,\"valueName\":\"search_term_string\"}}],\"inLanguage\":\"it-IT\"}]}<\/script>\n<!-- \/ Yoast SEO plugin. -->","yoast_head_json":{"title":"GIUDITTA E L'ORECCHIO DEL DIAVOLO - Libreria Libri parlanti","robots":{"index":"index","follow":"follow","max-snippet":"max-snippet:-1","max-image-preview":"max-image-preview:large","max-video-preview":"max-video-preview:-1"},"canonical":"https:\/\/www.libriparlanti.org\/index.php\/prodotto\/giuditta-e-lorecchio-del-diavolo\/","og_locale":"it_IT","og_type":"article","og_title":"GIUDITTA E L'ORECCHIO DEL DIAVOLO - Libreria Libri parlanti","og_description":"Autore: D'ADAMO FRANCESCO Editore: GIUNTI ISBN: 9788809911802 Pubblicazione: 16\/03\/2022","og_url":"https:\/\/www.libriparlanti.org\/index.php\/prodotto\/giuditta-e-lorecchio-del-diavolo\/","og_site_name":"Libreria Libri parlanti","article_publisher":"https:\/\/www.facebook.com\/LibriParlanti","article_modified_time":"2025-08-27T09:42:53+00:00","og_image":[{"width":182,"height":277,"url":"https:\/\/www.libriparlanti.org\/wp-content\/uploads\/2023\/01\/9788809911802.jpg","type":"image\/jpeg"}],"twitter_card":"summary_large_image","twitter_misc":{"Tempo di lettura stimato":"1 minuto"},"schema":{"@context":"https:\/\/schema.org","@graph":[{"@type":"WebPage","@id":"https:\/\/www.libriparlanti.org\/index.php\/prodotto\/giuditta-e-lorecchio-del-diavolo\/","url":"https:\/\/www.libriparlanti.org\/index.php\/prodotto\/giuditta-e-lorecchio-del-diavolo\/","name":"GIUDITTA E L'ORECCHIO DEL DIAVOLO - Libreria Libri parlanti","isPartOf":{"@id":"https:\/\/www.libriparlanti.org\/#website"},"primaryImageOfPage":{"@id":"https:\/\/www.libriparlanti.org\/index.php\/prodotto\/giuditta-e-lorecchio-del-diavolo\/#primaryimage"},"image":{"@id":"https:\/\/www.libriparlanti.org\/index.php\/prodotto\/giuditta-e-lorecchio-del-diavolo\/#primaryimage"},"thumbnailUrl":"https:\/\/www.libriparlanti.org\/wp-content\/uploads\/2023\/01\/9788809911802.jpg","datePublished":"2023-01-26T14:22:36+00:00","dateModified":"2025-08-27T09:42:53+00:00","breadcrumb":{"@id":"https:\/\/www.libriparlanti.org\/index.php\/prodotto\/giuditta-e-lorecchio-del-diavolo\/#breadcrumb"},"inLanguage":"it-IT","potentialAction":[{"@type":"ReadAction","target":["https:\/\/www.libriparlanti.org\/index.php\/prodotto\/giuditta-e-lorecchio-del-diavolo\/"]}]},{"@type":"ImageObject","inLanguage":"it-IT","@id":"https:\/\/www.libriparlanti.org\/index.php\/prodotto\/giuditta-e-lorecchio-del-diavolo\/#primaryimage","url":"https:\/\/www.libriparlanti.org\/wp-content\/uploads\/2023\/01\/9788809911802.jpg","contentUrl":"https:\/\/www.libriparlanti.org\/wp-content\/uploads\/2023\/01\/9788809911802.jpg","width":182,"height":277},{"@type":"BreadcrumbList","@id":"https:\/\/www.libriparlanti.org\/index.php\/prodotto\/giuditta-e-lorecchio-del-diavolo\/#breadcrumb","itemListElement":[{"@type":"ListItem","position":1,"name":"Home","item":"https:\/\/www.libriparlanti.org\/"},{"@type":"ListItem","position":2,"name":"Shop","item":"https:\/\/www.libriparlanti.org\/index.php\/negozio\/"},{"@type":"ListItem","position":3,"name":"GIUDITTA E L&#8217;ORECCHIO DEL DIAVOLO"}]},{"@type":"WebSite","@id":"https:\/\/www.libriparlanti.org\/#website","url":"https:\/\/www.libriparlanti.org\/","name":"Libreria Libri parlanti","description":"Libreria in Castiglione del Lago (Pg)","potentialAction":[{"@type":"SearchAction","target":{"@type":"EntryPoint","urlTemplate":"https:\/\/www.libriparlanti.org\/?s={search_term_string}"},"query-input":{"@type":"PropertyValueSpecification","valueRequired":true,"valueName":"search_term_string"}}],"inLanguage":"it-IT"}]}},"_links":{"self":[{"href":"https:\/\/www.libriparlanti.org\/index.php\/wp-json\/wp\/v2\/product\/25391","targetHints":{"allow":["GET"]}}],"collection":[{"href":"https:\/\/www.libriparlanti.org\/index.php\/wp-json\/wp\/v2\/product"}],"about":[{"href":"https:\/\/www.libriparlanti.org\/index.php\/wp-json\/wp\/v2\/types\/product"}],"replies":[{"embeddable":true,"href":"https:\/\/www.libriparlanti.org\/index.php\/wp-json\/wp\/v2\/comments?post=25391"}],"wp:featuredmedia":[{"embeddable":true,"href":"https:\/\/www.libriparlanti.org\/index.php\/wp-json\/wp\/v2\/media\/25390"}],"wp:attachment":[{"href":"https:\/\/www.libriparlanti.org\/index.php\/wp-json\/wp\/v2\/media?parent=25391"}],"wp:term":[{"taxonomy":"product_brand","embeddable":true,"href":"https:\/\/www.libriparlanti.org\/index.php\/wp-json\/wp\/v2\/product_brand?post=25391"},{"taxonomy":"product_cat","embeddable":true,"href":"https:\/\/www.libriparlanti.org\/index.php\/wp-json\/wp\/v2\/product_cat?post=25391"},{"taxonomy":"product_tag","embeddable":true,"href":"https:\/\/www.libriparlanti.org\/index.php\/wp-json\/wp\/v2\/product_tag?post=25391"}],"curies":[{"name":"wp","href":"https:\/\/api.w.org\/{rel}","templated":true}]}}