{"id":24671,"date":"2022-10-27T15:30:52","date_gmt":"2022-10-27T13:30:52","guid":{"rendered":"https:\/\/www.libriparlanti.org\/index.php\/prodotto\/dove-la-vittoria\/"},"modified":"2025-10-30T12:25:27","modified_gmt":"2025-10-30T10:25:27","slug":"dove-la-vittoria","status":"publish","type":"product","link":"https:\/\/www.libriparlanti.org\/index.php\/prodotto\/dove-la-vittoria\/","title":{"rendered":"DOV&#8217;E&#8217; LA VITTORIA"},"content":{"rendered":"<p>Una rievocazione delle tragicomiche spedizioni della Nazionale a Italia 90, Usa 94, Francia 98. Le partite pi\u00f9 rappresentative, le giocate pi\u00f9 strabilianti, i campioni pi\u00f9 amati, i gol pi\u00f9 celebri. Ma anche le Nazionali pi\u00f9 variopinte, le trovate pi\u00f9 strambe, le tendenze autodistruttive pi\u00f9 creative. Dov&#8217;\u00e8 la vittoria? racconta lo sport e il pi\u00f9 ampio contesto di quegli anni. Difficile infatti parlare di Italia 90 ignorando gli intrecci italiani tra pallone, politica e potere; complicato parlare del 1994 rimuovendo il fatto che \u00e8 l&#8217;anno del primo, scintillante governo Berlusconi; impossibile scindere le vicende reali di Francia 98 dal mondo virtuale del videogioco Fifa: Road to World Cup 1998. E, inoltre, inconcepibile separare i Mondiali dalla loro colonna sonora e dai loro improbabili inni pi\u00f9 o meno ufficiali. &#8220;Dov&#8217;\u00e8 la vittoria?&#8221; \u00e8 una strana specie di romanzo di formazione. \u00c8 la storia di come la Nazionale abbia insegnato a varie generazioni che nella vita non ti regala niente nessuno, figurati un arbitro messicano; che quando Murphy ha postulato la sua famosa legge, probabilmente indossava una maglietta azzurra; che il dramma sportivo \u00e8 l&#8217;unico modo sostenibile di unire un popolo. E, soprattutto, che magari un fulmine non potr\u00e0 cadere due volte nello stesso luogo, ma sicuramente pu\u00f2 colpire la stessa squadra, a quattro anni di distanza, a diverse latitudini, nel momento in cui si presenta a undici metri dalla porta avversaria.<\/p>\n","protected":false},"excerpt":{"rendered":"<p><em>Autore:<\/em> LA RAGIONE DI STATO<br \/>\n<em>Editore:<\/em> 66 TH AND 2ND<br \/>\n<em>ISBN:<\/em> 9788832972436<\/p>\n","protected":false},"featured_media":24670,"comment_status":"closed","ping_status":"closed","template":"","meta":{"_et_pb_use_builder":"","_et_pb_old_content":"","_et_gb_content_width":"","_joinchat":[]},"product_brand":[],"product_cat":[1736],"product_tag":[],"class_list":{"0":"post-24671","1":"product","2":"type-product","3":"status-publish","4":"has-post-thumbnail","6":"product_cat-narrativa","8":"first","9":"onbackorder","10":"taxable","11":"shipping-taxable","12":"purchasable","13":"product-type-simple"},"yoast_head":"<!-- This site is optimized with the Yoast SEO plugin v27.5 - https:\/\/yoast.com\/product\/yoast-seo-wordpress\/ -->\n<title>DOV&#039;E&#039; LA VITTORIA - Libreria Libri parlanti<\/title>\n<meta name=\"robots\" content=\"index, follow, max-snippet:-1, max-image-preview:large, max-video-preview:-1\" \/>\n<link rel=\"canonical\" href=\"https:\/\/www.libriparlanti.org\/index.php\/prodotto\/dove-la-vittoria\/\" \/>\n<meta property=\"og:locale\" content=\"it_IT\" \/>\n<meta property=\"og:type\" content=\"article\" \/>\n<meta property=\"og:title\" content=\"DOV&#039;E&#039; LA VITTORIA - Libreria Libri parlanti\" \/>\n<meta property=\"og:description\" content=\"Autore: LA RAGIONE DI STATO Editore: 66 TH AND 2ND ISBN: 9788832972436\" \/>\n<meta property=\"og:url\" content=\"https:\/\/www.libriparlanti.org\/index.php\/prodotto\/dove-la-vittoria\/\" \/>\n<meta property=\"og:site_name\" content=\"Libreria Libri parlanti\" \/>\n<meta property=\"article:publisher\" content=\"https:\/\/www.facebook.com\/LibriParlanti\" \/>\n<meta property=\"article:modified_time\" content=\"2025-10-30T10:25:27+00:00\" \/>\n<meta property=\"og:image\" content=\"https:\/\/www.libriparlanti.org\/wp-content\/uploads\/2022\/10\/gNzQjM3kjMzgDO4cTO.jpg\" \/>\n\t<meta property=\"og:image:width\" content=\"210\" \/>\n\t<meta property=\"og:image:height\" content=\"300\" \/>\n\t<meta property=\"og:image:type\" content=\"image\/jpeg\" \/>\n<meta name=\"twitter:card\" content=\"summary_large_image\" \/>\n<meta name=\"twitter:label1\" content=\"Tempo di lettura stimato\" \/>\n\t<meta name=\"twitter:data1\" content=\"1 minuto\" \/>\n<script type=\"application\/ld+json\" class=\"yoast-schema-graph\">{\"@context\":\"https:\\\/\\\/schema.org\",\"@graph\":[{\"@type\":\"WebPage\",\"@id\":\"https:\\\/\\\/www.libriparlanti.org\\\/index.php\\\/prodotto\\\/dove-la-vittoria\\\/\",\"url\":\"https:\\\/\\\/www.libriparlanti.org\\\/index.php\\\/prodotto\\\/dove-la-vittoria\\\/\",\"name\":\"DOV'E' LA VITTORIA - Libreria Libri parlanti\",\"isPartOf\":{\"@id\":\"https:\\\/\\\/www.libriparlanti.org\\\/#website\"},\"primaryImageOfPage\":{\"@id\":\"https:\\\/\\\/www.libriparlanti.org\\\/index.php\\\/prodotto\\\/dove-la-vittoria\\\/#primaryimage\"},\"image\":{\"@id\":\"https:\\\/\\\/www.libriparlanti.org\\\/index.php\\\/prodotto\\\/dove-la-vittoria\\\/#primaryimage\"},\"thumbnailUrl\":\"https:\\\/\\\/www.libriparlanti.org\\\/wp-content\\\/uploads\\\/2022\\\/10\\\/gNzQjM3kjMzgDO4cTO.jpg\",\"datePublished\":\"2022-10-27T13:30:52+00:00\",\"dateModified\":\"2025-10-30T10:25:27+00:00\",\"breadcrumb\":{\"@id\":\"https:\\\/\\\/www.libriparlanti.org\\\/index.php\\\/prodotto\\\/dove-la-vittoria\\\/#breadcrumb\"},\"inLanguage\":\"it-IT\",\"potentialAction\":[{\"@type\":\"ReadAction\",\"target\":[\"https:\\\/\\\/www.libriparlanti.org\\\/index.php\\\/prodotto\\\/dove-la-vittoria\\\/\"]}]},{\"@type\":\"ImageObject\",\"inLanguage\":\"it-IT\",\"@id\":\"https:\\\/\\\/www.libriparlanti.org\\\/index.php\\\/prodotto\\\/dove-la-vittoria\\\/#primaryimage\",\"url\":\"https:\\\/\\\/www.libriparlanti.org\\\/wp-content\\\/uploads\\\/2022\\\/10\\\/gNzQjM3kjMzgDO4cTO.jpg\",\"contentUrl\":\"https:\\\/\\\/www.libriparlanti.org\\\/wp-content\\\/uploads\\\/2022\\\/10\\\/gNzQjM3kjMzgDO4cTO.jpg\",\"width\":210,\"height\":300},{\"@type\":\"BreadcrumbList\",\"@id\":\"https:\\\/\\\/www.libriparlanti.org\\\/index.php\\\/prodotto\\\/dove-la-vittoria\\\/#breadcrumb\",\"itemListElement\":[{\"@type\":\"ListItem\",\"position\":1,\"name\":\"Home\",\"item\":\"https:\\\/\\\/www.libriparlanti.org\\\/\"},{\"@type\":\"ListItem\",\"position\":2,\"name\":\"Shop\",\"item\":\"https:\\\/\\\/www.libriparlanti.org\\\/index.php\\\/negozio\\\/\"},{\"@type\":\"ListItem\",\"position\":3,\"name\":\"DOV&#8217;E&#8217; LA VITTORIA\"}]},{\"@type\":\"WebSite\",\"@id\":\"https:\\\/\\\/www.libriparlanti.org\\\/#website\",\"url\":\"https:\\\/\\\/www.libriparlanti.org\\\/\",\"name\":\"Libreria Libri parlanti\",\"description\":\"Libreria in Castiglione del Lago (Pg)\",\"potentialAction\":[{\"@type\":\"SearchAction\",\"target\":{\"@type\":\"EntryPoint\",\"urlTemplate\":\"https:\\\/\\\/www.libriparlanti.org\\\/?s={search_term_string}\"},\"query-input\":{\"@type\":\"PropertyValueSpecification\",\"valueRequired\":true,\"valueName\":\"search_term_string\"}}],\"inLanguage\":\"it-IT\"}]}<\/script>\n<!-- \/ Yoast SEO plugin. -->","yoast_head_json":{"title":"DOV'E' LA VITTORIA - Libreria Libri parlanti","robots":{"index":"index","follow":"follow","max-snippet":"max-snippet:-1","max-image-preview":"max-image-preview:large","max-video-preview":"max-video-preview:-1"},"canonical":"https:\/\/www.libriparlanti.org\/index.php\/prodotto\/dove-la-vittoria\/","og_locale":"it_IT","og_type":"article","og_title":"DOV'E' LA VITTORIA - Libreria Libri parlanti","og_description":"Autore: LA RAGIONE DI STATO Editore: 66 TH AND 2ND ISBN: 9788832972436","og_url":"https:\/\/www.libriparlanti.org\/index.php\/prodotto\/dove-la-vittoria\/","og_site_name":"Libreria Libri parlanti","article_publisher":"https:\/\/www.facebook.com\/LibriParlanti","article_modified_time":"2025-10-30T10:25:27+00:00","og_image":[{"width":210,"height":300,"url":"https:\/\/www.libriparlanti.org\/wp-content\/uploads\/2022\/10\/gNzQjM3kjMzgDO4cTO.jpg","type":"image\/jpeg"}],"twitter_card":"summary_large_image","twitter_misc":{"Tempo di lettura stimato":"1 minuto"},"schema":{"@context":"https:\/\/schema.org","@graph":[{"@type":"WebPage","@id":"https:\/\/www.libriparlanti.org\/index.php\/prodotto\/dove-la-vittoria\/","url":"https:\/\/www.libriparlanti.org\/index.php\/prodotto\/dove-la-vittoria\/","name":"DOV'E' LA VITTORIA - Libreria Libri parlanti","isPartOf":{"@id":"https:\/\/www.libriparlanti.org\/#website"},"primaryImageOfPage":{"@id":"https:\/\/www.libriparlanti.org\/index.php\/prodotto\/dove-la-vittoria\/#primaryimage"},"image":{"@id":"https:\/\/www.libriparlanti.org\/index.php\/prodotto\/dove-la-vittoria\/#primaryimage"},"thumbnailUrl":"https:\/\/www.libriparlanti.org\/wp-content\/uploads\/2022\/10\/gNzQjM3kjMzgDO4cTO.jpg","datePublished":"2022-10-27T13:30:52+00:00","dateModified":"2025-10-30T10:25:27+00:00","breadcrumb":{"@id":"https:\/\/www.libriparlanti.org\/index.php\/prodotto\/dove-la-vittoria\/#breadcrumb"},"inLanguage":"it-IT","potentialAction":[{"@type":"ReadAction","target":["https:\/\/www.libriparlanti.org\/index.php\/prodotto\/dove-la-vittoria\/"]}]},{"@type":"ImageObject","inLanguage":"it-IT","@id":"https:\/\/www.libriparlanti.org\/index.php\/prodotto\/dove-la-vittoria\/#primaryimage","url":"https:\/\/www.libriparlanti.org\/wp-content\/uploads\/2022\/10\/gNzQjM3kjMzgDO4cTO.jpg","contentUrl":"https:\/\/www.libriparlanti.org\/wp-content\/uploads\/2022\/10\/gNzQjM3kjMzgDO4cTO.jpg","width":210,"height":300},{"@type":"BreadcrumbList","@id":"https:\/\/www.libriparlanti.org\/index.php\/prodotto\/dove-la-vittoria\/#breadcrumb","itemListElement":[{"@type":"ListItem","position":1,"name":"Home","item":"https:\/\/www.libriparlanti.org\/"},{"@type":"ListItem","position":2,"name":"Shop","item":"https:\/\/www.libriparlanti.org\/index.php\/negozio\/"},{"@type":"ListItem","position":3,"name":"DOV&#8217;E&#8217; LA VITTORIA"}]},{"@type":"WebSite","@id":"https:\/\/www.libriparlanti.org\/#website","url":"https:\/\/www.libriparlanti.org\/","name":"Libreria Libri parlanti","description":"Libreria in Castiglione del Lago (Pg)","potentialAction":[{"@type":"SearchAction","target":{"@type":"EntryPoint","urlTemplate":"https:\/\/www.libriparlanti.org\/?s={search_term_string}"},"query-input":{"@type":"PropertyValueSpecification","valueRequired":true,"valueName":"search_term_string"}}],"inLanguage":"it-IT"}]}},"_links":{"self":[{"href":"https:\/\/www.libriparlanti.org\/index.php\/wp-json\/wp\/v2\/product\/24671","targetHints":{"allow":["GET"]}}],"collection":[{"href":"https:\/\/www.libriparlanti.org\/index.php\/wp-json\/wp\/v2\/product"}],"about":[{"href":"https:\/\/www.libriparlanti.org\/index.php\/wp-json\/wp\/v2\/types\/product"}],"replies":[{"embeddable":true,"href":"https:\/\/www.libriparlanti.org\/index.php\/wp-json\/wp\/v2\/comments?post=24671"}],"wp:featuredmedia":[{"embeddable":true,"href":"https:\/\/www.libriparlanti.org\/index.php\/wp-json\/wp\/v2\/media\/24670"}],"wp:attachment":[{"href":"https:\/\/www.libriparlanti.org\/index.php\/wp-json\/wp\/v2\/media?parent=24671"}],"wp:term":[{"taxonomy":"product_brand","embeddable":true,"href":"https:\/\/www.libriparlanti.org\/index.php\/wp-json\/wp\/v2\/product_brand?post=24671"},{"taxonomy":"product_cat","embeddable":true,"href":"https:\/\/www.libriparlanti.org\/index.php\/wp-json\/wp\/v2\/product_cat?post=24671"},{"taxonomy":"product_tag","embeddable":true,"href":"https:\/\/www.libriparlanti.org\/index.php\/wp-json\/wp\/v2\/product_tag?post=24671"}],"curies":[{"name":"wp","href":"https:\/\/api.w.org\/{rel}","templated":true}]}}