{"id":23759,"date":"2022-10-13T12:47:14","date_gmt":"2022-10-13T10:47:14","guid":{"rendered":"https:\/\/www.libriparlanti.org\/index.php\/prodotto\/ero-un-bullola-vera-storia-di-daniel-za\/"},"modified":"2025-11-13T18:38:01","modified_gmt":"2025-11-13T16:38:01","slug":"ero-un-bullola-vera-storia-di-daniel-za","status":"publish","type":"product","link":"https:\/\/www.libriparlanti.org\/index.php\/prodotto\/ero-un-bullola-vera-storia-di-daniel-za\/","title":{"rendered":"ERO UN BULLO&#8217;LA VERA STORIA DI DANIEL ZA"},"content":{"rendered":"<p>Daniel vive a Quarto Oggiaro, periferia di Milano. In famiglia il clima \u00e8 teso, pochi soldi e continui litigi. Cresce nei cortili delle case popolari, ama il calcio e in campo \u00e8 il pi\u00f9 forte, tanto che a dieci anni gioca con la maglia dell&#8217;Inter. Le aspettative su di lui sono altissime, e non vuole deluderle. Ma quando, durante una partita, Daniel manca il goal decisivo, il sogno di diventare un calciatore famoso \u00e8 infranto per sempre. Alle medie Daniel \u00e8 un bullo temuto da tutti, carico di rabbia e aggressivit\u00e0. Sente che l&#8217;unico modo per guadagnarsi il rispetto \u00e8 incutere paura e non temere niente, neanche di fare un colpo in banca. E infatti, lui le rapine arriva a farle per davvero, finch\u00e9 finisce al Beccaria, il carcere minorile. \u00c8 considerato un ragazzo perduto, irrecuperabile. A segnare la svolta, l&#8217;incontro con don Claudio, il cappellano del carcere. Daniel viene affidato alla sua comunit\u00e0, che accoglie i &#8220;ragazzi difficili&#8221;, e lentamente impara a guardare le cose da una nuova prospettiva&#8230; Dall&#8217;autore di #disobbediente! e Viva la Costituzione, un&#8217;appassionante storia vera di rinascita, amicizia e amore per la vita. Et\u00e0 di lettura: da 11 anni.<\/p>\n","protected":false},"excerpt":{"rendered":"<p><em>Autore:<\/em> FRANZOSO<br \/>\n<em>Editore:<\/em> DE AGOSTINI<br \/>\n<em>ISBN:<\/em> 9788851198275<br \/>\n<em>Pubblicazione:<\/em> 01\/01\/2022<\/p>\n","protected":false},"featured_media":23758,"comment_status":"closed","ping_status":"closed","template":"","meta":{"_et_pb_use_builder":"","_et_pb_old_content":"","_et_gb_content_width":"","_joinchat":[]},"product_brand":[],"product_cat":[959],"product_tag":[],"class_list":{"0":"post-23759","1":"product","2":"type-product","3":"status-publish","4":"has-post-thumbnail","6":"product_cat-senza-categoria","8":"first","9":"onbackorder","10":"taxable","11":"shipping-taxable","12":"purchasable","13":"product-type-simple"},"yoast_head":"<!-- This site is optimized with the Yoast SEO plugin v27.4 - https:\/\/yoast.com\/product\/yoast-seo-wordpress\/ -->\n<title>ERO UN BULLO&#039;LA VERA STORIA DI DANIEL ZA - Libreria Libri parlanti<\/title>\n<meta name=\"robots\" content=\"index, follow, max-snippet:-1, max-image-preview:large, max-video-preview:-1\" \/>\n<link rel=\"canonical\" href=\"https:\/\/www.libriparlanti.org\/index.php\/prodotto\/ero-un-bullola-vera-storia-di-daniel-za\/\" \/>\n<meta property=\"og:locale\" content=\"it_IT\" \/>\n<meta property=\"og:type\" content=\"article\" \/>\n<meta property=\"og:title\" content=\"ERO UN BULLO&#039;LA VERA STORIA DI DANIEL ZA - Libreria Libri parlanti\" \/>\n<meta property=\"og:description\" content=\"Autore: FRANZOSO Editore: DE AGOSTINI ISBN: 9788851198275 Pubblicazione: 01\/01\/2022\" \/>\n<meta property=\"og:url\" content=\"https:\/\/www.libriparlanti.org\/index.php\/prodotto\/ero-un-bullola-vera-storia-di-daniel-za\/\" \/>\n<meta property=\"og:site_name\" content=\"Libreria Libri parlanti\" \/>\n<meta property=\"article:publisher\" content=\"https:\/\/www.facebook.com\/LibriParlanti\" \/>\n<meta property=\"article:modified_time\" content=\"2025-11-13T16:38:01+00:00\" \/>\n<meta property=\"og:image\" content=\"https:\/\/www.libriparlanti.org\/wp-content\/uploads\/2022\/10\/9788851198275.jpg\" \/>\n\t<meta property=\"og:image:width\" content=\"183\" \/>\n\t<meta property=\"og:image:height\" content=\"275\" \/>\n\t<meta property=\"og:image:type\" content=\"image\/jpeg\" \/>\n<meta name=\"twitter:card\" content=\"summary_large_image\" \/>\n<meta name=\"twitter:label1\" content=\"Tempo di lettura stimato\" \/>\n\t<meta name=\"twitter:data1\" content=\"1 minuto\" \/>\n<script type=\"application\/ld+json\" class=\"yoast-schema-graph\">{\"@context\":\"https:\\\/\\\/schema.org\",\"@graph\":[{\"@type\":\"WebPage\",\"@id\":\"https:\\\/\\\/www.libriparlanti.org\\\/index.php\\\/prodotto\\\/ero-un-bullola-vera-storia-di-daniel-za\\\/\",\"url\":\"https:\\\/\\\/www.libriparlanti.org\\\/index.php\\\/prodotto\\\/ero-un-bullola-vera-storia-di-daniel-za\\\/\",\"name\":\"ERO UN BULLO'LA VERA STORIA DI DANIEL ZA - Libreria Libri parlanti\",\"isPartOf\":{\"@id\":\"https:\\\/\\\/www.libriparlanti.org\\\/#website\"},\"primaryImageOfPage\":{\"@id\":\"https:\\\/\\\/www.libriparlanti.org\\\/index.php\\\/prodotto\\\/ero-un-bullola-vera-storia-di-daniel-za\\\/#primaryimage\"},\"image\":{\"@id\":\"https:\\\/\\\/www.libriparlanti.org\\\/index.php\\\/prodotto\\\/ero-un-bullola-vera-storia-di-daniel-za\\\/#primaryimage\"},\"thumbnailUrl\":\"https:\\\/\\\/www.libriparlanti.org\\\/wp-content\\\/uploads\\\/2022\\\/10\\\/9788851198275.jpg\",\"datePublished\":\"2022-10-13T10:47:14+00:00\",\"dateModified\":\"2025-11-13T16:38:01+00:00\",\"breadcrumb\":{\"@id\":\"https:\\\/\\\/www.libriparlanti.org\\\/index.php\\\/prodotto\\\/ero-un-bullola-vera-storia-di-daniel-za\\\/#breadcrumb\"},\"inLanguage\":\"it-IT\",\"potentialAction\":[{\"@type\":\"ReadAction\",\"target\":[\"https:\\\/\\\/www.libriparlanti.org\\\/index.php\\\/prodotto\\\/ero-un-bullola-vera-storia-di-daniel-za\\\/\"]}]},{\"@type\":\"ImageObject\",\"inLanguage\":\"it-IT\",\"@id\":\"https:\\\/\\\/www.libriparlanti.org\\\/index.php\\\/prodotto\\\/ero-un-bullola-vera-storia-di-daniel-za\\\/#primaryimage\",\"url\":\"https:\\\/\\\/www.libriparlanti.org\\\/wp-content\\\/uploads\\\/2022\\\/10\\\/9788851198275.jpg\",\"contentUrl\":\"https:\\\/\\\/www.libriparlanti.org\\\/wp-content\\\/uploads\\\/2022\\\/10\\\/9788851198275.jpg\",\"width\":183,\"height\":275},{\"@type\":\"BreadcrumbList\",\"@id\":\"https:\\\/\\\/www.libriparlanti.org\\\/index.php\\\/prodotto\\\/ero-un-bullola-vera-storia-di-daniel-za\\\/#breadcrumb\",\"itemListElement\":[{\"@type\":\"ListItem\",\"position\":1,\"name\":\"Home\",\"item\":\"https:\\\/\\\/www.libriparlanti.org\\\/\"},{\"@type\":\"ListItem\",\"position\":2,\"name\":\"Shop\",\"item\":\"https:\\\/\\\/www.libriparlanti.org\\\/index.php\\\/negozio\\\/\"},{\"@type\":\"ListItem\",\"position\":3,\"name\":\"ERO UN BULLO&#8217;LA VERA STORIA DI DANIEL ZA\"}]},{\"@type\":\"WebSite\",\"@id\":\"https:\\\/\\\/www.libriparlanti.org\\\/#website\",\"url\":\"https:\\\/\\\/www.libriparlanti.org\\\/\",\"name\":\"Libreria Libri parlanti\",\"description\":\"Libreria in Castiglione del Lago (Pg)\",\"potentialAction\":[{\"@type\":\"SearchAction\",\"target\":{\"@type\":\"EntryPoint\",\"urlTemplate\":\"https:\\\/\\\/www.libriparlanti.org\\\/?s={search_term_string}\"},\"query-input\":{\"@type\":\"PropertyValueSpecification\",\"valueRequired\":true,\"valueName\":\"search_term_string\"}}],\"inLanguage\":\"it-IT\"}]}<\/script>\n<!-- \/ Yoast SEO plugin. -->","yoast_head_json":{"title":"ERO UN BULLO'LA VERA STORIA DI DANIEL ZA - Libreria Libri parlanti","robots":{"index":"index","follow":"follow","max-snippet":"max-snippet:-1","max-image-preview":"max-image-preview:large","max-video-preview":"max-video-preview:-1"},"canonical":"https:\/\/www.libriparlanti.org\/index.php\/prodotto\/ero-un-bullola-vera-storia-di-daniel-za\/","og_locale":"it_IT","og_type":"article","og_title":"ERO UN BULLO'LA VERA STORIA DI DANIEL ZA - Libreria Libri parlanti","og_description":"Autore: FRANZOSO Editore: DE AGOSTINI ISBN: 9788851198275 Pubblicazione: 01\/01\/2022","og_url":"https:\/\/www.libriparlanti.org\/index.php\/prodotto\/ero-un-bullola-vera-storia-di-daniel-za\/","og_site_name":"Libreria Libri parlanti","article_publisher":"https:\/\/www.facebook.com\/LibriParlanti","article_modified_time":"2025-11-13T16:38:01+00:00","og_image":[{"width":183,"height":275,"url":"https:\/\/www.libriparlanti.org\/wp-content\/uploads\/2022\/10\/9788851198275.jpg","type":"image\/jpeg"}],"twitter_card":"summary_large_image","twitter_misc":{"Tempo di lettura stimato":"1 minuto"},"schema":{"@context":"https:\/\/schema.org","@graph":[{"@type":"WebPage","@id":"https:\/\/www.libriparlanti.org\/index.php\/prodotto\/ero-un-bullola-vera-storia-di-daniel-za\/","url":"https:\/\/www.libriparlanti.org\/index.php\/prodotto\/ero-un-bullola-vera-storia-di-daniel-za\/","name":"ERO UN BULLO'LA VERA STORIA DI DANIEL ZA - Libreria Libri parlanti","isPartOf":{"@id":"https:\/\/www.libriparlanti.org\/#website"},"primaryImageOfPage":{"@id":"https:\/\/www.libriparlanti.org\/index.php\/prodotto\/ero-un-bullola-vera-storia-di-daniel-za\/#primaryimage"},"image":{"@id":"https:\/\/www.libriparlanti.org\/index.php\/prodotto\/ero-un-bullola-vera-storia-di-daniel-za\/#primaryimage"},"thumbnailUrl":"https:\/\/www.libriparlanti.org\/wp-content\/uploads\/2022\/10\/9788851198275.jpg","datePublished":"2022-10-13T10:47:14+00:00","dateModified":"2025-11-13T16:38:01+00:00","breadcrumb":{"@id":"https:\/\/www.libriparlanti.org\/index.php\/prodotto\/ero-un-bullola-vera-storia-di-daniel-za\/#breadcrumb"},"inLanguage":"it-IT","potentialAction":[{"@type":"ReadAction","target":["https:\/\/www.libriparlanti.org\/index.php\/prodotto\/ero-un-bullola-vera-storia-di-daniel-za\/"]}]},{"@type":"ImageObject","inLanguage":"it-IT","@id":"https:\/\/www.libriparlanti.org\/index.php\/prodotto\/ero-un-bullola-vera-storia-di-daniel-za\/#primaryimage","url":"https:\/\/www.libriparlanti.org\/wp-content\/uploads\/2022\/10\/9788851198275.jpg","contentUrl":"https:\/\/www.libriparlanti.org\/wp-content\/uploads\/2022\/10\/9788851198275.jpg","width":183,"height":275},{"@type":"BreadcrumbList","@id":"https:\/\/www.libriparlanti.org\/index.php\/prodotto\/ero-un-bullola-vera-storia-di-daniel-za\/#breadcrumb","itemListElement":[{"@type":"ListItem","position":1,"name":"Home","item":"https:\/\/www.libriparlanti.org\/"},{"@type":"ListItem","position":2,"name":"Shop","item":"https:\/\/www.libriparlanti.org\/index.php\/negozio\/"},{"@type":"ListItem","position":3,"name":"ERO UN BULLO&#8217;LA VERA STORIA DI DANIEL ZA"}]},{"@type":"WebSite","@id":"https:\/\/www.libriparlanti.org\/#website","url":"https:\/\/www.libriparlanti.org\/","name":"Libreria Libri parlanti","description":"Libreria in Castiglione del Lago (Pg)","potentialAction":[{"@type":"SearchAction","target":{"@type":"EntryPoint","urlTemplate":"https:\/\/www.libriparlanti.org\/?s={search_term_string}"},"query-input":{"@type":"PropertyValueSpecification","valueRequired":true,"valueName":"search_term_string"}}],"inLanguage":"it-IT"}]}},"_links":{"self":[{"href":"https:\/\/www.libriparlanti.org\/index.php\/wp-json\/wp\/v2\/product\/23759","targetHints":{"allow":["GET"]}}],"collection":[{"href":"https:\/\/www.libriparlanti.org\/index.php\/wp-json\/wp\/v2\/product"}],"about":[{"href":"https:\/\/www.libriparlanti.org\/index.php\/wp-json\/wp\/v2\/types\/product"}],"replies":[{"embeddable":true,"href":"https:\/\/www.libriparlanti.org\/index.php\/wp-json\/wp\/v2\/comments?post=23759"}],"wp:featuredmedia":[{"embeddable":true,"href":"https:\/\/www.libriparlanti.org\/index.php\/wp-json\/wp\/v2\/media\/23758"}],"wp:attachment":[{"href":"https:\/\/www.libriparlanti.org\/index.php\/wp-json\/wp\/v2\/media?parent=23759"}],"wp:term":[{"taxonomy":"product_brand","embeddable":true,"href":"https:\/\/www.libriparlanti.org\/index.php\/wp-json\/wp\/v2\/product_brand?post=23759"},{"taxonomy":"product_cat","embeddable":true,"href":"https:\/\/www.libriparlanti.org\/index.php\/wp-json\/wp\/v2\/product_cat?post=23759"},{"taxonomy":"product_tag","embeddable":true,"href":"https:\/\/www.libriparlanti.org\/index.php\/wp-json\/wp\/v2\/product_tag?post=23759"}],"curies":[{"name":"wp","href":"https:\/\/api.w.org\/{rel}","templated":true}]}}