{"id":23537,"date":"2022-10-08T13:19:22","date_gmt":"2022-10-08T11:19:22","guid":{"rendered":"https:\/\/www.libriparlanti.org\/index.php\/prodotto\/la-montagna-ghiacciata\/"},"modified":"2025-10-30T12:27:32","modified_gmt":"2025-10-30T10:27:32","slug":"la-montagna-ghiacciata","status":"publish","type":"product","link":"https:\/\/www.libriparlanti.org\/index.php\/prodotto\/la-montagna-ghiacciata\/","title":{"rendered":"LA MONTAGNA GHIACCIATA"},"content":{"rendered":"<p>Dopo un incidente aereo, ti ritrovi smarrito su una montagna innevata. Per salvarti devi giocare con il libro in una lotta alla sopravvivenza. Come? Analizza lo scenario, scegli accuratamente il percorso da seguire in base al suo grado di pericolosit\u00e0 e, dopo aver posizionato la Ruota della sopravvivenza nell&#8217;apposito spazio, girala per scoprire cosa ti riserva il destino. Riuscirai a proseguire nella storia o dovrai tornare indietro per ricominciare daccapo? Gli scenari sono estremi, il pericolo reale, sta a te decidere quanto sei disposto a rischiare per sfuggire alla montagna ghiacciata. In questo originale libro-game, il primo della collana, il giovane lettore si immerge nell&#8217;avventura attraverso un sistema di rimandi ad altre pagine. Mettendosi alla prova, vivr\u00e0 in prima persona le situazioni in cui ci si pu\u00f2 imbattere in un ambiente ostile e scoprir\u00e0 che le soluzioni pi\u00f9 sagge sono quelle che offrono maggiore probabilit\u00e0 di sopravvivenza! Et\u00e0 di lettura: da 8 anni.<\/p>\n","protected":false},"excerpt":{"rendered":"<p><em>Editore:<\/em> IPPOCAMPO<br \/>\n<em>ISBN:<\/em> 9788867226221<\/p>\n","protected":false},"featured_media":23536,"comment_status":"closed","ping_status":"closed","template":"","meta":{"_et_pb_use_builder":"","_et_pb_old_content":"","_et_gb_content_width":"","_joinchat":[]},"product_brand":[],"product_cat":[1991],"product_tag":[],"class_list":{"0":"post-23537","1":"product","2":"type-product","3":"status-publish","4":"has-post-thumbnail","6":"product_cat-divulgazione","8":"first","9":"onbackorder","10":"taxable","11":"shipping-taxable","12":"purchasable","13":"product-type-simple"},"yoast_head":"<!-- This site is optimized with the Yoast SEO plugin v27.5 - https:\/\/yoast.com\/product\/yoast-seo-wordpress\/ -->\n<title>LA MONTAGNA GHIACCIATA - Libreria Libri parlanti<\/title>\n<meta name=\"robots\" content=\"index, follow, max-snippet:-1, max-image-preview:large, max-video-preview:-1\" \/>\n<link rel=\"canonical\" href=\"https:\/\/www.libriparlanti.org\/index.php\/prodotto\/la-montagna-ghiacciata\/\" \/>\n<meta property=\"og:locale\" content=\"it_IT\" \/>\n<meta property=\"og:type\" content=\"article\" \/>\n<meta property=\"og:title\" content=\"LA MONTAGNA GHIACCIATA - Libreria Libri parlanti\" \/>\n<meta property=\"og:description\" content=\"Editore: IPPOCAMPO ISBN: 9788867226221\" \/>\n<meta property=\"og:url\" content=\"https:\/\/www.libriparlanti.org\/index.php\/prodotto\/la-montagna-ghiacciata\/\" \/>\n<meta property=\"og:site_name\" content=\"Libreria Libri parlanti\" \/>\n<meta property=\"article:publisher\" content=\"https:\/\/www.facebook.com\/LibriParlanti\" \/>\n<meta property=\"article:modified_time\" content=\"2025-10-30T10:27:32+00:00\" \/>\n<meta property=\"og:image\" content=\"https:\/\/www.libriparlanti.org\/wp-content\/uploads\/2022\/10\/9788867226221.jpg\" \/>\n\t<meta property=\"og:image:width\" content=\"157\" \/>\n\t<meta property=\"og:image:height\" content=\"190\" \/>\n\t<meta property=\"og:image:type\" content=\"image\/jpeg\" \/>\n<meta name=\"twitter:card\" content=\"summary_large_image\" \/>\n<meta name=\"twitter:label1\" content=\"Tempo di lettura stimato\" \/>\n\t<meta name=\"twitter:data1\" content=\"1 minuto\" \/>\n<script type=\"application\/ld+json\" class=\"yoast-schema-graph\">{\"@context\":\"https:\\\/\\\/schema.org\",\"@graph\":[{\"@type\":\"WebPage\",\"@id\":\"https:\\\/\\\/www.libriparlanti.org\\\/index.php\\\/prodotto\\\/la-montagna-ghiacciata\\\/\",\"url\":\"https:\\\/\\\/www.libriparlanti.org\\\/index.php\\\/prodotto\\\/la-montagna-ghiacciata\\\/\",\"name\":\"LA MONTAGNA GHIACCIATA - Libreria Libri parlanti\",\"isPartOf\":{\"@id\":\"https:\\\/\\\/www.libriparlanti.org\\\/#website\"},\"primaryImageOfPage\":{\"@id\":\"https:\\\/\\\/www.libriparlanti.org\\\/index.php\\\/prodotto\\\/la-montagna-ghiacciata\\\/#primaryimage\"},\"image\":{\"@id\":\"https:\\\/\\\/www.libriparlanti.org\\\/index.php\\\/prodotto\\\/la-montagna-ghiacciata\\\/#primaryimage\"},\"thumbnailUrl\":\"https:\\\/\\\/www.libriparlanti.org\\\/wp-content\\\/uploads\\\/2022\\\/10\\\/9788867226221.jpg\",\"datePublished\":\"2022-10-08T11:19:22+00:00\",\"dateModified\":\"2025-10-30T10:27:32+00:00\",\"breadcrumb\":{\"@id\":\"https:\\\/\\\/www.libriparlanti.org\\\/index.php\\\/prodotto\\\/la-montagna-ghiacciata\\\/#breadcrumb\"},\"inLanguage\":\"it-IT\",\"potentialAction\":[{\"@type\":\"ReadAction\",\"target\":[\"https:\\\/\\\/www.libriparlanti.org\\\/index.php\\\/prodotto\\\/la-montagna-ghiacciata\\\/\"]}]},{\"@type\":\"ImageObject\",\"inLanguage\":\"it-IT\",\"@id\":\"https:\\\/\\\/www.libriparlanti.org\\\/index.php\\\/prodotto\\\/la-montagna-ghiacciata\\\/#primaryimage\",\"url\":\"https:\\\/\\\/www.libriparlanti.org\\\/wp-content\\\/uploads\\\/2022\\\/10\\\/9788867226221.jpg\",\"contentUrl\":\"https:\\\/\\\/www.libriparlanti.org\\\/wp-content\\\/uploads\\\/2022\\\/10\\\/9788867226221.jpg\",\"width\":157,\"height\":190},{\"@type\":\"BreadcrumbList\",\"@id\":\"https:\\\/\\\/www.libriparlanti.org\\\/index.php\\\/prodotto\\\/la-montagna-ghiacciata\\\/#breadcrumb\",\"itemListElement\":[{\"@type\":\"ListItem\",\"position\":1,\"name\":\"Home\",\"item\":\"https:\\\/\\\/www.libriparlanti.org\\\/\"},{\"@type\":\"ListItem\",\"position\":2,\"name\":\"Shop\",\"item\":\"https:\\\/\\\/www.libriparlanti.org\\\/index.php\\\/negozio\\\/\"},{\"@type\":\"ListItem\",\"position\":3,\"name\":\"LA MONTAGNA GHIACCIATA\"}]},{\"@type\":\"WebSite\",\"@id\":\"https:\\\/\\\/www.libriparlanti.org\\\/#website\",\"url\":\"https:\\\/\\\/www.libriparlanti.org\\\/\",\"name\":\"Libreria Libri parlanti\",\"description\":\"Libreria in Castiglione del Lago (Pg)\",\"potentialAction\":[{\"@type\":\"SearchAction\",\"target\":{\"@type\":\"EntryPoint\",\"urlTemplate\":\"https:\\\/\\\/www.libriparlanti.org\\\/?s={search_term_string}\"},\"query-input\":{\"@type\":\"PropertyValueSpecification\",\"valueRequired\":true,\"valueName\":\"search_term_string\"}}],\"inLanguage\":\"it-IT\"}]}<\/script>\n<!-- \/ Yoast SEO plugin. -->","yoast_head_json":{"title":"LA MONTAGNA GHIACCIATA - Libreria Libri parlanti","robots":{"index":"index","follow":"follow","max-snippet":"max-snippet:-1","max-image-preview":"max-image-preview:large","max-video-preview":"max-video-preview:-1"},"canonical":"https:\/\/www.libriparlanti.org\/index.php\/prodotto\/la-montagna-ghiacciata\/","og_locale":"it_IT","og_type":"article","og_title":"LA MONTAGNA GHIACCIATA - Libreria Libri parlanti","og_description":"Editore: IPPOCAMPO ISBN: 9788867226221","og_url":"https:\/\/www.libriparlanti.org\/index.php\/prodotto\/la-montagna-ghiacciata\/","og_site_name":"Libreria Libri parlanti","article_publisher":"https:\/\/www.facebook.com\/LibriParlanti","article_modified_time":"2025-10-30T10:27:32+00:00","og_image":[{"width":157,"height":190,"url":"https:\/\/www.libriparlanti.org\/wp-content\/uploads\/2022\/10\/9788867226221.jpg","type":"image\/jpeg"}],"twitter_card":"summary_large_image","twitter_misc":{"Tempo di lettura stimato":"1 minuto"},"schema":{"@context":"https:\/\/schema.org","@graph":[{"@type":"WebPage","@id":"https:\/\/www.libriparlanti.org\/index.php\/prodotto\/la-montagna-ghiacciata\/","url":"https:\/\/www.libriparlanti.org\/index.php\/prodotto\/la-montagna-ghiacciata\/","name":"LA MONTAGNA GHIACCIATA - Libreria Libri parlanti","isPartOf":{"@id":"https:\/\/www.libriparlanti.org\/#website"},"primaryImageOfPage":{"@id":"https:\/\/www.libriparlanti.org\/index.php\/prodotto\/la-montagna-ghiacciata\/#primaryimage"},"image":{"@id":"https:\/\/www.libriparlanti.org\/index.php\/prodotto\/la-montagna-ghiacciata\/#primaryimage"},"thumbnailUrl":"https:\/\/www.libriparlanti.org\/wp-content\/uploads\/2022\/10\/9788867226221.jpg","datePublished":"2022-10-08T11:19:22+00:00","dateModified":"2025-10-30T10:27:32+00:00","breadcrumb":{"@id":"https:\/\/www.libriparlanti.org\/index.php\/prodotto\/la-montagna-ghiacciata\/#breadcrumb"},"inLanguage":"it-IT","potentialAction":[{"@type":"ReadAction","target":["https:\/\/www.libriparlanti.org\/index.php\/prodotto\/la-montagna-ghiacciata\/"]}]},{"@type":"ImageObject","inLanguage":"it-IT","@id":"https:\/\/www.libriparlanti.org\/index.php\/prodotto\/la-montagna-ghiacciata\/#primaryimage","url":"https:\/\/www.libriparlanti.org\/wp-content\/uploads\/2022\/10\/9788867226221.jpg","contentUrl":"https:\/\/www.libriparlanti.org\/wp-content\/uploads\/2022\/10\/9788867226221.jpg","width":157,"height":190},{"@type":"BreadcrumbList","@id":"https:\/\/www.libriparlanti.org\/index.php\/prodotto\/la-montagna-ghiacciata\/#breadcrumb","itemListElement":[{"@type":"ListItem","position":1,"name":"Home","item":"https:\/\/www.libriparlanti.org\/"},{"@type":"ListItem","position":2,"name":"Shop","item":"https:\/\/www.libriparlanti.org\/index.php\/negozio\/"},{"@type":"ListItem","position":3,"name":"LA MONTAGNA GHIACCIATA"}]},{"@type":"WebSite","@id":"https:\/\/www.libriparlanti.org\/#website","url":"https:\/\/www.libriparlanti.org\/","name":"Libreria Libri parlanti","description":"Libreria in Castiglione del Lago (Pg)","potentialAction":[{"@type":"SearchAction","target":{"@type":"EntryPoint","urlTemplate":"https:\/\/www.libriparlanti.org\/?s={search_term_string}"},"query-input":{"@type":"PropertyValueSpecification","valueRequired":true,"valueName":"search_term_string"}}],"inLanguage":"it-IT"}]}},"_links":{"self":[{"href":"https:\/\/www.libriparlanti.org\/index.php\/wp-json\/wp\/v2\/product\/23537","targetHints":{"allow":["GET"]}}],"collection":[{"href":"https:\/\/www.libriparlanti.org\/index.php\/wp-json\/wp\/v2\/product"}],"about":[{"href":"https:\/\/www.libriparlanti.org\/index.php\/wp-json\/wp\/v2\/types\/product"}],"replies":[{"embeddable":true,"href":"https:\/\/www.libriparlanti.org\/index.php\/wp-json\/wp\/v2\/comments?post=23537"}],"wp:featuredmedia":[{"embeddable":true,"href":"https:\/\/www.libriparlanti.org\/index.php\/wp-json\/wp\/v2\/media\/23536"}],"wp:attachment":[{"href":"https:\/\/www.libriparlanti.org\/index.php\/wp-json\/wp\/v2\/media?parent=23537"}],"wp:term":[{"taxonomy":"product_brand","embeddable":true,"href":"https:\/\/www.libriparlanti.org\/index.php\/wp-json\/wp\/v2\/product_brand?post=23537"},{"taxonomy":"product_cat","embeddable":true,"href":"https:\/\/www.libriparlanti.org\/index.php\/wp-json\/wp\/v2\/product_cat?post=23537"},{"taxonomy":"product_tag","embeddable":true,"href":"https:\/\/www.libriparlanti.org\/index.php\/wp-json\/wp\/v2\/product_tag?post=23537"}],"curies":[{"name":"wp","href":"https:\/\/api.w.org\/{rel}","templated":true}]}}