{"id":23452,"date":"2022-10-07T12:43:54","date_gmt":"2022-10-07T10:43:54","guid":{"rendered":"https:\/\/www.libriparlanti.org\/index.php\/prodotto\/elisabetta-per-sempre-regina\/"},"modified":"2025-10-30T12:25:29","modified_gmt":"2025-10-30T10:25:29","slug":"elisabetta-per-sempre-regina","status":"publish","type":"product","link":"https:\/\/www.libriparlanti.org\/index.php\/prodotto\/elisabetta-per-sempre-regina\/","title":{"rendered":"ELISABETTA. PER SEMPRE REGINA"},"content":{"rendered":"<p>Un&#8217;indagine nella storia, nei luoghi, tra i personaggi dell&#8217;ultima grande dinastia reale alla ricerca dell&#8217;Elisabetta segreta. Quando Elisabetta sal\u00ec al trono, nel 1952, Truman governava gli Usa e Stalin guidava l&#8217;Urss. Sette decenni pi\u00f9 tardi, dopo la fine dell&#8217;Impero britannico, il crollo del comunismo, diverse tragedie collettive e da ultimo perfino la peggiore pandemia da un secolo in qua, lei \u00e8 ancora al suo posto, anacronistica nei suoi completi pastello come nella sua rigida etichetta, impassibile di fronte alle tempeste e agli scandali che si sono accumulati nella vita della famiglia reale: dai vari divorzi alla morte di Diana, dai sex affair del principe Andrea alla ribellione di Harry e Meghan. Se gli avvenimenti sollevano pi\u00f9 di un interrogativo sulla sopravvivenza della Corona, \u00e8 innegabile per\u00f2 che la regina, dopo aver consacrato la sua lunga vita alla monarchia, sia ormai universalmente il simbolo del suo Paese.<\/p>\n","protected":false},"excerpt":{"rendered":"<p><em>Autore:<\/em> ANTONIO CAPRARICA<br \/>\n<em>Editore:<\/em> SPERLING &amp; KUPFER<br \/>\n<em>ISBN:<\/em> 9788820071172<br \/>\n<em>Pubblicazione:<\/em> 06\/04\/2021<\/p>\n","protected":false},"featured_media":23451,"comment_status":"closed","ping_status":"closed","template":"","meta":{"_et_pb_use_builder":"","_et_pb_old_content":"","_et_gb_content_width":"","_joinchat":[]},"product_brand":[],"product_cat":[1736],"product_tag":[],"class_list":{"0":"post-23452","1":"product","2":"type-product","3":"status-publish","4":"has-post-thumbnail","6":"product_cat-narrativa","8":"first","9":"instock","10":"taxable","11":"shipping-taxable","12":"purchasable","13":"product-type-simple"},"yoast_head":"<!-- This site is optimized with the Yoast SEO plugin v27.5 - https:\/\/yoast.com\/product\/yoast-seo-wordpress\/ -->\n<title>ELISABETTA. PER SEMPRE REGINA - Libreria Libri parlanti<\/title>\n<meta name=\"robots\" content=\"index, follow, max-snippet:-1, max-image-preview:large, max-video-preview:-1\" \/>\n<link rel=\"canonical\" href=\"https:\/\/www.libriparlanti.org\/index.php\/prodotto\/elisabetta-per-sempre-regina\/\" \/>\n<meta property=\"og:locale\" content=\"it_IT\" \/>\n<meta property=\"og:type\" content=\"article\" \/>\n<meta property=\"og:title\" content=\"ELISABETTA. PER SEMPRE REGINA - Libreria Libri parlanti\" \/>\n<meta property=\"og:description\" content=\"Autore: ANTONIO CAPRARICA Editore: SPERLING &amp; KUPFER ISBN: 9788820071172 Pubblicazione: 06\/04\/2021\" \/>\n<meta property=\"og:url\" content=\"https:\/\/www.libriparlanti.org\/index.php\/prodotto\/elisabetta-per-sempre-regina\/\" \/>\n<meta property=\"og:site_name\" content=\"Libreria Libri parlanti\" \/>\n<meta property=\"article:publisher\" content=\"https:\/\/www.facebook.com\/LibriParlanti\" \/>\n<meta property=\"article:modified_time\" content=\"2025-10-30T10:25:29+00:00\" \/>\n<meta property=\"og:image\" content=\"https:\/\/www.libriparlanti.org\/wp-content\/uploads\/2022\/10\/gM3ETM3ADMygDO4cTO.jpg\" \/>\n\t<meta property=\"og:image:width\" content=\"195\" \/>\n\t<meta property=\"og:image:height\" content=\"300\" \/>\n\t<meta property=\"og:image:type\" content=\"image\/jpeg\" \/>\n<meta name=\"twitter:card\" content=\"summary_large_image\" \/>\n<meta name=\"twitter:label1\" content=\"Tempo di lettura stimato\" \/>\n\t<meta name=\"twitter:data1\" content=\"1 minuto\" \/>\n<script type=\"application\/ld+json\" class=\"yoast-schema-graph\">{\"@context\":\"https:\\\/\\\/schema.org\",\"@graph\":[{\"@type\":\"WebPage\",\"@id\":\"https:\\\/\\\/www.libriparlanti.org\\\/index.php\\\/prodotto\\\/elisabetta-per-sempre-regina\\\/\",\"url\":\"https:\\\/\\\/www.libriparlanti.org\\\/index.php\\\/prodotto\\\/elisabetta-per-sempre-regina\\\/\",\"name\":\"ELISABETTA. PER SEMPRE REGINA - Libreria Libri parlanti\",\"isPartOf\":{\"@id\":\"https:\\\/\\\/www.libriparlanti.org\\\/#website\"},\"primaryImageOfPage\":{\"@id\":\"https:\\\/\\\/www.libriparlanti.org\\\/index.php\\\/prodotto\\\/elisabetta-per-sempre-regina\\\/#primaryimage\"},\"image\":{\"@id\":\"https:\\\/\\\/www.libriparlanti.org\\\/index.php\\\/prodotto\\\/elisabetta-per-sempre-regina\\\/#primaryimage\"},\"thumbnailUrl\":\"https:\\\/\\\/www.libriparlanti.org\\\/wp-content\\\/uploads\\\/2022\\\/10\\\/gM3ETM3ADMygDO4cTO.jpg\",\"datePublished\":\"2022-10-07T10:43:54+00:00\",\"dateModified\":\"2025-10-30T10:25:29+00:00\",\"breadcrumb\":{\"@id\":\"https:\\\/\\\/www.libriparlanti.org\\\/index.php\\\/prodotto\\\/elisabetta-per-sempre-regina\\\/#breadcrumb\"},\"inLanguage\":\"it-IT\",\"potentialAction\":[{\"@type\":\"ReadAction\",\"target\":[\"https:\\\/\\\/www.libriparlanti.org\\\/index.php\\\/prodotto\\\/elisabetta-per-sempre-regina\\\/\"]}]},{\"@type\":\"ImageObject\",\"inLanguage\":\"it-IT\",\"@id\":\"https:\\\/\\\/www.libriparlanti.org\\\/index.php\\\/prodotto\\\/elisabetta-per-sempre-regina\\\/#primaryimage\",\"url\":\"https:\\\/\\\/www.libriparlanti.org\\\/wp-content\\\/uploads\\\/2022\\\/10\\\/gM3ETM3ADMygDO4cTO.jpg\",\"contentUrl\":\"https:\\\/\\\/www.libriparlanti.org\\\/wp-content\\\/uploads\\\/2022\\\/10\\\/gM3ETM3ADMygDO4cTO.jpg\",\"width\":195,\"height\":300},{\"@type\":\"BreadcrumbList\",\"@id\":\"https:\\\/\\\/www.libriparlanti.org\\\/index.php\\\/prodotto\\\/elisabetta-per-sempre-regina\\\/#breadcrumb\",\"itemListElement\":[{\"@type\":\"ListItem\",\"position\":1,\"name\":\"Home\",\"item\":\"https:\\\/\\\/www.libriparlanti.org\\\/\"},{\"@type\":\"ListItem\",\"position\":2,\"name\":\"Shop\",\"item\":\"https:\\\/\\\/www.libriparlanti.org\\\/index.php\\\/negozio\\\/\"},{\"@type\":\"ListItem\",\"position\":3,\"name\":\"ELISABETTA. PER SEMPRE REGINA\"}]},{\"@type\":\"WebSite\",\"@id\":\"https:\\\/\\\/www.libriparlanti.org\\\/#website\",\"url\":\"https:\\\/\\\/www.libriparlanti.org\\\/\",\"name\":\"Libreria Libri parlanti\",\"description\":\"Libreria in Castiglione del Lago (Pg)\",\"potentialAction\":[{\"@type\":\"SearchAction\",\"target\":{\"@type\":\"EntryPoint\",\"urlTemplate\":\"https:\\\/\\\/www.libriparlanti.org\\\/?s={search_term_string}\"},\"query-input\":{\"@type\":\"PropertyValueSpecification\",\"valueRequired\":true,\"valueName\":\"search_term_string\"}}],\"inLanguage\":\"it-IT\"}]}<\/script>\n<!-- \/ Yoast SEO plugin. -->","yoast_head_json":{"title":"ELISABETTA. PER SEMPRE REGINA - Libreria Libri parlanti","robots":{"index":"index","follow":"follow","max-snippet":"max-snippet:-1","max-image-preview":"max-image-preview:large","max-video-preview":"max-video-preview:-1"},"canonical":"https:\/\/www.libriparlanti.org\/index.php\/prodotto\/elisabetta-per-sempre-regina\/","og_locale":"it_IT","og_type":"article","og_title":"ELISABETTA. PER SEMPRE REGINA - Libreria Libri parlanti","og_description":"Autore: ANTONIO CAPRARICA Editore: SPERLING &amp; KUPFER ISBN: 9788820071172 Pubblicazione: 06\/04\/2021","og_url":"https:\/\/www.libriparlanti.org\/index.php\/prodotto\/elisabetta-per-sempre-regina\/","og_site_name":"Libreria Libri parlanti","article_publisher":"https:\/\/www.facebook.com\/LibriParlanti","article_modified_time":"2025-10-30T10:25:29+00:00","og_image":[{"width":195,"height":300,"url":"https:\/\/www.libriparlanti.org\/wp-content\/uploads\/2022\/10\/gM3ETM3ADMygDO4cTO.jpg","type":"image\/jpeg"}],"twitter_card":"summary_large_image","twitter_misc":{"Tempo di lettura stimato":"1 minuto"},"schema":{"@context":"https:\/\/schema.org","@graph":[{"@type":"WebPage","@id":"https:\/\/www.libriparlanti.org\/index.php\/prodotto\/elisabetta-per-sempre-regina\/","url":"https:\/\/www.libriparlanti.org\/index.php\/prodotto\/elisabetta-per-sempre-regina\/","name":"ELISABETTA. PER SEMPRE REGINA - Libreria Libri parlanti","isPartOf":{"@id":"https:\/\/www.libriparlanti.org\/#website"},"primaryImageOfPage":{"@id":"https:\/\/www.libriparlanti.org\/index.php\/prodotto\/elisabetta-per-sempre-regina\/#primaryimage"},"image":{"@id":"https:\/\/www.libriparlanti.org\/index.php\/prodotto\/elisabetta-per-sempre-regina\/#primaryimage"},"thumbnailUrl":"https:\/\/www.libriparlanti.org\/wp-content\/uploads\/2022\/10\/gM3ETM3ADMygDO4cTO.jpg","datePublished":"2022-10-07T10:43:54+00:00","dateModified":"2025-10-30T10:25:29+00:00","breadcrumb":{"@id":"https:\/\/www.libriparlanti.org\/index.php\/prodotto\/elisabetta-per-sempre-regina\/#breadcrumb"},"inLanguage":"it-IT","potentialAction":[{"@type":"ReadAction","target":["https:\/\/www.libriparlanti.org\/index.php\/prodotto\/elisabetta-per-sempre-regina\/"]}]},{"@type":"ImageObject","inLanguage":"it-IT","@id":"https:\/\/www.libriparlanti.org\/index.php\/prodotto\/elisabetta-per-sempre-regina\/#primaryimage","url":"https:\/\/www.libriparlanti.org\/wp-content\/uploads\/2022\/10\/gM3ETM3ADMygDO4cTO.jpg","contentUrl":"https:\/\/www.libriparlanti.org\/wp-content\/uploads\/2022\/10\/gM3ETM3ADMygDO4cTO.jpg","width":195,"height":300},{"@type":"BreadcrumbList","@id":"https:\/\/www.libriparlanti.org\/index.php\/prodotto\/elisabetta-per-sempre-regina\/#breadcrumb","itemListElement":[{"@type":"ListItem","position":1,"name":"Home","item":"https:\/\/www.libriparlanti.org\/"},{"@type":"ListItem","position":2,"name":"Shop","item":"https:\/\/www.libriparlanti.org\/index.php\/negozio\/"},{"@type":"ListItem","position":3,"name":"ELISABETTA. PER SEMPRE REGINA"}]},{"@type":"WebSite","@id":"https:\/\/www.libriparlanti.org\/#website","url":"https:\/\/www.libriparlanti.org\/","name":"Libreria Libri parlanti","description":"Libreria in Castiglione del Lago (Pg)","potentialAction":[{"@type":"SearchAction","target":{"@type":"EntryPoint","urlTemplate":"https:\/\/www.libriparlanti.org\/?s={search_term_string}"},"query-input":{"@type":"PropertyValueSpecification","valueRequired":true,"valueName":"search_term_string"}}],"inLanguage":"it-IT"}]}},"_links":{"self":[{"href":"https:\/\/www.libriparlanti.org\/index.php\/wp-json\/wp\/v2\/product\/23452","targetHints":{"allow":["GET"]}}],"collection":[{"href":"https:\/\/www.libriparlanti.org\/index.php\/wp-json\/wp\/v2\/product"}],"about":[{"href":"https:\/\/www.libriparlanti.org\/index.php\/wp-json\/wp\/v2\/types\/product"}],"replies":[{"embeddable":true,"href":"https:\/\/www.libriparlanti.org\/index.php\/wp-json\/wp\/v2\/comments?post=23452"}],"wp:featuredmedia":[{"embeddable":true,"href":"https:\/\/www.libriparlanti.org\/index.php\/wp-json\/wp\/v2\/media\/23451"}],"wp:attachment":[{"href":"https:\/\/www.libriparlanti.org\/index.php\/wp-json\/wp\/v2\/media?parent=23452"}],"wp:term":[{"taxonomy":"product_brand","embeddable":true,"href":"https:\/\/www.libriparlanti.org\/index.php\/wp-json\/wp\/v2\/product_brand?post=23452"},{"taxonomy":"product_cat","embeddable":true,"href":"https:\/\/www.libriparlanti.org\/index.php\/wp-json\/wp\/v2\/product_cat?post=23452"},{"taxonomy":"product_tag","embeddable":true,"href":"https:\/\/www.libriparlanti.org\/index.php\/wp-json\/wp\/v2\/product_tag?post=23452"}],"curies":[{"name":"wp","href":"https:\/\/api.w.org\/{rel}","templated":true}]}}