{"id":22669,"date":"2022-09-15T12:32:12","date_gmt":"2022-09-15T10:32:12","guid":{"rendered":"https:\/\/www.libriparlanti.org\/index.php\/prodotto\/the-truth-untold-la-verita-nascosta\/"},"modified":"2023-03-15T12:58:45","modified_gmt":"2023-03-15T10:58:45","slug":"the-truth-untold-la-verita-nascosta","status":"publish","type":"product","link":"https:\/\/www.libriparlanti.org\/index.php\/prodotto\/the-truth-untold-la-verita-nascosta\/","title":{"rendered":"THE TRUTH UNTOLD. LA VERIT\u00c0 NASCOSTA"},"content":{"rendered":"<p>C&#8217;erano una volta?una citt\u00e0 divisa, un amore indissolubile,?una bugia da svelare. Ogni fiaba ha un lieto fine??In una citt\u00e0 dilaniata dall&#8217;odio, i Red e i White vivono divisi. Alti cancelli separano i loro due mondi, almeno fino al giorno in cui il sindaco non decide di trasferire gli studenti della Red School alla White Academy, per far s\u00ec che le fazioni si mescolino e la tensione che ormai da troppo tempo imperversa si stemperi. \u00c8 cos\u00ec che Isabella, figlia di una delle famiglie pi\u00f9 influenti della citt\u00e0, incontra per la prima volta Kinan, il rappresentante dei Red. Kinan ha capelli rosso fuoco, magnetici occhi verdi e l&#8217;aria di uno studente modello. In lui e in tutti i Red, per\u00f2, c&#8217;\u00e8 qualcosa di anomalo. Il loro sorriso \u00e8 forzato, la gentilezza innaturale, ogni gesto che compiono sembra nascondere un&#8217;ombra. Isabella, ostinata e coraggiosa, sar\u00e0 la prima a scoprire il segreto terrificante che si cela dietro l&#8217;apparenza. Un segreto tanto pericoloso da essere in grado di sconvolgerle la vita. Tutto ci\u00f2 in cui Issa ha sempre creduto crolla nell&#8217;istante in cui il suo sguardo incrocia le iridi color smeraldo di Kinan. In un&#8217;altalena di odio feroce e inaspettata vicinanza, i loro destini sono condannati a intrecciarsi in modo tragico e irreversibile. A legarli \u00e8 una verit\u00e0 che aspetta da troppo tempo di essere raccontata.<\/p>\n","protected":false},"excerpt":{"rendered":"<p><em>Autore:<\/em> ROKIA<br \/>\n<em>Editore:<\/em> MAGAZZINI SALANI<br \/>\n<em>Collana:<\/em> FICTION<br \/>\n<em>ISBN:<\/em> 9791259571793<br \/>\n<em>Pubblicazione:<\/em> 13\/09\/2022<\/p>\n","protected":false},"featured_media":22668,"comment_status":"closed","ping_status":"closed","template":"","meta":{"_et_pb_use_builder":"","_et_pb_old_content":"","_et_gb_content_width":"","_joinchat":[]},"product_brand":[],"product_cat":[1736],"product_tag":[],"class_list":{"0":"post-22669","1":"product","2":"type-product","3":"status-publish","4":"has-post-thumbnail","6":"product_cat-narrativa","8":"first","9":"onbackorder","10":"taxable","11":"shipping-taxable","12":"purchasable","13":"product-type-simple"},"yoast_head":"<!-- This site is optimized with the Yoast SEO plugin v27.5 - https:\/\/yoast.com\/product\/yoast-seo-wordpress\/ -->\n<title>THE TRUTH UNTOLD. LA VERIT\u00c0 NASCOSTA - Libreria Libri parlanti<\/title>\n<meta name=\"robots\" content=\"index, follow, max-snippet:-1, max-image-preview:large, max-video-preview:-1\" \/>\n<link rel=\"canonical\" href=\"https:\/\/www.libriparlanti.org\/index.php\/prodotto\/the-truth-untold-la-verita-nascosta\/\" \/>\n<meta property=\"og:locale\" content=\"it_IT\" \/>\n<meta property=\"og:type\" content=\"article\" \/>\n<meta property=\"og:title\" content=\"THE TRUTH UNTOLD. LA VERIT\u00c0 NASCOSTA - Libreria Libri parlanti\" \/>\n<meta property=\"og:description\" content=\"Autore: ROKIA Editore: MAGAZZINI SALANI Collana: FICTION ISBN: 9791259571793 Pubblicazione: 13\/09\/2022\" \/>\n<meta property=\"og:url\" content=\"https:\/\/www.libriparlanti.org\/index.php\/prodotto\/the-truth-untold-la-verita-nascosta\/\" \/>\n<meta property=\"og:site_name\" content=\"Libreria Libri parlanti\" \/>\n<meta property=\"article:publisher\" content=\"https:\/\/www.facebook.com\/LibriParlanti\" \/>\n<meta property=\"article:modified_time\" content=\"2023-03-15T10:58:45+00:00\" \/>\n<meta property=\"og:image\" content=\"https:\/\/www.libriparlanti.org\/wp-content\/uploads\/2022\/09\/9791259571793.jpg\" \/>\n\t<meta property=\"og:image:width\" content=\"536\" \/>\n\t<meta property=\"og:image:height\" content=\"815\" \/>\n\t<meta property=\"og:image:type\" content=\"image\/jpeg\" \/>\n<meta name=\"twitter:card\" content=\"summary_large_image\" \/>\n<meta name=\"twitter:label1\" content=\"Tempo di lettura stimato\" \/>\n\t<meta name=\"twitter:data1\" content=\"1 minuto\" \/>\n<script type=\"application\/ld+json\" class=\"yoast-schema-graph\">{\"@context\":\"https:\\\/\\\/schema.org\",\"@graph\":[{\"@type\":\"WebPage\",\"@id\":\"https:\\\/\\\/www.libriparlanti.org\\\/index.php\\\/prodotto\\\/the-truth-untold-la-verita-nascosta\\\/\",\"url\":\"https:\\\/\\\/www.libriparlanti.org\\\/index.php\\\/prodotto\\\/the-truth-untold-la-verita-nascosta\\\/\",\"name\":\"THE TRUTH UNTOLD. LA VERIT\u00c0 NASCOSTA - Libreria Libri parlanti\",\"isPartOf\":{\"@id\":\"https:\\\/\\\/www.libriparlanti.org\\\/#website\"},\"primaryImageOfPage\":{\"@id\":\"https:\\\/\\\/www.libriparlanti.org\\\/index.php\\\/prodotto\\\/the-truth-untold-la-verita-nascosta\\\/#primaryimage\"},\"image\":{\"@id\":\"https:\\\/\\\/www.libriparlanti.org\\\/index.php\\\/prodotto\\\/the-truth-untold-la-verita-nascosta\\\/#primaryimage\"},\"thumbnailUrl\":\"https:\\\/\\\/www.libriparlanti.org\\\/wp-content\\\/uploads\\\/2022\\\/09\\\/9791259571793.jpg\",\"datePublished\":\"2022-09-15T10:32:12+00:00\",\"dateModified\":\"2023-03-15T10:58:45+00:00\",\"breadcrumb\":{\"@id\":\"https:\\\/\\\/www.libriparlanti.org\\\/index.php\\\/prodotto\\\/the-truth-untold-la-verita-nascosta\\\/#breadcrumb\"},\"inLanguage\":\"it-IT\",\"potentialAction\":[{\"@type\":\"ReadAction\",\"target\":[\"https:\\\/\\\/www.libriparlanti.org\\\/index.php\\\/prodotto\\\/the-truth-untold-la-verita-nascosta\\\/\"]}]},{\"@type\":\"ImageObject\",\"inLanguage\":\"it-IT\",\"@id\":\"https:\\\/\\\/www.libriparlanti.org\\\/index.php\\\/prodotto\\\/the-truth-untold-la-verita-nascosta\\\/#primaryimage\",\"url\":\"https:\\\/\\\/www.libriparlanti.org\\\/wp-content\\\/uploads\\\/2022\\\/09\\\/9791259571793.jpg\",\"contentUrl\":\"https:\\\/\\\/www.libriparlanti.org\\\/wp-content\\\/uploads\\\/2022\\\/09\\\/9791259571793.jpg\",\"width\":536,\"height\":815},{\"@type\":\"BreadcrumbList\",\"@id\":\"https:\\\/\\\/www.libriparlanti.org\\\/index.php\\\/prodotto\\\/the-truth-untold-la-verita-nascosta\\\/#breadcrumb\",\"itemListElement\":[{\"@type\":\"ListItem\",\"position\":1,\"name\":\"Home\",\"item\":\"https:\\\/\\\/www.libriparlanti.org\\\/\"},{\"@type\":\"ListItem\",\"position\":2,\"name\":\"Shop\",\"item\":\"https:\\\/\\\/www.libriparlanti.org\\\/index.php\\\/negozio\\\/\"},{\"@type\":\"ListItem\",\"position\":3,\"name\":\"THE TRUTH UNTOLD. LA VERIT\u00c0 NASCOSTA\"}]},{\"@type\":\"WebSite\",\"@id\":\"https:\\\/\\\/www.libriparlanti.org\\\/#website\",\"url\":\"https:\\\/\\\/www.libriparlanti.org\\\/\",\"name\":\"Libreria Libri parlanti\",\"description\":\"Libreria in Castiglione del Lago (Pg)\",\"potentialAction\":[{\"@type\":\"SearchAction\",\"target\":{\"@type\":\"EntryPoint\",\"urlTemplate\":\"https:\\\/\\\/www.libriparlanti.org\\\/?s={search_term_string}\"},\"query-input\":{\"@type\":\"PropertyValueSpecification\",\"valueRequired\":true,\"valueName\":\"search_term_string\"}}],\"inLanguage\":\"it-IT\"}]}<\/script>\n<!-- \/ Yoast SEO plugin. -->","yoast_head_json":{"title":"THE TRUTH UNTOLD. LA VERIT\u00c0 NASCOSTA - Libreria Libri parlanti","robots":{"index":"index","follow":"follow","max-snippet":"max-snippet:-1","max-image-preview":"max-image-preview:large","max-video-preview":"max-video-preview:-1"},"canonical":"https:\/\/www.libriparlanti.org\/index.php\/prodotto\/the-truth-untold-la-verita-nascosta\/","og_locale":"it_IT","og_type":"article","og_title":"THE TRUTH UNTOLD. LA VERIT\u00c0 NASCOSTA - Libreria Libri parlanti","og_description":"Autore: ROKIA Editore: MAGAZZINI SALANI Collana: FICTION ISBN: 9791259571793 Pubblicazione: 13\/09\/2022","og_url":"https:\/\/www.libriparlanti.org\/index.php\/prodotto\/the-truth-untold-la-verita-nascosta\/","og_site_name":"Libreria Libri parlanti","article_publisher":"https:\/\/www.facebook.com\/LibriParlanti","article_modified_time":"2023-03-15T10:58:45+00:00","og_image":[{"width":536,"height":815,"url":"https:\/\/www.libriparlanti.org\/wp-content\/uploads\/2022\/09\/9791259571793.jpg","type":"image\/jpeg"}],"twitter_card":"summary_large_image","twitter_misc":{"Tempo di lettura stimato":"1 minuto"},"schema":{"@context":"https:\/\/schema.org","@graph":[{"@type":"WebPage","@id":"https:\/\/www.libriparlanti.org\/index.php\/prodotto\/the-truth-untold-la-verita-nascosta\/","url":"https:\/\/www.libriparlanti.org\/index.php\/prodotto\/the-truth-untold-la-verita-nascosta\/","name":"THE TRUTH UNTOLD. LA VERIT\u00c0 NASCOSTA - Libreria Libri parlanti","isPartOf":{"@id":"https:\/\/www.libriparlanti.org\/#website"},"primaryImageOfPage":{"@id":"https:\/\/www.libriparlanti.org\/index.php\/prodotto\/the-truth-untold-la-verita-nascosta\/#primaryimage"},"image":{"@id":"https:\/\/www.libriparlanti.org\/index.php\/prodotto\/the-truth-untold-la-verita-nascosta\/#primaryimage"},"thumbnailUrl":"https:\/\/www.libriparlanti.org\/wp-content\/uploads\/2022\/09\/9791259571793.jpg","datePublished":"2022-09-15T10:32:12+00:00","dateModified":"2023-03-15T10:58:45+00:00","breadcrumb":{"@id":"https:\/\/www.libriparlanti.org\/index.php\/prodotto\/the-truth-untold-la-verita-nascosta\/#breadcrumb"},"inLanguage":"it-IT","potentialAction":[{"@type":"ReadAction","target":["https:\/\/www.libriparlanti.org\/index.php\/prodotto\/the-truth-untold-la-verita-nascosta\/"]}]},{"@type":"ImageObject","inLanguage":"it-IT","@id":"https:\/\/www.libriparlanti.org\/index.php\/prodotto\/the-truth-untold-la-verita-nascosta\/#primaryimage","url":"https:\/\/www.libriparlanti.org\/wp-content\/uploads\/2022\/09\/9791259571793.jpg","contentUrl":"https:\/\/www.libriparlanti.org\/wp-content\/uploads\/2022\/09\/9791259571793.jpg","width":536,"height":815},{"@type":"BreadcrumbList","@id":"https:\/\/www.libriparlanti.org\/index.php\/prodotto\/the-truth-untold-la-verita-nascosta\/#breadcrumb","itemListElement":[{"@type":"ListItem","position":1,"name":"Home","item":"https:\/\/www.libriparlanti.org\/"},{"@type":"ListItem","position":2,"name":"Shop","item":"https:\/\/www.libriparlanti.org\/index.php\/negozio\/"},{"@type":"ListItem","position":3,"name":"THE TRUTH UNTOLD. LA VERIT\u00c0 NASCOSTA"}]},{"@type":"WebSite","@id":"https:\/\/www.libriparlanti.org\/#website","url":"https:\/\/www.libriparlanti.org\/","name":"Libreria Libri parlanti","description":"Libreria in Castiglione del Lago (Pg)","potentialAction":[{"@type":"SearchAction","target":{"@type":"EntryPoint","urlTemplate":"https:\/\/www.libriparlanti.org\/?s={search_term_string}"},"query-input":{"@type":"PropertyValueSpecification","valueRequired":true,"valueName":"search_term_string"}}],"inLanguage":"it-IT"}]}},"_links":{"self":[{"href":"https:\/\/www.libriparlanti.org\/index.php\/wp-json\/wp\/v2\/product\/22669","targetHints":{"allow":["GET"]}}],"collection":[{"href":"https:\/\/www.libriparlanti.org\/index.php\/wp-json\/wp\/v2\/product"}],"about":[{"href":"https:\/\/www.libriparlanti.org\/index.php\/wp-json\/wp\/v2\/types\/product"}],"replies":[{"embeddable":true,"href":"https:\/\/www.libriparlanti.org\/index.php\/wp-json\/wp\/v2\/comments?post=22669"}],"wp:featuredmedia":[{"embeddable":true,"href":"https:\/\/www.libriparlanti.org\/index.php\/wp-json\/wp\/v2\/media\/22668"}],"wp:attachment":[{"href":"https:\/\/www.libriparlanti.org\/index.php\/wp-json\/wp\/v2\/media?parent=22669"}],"wp:term":[{"taxonomy":"product_brand","embeddable":true,"href":"https:\/\/www.libriparlanti.org\/index.php\/wp-json\/wp\/v2\/product_brand?post=22669"},{"taxonomy":"product_cat","embeddable":true,"href":"https:\/\/www.libriparlanti.org\/index.php\/wp-json\/wp\/v2\/product_cat?post=22669"},{"taxonomy":"product_tag","embeddable":true,"href":"https:\/\/www.libriparlanti.org\/index.php\/wp-json\/wp\/v2\/product_tag?post=22669"}],"curies":[{"name":"wp","href":"https:\/\/api.w.org\/{rel}","templated":true}]}}