{"id":22193,"date":"2022-08-18T08:19:50","date_gmt":"2022-08-18T06:19:50","guid":{"rendered":"https:\/\/www.libriparlanti.org\/index.php\/prodotto\/uomini-allalba\/"},"modified":"2022-08-18T08:22:03","modified_gmt":"2022-08-18T06:22:03","slug":"uomini-allalba","status":"publish","type":"product","link":"https:\/\/www.libriparlanti.org\/index.php\/prodotto\/uomini-allalba\/","title":{"rendered":"UOMINI ALL&#8217;ALBA"},"content":{"rendered":"<p>Una raccolta di racconti, ognuno dei quali vede protagonista un uomo dei nostri tempi. Diversi tra loro, li accomuna il coraggio di affrontare una situazione particolare della vita, che tinger\u00e0 di &#8220;giallo&#8221; il presente, costringendoli ad effettuare una introspezione che incider\u00e0 su rapporti e sentimenti futuri. Non so chi sei Gabriele Marra, giovane biologo, sposato con Elena, rassegna le dimissioni per assistere l&#8217;unico figlio, Giorgio, affetto da una grave patologia. Quando l&#8217;ex amante della moglie si presenta a lui per rivendicare la paternit\u00e0 del piccolo Giorgio, si apre uno scenario inimmaginabile, fatto di segreti inconfessabili all&#8217;interno di una famiglia all&#8217;apparenza normale. Prima che il sole tramonti Alessandro Ricci \u00e8 un Commissario di Polizia, noto nella Capitale per la bravura e per l&#8217;integrit\u00e0 morale. La strage del 2 agosto 1980 segna la sua giovinezza al punto di desiderare di diventare un tutore dell&#8217;ordine. A distanza di trent&#8217;anni dal tragico evento, si trova ad indagare sull&#8217;eccidio della famiglia Filamini, riuscendo a risolvere il caso grazie anche alla consapevolezza che rivelare se stesso agli altri rappresenti l&#8217;unico ausilio per la ricerca di ogni verit\u00e0. Apri gli occhi Sebastiano Lupi sta per andare in pensione quando la moglie viene uccisa da un proiettile esploso da un rapinatore di banche. Dedicher\u00e0 molti anni alla ricerca del colpevole, anche in seguito all&#8217;archiviazione del caso da parte delle Autorit\u00e0 competenti. L&#8217;incontro casuale con la piccola Marika, una mendicante, sar\u00e0 l&#8217;unico sollievo per Sebastiano che, trasformatosi in investigatore, non riesce a darsi pace, sempre spinto dall&#8217;odio per chi gli ha portato via l&#8217;amore della vita.<\/p>\n","protected":false},"excerpt":{"rendered":"<p><em>Autore:<\/em> FRANCESCA ANDRUZZI<br \/>\n<em>Editore:<\/em> ALETTI<br \/>\n<em>ISBN:<\/em> 9788859168737<\/p>\n","protected":false},"featured_media":22192,"comment_status":"closed","ping_status":"closed","template":"","meta":{"_et_pb_use_builder":"","_et_pb_old_content":"","_et_gb_content_width":"","_joinchat":[]},"product_brand":[],"product_cat":[1737],"product_tag":[],"class_list":{"0":"post-22193","1":"product","2":"type-product","3":"status-publish","4":"has-post-thumbnail","6":"product_cat-gialli-thriller","8":"first","9":"instock","10":"taxable","11":"shipping-taxable","12":"purchasable","13":"product-type-simple"},"yoast_head":"<!-- This site is optimized with the Yoast SEO plugin v27.5 - https:\/\/yoast.com\/product\/yoast-seo-wordpress\/ -->\n<title>UOMINI ALL&#039;ALBA - Libreria Libri parlanti<\/title>\n<meta name=\"robots\" content=\"index, follow, max-snippet:-1, max-image-preview:large, max-video-preview:-1\" \/>\n<link rel=\"canonical\" href=\"https:\/\/www.libriparlanti.org\/index.php\/prodotto\/uomini-allalba\/\" \/>\n<meta property=\"og:locale\" content=\"it_IT\" \/>\n<meta property=\"og:type\" content=\"article\" \/>\n<meta property=\"og:title\" content=\"UOMINI ALL&#039;ALBA - Libreria Libri parlanti\" \/>\n<meta property=\"og:description\" content=\"Autore: FRANCESCA ANDRUZZI Editore: ALETTI ISBN: 9788859168737\" \/>\n<meta property=\"og:url\" content=\"https:\/\/www.libriparlanti.org\/index.php\/prodotto\/uomini-allalba\/\" \/>\n<meta property=\"og:site_name\" content=\"Libreria Libri parlanti\" \/>\n<meta property=\"article:publisher\" content=\"https:\/\/www.facebook.com\/LibriParlanti\" \/>\n<meta property=\"article:modified_time\" content=\"2022-08-18T06:22:03+00:00\" \/>\n<meta property=\"og:image\" content=\"https:\/\/www.libriparlanti.org\/wp-content\/uploads\/2022\/08\/9788859168737.jpg\" \/>\n\t<meta property=\"og:image:width\" content=\"183\" \/>\n\t<meta property=\"og:image:height\" content=\"275\" \/>\n\t<meta property=\"og:image:type\" content=\"image\/jpeg\" \/>\n<meta name=\"twitter:card\" content=\"summary_large_image\" \/>\n<meta name=\"twitter:label1\" content=\"Tempo di lettura stimato\" \/>\n\t<meta name=\"twitter:data1\" content=\"1 minuto\" \/>\n<script type=\"application\/ld+json\" class=\"yoast-schema-graph\">{\"@context\":\"https:\\\/\\\/schema.org\",\"@graph\":[{\"@type\":\"WebPage\",\"@id\":\"https:\\\/\\\/www.libriparlanti.org\\\/index.php\\\/prodotto\\\/uomini-allalba\\\/\",\"url\":\"https:\\\/\\\/www.libriparlanti.org\\\/index.php\\\/prodotto\\\/uomini-allalba\\\/\",\"name\":\"UOMINI ALL'ALBA - Libreria Libri parlanti\",\"isPartOf\":{\"@id\":\"https:\\\/\\\/www.libriparlanti.org\\\/#website\"},\"primaryImageOfPage\":{\"@id\":\"https:\\\/\\\/www.libriparlanti.org\\\/index.php\\\/prodotto\\\/uomini-allalba\\\/#primaryimage\"},\"image\":{\"@id\":\"https:\\\/\\\/www.libriparlanti.org\\\/index.php\\\/prodotto\\\/uomini-allalba\\\/#primaryimage\"},\"thumbnailUrl\":\"https:\\\/\\\/www.libriparlanti.org\\\/wp-content\\\/uploads\\\/2022\\\/08\\\/9788859168737.jpg\",\"datePublished\":\"2022-08-18T06:19:50+00:00\",\"dateModified\":\"2022-08-18T06:22:03+00:00\",\"breadcrumb\":{\"@id\":\"https:\\\/\\\/www.libriparlanti.org\\\/index.php\\\/prodotto\\\/uomini-allalba\\\/#breadcrumb\"},\"inLanguage\":\"it-IT\",\"potentialAction\":[{\"@type\":\"ReadAction\",\"target\":[\"https:\\\/\\\/www.libriparlanti.org\\\/index.php\\\/prodotto\\\/uomini-allalba\\\/\"]}]},{\"@type\":\"ImageObject\",\"inLanguage\":\"it-IT\",\"@id\":\"https:\\\/\\\/www.libriparlanti.org\\\/index.php\\\/prodotto\\\/uomini-allalba\\\/#primaryimage\",\"url\":\"https:\\\/\\\/www.libriparlanti.org\\\/wp-content\\\/uploads\\\/2022\\\/08\\\/9788859168737.jpg\",\"contentUrl\":\"https:\\\/\\\/www.libriparlanti.org\\\/wp-content\\\/uploads\\\/2022\\\/08\\\/9788859168737.jpg\",\"width\":183,\"height\":275},{\"@type\":\"BreadcrumbList\",\"@id\":\"https:\\\/\\\/www.libriparlanti.org\\\/index.php\\\/prodotto\\\/uomini-allalba\\\/#breadcrumb\",\"itemListElement\":[{\"@type\":\"ListItem\",\"position\":1,\"name\":\"Home\",\"item\":\"https:\\\/\\\/www.libriparlanti.org\\\/\"},{\"@type\":\"ListItem\",\"position\":2,\"name\":\"Shop\",\"item\":\"https:\\\/\\\/www.libriparlanti.org\\\/index.php\\\/negozio\\\/\"},{\"@type\":\"ListItem\",\"position\":3,\"name\":\"UOMINI ALL&#8217;ALBA\"}]},{\"@type\":\"WebSite\",\"@id\":\"https:\\\/\\\/www.libriparlanti.org\\\/#website\",\"url\":\"https:\\\/\\\/www.libriparlanti.org\\\/\",\"name\":\"Libreria Libri parlanti\",\"description\":\"Libreria in Castiglione del Lago (Pg)\",\"potentialAction\":[{\"@type\":\"SearchAction\",\"target\":{\"@type\":\"EntryPoint\",\"urlTemplate\":\"https:\\\/\\\/www.libriparlanti.org\\\/?s={search_term_string}\"},\"query-input\":{\"@type\":\"PropertyValueSpecification\",\"valueRequired\":true,\"valueName\":\"search_term_string\"}}],\"inLanguage\":\"it-IT\"}]}<\/script>\n<!-- \/ Yoast SEO plugin. -->","yoast_head_json":{"title":"UOMINI ALL'ALBA - Libreria Libri parlanti","robots":{"index":"index","follow":"follow","max-snippet":"max-snippet:-1","max-image-preview":"max-image-preview:large","max-video-preview":"max-video-preview:-1"},"canonical":"https:\/\/www.libriparlanti.org\/index.php\/prodotto\/uomini-allalba\/","og_locale":"it_IT","og_type":"article","og_title":"UOMINI ALL'ALBA - Libreria Libri parlanti","og_description":"Autore: FRANCESCA ANDRUZZI Editore: ALETTI ISBN: 9788859168737","og_url":"https:\/\/www.libriparlanti.org\/index.php\/prodotto\/uomini-allalba\/","og_site_name":"Libreria Libri parlanti","article_publisher":"https:\/\/www.facebook.com\/LibriParlanti","article_modified_time":"2022-08-18T06:22:03+00:00","og_image":[{"width":183,"height":275,"url":"https:\/\/www.libriparlanti.org\/wp-content\/uploads\/2022\/08\/9788859168737.jpg","type":"image\/jpeg"}],"twitter_card":"summary_large_image","twitter_misc":{"Tempo di lettura stimato":"1 minuto"},"schema":{"@context":"https:\/\/schema.org","@graph":[{"@type":"WebPage","@id":"https:\/\/www.libriparlanti.org\/index.php\/prodotto\/uomini-allalba\/","url":"https:\/\/www.libriparlanti.org\/index.php\/prodotto\/uomini-allalba\/","name":"UOMINI ALL'ALBA - Libreria Libri parlanti","isPartOf":{"@id":"https:\/\/www.libriparlanti.org\/#website"},"primaryImageOfPage":{"@id":"https:\/\/www.libriparlanti.org\/index.php\/prodotto\/uomini-allalba\/#primaryimage"},"image":{"@id":"https:\/\/www.libriparlanti.org\/index.php\/prodotto\/uomini-allalba\/#primaryimage"},"thumbnailUrl":"https:\/\/www.libriparlanti.org\/wp-content\/uploads\/2022\/08\/9788859168737.jpg","datePublished":"2022-08-18T06:19:50+00:00","dateModified":"2022-08-18T06:22:03+00:00","breadcrumb":{"@id":"https:\/\/www.libriparlanti.org\/index.php\/prodotto\/uomini-allalba\/#breadcrumb"},"inLanguage":"it-IT","potentialAction":[{"@type":"ReadAction","target":["https:\/\/www.libriparlanti.org\/index.php\/prodotto\/uomini-allalba\/"]}]},{"@type":"ImageObject","inLanguage":"it-IT","@id":"https:\/\/www.libriparlanti.org\/index.php\/prodotto\/uomini-allalba\/#primaryimage","url":"https:\/\/www.libriparlanti.org\/wp-content\/uploads\/2022\/08\/9788859168737.jpg","contentUrl":"https:\/\/www.libriparlanti.org\/wp-content\/uploads\/2022\/08\/9788859168737.jpg","width":183,"height":275},{"@type":"BreadcrumbList","@id":"https:\/\/www.libriparlanti.org\/index.php\/prodotto\/uomini-allalba\/#breadcrumb","itemListElement":[{"@type":"ListItem","position":1,"name":"Home","item":"https:\/\/www.libriparlanti.org\/"},{"@type":"ListItem","position":2,"name":"Shop","item":"https:\/\/www.libriparlanti.org\/index.php\/negozio\/"},{"@type":"ListItem","position":3,"name":"UOMINI ALL&#8217;ALBA"}]},{"@type":"WebSite","@id":"https:\/\/www.libriparlanti.org\/#website","url":"https:\/\/www.libriparlanti.org\/","name":"Libreria Libri parlanti","description":"Libreria in Castiglione del Lago (Pg)","potentialAction":[{"@type":"SearchAction","target":{"@type":"EntryPoint","urlTemplate":"https:\/\/www.libriparlanti.org\/?s={search_term_string}"},"query-input":{"@type":"PropertyValueSpecification","valueRequired":true,"valueName":"search_term_string"}}],"inLanguage":"it-IT"}]}},"_links":{"self":[{"href":"https:\/\/www.libriparlanti.org\/index.php\/wp-json\/wp\/v2\/product\/22193","targetHints":{"allow":["GET"]}}],"collection":[{"href":"https:\/\/www.libriparlanti.org\/index.php\/wp-json\/wp\/v2\/product"}],"about":[{"href":"https:\/\/www.libriparlanti.org\/index.php\/wp-json\/wp\/v2\/types\/product"}],"replies":[{"embeddable":true,"href":"https:\/\/www.libriparlanti.org\/index.php\/wp-json\/wp\/v2\/comments?post=22193"}],"wp:featuredmedia":[{"embeddable":true,"href":"https:\/\/www.libriparlanti.org\/index.php\/wp-json\/wp\/v2\/media\/22192"}],"wp:attachment":[{"href":"https:\/\/www.libriparlanti.org\/index.php\/wp-json\/wp\/v2\/media?parent=22193"}],"wp:term":[{"taxonomy":"product_brand","embeddable":true,"href":"https:\/\/www.libriparlanti.org\/index.php\/wp-json\/wp\/v2\/product_brand?post=22193"},{"taxonomy":"product_cat","embeddable":true,"href":"https:\/\/www.libriparlanti.org\/index.php\/wp-json\/wp\/v2\/product_cat?post=22193"},{"taxonomy":"product_tag","embeddable":true,"href":"https:\/\/www.libriparlanti.org\/index.php\/wp-json\/wp\/v2\/product_tag?post=22193"}],"curies":[{"name":"wp","href":"https:\/\/api.w.org\/{rel}","templated":true}]}}