{"id":21650,"date":"2022-06-25T16:09:17","date_gmt":"2022-06-25T14:09:17","guid":{"rendered":"https:\/\/www.libriparlanti.org\/index.php\/prodotto\/quchi-quello-che-ho-ingoiato\/"},"modified":"2023-03-03T14:36:48","modified_gmt":"2023-03-03T12:36:48","slug":"quchi-quello-che-ho-ingoiato","status":"publish","type":"product","link":"https:\/\/www.libriparlanti.org\/index.php\/prodotto\/quchi-quello-che-ho-ingoiato\/","title":{"rendered":"QUCHI. QUELLO CHE HO INGOIATO"},"content":{"rendered":"<p>Quchi. Quello che ho ingoiato \u00e8 la storia di Carla Longhi e di quello che ha ingoiato nel corso della sua vita e le \u00e8 rimasto dentro come un boccone mal digerito. Quchi \u00e8 la storia di quanto ci accade ogni volta che le cose non vanno come vogliamo. La storia di quello che continua a circolare nel nostro corpo e nella mente nel tentativo di raddrizzare tutto ci\u00f2 che \u00e8 andato storto. Arrivata in America a quarant&#8217;anni per dare un nuovo futuro alla sua famiglia, Carla a un certo punto s&#8217;inceppa: non riesce a parlare, a guidare, a vivere come &#8220;loro&#8221;, gli autoctoni, quelli che ogni volta abitano un luogo da prima degli altri. Dopo una serata in cui si ritrova a ingoiare il boccone di un&#8217;altra donna, Carla capisce che quello \u00e8 solo l&#8217;ultimo dei suoi gesti insensati: decide cos\u00ec di parlarne alla sua psicoanalista online in Italia &#8211; l&#8217;unica con cui pu\u00f2 esprimersi nella sua lingua &#8211; per cercare di capire perch\u00e9 ha preso una decisione cos\u00ec rischiosa cambiando vita alla sua et\u00e0, ma soprattutto perch\u00e9 non riesce pi\u00f9 a tornare a casa. Cosa \u00e8 successo di cos\u00ec grave nel suo Paese da farle decidere di andare via? Carla ripercorre le proprie ossessioni, le paure, il senso di colpa per buttarsi in sempre nuove avventure senza essere abbastanza equipaggiata. Quchi \u00e8 un romanzo polifonico in cui tutte le voci presenti &#8211; la madre, il padre, il marito, gli ex fidanzati, le amiche e gli amici, il mondo dell&#8217;editoria, dell&#8217;universit\u00e0 e del femminismo &#8211; sono altrettante interferenze che l&#8217;inetta Carla non pu\u00f2 fare a meno di trattenere e che coincidono con altrettanti aspetti della sua vita: le promesse dell&#8217;infanzia, i fallimenti e i lutti dell&#8217;et\u00e0 adulta, la nuova ricerca di s\u00e9 e la perpetua domanda su quanto siamo disposti a ingoiare per essere amati dagli altri e per piacere finalmente a noi stessi.<\/p>\n","protected":false},"excerpt":{"rendered":"<p><em>Autore:<\/em> CATERINA VENTURINI<br \/>\n<em>Editore:<\/em> E\/O<br \/>\n<em>ISBN:<\/em> 9788833574721<\/p>\n","protected":false},"featured_media":21649,"comment_status":"closed","ping_status":"closed","template":"","meta":{"_et_pb_use_builder":"","_et_pb_old_content":"","_et_gb_content_width":"","_joinchat":[]},"product_brand":[],"product_cat":[1736],"product_tag":[],"class_list":{"0":"post-21650","1":"product","2":"type-product","3":"status-publish","4":"has-post-thumbnail","6":"product_cat-narrativa","8":"first","9":"onbackorder","10":"taxable","11":"shipping-taxable","12":"purchasable","13":"product-type-simple"},"yoast_head":"<!-- This site is optimized with the Yoast SEO plugin v27.5 - https:\/\/yoast.com\/product\/yoast-seo-wordpress\/ -->\n<title>QUCHI. QUELLO CHE HO INGOIATO - Libreria Libri parlanti<\/title>\n<meta name=\"robots\" content=\"index, follow, max-snippet:-1, max-image-preview:large, max-video-preview:-1\" \/>\n<link rel=\"canonical\" href=\"https:\/\/www.libriparlanti.org\/index.php\/prodotto\/quchi-quello-che-ho-ingoiato\/\" \/>\n<meta property=\"og:locale\" content=\"it_IT\" \/>\n<meta property=\"og:type\" content=\"article\" \/>\n<meta property=\"og:title\" content=\"QUCHI. QUELLO CHE HO INGOIATO - Libreria Libri parlanti\" \/>\n<meta property=\"og:description\" content=\"Autore: CATERINA VENTURINI Editore: E\/O ISBN: 9788833574721\" \/>\n<meta property=\"og:url\" content=\"https:\/\/www.libriparlanti.org\/index.php\/prodotto\/quchi-quello-che-ho-ingoiato\/\" \/>\n<meta property=\"og:site_name\" content=\"Libreria Libri parlanti\" \/>\n<meta property=\"article:publisher\" content=\"https:\/\/www.facebook.com\/LibriParlanti\" \/>\n<meta property=\"article:modified_time\" content=\"2023-03-03T12:36:48+00:00\" \/>\n<meta property=\"og:image\" content=\"https:\/\/www.libriparlanti.org\/wp-content\/uploads\/2022\/06\/9788833574721.jpg\" \/>\n\t<meta property=\"og:image:width\" content=\"128\" \/>\n\t<meta property=\"og:image:height\" content=\"199\" \/>\n\t<meta property=\"og:image:type\" content=\"image\/jpeg\" \/>\n<meta name=\"twitter:card\" content=\"summary_large_image\" \/>\n<meta name=\"twitter:label1\" content=\"Tempo di lettura stimato\" \/>\n\t<meta name=\"twitter:data1\" content=\"2 minuti\" \/>\n<script type=\"application\/ld+json\" class=\"yoast-schema-graph\">{\"@context\":\"https:\\\/\\\/schema.org\",\"@graph\":[{\"@type\":\"WebPage\",\"@id\":\"https:\\\/\\\/www.libriparlanti.org\\\/index.php\\\/prodotto\\\/quchi-quello-che-ho-ingoiato\\\/\",\"url\":\"https:\\\/\\\/www.libriparlanti.org\\\/index.php\\\/prodotto\\\/quchi-quello-che-ho-ingoiato\\\/\",\"name\":\"QUCHI. QUELLO CHE HO INGOIATO - Libreria Libri parlanti\",\"isPartOf\":{\"@id\":\"https:\\\/\\\/www.libriparlanti.org\\\/#website\"},\"primaryImageOfPage\":{\"@id\":\"https:\\\/\\\/www.libriparlanti.org\\\/index.php\\\/prodotto\\\/quchi-quello-che-ho-ingoiato\\\/#primaryimage\"},\"image\":{\"@id\":\"https:\\\/\\\/www.libriparlanti.org\\\/index.php\\\/prodotto\\\/quchi-quello-che-ho-ingoiato\\\/#primaryimage\"},\"thumbnailUrl\":\"https:\\\/\\\/www.libriparlanti.org\\\/wp-content\\\/uploads\\\/2022\\\/06\\\/9788833574721.jpg\",\"datePublished\":\"2022-06-25T14:09:17+00:00\",\"dateModified\":\"2023-03-03T12:36:48+00:00\",\"breadcrumb\":{\"@id\":\"https:\\\/\\\/www.libriparlanti.org\\\/index.php\\\/prodotto\\\/quchi-quello-che-ho-ingoiato\\\/#breadcrumb\"},\"inLanguage\":\"it-IT\",\"potentialAction\":[{\"@type\":\"ReadAction\",\"target\":[\"https:\\\/\\\/www.libriparlanti.org\\\/index.php\\\/prodotto\\\/quchi-quello-che-ho-ingoiato\\\/\"]}]},{\"@type\":\"ImageObject\",\"inLanguage\":\"it-IT\",\"@id\":\"https:\\\/\\\/www.libriparlanti.org\\\/index.php\\\/prodotto\\\/quchi-quello-che-ho-ingoiato\\\/#primaryimage\",\"url\":\"https:\\\/\\\/www.libriparlanti.org\\\/wp-content\\\/uploads\\\/2022\\\/06\\\/9788833574721.jpg\",\"contentUrl\":\"https:\\\/\\\/www.libriparlanti.org\\\/wp-content\\\/uploads\\\/2022\\\/06\\\/9788833574721.jpg\",\"width\":128,\"height\":199},{\"@type\":\"BreadcrumbList\",\"@id\":\"https:\\\/\\\/www.libriparlanti.org\\\/index.php\\\/prodotto\\\/quchi-quello-che-ho-ingoiato\\\/#breadcrumb\",\"itemListElement\":[{\"@type\":\"ListItem\",\"position\":1,\"name\":\"Home\",\"item\":\"https:\\\/\\\/www.libriparlanti.org\\\/\"},{\"@type\":\"ListItem\",\"position\":2,\"name\":\"Shop\",\"item\":\"https:\\\/\\\/www.libriparlanti.org\\\/index.php\\\/negozio\\\/\"},{\"@type\":\"ListItem\",\"position\":3,\"name\":\"QUCHI. QUELLO CHE HO INGOIATO\"}]},{\"@type\":\"WebSite\",\"@id\":\"https:\\\/\\\/www.libriparlanti.org\\\/#website\",\"url\":\"https:\\\/\\\/www.libriparlanti.org\\\/\",\"name\":\"Libreria Libri parlanti\",\"description\":\"Libreria in Castiglione del Lago (Pg)\",\"potentialAction\":[{\"@type\":\"SearchAction\",\"target\":{\"@type\":\"EntryPoint\",\"urlTemplate\":\"https:\\\/\\\/www.libriparlanti.org\\\/?s={search_term_string}\"},\"query-input\":{\"@type\":\"PropertyValueSpecification\",\"valueRequired\":true,\"valueName\":\"search_term_string\"}}],\"inLanguage\":\"it-IT\"}]}<\/script>\n<!-- \/ Yoast SEO plugin. -->","yoast_head_json":{"title":"QUCHI. QUELLO CHE HO INGOIATO - Libreria Libri parlanti","robots":{"index":"index","follow":"follow","max-snippet":"max-snippet:-1","max-image-preview":"max-image-preview:large","max-video-preview":"max-video-preview:-1"},"canonical":"https:\/\/www.libriparlanti.org\/index.php\/prodotto\/quchi-quello-che-ho-ingoiato\/","og_locale":"it_IT","og_type":"article","og_title":"QUCHI. QUELLO CHE HO INGOIATO - Libreria Libri parlanti","og_description":"Autore: CATERINA VENTURINI Editore: E\/O ISBN: 9788833574721","og_url":"https:\/\/www.libriparlanti.org\/index.php\/prodotto\/quchi-quello-che-ho-ingoiato\/","og_site_name":"Libreria Libri parlanti","article_publisher":"https:\/\/www.facebook.com\/LibriParlanti","article_modified_time":"2023-03-03T12:36:48+00:00","og_image":[{"width":128,"height":199,"url":"https:\/\/www.libriparlanti.org\/wp-content\/uploads\/2022\/06\/9788833574721.jpg","type":"image\/jpeg"}],"twitter_card":"summary_large_image","twitter_misc":{"Tempo di lettura stimato":"2 minuti"},"schema":{"@context":"https:\/\/schema.org","@graph":[{"@type":"WebPage","@id":"https:\/\/www.libriparlanti.org\/index.php\/prodotto\/quchi-quello-che-ho-ingoiato\/","url":"https:\/\/www.libriparlanti.org\/index.php\/prodotto\/quchi-quello-che-ho-ingoiato\/","name":"QUCHI. QUELLO CHE HO INGOIATO - Libreria Libri parlanti","isPartOf":{"@id":"https:\/\/www.libriparlanti.org\/#website"},"primaryImageOfPage":{"@id":"https:\/\/www.libriparlanti.org\/index.php\/prodotto\/quchi-quello-che-ho-ingoiato\/#primaryimage"},"image":{"@id":"https:\/\/www.libriparlanti.org\/index.php\/prodotto\/quchi-quello-che-ho-ingoiato\/#primaryimage"},"thumbnailUrl":"https:\/\/www.libriparlanti.org\/wp-content\/uploads\/2022\/06\/9788833574721.jpg","datePublished":"2022-06-25T14:09:17+00:00","dateModified":"2023-03-03T12:36:48+00:00","breadcrumb":{"@id":"https:\/\/www.libriparlanti.org\/index.php\/prodotto\/quchi-quello-che-ho-ingoiato\/#breadcrumb"},"inLanguage":"it-IT","potentialAction":[{"@type":"ReadAction","target":["https:\/\/www.libriparlanti.org\/index.php\/prodotto\/quchi-quello-che-ho-ingoiato\/"]}]},{"@type":"ImageObject","inLanguage":"it-IT","@id":"https:\/\/www.libriparlanti.org\/index.php\/prodotto\/quchi-quello-che-ho-ingoiato\/#primaryimage","url":"https:\/\/www.libriparlanti.org\/wp-content\/uploads\/2022\/06\/9788833574721.jpg","contentUrl":"https:\/\/www.libriparlanti.org\/wp-content\/uploads\/2022\/06\/9788833574721.jpg","width":128,"height":199},{"@type":"BreadcrumbList","@id":"https:\/\/www.libriparlanti.org\/index.php\/prodotto\/quchi-quello-che-ho-ingoiato\/#breadcrumb","itemListElement":[{"@type":"ListItem","position":1,"name":"Home","item":"https:\/\/www.libriparlanti.org\/"},{"@type":"ListItem","position":2,"name":"Shop","item":"https:\/\/www.libriparlanti.org\/index.php\/negozio\/"},{"@type":"ListItem","position":3,"name":"QUCHI. QUELLO CHE HO INGOIATO"}]},{"@type":"WebSite","@id":"https:\/\/www.libriparlanti.org\/#website","url":"https:\/\/www.libriparlanti.org\/","name":"Libreria Libri parlanti","description":"Libreria in Castiglione del Lago (Pg)","potentialAction":[{"@type":"SearchAction","target":{"@type":"EntryPoint","urlTemplate":"https:\/\/www.libriparlanti.org\/?s={search_term_string}"},"query-input":{"@type":"PropertyValueSpecification","valueRequired":true,"valueName":"search_term_string"}}],"inLanguage":"it-IT"}]}},"_links":{"self":[{"href":"https:\/\/www.libriparlanti.org\/index.php\/wp-json\/wp\/v2\/product\/21650","targetHints":{"allow":["GET"]}}],"collection":[{"href":"https:\/\/www.libriparlanti.org\/index.php\/wp-json\/wp\/v2\/product"}],"about":[{"href":"https:\/\/www.libriparlanti.org\/index.php\/wp-json\/wp\/v2\/types\/product"}],"replies":[{"embeddable":true,"href":"https:\/\/www.libriparlanti.org\/index.php\/wp-json\/wp\/v2\/comments?post=21650"}],"wp:featuredmedia":[{"embeddable":true,"href":"https:\/\/www.libriparlanti.org\/index.php\/wp-json\/wp\/v2\/media\/21649"}],"wp:attachment":[{"href":"https:\/\/www.libriparlanti.org\/index.php\/wp-json\/wp\/v2\/media?parent=21650"}],"wp:term":[{"taxonomy":"product_brand","embeddable":true,"href":"https:\/\/www.libriparlanti.org\/index.php\/wp-json\/wp\/v2\/product_brand?post=21650"},{"taxonomy":"product_cat","embeddable":true,"href":"https:\/\/www.libriparlanti.org\/index.php\/wp-json\/wp\/v2\/product_cat?post=21650"},{"taxonomy":"product_tag","embeddable":true,"href":"https:\/\/www.libriparlanti.org\/index.php\/wp-json\/wp\/v2\/product_tag?post=21650"}],"curies":[{"name":"wp","href":"https:\/\/api.w.org\/{rel}","templated":true}]}}