{"id":20567,"date":"2022-05-04T10:04:10","date_gmt":"2022-05-04T08:04:10","guid":{"rendered":"https:\/\/www.libriparlanti.org\/index.php\/prodotto\/after-graphic-novel-vol-1\/"},"modified":"2022-10-26T10:52:12","modified_gmt":"2022-10-26T08:52:12","slug":"after-graphic-novel-vol-1","status":"publish","type":"product","link":"https:\/\/www.libriparlanti.org\/index.php\/prodotto\/after-graphic-novel-vol-1\/","title":{"rendered":"AFTER &#8211; GRAPHIC NOVEL, VOL. 1"},"content":{"rendered":"<p>Tessa Young \u00e8 una brava ragazza, ha un fidanzato perfetto che l&#8217;aspetta a casa e una madre pronta a tutto pur di tenerla in riga. Ambiziosa, ha chiari in testa i suoi obiettivi, ma non ha fatto i conti col destino. Il primo giorno di college, appena messo piede nel campus, Tessa si imbatte in Hardin Scott: capelli spettinati, pieno di piercing e tatuaggi, \u00e8 il classico cattivo ragazzo, tutto fascino e sregolatezza, arrabbiato con il mondo, arrogante e ribelle. \u00c8 la persona pi\u00f9 detestabile che Tessa abbia mai conosciuto, eppure riesce ad accendere in lei una passione mai provata prima. Una passione incontrollabile che, contro ogni previsione, sembra reciproca. Anche se Hardin, per ogni passo che fa verso di lei, con un altro retrocede: la desidera e poi scompare, per tornare soltanto quando \u00e8 lei a cercare di allontanarlo. Tessa \u00e8 attratta dalla sua vulnerabilit\u00e0 e vorrebbe smascherare il vero Hardin che si nasconde dietro tutte quelle bugie. Ma stare insieme, a volte, sembra impossibile. O forse lo \u00e8 ancora di pi\u00f9 stare lontani. Solo una cosa \u00e8 certa: dopo il loro incontro, niente sar\u00e0 pi\u00f9 come prima.<\/p>\n","protected":false},"excerpt":{"rendered":"<p><em>Autore:<\/em> ANNA TODD<br \/>\n<em>Editore:<\/em> SPERLING &amp; KUPFER<br \/>\n<em>ISBN:<\/em> 9788820073183<\/p>\n","protected":false},"featured_media":20566,"comment_status":"closed","ping_status":"closed","template":"","meta":{"_et_pb_use_builder":"","_et_pb_old_content":"","_et_gb_content_width":"","_joinchat":[]},"product_brand":[],"product_cat":[1995],"product_tag":[],"class_list":{"0":"post-20567","1":"product","2":"type-product","3":"status-publish","4":"has-post-thumbnail","6":"product_cat-fumetto","8":"first","9":"onbackorder","10":"taxable","11":"shipping-taxable","12":"purchasable","13":"product-type-simple"},"yoast_head":"<!-- This site is optimized with the Yoast SEO plugin v27.5 - https:\/\/yoast.com\/product\/yoast-seo-wordpress\/ -->\n<title>AFTER - GRAPHIC NOVEL, VOL. 1 - Libreria Libri parlanti<\/title>\n<meta name=\"robots\" content=\"index, follow, max-snippet:-1, max-image-preview:large, max-video-preview:-1\" \/>\n<link rel=\"canonical\" href=\"https:\/\/www.libriparlanti.org\/index.php\/prodotto\/after-graphic-novel-vol-1\/\" \/>\n<meta property=\"og:locale\" content=\"it_IT\" \/>\n<meta property=\"og:type\" content=\"article\" \/>\n<meta property=\"og:title\" content=\"AFTER - GRAPHIC NOVEL, VOL. 1 - Libreria Libri parlanti\" \/>\n<meta property=\"og:description\" content=\"Autore: ANNA TODD Editore: SPERLING &amp; KUPFER ISBN: 9788820073183\" \/>\n<meta property=\"og:url\" content=\"https:\/\/www.libriparlanti.org\/index.php\/prodotto\/after-graphic-novel-vol-1\/\" \/>\n<meta property=\"og:site_name\" content=\"Libreria Libri parlanti\" \/>\n<meta property=\"article:publisher\" content=\"https:\/\/www.facebook.com\/LibriParlanti\" \/>\n<meta property=\"article:modified_time\" content=\"2022-10-26T08:52:12+00:00\" \/>\n<meta property=\"og:image\" content=\"https:\/\/www.libriparlanti.org\/wp-content\/uploads\/2022\/05\/9788820073183.jpg\" \/>\n\t<meta property=\"og:image:width\" content=\"184\" \/>\n\t<meta property=\"og:image:height\" content=\"274\" \/>\n\t<meta property=\"og:image:type\" content=\"image\/jpeg\" \/>\n<meta name=\"twitter:card\" content=\"summary_large_image\" \/>\n<meta name=\"twitter:label1\" content=\"Tempo di lettura stimato\" \/>\n\t<meta name=\"twitter:data1\" content=\"1 minuto\" \/>\n<script type=\"application\/ld+json\" class=\"yoast-schema-graph\">{\"@context\":\"https:\\\/\\\/schema.org\",\"@graph\":[{\"@type\":\"WebPage\",\"@id\":\"https:\\\/\\\/www.libriparlanti.org\\\/index.php\\\/prodotto\\\/after-graphic-novel-vol-1\\\/\",\"url\":\"https:\\\/\\\/www.libriparlanti.org\\\/index.php\\\/prodotto\\\/after-graphic-novel-vol-1\\\/\",\"name\":\"AFTER - GRAPHIC NOVEL, VOL. 1 - Libreria Libri parlanti\",\"isPartOf\":{\"@id\":\"https:\\\/\\\/www.libriparlanti.org\\\/#website\"},\"primaryImageOfPage\":{\"@id\":\"https:\\\/\\\/www.libriparlanti.org\\\/index.php\\\/prodotto\\\/after-graphic-novel-vol-1\\\/#primaryimage\"},\"image\":{\"@id\":\"https:\\\/\\\/www.libriparlanti.org\\\/index.php\\\/prodotto\\\/after-graphic-novel-vol-1\\\/#primaryimage\"},\"thumbnailUrl\":\"https:\\\/\\\/www.libriparlanti.org\\\/wp-content\\\/uploads\\\/2022\\\/05\\\/9788820073183.jpg\",\"datePublished\":\"2022-05-04T08:04:10+00:00\",\"dateModified\":\"2022-10-26T08:52:12+00:00\",\"breadcrumb\":{\"@id\":\"https:\\\/\\\/www.libriparlanti.org\\\/index.php\\\/prodotto\\\/after-graphic-novel-vol-1\\\/#breadcrumb\"},\"inLanguage\":\"it-IT\",\"potentialAction\":[{\"@type\":\"ReadAction\",\"target\":[\"https:\\\/\\\/www.libriparlanti.org\\\/index.php\\\/prodotto\\\/after-graphic-novel-vol-1\\\/\"]}]},{\"@type\":\"ImageObject\",\"inLanguage\":\"it-IT\",\"@id\":\"https:\\\/\\\/www.libriparlanti.org\\\/index.php\\\/prodotto\\\/after-graphic-novel-vol-1\\\/#primaryimage\",\"url\":\"https:\\\/\\\/www.libriparlanti.org\\\/wp-content\\\/uploads\\\/2022\\\/05\\\/9788820073183.jpg\",\"contentUrl\":\"https:\\\/\\\/www.libriparlanti.org\\\/wp-content\\\/uploads\\\/2022\\\/05\\\/9788820073183.jpg\",\"width\":184,\"height\":274},{\"@type\":\"BreadcrumbList\",\"@id\":\"https:\\\/\\\/www.libriparlanti.org\\\/index.php\\\/prodotto\\\/after-graphic-novel-vol-1\\\/#breadcrumb\",\"itemListElement\":[{\"@type\":\"ListItem\",\"position\":1,\"name\":\"Home\",\"item\":\"https:\\\/\\\/www.libriparlanti.org\\\/\"},{\"@type\":\"ListItem\",\"position\":2,\"name\":\"Shop\",\"item\":\"https:\\\/\\\/www.libriparlanti.org\\\/index.php\\\/negozio\\\/\"},{\"@type\":\"ListItem\",\"position\":3,\"name\":\"AFTER &#8211; GRAPHIC NOVEL, VOL. 1\"}]},{\"@type\":\"WebSite\",\"@id\":\"https:\\\/\\\/www.libriparlanti.org\\\/#website\",\"url\":\"https:\\\/\\\/www.libriparlanti.org\\\/\",\"name\":\"Libreria Libri parlanti\",\"description\":\"Libreria in Castiglione del Lago (Pg)\",\"potentialAction\":[{\"@type\":\"SearchAction\",\"target\":{\"@type\":\"EntryPoint\",\"urlTemplate\":\"https:\\\/\\\/www.libriparlanti.org\\\/?s={search_term_string}\"},\"query-input\":{\"@type\":\"PropertyValueSpecification\",\"valueRequired\":true,\"valueName\":\"search_term_string\"}}],\"inLanguage\":\"it-IT\"}]}<\/script>\n<!-- \/ Yoast SEO plugin. -->","yoast_head_json":{"title":"AFTER - GRAPHIC NOVEL, VOL. 1 - Libreria Libri parlanti","robots":{"index":"index","follow":"follow","max-snippet":"max-snippet:-1","max-image-preview":"max-image-preview:large","max-video-preview":"max-video-preview:-1"},"canonical":"https:\/\/www.libriparlanti.org\/index.php\/prodotto\/after-graphic-novel-vol-1\/","og_locale":"it_IT","og_type":"article","og_title":"AFTER - GRAPHIC NOVEL, VOL. 1 - Libreria Libri parlanti","og_description":"Autore: ANNA TODD Editore: SPERLING &amp; KUPFER ISBN: 9788820073183","og_url":"https:\/\/www.libriparlanti.org\/index.php\/prodotto\/after-graphic-novel-vol-1\/","og_site_name":"Libreria Libri parlanti","article_publisher":"https:\/\/www.facebook.com\/LibriParlanti","article_modified_time":"2022-10-26T08:52:12+00:00","og_image":[{"width":184,"height":274,"url":"https:\/\/www.libriparlanti.org\/wp-content\/uploads\/2022\/05\/9788820073183.jpg","type":"image\/jpeg"}],"twitter_card":"summary_large_image","twitter_misc":{"Tempo di lettura stimato":"1 minuto"},"schema":{"@context":"https:\/\/schema.org","@graph":[{"@type":"WebPage","@id":"https:\/\/www.libriparlanti.org\/index.php\/prodotto\/after-graphic-novel-vol-1\/","url":"https:\/\/www.libriparlanti.org\/index.php\/prodotto\/after-graphic-novel-vol-1\/","name":"AFTER - GRAPHIC NOVEL, VOL. 1 - Libreria Libri parlanti","isPartOf":{"@id":"https:\/\/www.libriparlanti.org\/#website"},"primaryImageOfPage":{"@id":"https:\/\/www.libriparlanti.org\/index.php\/prodotto\/after-graphic-novel-vol-1\/#primaryimage"},"image":{"@id":"https:\/\/www.libriparlanti.org\/index.php\/prodotto\/after-graphic-novel-vol-1\/#primaryimage"},"thumbnailUrl":"https:\/\/www.libriparlanti.org\/wp-content\/uploads\/2022\/05\/9788820073183.jpg","datePublished":"2022-05-04T08:04:10+00:00","dateModified":"2022-10-26T08:52:12+00:00","breadcrumb":{"@id":"https:\/\/www.libriparlanti.org\/index.php\/prodotto\/after-graphic-novel-vol-1\/#breadcrumb"},"inLanguage":"it-IT","potentialAction":[{"@type":"ReadAction","target":["https:\/\/www.libriparlanti.org\/index.php\/prodotto\/after-graphic-novel-vol-1\/"]}]},{"@type":"ImageObject","inLanguage":"it-IT","@id":"https:\/\/www.libriparlanti.org\/index.php\/prodotto\/after-graphic-novel-vol-1\/#primaryimage","url":"https:\/\/www.libriparlanti.org\/wp-content\/uploads\/2022\/05\/9788820073183.jpg","contentUrl":"https:\/\/www.libriparlanti.org\/wp-content\/uploads\/2022\/05\/9788820073183.jpg","width":184,"height":274},{"@type":"BreadcrumbList","@id":"https:\/\/www.libriparlanti.org\/index.php\/prodotto\/after-graphic-novel-vol-1\/#breadcrumb","itemListElement":[{"@type":"ListItem","position":1,"name":"Home","item":"https:\/\/www.libriparlanti.org\/"},{"@type":"ListItem","position":2,"name":"Shop","item":"https:\/\/www.libriparlanti.org\/index.php\/negozio\/"},{"@type":"ListItem","position":3,"name":"AFTER &#8211; GRAPHIC NOVEL, VOL. 1"}]},{"@type":"WebSite","@id":"https:\/\/www.libriparlanti.org\/#website","url":"https:\/\/www.libriparlanti.org\/","name":"Libreria Libri parlanti","description":"Libreria in Castiglione del Lago (Pg)","potentialAction":[{"@type":"SearchAction","target":{"@type":"EntryPoint","urlTemplate":"https:\/\/www.libriparlanti.org\/?s={search_term_string}"},"query-input":{"@type":"PropertyValueSpecification","valueRequired":true,"valueName":"search_term_string"}}],"inLanguage":"it-IT"}]}},"_links":{"self":[{"href":"https:\/\/www.libriparlanti.org\/index.php\/wp-json\/wp\/v2\/product\/20567","targetHints":{"allow":["GET"]}}],"collection":[{"href":"https:\/\/www.libriparlanti.org\/index.php\/wp-json\/wp\/v2\/product"}],"about":[{"href":"https:\/\/www.libriparlanti.org\/index.php\/wp-json\/wp\/v2\/types\/product"}],"replies":[{"embeddable":true,"href":"https:\/\/www.libriparlanti.org\/index.php\/wp-json\/wp\/v2\/comments?post=20567"}],"wp:featuredmedia":[{"embeddable":true,"href":"https:\/\/www.libriparlanti.org\/index.php\/wp-json\/wp\/v2\/media\/20566"}],"wp:attachment":[{"href":"https:\/\/www.libriparlanti.org\/index.php\/wp-json\/wp\/v2\/media?parent=20567"}],"wp:term":[{"taxonomy":"product_brand","embeddable":true,"href":"https:\/\/www.libriparlanti.org\/index.php\/wp-json\/wp\/v2\/product_brand?post=20567"},{"taxonomy":"product_cat","embeddable":true,"href":"https:\/\/www.libriparlanti.org\/index.php\/wp-json\/wp\/v2\/product_cat?post=20567"},{"taxonomy":"product_tag","embeddable":true,"href":"https:\/\/www.libriparlanti.org\/index.php\/wp-json\/wp\/v2\/product_tag?post=20567"}],"curies":[{"name":"wp","href":"https:\/\/api.w.org\/{rel}","templated":true}]}}