{"id":20086,"date":"2022-04-04T10:32:54","date_gmt":"2022-04-04T08:32:54","guid":{"rendered":"https:\/\/www.libriparlanti.org\/index.php\/prodotto\/spizzichi-e-bocconi\/"},"modified":"2022-09-10T18:32:07","modified_gmt":"2022-09-10T16:32:07","slug":"spizzichi-e-bocconi","status":"publish","type":"product","link":"https:\/\/www.libriparlanti.org\/index.php\/prodotto\/spizzichi-e-bocconi\/","title":{"rendered":"SPIZZICHI E BOCCONI"},"content":{"rendered":"<p>?Il cibo ha una storia spaventosa, eroica, miracolosa. La scrittura sacra contiene narrazioni di provviste dal cielo. La parola fame \u00e8 stata pi\u00f9 temuta della parola guerra, della parola peste, di terremoti, incendi, inondazioni. Si \u00e8 ammansita presso di noi l&#8217;ultima virata di bordo del secolo, permettendo insieme alla medicina la prolunga inaudita dell&#8217;et\u00e0 media. Si \u00e8 costituita una scienza dell&#8217;alimentazione. Lentamente le porzioni si sono trasformate in dosi, le etichette forniscono l&#8217;apporto in calorie. Sono di un&#8217;epoca alimentare precedente a questa, basata sulla scarsa quantit\u00e0 e variet\u00e0. Mi \u00e8 rimasto in bocca un palato grezzo, capace di distinguere il cattivo dal buono, ma povero di sfumature intermedie. Ho le papille del 1900. Qui ci sono storie mie di bocconi e di bevande, corredo alimentare di un onnivoro.? Cos\u00ec scrive nella premessa Erri De Luca, che subito ci conduce con il suo stile inconfondibile fra odori e sapori che raccontano di lui ma anche di un mondo perduto di pranzi della domenica al profumo di rag\u00f9, di pasti consumati in cantiere e nei campi base in ascesa sulle vette, e di osterie, dove le generazioni si mischiavano, ?stanze di popolo?. Un mondo che si fa materia e trasmissione di cultura anche grazie alle ricette di sua nonna Emma e della zia Lillina, fedelmente trascritte dalla cugina Alessandra Ferri e condivise con i lettori in questo libro.<\/p>\n","protected":false},"excerpt":{"rendered":"<p><em>Autore:<\/em> ERRI DE LUCA<br \/>\n<em>Editore:<\/em> FELTRINELLI<br \/>\n<em>ISBN:<\/em> 9788807034930<br \/>\n<em>Pubblicazione:<\/em> 31\/03\/2022<\/p>\n","protected":false},"featured_media":20085,"comment_status":"closed","ping_status":"closed","template":"","meta":{"_et_pb_use_builder":"","_et_pb_old_content":"","_et_gb_content_width":"","_joinchat":[]},"product_brand":[],"product_cat":[1736],"product_tag":[],"class_list":{"0":"post-20086","1":"product","2":"type-product","3":"status-publish","4":"has-post-thumbnail","6":"product_cat-narrativa","8":"first","9":"instock","10":"taxable","11":"shipping-taxable","12":"purchasable","13":"product-type-simple"},"yoast_head":"<!-- This site is optimized with the Yoast SEO plugin v27.5 - https:\/\/yoast.com\/product\/yoast-seo-wordpress\/ -->\n<title>SPIZZICHI E BOCCONI - Libreria Libri parlanti<\/title>\n<meta name=\"robots\" content=\"index, follow, max-snippet:-1, max-image-preview:large, max-video-preview:-1\" \/>\n<link rel=\"canonical\" href=\"https:\/\/www.libriparlanti.org\/index.php\/prodotto\/spizzichi-e-bocconi\/\" \/>\n<meta property=\"og:locale\" content=\"it_IT\" \/>\n<meta property=\"og:type\" content=\"article\" \/>\n<meta property=\"og:title\" content=\"SPIZZICHI E BOCCONI - Libreria Libri parlanti\" \/>\n<meta property=\"og:description\" content=\"Autore: ERRI DE LUCA Editore: FELTRINELLI ISBN: 9788807034930 Pubblicazione: 31\/03\/2022\" \/>\n<meta property=\"og:url\" content=\"https:\/\/www.libriparlanti.org\/index.php\/prodotto\/spizzichi-e-bocconi\/\" \/>\n<meta property=\"og:site_name\" content=\"Libreria Libri parlanti\" \/>\n<meta property=\"article:publisher\" content=\"https:\/\/www.facebook.com\/LibriParlanti\" \/>\n<meta property=\"article:modified_time\" content=\"2022-09-10T16:32:07+00:00\" \/>\n<meta property=\"og:image\" content=\"https:\/\/www.libriparlanti.org\/wp-content\/uploads\/2022\/04\/9788807034930.jpg\" \/>\n\t<meta property=\"og:image:width\" content=\"150\" \/>\n\t<meta property=\"og:image:height\" content=\"235\" \/>\n\t<meta property=\"og:image:type\" content=\"image\/jpeg\" \/>\n<meta name=\"twitter:card\" content=\"summary_large_image\" \/>\n<meta name=\"twitter:label1\" content=\"Tempo di lettura stimato\" \/>\n\t<meta name=\"twitter:data1\" content=\"1 minuto\" \/>\n<script type=\"application\/ld+json\" class=\"yoast-schema-graph\">{\"@context\":\"https:\\\/\\\/schema.org\",\"@graph\":[{\"@type\":\"WebPage\",\"@id\":\"https:\\\/\\\/www.libriparlanti.org\\\/index.php\\\/prodotto\\\/spizzichi-e-bocconi\\\/\",\"url\":\"https:\\\/\\\/www.libriparlanti.org\\\/index.php\\\/prodotto\\\/spizzichi-e-bocconi\\\/\",\"name\":\"SPIZZICHI E BOCCONI - Libreria Libri parlanti\",\"isPartOf\":{\"@id\":\"https:\\\/\\\/www.libriparlanti.org\\\/#website\"},\"primaryImageOfPage\":{\"@id\":\"https:\\\/\\\/www.libriparlanti.org\\\/index.php\\\/prodotto\\\/spizzichi-e-bocconi\\\/#primaryimage\"},\"image\":{\"@id\":\"https:\\\/\\\/www.libriparlanti.org\\\/index.php\\\/prodotto\\\/spizzichi-e-bocconi\\\/#primaryimage\"},\"thumbnailUrl\":\"https:\\\/\\\/www.libriparlanti.org\\\/wp-content\\\/uploads\\\/2022\\\/04\\\/9788807034930.jpg\",\"datePublished\":\"2022-04-04T08:32:54+00:00\",\"dateModified\":\"2022-09-10T16:32:07+00:00\",\"breadcrumb\":{\"@id\":\"https:\\\/\\\/www.libriparlanti.org\\\/index.php\\\/prodotto\\\/spizzichi-e-bocconi\\\/#breadcrumb\"},\"inLanguage\":\"it-IT\",\"potentialAction\":[{\"@type\":\"ReadAction\",\"target\":[\"https:\\\/\\\/www.libriparlanti.org\\\/index.php\\\/prodotto\\\/spizzichi-e-bocconi\\\/\"]}]},{\"@type\":\"ImageObject\",\"inLanguage\":\"it-IT\",\"@id\":\"https:\\\/\\\/www.libriparlanti.org\\\/index.php\\\/prodotto\\\/spizzichi-e-bocconi\\\/#primaryimage\",\"url\":\"https:\\\/\\\/www.libriparlanti.org\\\/wp-content\\\/uploads\\\/2022\\\/04\\\/9788807034930.jpg\",\"contentUrl\":\"https:\\\/\\\/www.libriparlanti.org\\\/wp-content\\\/uploads\\\/2022\\\/04\\\/9788807034930.jpg\",\"width\":150,\"height\":235},{\"@type\":\"BreadcrumbList\",\"@id\":\"https:\\\/\\\/www.libriparlanti.org\\\/index.php\\\/prodotto\\\/spizzichi-e-bocconi\\\/#breadcrumb\",\"itemListElement\":[{\"@type\":\"ListItem\",\"position\":1,\"name\":\"Home\",\"item\":\"https:\\\/\\\/www.libriparlanti.org\\\/\"},{\"@type\":\"ListItem\",\"position\":2,\"name\":\"Shop\",\"item\":\"https:\\\/\\\/www.libriparlanti.org\\\/index.php\\\/negozio\\\/\"},{\"@type\":\"ListItem\",\"position\":3,\"name\":\"SPIZZICHI E BOCCONI\"}]},{\"@type\":\"WebSite\",\"@id\":\"https:\\\/\\\/www.libriparlanti.org\\\/#website\",\"url\":\"https:\\\/\\\/www.libriparlanti.org\\\/\",\"name\":\"Libreria Libri parlanti\",\"description\":\"Libreria in Castiglione del Lago (Pg)\",\"potentialAction\":[{\"@type\":\"SearchAction\",\"target\":{\"@type\":\"EntryPoint\",\"urlTemplate\":\"https:\\\/\\\/www.libriparlanti.org\\\/?s={search_term_string}\"},\"query-input\":{\"@type\":\"PropertyValueSpecification\",\"valueRequired\":true,\"valueName\":\"search_term_string\"}}],\"inLanguage\":\"it-IT\"}]}<\/script>\n<!-- \/ Yoast SEO plugin. -->","yoast_head_json":{"title":"SPIZZICHI E BOCCONI - Libreria Libri parlanti","robots":{"index":"index","follow":"follow","max-snippet":"max-snippet:-1","max-image-preview":"max-image-preview:large","max-video-preview":"max-video-preview:-1"},"canonical":"https:\/\/www.libriparlanti.org\/index.php\/prodotto\/spizzichi-e-bocconi\/","og_locale":"it_IT","og_type":"article","og_title":"SPIZZICHI E BOCCONI - Libreria Libri parlanti","og_description":"Autore: ERRI DE LUCA Editore: FELTRINELLI ISBN: 9788807034930 Pubblicazione: 31\/03\/2022","og_url":"https:\/\/www.libriparlanti.org\/index.php\/prodotto\/spizzichi-e-bocconi\/","og_site_name":"Libreria Libri parlanti","article_publisher":"https:\/\/www.facebook.com\/LibriParlanti","article_modified_time":"2022-09-10T16:32:07+00:00","og_image":[{"width":150,"height":235,"url":"https:\/\/www.libriparlanti.org\/wp-content\/uploads\/2022\/04\/9788807034930.jpg","type":"image\/jpeg"}],"twitter_card":"summary_large_image","twitter_misc":{"Tempo di lettura stimato":"1 minuto"},"schema":{"@context":"https:\/\/schema.org","@graph":[{"@type":"WebPage","@id":"https:\/\/www.libriparlanti.org\/index.php\/prodotto\/spizzichi-e-bocconi\/","url":"https:\/\/www.libriparlanti.org\/index.php\/prodotto\/spizzichi-e-bocconi\/","name":"SPIZZICHI E BOCCONI - Libreria Libri parlanti","isPartOf":{"@id":"https:\/\/www.libriparlanti.org\/#website"},"primaryImageOfPage":{"@id":"https:\/\/www.libriparlanti.org\/index.php\/prodotto\/spizzichi-e-bocconi\/#primaryimage"},"image":{"@id":"https:\/\/www.libriparlanti.org\/index.php\/prodotto\/spizzichi-e-bocconi\/#primaryimage"},"thumbnailUrl":"https:\/\/www.libriparlanti.org\/wp-content\/uploads\/2022\/04\/9788807034930.jpg","datePublished":"2022-04-04T08:32:54+00:00","dateModified":"2022-09-10T16:32:07+00:00","breadcrumb":{"@id":"https:\/\/www.libriparlanti.org\/index.php\/prodotto\/spizzichi-e-bocconi\/#breadcrumb"},"inLanguage":"it-IT","potentialAction":[{"@type":"ReadAction","target":["https:\/\/www.libriparlanti.org\/index.php\/prodotto\/spizzichi-e-bocconi\/"]}]},{"@type":"ImageObject","inLanguage":"it-IT","@id":"https:\/\/www.libriparlanti.org\/index.php\/prodotto\/spizzichi-e-bocconi\/#primaryimage","url":"https:\/\/www.libriparlanti.org\/wp-content\/uploads\/2022\/04\/9788807034930.jpg","contentUrl":"https:\/\/www.libriparlanti.org\/wp-content\/uploads\/2022\/04\/9788807034930.jpg","width":150,"height":235},{"@type":"BreadcrumbList","@id":"https:\/\/www.libriparlanti.org\/index.php\/prodotto\/spizzichi-e-bocconi\/#breadcrumb","itemListElement":[{"@type":"ListItem","position":1,"name":"Home","item":"https:\/\/www.libriparlanti.org\/"},{"@type":"ListItem","position":2,"name":"Shop","item":"https:\/\/www.libriparlanti.org\/index.php\/negozio\/"},{"@type":"ListItem","position":3,"name":"SPIZZICHI E BOCCONI"}]},{"@type":"WebSite","@id":"https:\/\/www.libriparlanti.org\/#website","url":"https:\/\/www.libriparlanti.org\/","name":"Libreria Libri parlanti","description":"Libreria in Castiglione del Lago (Pg)","potentialAction":[{"@type":"SearchAction","target":{"@type":"EntryPoint","urlTemplate":"https:\/\/www.libriparlanti.org\/?s={search_term_string}"},"query-input":{"@type":"PropertyValueSpecification","valueRequired":true,"valueName":"search_term_string"}}],"inLanguage":"it-IT"}]}},"_links":{"self":[{"href":"https:\/\/www.libriparlanti.org\/index.php\/wp-json\/wp\/v2\/product\/20086","targetHints":{"allow":["GET"]}}],"collection":[{"href":"https:\/\/www.libriparlanti.org\/index.php\/wp-json\/wp\/v2\/product"}],"about":[{"href":"https:\/\/www.libriparlanti.org\/index.php\/wp-json\/wp\/v2\/types\/product"}],"replies":[{"embeddable":true,"href":"https:\/\/www.libriparlanti.org\/index.php\/wp-json\/wp\/v2\/comments?post=20086"}],"wp:featuredmedia":[{"embeddable":true,"href":"https:\/\/www.libriparlanti.org\/index.php\/wp-json\/wp\/v2\/media\/20085"}],"wp:attachment":[{"href":"https:\/\/www.libriparlanti.org\/index.php\/wp-json\/wp\/v2\/media?parent=20086"}],"wp:term":[{"taxonomy":"product_brand","embeddable":true,"href":"https:\/\/www.libriparlanti.org\/index.php\/wp-json\/wp\/v2\/product_brand?post=20086"},{"taxonomy":"product_cat","embeddable":true,"href":"https:\/\/www.libriparlanti.org\/index.php\/wp-json\/wp\/v2\/product_cat?post=20086"},{"taxonomy":"product_tag","embeddable":true,"href":"https:\/\/www.libriparlanti.org\/index.php\/wp-json\/wp\/v2\/product_tag?post=20086"}],"curies":[{"name":"wp","href":"https:\/\/api.w.org\/{rel}","templated":true}]}}