{"id":20054,"date":"2022-04-02T10:42:38","date_gmt":"2022-04-02T08:42:38","guid":{"rendered":"https:\/\/www.libriparlanti.org\/index.php\/prodotto\/riprendiamoci-la-scuola\/"},"modified":"2022-10-06T10:02:26","modified_gmt":"2022-10-06T08:02:26","slug":"ora-o-mai-piu-riprendiamoci-la-scuola","status":"publish","type":"product","link":"https:\/\/www.libriparlanti.org\/index.php\/prodotto\/ora-o-mai-piu-riprendiamoci-la-scuola\/","title":{"rendered":"ORA O MAI PI\u00f9, RIPRENDIAMO LA SCUOLA"},"content":{"rendered":"<p>Ci sono due modi di parlare della nostra scuola pubblica. Uno \u00e8 raccontare ci\u00f2 che non funziona: gli edifici fatiscenti, gli insegnanti sottopagati, le scarse risorse, l&#8217;abbandono precoce. L&#8217;altro \u00e8 quello scelto da Sabrina Carreras, attraverso le storie di piccoli e grandi innovatori che da tempo, con ingegno e dedizione, si adoperano per trovare soluzioni a problemi antichi e sfide inattese. Insegnanti, presidi, amministratori, architetti, pedagogisti che da giornalista d&#8217;inchiesta ha incontrato visitando istituti di ogni genere, da quelli di frontiera, deprivati di tutto, persino degli alunni, a quelli pi\u00f9 all&#8217;avanguardia e tecnologici in Italia e in Europa. Ma la tecnologia non \u00e8 tutto. Le loro storie d&#8217;innovazione parlano anche d&#8217;altro: di chi combatte contro la mafia e l&#8217;indifferenza per costruire un asilo alla periferia di Palermo; di chi progetta scuole pi\u00f9 sicure e sostenibili; di chi sfida le regole per togliere i ragazzini dalla strada; di chi in aula smonta quegli stereotipi che fanno credere che la matematica non sia cosa da femmine e l&#8217;insegnamento alla materna mestiere per maschi; di chi studia le nuove scoperte delle neuroscienze per rendere l&#8217;apprendimento pi\u00f9 efficace. Mai come in questi anni di pandemia l&#8217;innovazione della scuola \u00e8 tornata al centro del dibattito e anche delle nostre priorit\u00e0. Attraverso testimonianze, statistiche e dati scientifici, questo libro ci racconta che una nuova scuola non solo \u00e8 possibile, c&#8217;\u00e8 gi\u00e0. Rimane la sfida di metterla a sistema. Ora o mai pi\u00f9.<\/p>\n","protected":false},"excerpt":{"rendered":"<p><em>Autore:<\/em> CARRERAS SABRINA<br \/>\n<em>Editore:<\/em> CHIARE LETTERE<br \/>\n<em>Collana:<\/em> REVERSE<br \/>\n<em>ISBN:<\/em> 9788832964899<\/p>\n","protected":false},"featured_media":20364,"comment_status":"closed","ping_status":"closed","template":"","meta":{"_et_pb_use_builder":"","_et_pb_old_content":"","_et_gb_content_width":"","_joinchat":[]},"product_brand":[],"product_cat":[1991],"product_tag":[],"class_list":{"0":"post-20054","1":"product","2":"type-product","3":"status-publish","4":"has-post-thumbnail","6":"product_cat-divulgazione","8":"first","9":"instock","10":"taxable","11":"shipping-taxable","12":"purchasable","13":"product-type-simple"},"yoast_head":"<!-- This site is optimized with the Yoast SEO plugin v27.5 - https:\/\/yoast.com\/product\/yoast-seo-wordpress\/ -->\n<title>ORA O MAI PI\u00f9, RIPRENDIAMO LA SCUOLA - Libreria Libri parlanti<\/title>\n<meta name=\"robots\" content=\"index, follow, max-snippet:-1, max-image-preview:large, max-video-preview:-1\" \/>\n<link rel=\"canonical\" href=\"https:\/\/www.libriparlanti.org\/index.php\/prodotto\/ora-o-mai-piu-riprendiamoci-la-scuola\/\" \/>\n<meta property=\"og:locale\" content=\"it_IT\" \/>\n<meta property=\"og:type\" content=\"article\" \/>\n<meta property=\"og:title\" content=\"ORA O MAI PI\u00f9, RIPRENDIAMO LA SCUOLA - Libreria Libri parlanti\" \/>\n<meta property=\"og:description\" content=\"Autore: CARRERAS SABRINA Editore: CHIARE LETTERE Collana: REVERSE ISBN: 9788832964899\" \/>\n<meta property=\"og:url\" content=\"https:\/\/www.libriparlanti.org\/index.php\/prodotto\/ora-o-mai-piu-riprendiamoci-la-scuola\/\" \/>\n<meta property=\"og:site_name\" content=\"Libreria Libri parlanti\" \/>\n<meta property=\"article:publisher\" content=\"https:\/\/www.facebook.com\/LibriParlanti\" \/>\n<meta property=\"article:modified_time\" content=\"2022-10-06T08:02:26+00:00\" \/>\n<meta property=\"og:image\" content=\"https:\/\/www.libriparlanti.org\/wp-content\/uploads\/2022\/04\/9788832964899-1.jpg\" \/>\n\t<meta property=\"og:image:width\" content=\"180\" \/>\n\t<meta property=\"og:image:height\" content=\"280\" \/>\n\t<meta property=\"og:image:type\" content=\"image\/jpeg\" \/>\n<meta name=\"twitter:card\" content=\"summary_large_image\" \/>\n<meta name=\"twitter:label1\" content=\"Tempo di lettura stimato\" \/>\n\t<meta name=\"twitter:data1\" content=\"1 minuto\" \/>\n<script type=\"application\/ld+json\" class=\"yoast-schema-graph\">{\"@context\":\"https:\\\/\\\/schema.org\",\"@graph\":[{\"@type\":\"WebPage\",\"@id\":\"https:\\\/\\\/www.libriparlanti.org\\\/index.php\\\/prodotto\\\/ora-o-mai-piu-riprendiamoci-la-scuola\\\/\",\"url\":\"https:\\\/\\\/www.libriparlanti.org\\\/index.php\\\/prodotto\\\/ora-o-mai-piu-riprendiamoci-la-scuola\\\/\",\"name\":\"ORA O MAI PI\u00f9, RIPRENDIAMO LA SCUOLA - Libreria Libri parlanti\",\"isPartOf\":{\"@id\":\"https:\\\/\\\/www.libriparlanti.org\\\/#website\"},\"primaryImageOfPage\":{\"@id\":\"https:\\\/\\\/www.libriparlanti.org\\\/index.php\\\/prodotto\\\/ora-o-mai-piu-riprendiamoci-la-scuola\\\/#primaryimage\"},\"image\":{\"@id\":\"https:\\\/\\\/www.libriparlanti.org\\\/index.php\\\/prodotto\\\/ora-o-mai-piu-riprendiamoci-la-scuola\\\/#primaryimage\"},\"thumbnailUrl\":\"https:\\\/\\\/www.libriparlanti.org\\\/wp-content\\\/uploads\\\/2022\\\/04\\\/9788832964899-1.jpg\",\"datePublished\":\"2022-04-02T08:42:38+00:00\",\"dateModified\":\"2022-10-06T08:02:26+00:00\",\"breadcrumb\":{\"@id\":\"https:\\\/\\\/www.libriparlanti.org\\\/index.php\\\/prodotto\\\/ora-o-mai-piu-riprendiamoci-la-scuola\\\/#breadcrumb\"},\"inLanguage\":\"it-IT\",\"potentialAction\":[{\"@type\":\"ReadAction\",\"target\":[\"https:\\\/\\\/www.libriparlanti.org\\\/index.php\\\/prodotto\\\/ora-o-mai-piu-riprendiamoci-la-scuola\\\/\"]}]},{\"@type\":\"ImageObject\",\"inLanguage\":\"it-IT\",\"@id\":\"https:\\\/\\\/www.libriparlanti.org\\\/index.php\\\/prodotto\\\/ora-o-mai-piu-riprendiamoci-la-scuola\\\/#primaryimage\",\"url\":\"https:\\\/\\\/www.libriparlanti.org\\\/wp-content\\\/uploads\\\/2022\\\/04\\\/9788832964899-1.jpg\",\"contentUrl\":\"https:\\\/\\\/www.libriparlanti.org\\\/wp-content\\\/uploads\\\/2022\\\/04\\\/9788832964899-1.jpg\",\"width\":180,\"height\":280},{\"@type\":\"BreadcrumbList\",\"@id\":\"https:\\\/\\\/www.libriparlanti.org\\\/index.php\\\/prodotto\\\/ora-o-mai-piu-riprendiamoci-la-scuola\\\/#breadcrumb\",\"itemListElement\":[{\"@type\":\"ListItem\",\"position\":1,\"name\":\"Home\",\"item\":\"https:\\\/\\\/www.libriparlanti.org\\\/\"},{\"@type\":\"ListItem\",\"position\":2,\"name\":\"Shop\",\"item\":\"https:\\\/\\\/www.libriparlanti.org\\\/index.php\\\/negozio\\\/\"},{\"@type\":\"ListItem\",\"position\":3,\"name\":\"ORA O MAI PI\u00f9, RIPRENDIAMO LA SCUOLA\"}]},{\"@type\":\"WebSite\",\"@id\":\"https:\\\/\\\/www.libriparlanti.org\\\/#website\",\"url\":\"https:\\\/\\\/www.libriparlanti.org\\\/\",\"name\":\"Libreria Libri parlanti\",\"description\":\"Libreria in Castiglione del Lago (Pg)\",\"potentialAction\":[{\"@type\":\"SearchAction\",\"target\":{\"@type\":\"EntryPoint\",\"urlTemplate\":\"https:\\\/\\\/www.libriparlanti.org\\\/?s={search_term_string}\"},\"query-input\":{\"@type\":\"PropertyValueSpecification\",\"valueRequired\":true,\"valueName\":\"search_term_string\"}}],\"inLanguage\":\"it-IT\"}]}<\/script>\n<!-- \/ Yoast SEO plugin. -->","yoast_head_json":{"title":"ORA O MAI PI\u00f9, RIPRENDIAMO LA SCUOLA - Libreria Libri parlanti","robots":{"index":"index","follow":"follow","max-snippet":"max-snippet:-1","max-image-preview":"max-image-preview:large","max-video-preview":"max-video-preview:-1"},"canonical":"https:\/\/www.libriparlanti.org\/index.php\/prodotto\/ora-o-mai-piu-riprendiamoci-la-scuola\/","og_locale":"it_IT","og_type":"article","og_title":"ORA O MAI PI\u00f9, RIPRENDIAMO LA SCUOLA - Libreria Libri parlanti","og_description":"Autore: CARRERAS SABRINA Editore: CHIARE LETTERE Collana: REVERSE ISBN: 9788832964899","og_url":"https:\/\/www.libriparlanti.org\/index.php\/prodotto\/ora-o-mai-piu-riprendiamoci-la-scuola\/","og_site_name":"Libreria Libri parlanti","article_publisher":"https:\/\/www.facebook.com\/LibriParlanti","article_modified_time":"2022-10-06T08:02:26+00:00","og_image":[{"width":180,"height":280,"url":"https:\/\/www.libriparlanti.org\/wp-content\/uploads\/2022\/04\/9788832964899-1.jpg","type":"image\/jpeg"}],"twitter_card":"summary_large_image","twitter_misc":{"Tempo di lettura stimato":"1 minuto"},"schema":{"@context":"https:\/\/schema.org","@graph":[{"@type":"WebPage","@id":"https:\/\/www.libriparlanti.org\/index.php\/prodotto\/ora-o-mai-piu-riprendiamoci-la-scuola\/","url":"https:\/\/www.libriparlanti.org\/index.php\/prodotto\/ora-o-mai-piu-riprendiamoci-la-scuola\/","name":"ORA O MAI PI\u00f9, RIPRENDIAMO LA SCUOLA - Libreria Libri parlanti","isPartOf":{"@id":"https:\/\/www.libriparlanti.org\/#website"},"primaryImageOfPage":{"@id":"https:\/\/www.libriparlanti.org\/index.php\/prodotto\/ora-o-mai-piu-riprendiamoci-la-scuola\/#primaryimage"},"image":{"@id":"https:\/\/www.libriparlanti.org\/index.php\/prodotto\/ora-o-mai-piu-riprendiamoci-la-scuola\/#primaryimage"},"thumbnailUrl":"https:\/\/www.libriparlanti.org\/wp-content\/uploads\/2022\/04\/9788832964899-1.jpg","datePublished":"2022-04-02T08:42:38+00:00","dateModified":"2022-10-06T08:02:26+00:00","breadcrumb":{"@id":"https:\/\/www.libriparlanti.org\/index.php\/prodotto\/ora-o-mai-piu-riprendiamoci-la-scuola\/#breadcrumb"},"inLanguage":"it-IT","potentialAction":[{"@type":"ReadAction","target":["https:\/\/www.libriparlanti.org\/index.php\/prodotto\/ora-o-mai-piu-riprendiamoci-la-scuola\/"]}]},{"@type":"ImageObject","inLanguage":"it-IT","@id":"https:\/\/www.libriparlanti.org\/index.php\/prodotto\/ora-o-mai-piu-riprendiamoci-la-scuola\/#primaryimage","url":"https:\/\/www.libriparlanti.org\/wp-content\/uploads\/2022\/04\/9788832964899-1.jpg","contentUrl":"https:\/\/www.libriparlanti.org\/wp-content\/uploads\/2022\/04\/9788832964899-1.jpg","width":180,"height":280},{"@type":"BreadcrumbList","@id":"https:\/\/www.libriparlanti.org\/index.php\/prodotto\/ora-o-mai-piu-riprendiamoci-la-scuola\/#breadcrumb","itemListElement":[{"@type":"ListItem","position":1,"name":"Home","item":"https:\/\/www.libriparlanti.org\/"},{"@type":"ListItem","position":2,"name":"Shop","item":"https:\/\/www.libriparlanti.org\/index.php\/negozio\/"},{"@type":"ListItem","position":3,"name":"ORA O MAI PI\u00f9, RIPRENDIAMO LA SCUOLA"}]},{"@type":"WebSite","@id":"https:\/\/www.libriparlanti.org\/#website","url":"https:\/\/www.libriparlanti.org\/","name":"Libreria Libri parlanti","description":"Libreria in Castiglione del Lago (Pg)","potentialAction":[{"@type":"SearchAction","target":{"@type":"EntryPoint","urlTemplate":"https:\/\/www.libriparlanti.org\/?s={search_term_string}"},"query-input":{"@type":"PropertyValueSpecification","valueRequired":true,"valueName":"search_term_string"}}],"inLanguage":"it-IT"}]}},"_links":{"self":[{"href":"https:\/\/www.libriparlanti.org\/index.php\/wp-json\/wp\/v2\/product\/20054","targetHints":{"allow":["GET"]}}],"collection":[{"href":"https:\/\/www.libriparlanti.org\/index.php\/wp-json\/wp\/v2\/product"}],"about":[{"href":"https:\/\/www.libriparlanti.org\/index.php\/wp-json\/wp\/v2\/types\/product"}],"replies":[{"embeddable":true,"href":"https:\/\/www.libriparlanti.org\/index.php\/wp-json\/wp\/v2\/comments?post=20054"}],"wp:featuredmedia":[{"embeddable":true,"href":"https:\/\/www.libriparlanti.org\/index.php\/wp-json\/wp\/v2\/media\/20364"}],"wp:attachment":[{"href":"https:\/\/www.libriparlanti.org\/index.php\/wp-json\/wp\/v2\/media?parent=20054"}],"wp:term":[{"taxonomy":"product_brand","embeddable":true,"href":"https:\/\/www.libriparlanti.org\/index.php\/wp-json\/wp\/v2\/product_brand?post=20054"},{"taxonomy":"product_cat","embeddable":true,"href":"https:\/\/www.libriparlanti.org\/index.php\/wp-json\/wp\/v2\/product_cat?post=20054"},{"taxonomy":"product_tag","embeddable":true,"href":"https:\/\/www.libriparlanti.org\/index.php\/wp-json\/wp\/v2\/product_tag?post=20054"}],"curies":[{"name":"wp","href":"https:\/\/api.w.org\/{rel}","templated":true}]}}