{"id":19050,"date":"2022-02-14T17:26:10","date_gmt":"2022-02-14T15:26:10","guid":{"rendered":"https:\/\/www.libriparlanti.org\/index.php\/prodotto\/lestate-dei-bukowski\/"},"modified":"2022-11-24T20:11:50","modified_gmt":"2022-11-24T18:11:50","slug":"lestate-dei-bukowski","status":"publish","type":"product","link":"https:\/\/www.libriparlanti.org\/index.php\/prodotto\/lestate-dei-bukowski\/","title":{"rendered":"L&#8217;ESTATE DEI BUKOWSKI"},"content":{"rendered":"<p>A volte pensi che l&#8217;estate durer\u00e0 per sempre&#8230; E non \u00e8 certo un&#8217;estate come tante altre quella che vivono Alf, Katinka e Robbie Bukowski. Come ricompensa per aver salvato un bambino che stava per annegare ricevono l&#8217;abbonamento gratuito per tutta la stagione alla piscina scoperta e volendolo sfruttare al massimo, ci vanno ogni giorno, da maggio a settembre. Ognuno dei tre fratelli, diversissimi tra loro ma sempre molto uniti, si \u00e8 dato un obiettivo da raggiungere entro la fine dell&#8217;estate &#8211; imparare a nuotare, tuffarsi dal trampolino pi\u00f9 alto, fare venti vasche a stile libero &#8211; ma \u00e8 soprattutto il microcosmo che ruota intorno alla piscina ad attirarli a s\u00e9 come una magia. Tra sfide, entusiasmi, innamoramenti, complicit\u00e0 e bisticci, ci si affeziona ai tre Bukowski come a veri amici e quando l&#8217;estate volge al termine ci pare di aver vissuto davvero con loro, con l&#8217;odore di cloro sulla pelle e la voglia di gelato e patatine fritte e di aver condiviso l&#8217;adrenalina e la paura, i momenti di noia, l&#8217;imbarazzo, la fatica, il volersi mettere alla prova e l&#8217;impercettibile ma reale cambiamento che ogni estate porta con s\u00e9. Et\u00e0 di lettura: da 7 anni.<\/p>\n","protected":false},"excerpt":{"rendered":"<p><em>Autore:<\/em> GMEHLING WILL<br \/>\n<em>Editore:<\/em> NUOVA FRONTIERA<br \/>\n<em>Collana:<\/em> NARRATIVA JUNIOR<br \/>\n<em>ISBN:<\/em> 9791280176127<\/p>\n","protected":false},"featured_media":19049,"comment_status":"closed","ping_status":"closed","template":"","meta":{"_et_pb_use_builder":"","_et_pb_old_content":"","_et_gb_content_width":"","_joinchat":[]},"product_brand":[],"product_cat":[1733],"product_tag":[],"class_list":{"0":"post-19050","1":"product","2":"type-product","3":"status-publish","4":"has-post-thumbnail","6":"product_cat-ragazzi","8":"first","9":"onbackorder","10":"taxable","11":"shipping-taxable","12":"purchasable","13":"product-type-simple"},"yoast_head":"<!-- This site is optimized with the Yoast SEO plugin v27.4 - https:\/\/yoast.com\/product\/yoast-seo-wordpress\/ -->\n<title>L&#039;ESTATE DEI BUKOWSKI - Libreria Libri parlanti<\/title>\n<meta name=\"robots\" content=\"index, follow, max-snippet:-1, max-image-preview:large, max-video-preview:-1\" \/>\n<link rel=\"canonical\" href=\"https:\/\/www.libriparlanti.org\/index.php\/prodotto\/lestate-dei-bukowski\/\" \/>\n<meta property=\"og:locale\" content=\"it_IT\" \/>\n<meta property=\"og:type\" content=\"article\" \/>\n<meta property=\"og:title\" content=\"L&#039;ESTATE DEI BUKOWSKI - Libreria Libri parlanti\" \/>\n<meta property=\"og:description\" content=\"Autore: GMEHLING WILL Editore: NUOVA FRONTIERA Collana: NARRATIVA JUNIOR ISBN: 9791280176127\" \/>\n<meta property=\"og:url\" content=\"https:\/\/www.libriparlanti.org\/index.php\/prodotto\/lestate-dei-bukowski\/\" \/>\n<meta property=\"og:site_name\" content=\"Libreria Libri parlanti\" \/>\n<meta property=\"article:publisher\" content=\"https:\/\/www.facebook.com\/LibriParlanti\" \/>\n<meta property=\"article:modified_time\" content=\"2022-11-24T18:11:50+00:00\" \/>\n<meta property=\"og:image\" content=\"https:\/\/www.libriparlanti.org\/wp-content\/uploads\/2022\/02\/9791280176127.jpg\" \/>\n\t<meta property=\"og:image:width\" content=\"128\" \/>\n\t<meta property=\"og:image:height\" content=\"192\" \/>\n\t<meta property=\"og:image:type\" content=\"image\/jpeg\" \/>\n<meta name=\"twitter:card\" content=\"summary_large_image\" \/>\n<meta name=\"twitter:label1\" content=\"Tempo di lettura stimato\" \/>\n\t<meta name=\"twitter:data1\" content=\"1 minuto\" \/>\n<script type=\"application\/ld+json\" class=\"yoast-schema-graph\">{\"@context\":\"https:\\\/\\\/schema.org\",\"@graph\":[{\"@type\":\"WebPage\",\"@id\":\"https:\\\/\\\/www.libriparlanti.org\\\/index.php\\\/prodotto\\\/lestate-dei-bukowski\\\/\",\"url\":\"https:\\\/\\\/www.libriparlanti.org\\\/index.php\\\/prodotto\\\/lestate-dei-bukowski\\\/\",\"name\":\"L'ESTATE DEI BUKOWSKI - Libreria Libri parlanti\",\"isPartOf\":{\"@id\":\"https:\\\/\\\/www.libriparlanti.org\\\/#website\"},\"primaryImageOfPage\":{\"@id\":\"https:\\\/\\\/www.libriparlanti.org\\\/index.php\\\/prodotto\\\/lestate-dei-bukowski\\\/#primaryimage\"},\"image\":{\"@id\":\"https:\\\/\\\/www.libriparlanti.org\\\/index.php\\\/prodotto\\\/lestate-dei-bukowski\\\/#primaryimage\"},\"thumbnailUrl\":\"https:\\\/\\\/www.libriparlanti.org\\\/wp-content\\\/uploads\\\/2022\\\/02\\\/9791280176127.jpg\",\"datePublished\":\"2022-02-14T15:26:10+00:00\",\"dateModified\":\"2022-11-24T18:11:50+00:00\",\"breadcrumb\":{\"@id\":\"https:\\\/\\\/www.libriparlanti.org\\\/index.php\\\/prodotto\\\/lestate-dei-bukowski\\\/#breadcrumb\"},\"inLanguage\":\"it-IT\",\"potentialAction\":[{\"@type\":\"ReadAction\",\"target\":[\"https:\\\/\\\/www.libriparlanti.org\\\/index.php\\\/prodotto\\\/lestate-dei-bukowski\\\/\"]}]},{\"@type\":\"ImageObject\",\"inLanguage\":\"it-IT\",\"@id\":\"https:\\\/\\\/www.libriparlanti.org\\\/index.php\\\/prodotto\\\/lestate-dei-bukowski\\\/#primaryimage\",\"url\":\"https:\\\/\\\/www.libriparlanti.org\\\/wp-content\\\/uploads\\\/2022\\\/02\\\/9791280176127.jpg\",\"contentUrl\":\"https:\\\/\\\/www.libriparlanti.org\\\/wp-content\\\/uploads\\\/2022\\\/02\\\/9791280176127.jpg\",\"width\":128,\"height\":192},{\"@type\":\"BreadcrumbList\",\"@id\":\"https:\\\/\\\/www.libriparlanti.org\\\/index.php\\\/prodotto\\\/lestate-dei-bukowski\\\/#breadcrumb\",\"itemListElement\":[{\"@type\":\"ListItem\",\"position\":1,\"name\":\"Home\",\"item\":\"https:\\\/\\\/www.libriparlanti.org\\\/\"},{\"@type\":\"ListItem\",\"position\":2,\"name\":\"Shop\",\"item\":\"https:\\\/\\\/www.libriparlanti.org\\\/index.php\\\/negozio\\\/\"},{\"@type\":\"ListItem\",\"position\":3,\"name\":\"L&#8217;ESTATE DEI BUKOWSKI\"}]},{\"@type\":\"WebSite\",\"@id\":\"https:\\\/\\\/www.libriparlanti.org\\\/#website\",\"url\":\"https:\\\/\\\/www.libriparlanti.org\\\/\",\"name\":\"Libreria Libri parlanti\",\"description\":\"Libreria in Castiglione del Lago (Pg)\",\"potentialAction\":[{\"@type\":\"SearchAction\",\"target\":{\"@type\":\"EntryPoint\",\"urlTemplate\":\"https:\\\/\\\/www.libriparlanti.org\\\/?s={search_term_string}\"},\"query-input\":{\"@type\":\"PropertyValueSpecification\",\"valueRequired\":true,\"valueName\":\"search_term_string\"}}],\"inLanguage\":\"it-IT\"}]}<\/script>\n<!-- \/ Yoast SEO plugin. -->","yoast_head_json":{"title":"L'ESTATE DEI BUKOWSKI - Libreria Libri parlanti","robots":{"index":"index","follow":"follow","max-snippet":"max-snippet:-1","max-image-preview":"max-image-preview:large","max-video-preview":"max-video-preview:-1"},"canonical":"https:\/\/www.libriparlanti.org\/index.php\/prodotto\/lestate-dei-bukowski\/","og_locale":"it_IT","og_type":"article","og_title":"L'ESTATE DEI BUKOWSKI - Libreria Libri parlanti","og_description":"Autore: GMEHLING WILL Editore: NUOVA FRONTIERA Collana: NARRATIVA JUNIOR ISBN: 9791280176127","og_url":"https:\/\/www.libriparlanti.org\/index.php\/prodotto\/lestate-dei-bukowski\/","og_site_name":"Libreria Libri parlanti","article_publisher":"https:\/\/www.facebook.com\/LibriParlanti","article_modified_time":"2022-11-24T18:11:50+00:00","og_image":[{"width":128,"height":192,"url":"https:\/\/www.libriparlanti.org\/wp-content\/uploads\/2022\/02\/9791280176127.jpg","type":"image\/jpeg"}],"twitter_card":"summary_large_image","twitter_misc":{"Tempo di lettura stimato":"1 minuto"},"schema":{"@context":"https:\/\/schema.org","@graph":[{"@type":"WebPage","@id":"https:\/\/www.libriparlanti.org\/index.php\/prodotto\/lestate-dei-bukowski\/","url":"https:\/\/www.libriparlanti.org\/index.php\/prodotto\/lestate-dei-bukowski\/","name":"L'ESTATE DEI BUKOWSKI - Libreria Libri parlanti","isPartOf":{"@id":"https:\/\/www.libriparlanti.org\/#website"},"primaryImageOfPage":{"@id":"https:\/\/www.libriparlanti.org\/index.php\/prodotto\/lestate-dei-bukowski\/#primaryimage"},"image":{"@id":"https:\/\/www.libriparlanti.org\/index.php\/prodotto\/lestate-dei-bukowski\/#primaryimage"},"thumbnailUrl":"https:\/\/www.libriparlanti.org\/wp-content\/uploads\/2022\/02\/9791280176127.jpg","datePublished":"2022-02-14T15:26:10+00:00","dateModified":"2022-11-24T18:11:50+00:00","breadcrumb":{"@id":"https:\/\/www.libriparlanti.org\/index.php\/prodotto\/lestate-dei-bukowski\/#breadcrumb"},"inLanguage":"it-IT","potentialAction":[{"@type":"ReadAction","target":["https:\/\/www.libriparlanti.org\/index.php\/prodotto\/lestate-dei-bukowski\/"]}]},{"@type":"ImageObject","inLanguage":"it-IT","@id":"https:\/\/www.libriparlanti.org\/index.php\/prodotto\/lestate-dei-bukowski\/#primaryimage","url":"https:\/\/www.libriparlanti.org\/wp-content\/uploads\/2022\/02\/9791280176127.jpg","contentUrl":"https:\/\/www.libriparlanti.org\/wp-content\/uploads\/2022\/02\/9791280176127.jpg","width":128,"height":192},{"@type":"BreadcrumbList","@id":"https:\/\/www.libriparlanti.org\/index.php\/prodotto\/lestate-dei-bukowski\/#breadcrumb","itemListElement":[{"@type":"ListItem","position":1,"name":"Home","item":"https:\/\/www.libriparlanti.org\/"},{"@type":"ListItem","position":2,"name":"Shop","item":"https:\/\/www.libriparlanti.org\/index.php\/negozio\/"},{"@type":"ListItem","position":3,"name":"L&#8217;ESTATE DEI BUKOWSKI"}]},{"@type":"WebSite","@id":"https:\/\/www.libriparlanti.org\/#website","url":"https:\/\/www.libriparlanti.org\/","name":"Libreria Libri parlanti","description":"Libreria in Castiglione del Lago (Pg)","potentialAction":[{"@type":"SearchAction","target":{"@type":"EntryPoint","urlTemplate":"https:\/\/www.libriparlanti.org\/?s={search_term_string}"},"query-input":{"@type":"PropertyValueSpecification","valueRequired":true,"valueName":"search_term_string"}}],"inLanguage":"it-IT"}]}},"_links":{"self":[{"href":"https:\/\/www.libriparlanti.org\/index.php\/wp-json\/wp\/v2\/product\/19050","targetHints":{"allow":["GET"]}}],"collection":[{"href":"https:\/\/www.libriparlanti.org\/index.php\/wp-json\/wp\/v2\/product"}],"about":[{"href":"https:\/\/www.libriparlanti.org\/index.php\/wp-json\/wp\/v2\/types\/product"}],"replies":[{"embeddable":true,"href":"https:\/\/www.libriparlanti.org\/index.php\/wp-json\/wp\/v2\/comments?post=19050"}],"wp:featuredmedia":[{"embeddable":true,"href":"https:\/\/www.libriparlanti.org\/index.php\/wp-json\/wp\/v2\/media\/19049"}],"wp:attachment":[{"href":"https:\/\/www.libriparlanti.org\/index.php\/wp-json\/wp\/v2\/media?parent=19050"}],"wp:term":[{"taxonomy":"product_brand","embeddable":true,"href":"https:\/\/www.libriparlanti.org\/index.php\/wp-json\/wp\/v2\/product_brand?post=19050"},{"taxonomy":"product_cat","embeddable":true,"href":"https:\/\/www.libriparlanti.org\/index.php\/wp-json\/wp\/v2\/product_cat?post=19050"},{"taxonomy":"product_tag","embeddable":true,"href":"https:\/\/www.libriparlanti.org\/index.php\/wp-json\/wp\/v2\/product_tag?post=19050"}],"curies":[{"name":"wp","href":"https:\/\/api.w.org\/{rel}","templated":true}]}}