{"id":18972,"date":"2022-02-11T13:40:25","date_gmt":"2022-02-11T11:40:25","guid":{"rendered":"https:\/\/www.libriparlanti.org\/index.php\/prodotto\/libri-che-mi-hanno-rovinato-la-vita\/"},"modified":"2022-03-26T14:34:56","modified_gmt":"2022-03-26T12:34:56","slug":"libri-che-mi-hanno-rovinato-la-vita","status":"publish","type":"product","link":"https:\/\/www.libriparlanti.org\/index.php\/prodotto\/libri-che-mi-hanno-rovinato-la-vita\/","title":{"rendered":"LIBRI CHE MI HANNO ROVINATO LA VITA"},"content":{"rendered":"<p>Le situazioni pericolose, tristi, luttuose mi facevano vibrare come se solo nel dramma la vita si mostrasse davvero: nuda, integra, commovente\u00bb. Ciascuno di noi, anche solo per un istante, ha conosciuto l&#8217;irresistibile forza di attrazione dell&#8217;abisso. Daria Bignardi sa metterla a nudo con sincerit\u00e0 e luminosa ironia, rivelando le contraddizioni della sua e della nostra esistenza, in cui tutto pu\u00f2 salvarci e dannarci insieme, da nostra madre a un libro letto per caso. Partendo dalle passioni letterarie che l&#8217;hanno formata, con la sua scrittura intelligente e profonda, lieve, Daria Bignardi si confessa in modo intimo &#8211; dalle bugie adolescenziali agli amori fatali, fino alle ricorrenti malinconie &#8211; narrando l&#8217;avventura temeraria e infaticabile di conoscere s\u00e9 stessi attraverso le proprie zone d&#8217;ombra. E scrive un inno all&#8217;incontro, perch\u00e9 \u00e8 questo che cerchiamo febbrilmente tra le pagine dei libri: la scoperta che gli altri sono come noi. Memoir di formazione, breviario di bellezza, spudorato atto di fede verso il potere delle parole, questo libro \u00e8 un percorso sorprendente e imprevedibile fatto di domande, illuminazioni, segreti, che pungola e lenisce, fa sorridere e commuove.<\/p>\n","protected":false},"excerpt":{"rendered":"<p><em>Autore:<\/em> DARIA BIGNARDI<br \/>\n<em>Editore:<\/em> EINAUDI<br \/>\n<em>ISBN:<\/em> 9788806252588<br \/>\n<em>Pubblicazione:<\/em> 08\/02\/2022<\/p>\n","protected":false},"featured_media":18971,"comment_status":"closed","ping_status":"closed","template":"","meta":{"_et_pb_use_builder":"","_et_pb_old_content":"","_et_gb_content_width":"","_joinchat":[]},"product_brand":[],"product_cat":[1736],"product_tag":[],"class_list":{"0":"post-18972","1":"product","2":"type-product","3":"status-publish","4":"has-post-thumbnail","6":"product_cat-narrativa","8":"first","9":"onbackorder","10":"taxable","11":"shipping-taxable","12":"purchasable","13":"product-type-simple"},"yoast_head":"<!-- This site is optimized with the Yoast SEO plugin v27.5 - https:\/\/yoast.com\/product\/yoast-seo-wordpress\/ -->\n<title>LIBRI CHE MI HANNO ROVINATO LA VITA - Libreria Libri parlanti<\/title>\n<meta name=\"robots\" content=\"index, follow, max-snippet:-1, max-image-preview:large, max-video-preview:-1\" \/>\n<link rel=\"canonical\" href=\"https:\/\/www.libriparlanti.org\/index.php\/prodotto\/libri-che-mi-hanno-rovinato-la-vita\/\" \/>\n<meta property=\"og:locale\" content=\"it_IT\" \/>\n<meta property=\"og:type\" content=\"article\" \/>\n<meta property=\"og:title\" content=\"LIBRI CHE MI HANNO ROVINATO LA VITA - Libreria Libri parlanti\" \/>\n<meta property=\"og:description\" content=\"Autore: DARIA BIGNARDI Editore: EINAUDI ISBN: 9788806252588 Pubblicazione: 08\/02\/2022\" \/>\n<meta property=\"og:url\" content=\"https:\/\/www.libriparlanti.org\/index.php\/prodotto\/libri-che-mi-hanno-rovinato-la-vita\/\" \/>\n<meta property=\"og:site_name\" content=\"Libreria Libri parlanti\" \/>\n<meta property=\"article:publisher\" content=\"https:\/\/www.facebook.com\/LibriParlanti\" \/>\n<meta property=\"article:modified_time\" content=\"2022-03-26T12:34:56+00:00\" \/>\n<meta property=\"og:image\" content=\"https:\/\/www.libriparlanti.org\/wp-content\/uploads\/2022\/02\/AO4UjM1IjNwgDO4cTO.jpg\" \/>\n\t<meta property=\"og:image:width\" content=\"191\" \/>\n\t<meta property=\"og:image:height\" content=\"300\" \/>\n\t<meta property=\"og:image:type\" content=\"image\/jpeg\" \/>\n<meta name=\"twitter:card\" content=\"summary_large_image\" \/>\n<meta name=\"twitter:label1\" content=\"Tempo di lettura stimato\" \/>\n\t<meta name=\"twitter:data1\" content=\"1 minuto\" \/>\n<script type=\"application\/ld+json\" class=\"yoast-schema-graph\">{\"@context\":\"https:\\\/\\\/schema.org\",\"@graph\":[{\"@type\":\"WebPage\",\"@id\":\"https:\\\/\\\/www.libriparlanti.org\\\/index.php\\\/prodotto\\\/libri-che-mi-hanno-rovinato-la-vita\\\/\",\"url\":\"https:\\\/\\\/www.libriparlanti.org\\\/index.php\\\/prodotto\\\/libri-che-mi-hanno-rovinato-la-vita\\\/\",\"name\":\"LIBRI CHE MI HANNO ROVINATO LA VITA - Libreria Libri parlanti\",\"isPartOf\":{\"@id\":\"https:\\\/\\\/www.libriparlanti.org\\\/#website\"},\"primaryImageOfPage\":{\"@id\":\"https:\\\/\\\/www.libriparlanti.org\\\/index.php\\\/prodotto\\\/libri-che-mi-hanno-rovinato-la-vita\\\/#primaryimage\"},\"image\":{\"@id\":\"https:\\\/\\\/www.libriparlanti.org\\\/index.php\\\/prodotto\\\/libri-che-mi-hanno-rovinato-la-vita\\\/#primaryimage\"},\"thumbnailUrl\":\"https:\\\/\\\/www.libriparlanti.org\\\/wp-content\\\/uploads\\\/2022\\\/02\\\/AO4UjM1IjNwgDO4cTO.jpg\",\"datePublished\":\"2022-02-11T11:40:25+00:00\",\"dateModified\":\"2022-03-26T12:34:56+00:00\",\"breadcrumb\":{\"@id\":\"https:\\\/\\\/www.libriparlanti.org\\\/index.php\\\/prodotto\\\/libri-che-mi-hanno-rovinato-la-vita\\\/#breadcrumb\"},\"inLanguage\":\"it-IT\",\"potentialAction\":[{\"@type\":\"ReadAction\",\"target\":[\"https:\\\/\\\/www.libriparlanti.org\\\/index.php\\\/prodotto\\\/libri-che-mi-hanno-rovinato-la-vita\\\/\"]}]},{\"@type\":\"ImageObject\",\"inLanguage\":\"it-IT\",\"@id\":\"https:\\\/\\\/www.libriparlanti.org\\\/index.php\\\/prodotto\\\/libri-che-mi-hanno-rovinato-la-vita\\\/#primaryimage\",\"url\":\"https:\\\/\\\/www.libriparlanti.org\\\/wp-content\\\/uploads\\\/2022\\\/02\\\/AO4UjM1IjNwgDO4cTO.jpg\",\"contentUrl\":\"https:\\\/\\\/www.libriparlanti.org\\\/wp-content\\\/uploads\\\/2022\\\/02\\\/AO4UjM1IjNwgDO4cTO.jpg\",\"width\":191,\"height\":300},{\"@type\":\"BreadcrumbList\",\"@id\":\"https:\\\/\\\/www.libriparlanti.org\\\/index.php\\\/prodotto\\\/libri-che-mi-hanno-rovinato-la-vita\\\/#breadcrumb\",\"itemListElement\":[{\"@type\":\"ListItem\",\"position\":1,\"name\":\"Home\",\"item\":\"https:\\\/\\\/www.libriparlanti.org\\\/\"},{\"@type\":\"ListItem\",\"position\":2,\"name\":\"Shop\",\"item\":\"https:\\\/\\\/www.libriparlanti.org\\\/index.php\\\/negozio\\\/\"},{\"@type\":\"ListItem\",\"position\":3,\"name\":\"LIBRI CHE MI HANNO ROVINATO LA VITA\"}]},{\"@type\":\"WebSite\",\"@id\":\"https:\\\/\\\/www.libriparlanti.org\\\/#website\",\"url\":\"https:\\\/\\\/www.libriparlanti.org\\\/\",\"name\":\"Libreria Libri parlanti\",\"description\":\"Libreria in Castiglione del Lago (Pg)\",\"potentialAction\":[{\"@type\":\"SearchAction\",\"target\":{\"@type\":\"EntryPoint\",\"urlTemplate\":\"https:\\\/\\\/www.libriparlanti.org\\\/?s={search_term_string}\"},\"query-input\":{\"@type\":\"PropertyValueSpecification\",\"valueRequired\":true,\"valueName\":\"search_term_string\"}}],\"inLanguage\":\"it-IT\"}]}<\/script>\n<!-- \/ Yoast SEO plugin. -->","yoast_head_json":{"title":"LIBRI CHE MI HANNO ROVINATO LA VITA - Libreria Libri parlanti","robots":{"index":"index","follow":"follow","max-snippet":"max-snippet:-1","max-image-preview":"max-image-preview:large","max-video-preview":"max-video-preview:-1"},"canonical":"https:\/\/www.libriparlanti.org\/index.php\/prodotto\/libri-che-mi-hanno-rovinato-la-vita\/","og_locale":"it_IT","og_type":"article","og_title":"LIBRI CHE MI HANNO ROVINATO LA VITA - Libreria Libri parlanti","og_description":"Autore: DARIA BIGNARDI Editore: EINAUDI ISBN: 9788806252588 Pubblicazione: 08\/02\/2022","og_url":"https:\/\/www.libriparlanti.org\/index.php\/prodotto\/libri-che-mi-hanno-rovinato-la-vita\/","og_site_name":"Libreria Libri parlanti","article_publisher":"https:\/\/www.facebook.com\/LibriParlanti","article_modified_time":"2022-03-26T12:34:56+00:00","og_image":[{"width":191,"height":300,"url":"https:\/\/www.libriparlanti.org\/wp-content\/uploads\/2022\/02\/AO4UjM1IjNwgDO4cTO.jpg","type":"image\/jpeg"}],"twitter_card":"summary_large_image","twitter_misc":{"Tempo di lettura stimato":"1 minuto"},"schema":{"@context":"https:\/\/schema.org","@graph":[{"@type":"WebPage","@id":"https:\/\/www.libriparlanti.org\/index.php\/prodotto\/libri-che-mi-hanno-rovinato-la-vita\/","url":"https:\/\/www.libriparlanti.org\/index.php\/prodotto\/libri-che-mi-hanno-rovinato-la-vita\/","name":"LIBRI CHE MI HANNO ROVINATO LA VITA - Libreria Libri parlanti","isPartOf":{"@id":"https:\/\/www.libriparlanti.org\/#website"},"primaryImageOfPage":{"@id":"https:\/\/www.libriparlanti.org\/index.php\/prodotto\/libri-che-mi-hanno-rovinato-la-vita\/#primaryimage"},"image":{"@id":"https:\/\/www.libriparlanti.org\/index.php\/prodotto\/libri-che-mi-hanno-rovinato-la-vita\/#primaryimage"},"thumbnailUrl":"https:\/\/www.libriparlanti.org\/wp-content\/uploads\/2022\/02\/AO4UjM1IjNwgDO4cTO.jpg","datePublished":"2022-02-11T11:40:25+00:00","dateModified":"2022-03-26T12:34:56+00:00","breadcrumb":{"@id":"https:\/\/www.libriparlanti.org\/index.php\/prodotto\/libri-che-mi-hanno-rovinato-la-vita\/#breadcrumb"},"inLanguage":"it-IT","potentialAction":[{"@type":"ReadAction","target":["https:\/\/www.libriparlanti.org\/index.php\/prodotto\/libri-che-mi-hanno-rovinato-la-vita\/"]}]},{"@type":"ImageObject","inLanguage":"it-IT","@id":"https:\/\/www.libriparlanti.org\/index.php\/prodotto\/libri-che-mi-hanno-rovinato-la-vita\/#primaryimage","url":"https:\/\/www.libriparlanti.org\/wp-content\/uploads\/2022\/02\/AO4UjM1IjNwgDO4cTO.jpg","contentUrl":"https:\/\/www.libriparlanti.org\/wp-content\/uploads\/2022\/02\/AO4UjM1IjNwgDO4cTO.jpg","width":191,"height":300},{"@type":"BreadcrumbList","@id":"https:\/\/www.libriparlanti.org\/index.php\/prodotto\/libri-che-mi-hanno-rovinato-la-vita\/#breadcrumb","itemListElement":[{"@type":"ListItem","position":1,"name":"Home","item":"https:\/\/www.libriparlanti.org\/"},{"@type":"ListItem","position":2,"name":"Shop","item":"https:\/\/www.libriparlanti.org\/index.php\/negozio\/"},{"@type":"ListItem","position":3,"name":"LIBRI CHE MI HANNO ROVINATO LA VITA"}]},{"@type":"WebSite","@id":"https:\/\/www.libriparlanti.org\/#website","url":"https:\/\/www.libriparlanti.org\/","name":"Libreria Libri parlanti","description":"Libreria in Castiglione del Lago (Pg)","potentialAction":[{"@type":"SearchAction","target":{"@type":"EntryPoint","urlTemplate":"https:\/\/www.libriparlanti.org\/?s={search_term_string}"},"query-input":{"@type":"PropertyValueSpecification","valueRequired":true,"valueName":"search_term_string"}}],"inLanguage":"it-IT"}]}},"_links":{"self":[{"href":"https:\/\/www.libriparlanti.org\/index.php\/wp-json\/wp\/v2\/product\/18972","targetHints":{"allow":["GET"]}}],"collection":[{"href":"https:\/\/www.libriparlanti.org\/index.php\/wp-json\/wp\/v2\/product"}],"about":[{"href":"https:\/\/www.libriparlanti.org\/index.php\/wp-json\/wp\/v2\/types\/product"}],"replies":[{"embeddable":true,"href":"https:\/\/www.libriparlanti.org\/index.php\/wp-json\/wp\/v2\/comments?post=18972"}],"wp:featuredmedia":[{"embeddable":true,"href":"https:\/\/www.libriparlanti.org\/index.php\/wp-json\/wp\/v2\/media\/18971"}],"wp:attachment":[{"href":"https:\/\/www.libriparlanti.org\/index.php\/wp-json\/wp\/v2\/media?parent=18972"}],"wp:term":[{"taxonomy":"product_brand","embeddable":true,"href":"https:\/\/www.libriparlanti.org\/index.php\/wp-json\/wp\/v2\/product_brand?post=18972"},{"taxonomy":"product_cat","embeddable":true,"href":"https:\/\/www.libriparlanti.org\/index.php\/wp-json\/wp\/v2\/product_cat?post=18972"},{"taxonomy":"product_tag","embeddable":true,"href":"https:\/\/www.libriparlanti.org\/index.php\/wp-json\/wp\/v2\/product_tag?post=18972"}],"curies":[{"name":"wp","href":"https:\/\/api.w.org\/{rel}","templated":true}]}}