{"id":18856,"date":"2022-01-31T14:15:38","date_gmt":"2022-01-31T12:15:38","guid":{"rendered":"https:\/\/www.libriparlanti.org\/index.php\/prodotto\/autopsia\/"},"modified":"2022-06-13T19:06:55","modified_gmt":"2022-06-13T17:06:55","slug":"autopsia","status":"publish","type":"product","link":"https:\/\/www.libriparlanti.org\/index.php\/prodotto\/autopsia\/","title":{"rendered":"AUTOPSIA"},"content":{"rendered":"<p>Dopo un&#8217;assenza durata parecchi anni, l&#8217;anatomopatologa forense Kay Scarpetta torna in Virginia, lo Stato dove ha avuto inizio la sua brillante carriera. Kay e suo marito Benton Wesley, ora psicologo forense per i servizi segreti americani, si sono trasferiti ad Alexandria, a pochi chilometri dal Pentagono, in un mondo post-pandemico lacerato da disordini civili e politici. Scarpetta \u00e8 diventata capo medico legale, ma si trova a lavorare con una segretaria prepotente e a gestire una situazione di trascuratezza e presunta corruzione. Dopo poche settimane, viene chiamata sulla scena di un crimine: presso i binari della ferrovia \u00e8 stato ritrovato il corpo di una donna, orribilmente mutilata. E, non appena Kay comincia a indagare, le si rivela un quadro inquietante: l&#8217;omicidio potrebbe essere opera di un serial killer. Nello stesso tempo, una catastrofe in un laboratorio spaziale segreto mette in pericolo la vita di alcuni scienziati. In quanto membro della Doomsday Commission, specializzata in casi sensibili per la sicurezza nazionale, Scarpetta \u00e8 convocata alla Casa Bianca e incaricata di scoprire cosa sia successo. Mentre \u00e8 impegnata a lavorare alla prima scena del crimine nello spazio, per\u00f2, il male si avvicina pericolosamente a casa sua.<\/p>\n","protected":false},"excerpt":{"rendered":"<p><em>Autore:<\/em> PATRICIA CORNWELL<br \/>\n<em>Editore:<\/em> MONDADORI ARNOLDO VARIA<br \/>\n<em>ISBN:<\/em> 9788804746737<\/p>\n","protected":false},"featured_media":18855,"comment_status":"closed","ping_status":"closed","template":"","meta":{"_et_pb_use_builder":"","_et_pb_old_content":"","_et_gb_content_width":"","_joinchat":[]},"product_brand":[],"product_cat":[1737],"product_tag":[],"class_list":{"0":"post-18856","1":"product","2":"type-product","3":"status-publish","4":"has-post-thumbnail","6":"product_cat-gialli-thriller","8":"first","9":"onbackorder","10":"taxable","11":"shipping-taxable","12":"purchasable","13":"product-type-simple"},"yoast_head":"<!-- This site is optimized with the Yoast SEO plugin v27.5 - https:\/\/yoast.com\/product\/yoast-seo-wordpress\/ -->\n<title>AUTOPSIA - Libreria Libri parlanti<\/title>\n<meta name=\"robots\" content=\"index, follow, max-snippet:-1, max-image-preview:large, max-video-preview:-1\" \/>\n<link rel=\"canonical\" href=\"https:\/\/www.libriparlanti.org\/index.php\/prodotto\/autopsia\/\" \/>\n<meta property=\"og:locale\" content=\"it_IT\" \/>\n<meta property=\"og:type\" content=\"article\" \/>\n<meta property=\"og:title\" content=\"AUTOPSIA - Libreria Libri parlanti\" \/>\n<meta property=\"og:description\" content=\"Autore: PATRICIA CORNWELL Editore: MONDADORI ARNOLDO VARIA ISBN: 9788804746737\" \/>\n<meta property=\"og:url\" content=\"https:\/\/www.libriparlanti.org\/index.php\/prodotto\/autopsia\/\" \/>\n<meta property=\"og:site_name\" content=\"Libreria Libri parlanti\" \/>\n<meta property=\"article:publisher\" content=\"https:\/\/www.facebook.com\/LibriParlanti\" \/>\n<meta property=\"article:modified_time\" content=\"2022-06-13T17:06:55+00:00\" \/>\n<meta property=\"og:image\" content=\"https:\/\/www.libriparlanti.org\/wp-content\/uploads\/2022\/01\/wNzcjN0cDNwgDO4cTO.jpg\" \/>\n\t<meta property=\"og:image:width\" content=\"195\" \/>\n\t<meta property=\"og:image:height\" content=\"300\" \/>\n\t<meta property=\"og:image:type\" content=\"image\/jpeg\" \/>\n<meta name=\"twitter:card\" content=\"summary_large_image\" \/>\n<meta name=\"twitter:label1\" content=\"Tempo di lettura stimato\" \/>\n\t<meta name=\"twitter:data1\" content=\"1 minuto\" \/>\n<script type=\"application\/ld+json\" class=\"yoast-schema-graph\">{\"@context\":\"https:\\\/\\\/schema.org\",\"@graph\":[{\"@type\":\"WebPage\",\"@id\":\"https:\\\/\\\/www.libriparlanti.org\\\/index.php\\\/prodotto\\\/autopsia\\\/\",\"url\":\"https:\\\/\\\/www.libriparlanti.org\\\/index.php\\\/prodotto\\\/autopsia\\\/\",\"name\":\"AUTOPSIA - Libreria Libri parlanti\",\"isPartOf\":{\"@id\":\"https:\\\/\\\/www.libriparlanti.org\\\/#website\"},\"primaryImageOfPage\":{\"@id\":\"https:\\\/\\\/www.libriparlanti.org\\\/index.php\\\/prodotto\\\/autopsia\\\/#primaryimage\"},\"image\":{\"@id\":\"https:\\\/\\\/www.libriparlanti.org\\\/index.php\\\/prodotto\\\/autopsia\\\/#primaryimage\"},\"thumbnailUrl\":\"https:\\\/\\\/www.libriparlanti.org\\\/wp-content\\\/uploads\\\/2022\\\/01\\\/wNzcjN0cDNwgDO4cTO.jpg\",\"datePublished\":\"2022-01-31T12:15:38+00:00\",\"dateModified\":\"2022-06-13T17:06:55+00:00\",\"breadcrumb\":{\"@id\":\"https:\\\/\\\/www.libriparlanti.org\\\/index.php\\\/prodotto\\\/autopsia\\\/#breadcrumb\"},\"inLanguage\":\"it-IT\",\"potentialAction\":[{\"@type\":\"ReadAction\",\"target\":[\"https:\\\/\\\/www.libriparlanti.org\\\/index.php\\\/prodotto\\\/autopsia\\\/\"]}]},{\"@type\":\"ImageObject\",\"inLanguage\":\"it-IT\",\"@id\":\"https:\\\/\\\/www.libriparlanti.org\\\/index.php\\\/prodotto\\\/autopsia\\\/#primaryimage\",\"url\":\"https:\\\/\\\/www.libriparlanti.org\\\/wp-content\\\/uploads\\\/2022\\\/01\\\/wNzcjN0cDNwgDO4cTO.jpg\",\"contentUrl\":\"https:\\\/\\\/www.libriparlanti.org\\\/wp-content\\\/uploads\\\/2022\\\/01\\\/wNzcjN0cDNwgDO4cTO.jpg\",\"width\":195,\"height\":300},{\"@type\":\"BreadcrumbList\",\"@id\":\"https:\\\/\\\/www.libriparlanti.org\\\/index.php\\\/prodotto\\\/autopsia\\\/#breadcrumb\",\"itemListElement\":[{\"@type\":\"ListItem\",\"position\":1,\"name\":\"Home\",\"item\":\"https:\\\/\\\/www.libriparlanti.org\\\/\"},{\"@type\":\"ListItem\",\"position\":2,\"name\":\"Shop\",\"item\":\"https:\\\/\\\/www.libriparlanti.org\\\/index.php\\\/negozio\\\/\"},{\"@type\":\"ListItem\",\"position\":3,\"name\":\"AUTOPSIA\"}]},{\"@type\":\"WebSite\",\"@id\":\"https:\\\/\\\/www.libriparlanti.org\\\/#website\",\"url\":\"https:\\\/\\\/www.libriparlanti.org\\\/\",\"name\":\"Libreria Libri parlanti\",\"description\":\"Libreria in Castiglione del Lago (Pg)\",\"potentialAction\":[{\"@type\":\"SearchAction\",\"target\":{\"@type\":\"EntryPoint\",\"urlTemplate\":\"https:\\\/\\\/www.libriparlanti.org\\\/?s={search_term_string}\"},\"query-input\":{\"@type\":\"PropertyValueSpecification\",\"valueRequired\":true,\"valueName\":\"search_term_string\"}}],\"inLanguage\":\"it-IT\"}]}<\/script>\n<!-- \/ Yoast SEO plugin. -->","yoast_head_json":{"title":"AUTOPSIA - Libreria Libri parlanti","robots":{"index":"index","follow":"follow","max-snippet":"max-snippet:-1","max-image-preview":"max-image-preview:large","max-video-preview":"max-video-preview:-1"},"canonical":"https:\/\/www.libriparlanti.org\/index.php\/prodotto\/autopsia\/","og_locale":"it_IT","og_type":"article","og_title":"AUTOPSIA - Libreria Libri parlanti","og_description":"Autore: PATRICIA CORNWELL Editore: MONDADORI ARNOLDO VARIA ISBN: 9788804746737","og_url":"https:\/\/www.libriparlanti.org\/index.php\/prodotto\/autopsia\/","og_site_name":"Libreria Libri parlanti","article_publisher":"https:\/\/www.facebook.com\/LibriParlanti","article_modified_time":"2022-06-13T17:06:55+00:00","og_image":[{"width":195,"height":300,"url":"https:\/\/www.libriparlanti.org\/wp-content\/uploads\/2022\/01\/wNzcjN0cDNwgDO4cTO.jpg","type":"image\/jpeg"}],"twitter_card":"summary_large_image","twitter_misc":{"Tempo di lettura stimato":"1 minuto"},"schema":{"@context":"https:\/\/schema.org","@graph":[{"@type":"WebPage","@id":"https:\/\/www.libriparlanti.org\/index.php\/prodotto\/autopsia\/","url":"https:\/\/www.libriparlanti.org\/index.php\/prodotto\/autopsia\/","name":"AUTOPSIA - Libreria Libri parlanti","isPartOf":{"@id":"https:\/\/www.libriparlanti.org\/#website"},"primaryImageOfPage":{"@id":"https:\/\/www.libriparlanti.org\/index.php\/prodotto\/autopsia\/#primaryimage"},"image":{"@id":"https:\/\/www.libriparlanti.org\/index.php\/prodotto\/autopsia\/#primaryimage"},"thumbnailUrl":"https:\/\/www.libriparlanti.org\/wp-content\/uploads\/2022\/01\/wNzcjN0cDNwgDO4cTO.jpg","datePublished":"2022-01-31T12:15:38+00:00","dateModified":"2022-06-13T17:06:55+00:00","breadcrumb":{"@id":"https:\/\/www.libriparlanti.org\/index.php\/prodotto\/autopsia\/#breadcrumb"},"inLanguage":"it-IT","potentialAction":[{"@type":"ReadAction","target":["https:\/\/www.libriparlanti.org\/index.php\/prodotto\/autopsia\/"]}]},{"@type":"ImageObject","inLanguage":"it-IT","@id":"https:\/\/www.libriparlanti.org\/index.php\/prodotto\/autopsia\/#primaryimage","url":"https:\/\/www.libriparlanti.org\/wp-content\/uploads\/2022\/01\/wNzcjN0cDNwgDO4cTO.jpg","contentUrl":"https:\/\/www.libriparlanti.org\/wp-content\/uploads\/2022\/01\/wNzcjN0cDNwgDO4cTO.jpg","width":195,"height":300},{"@type":"BreadcrumbList","@id":"https:\/\/www.libriparlanti.org\/index.php\/prodotto\/autopsia\/#breadcrumb","itemListElement":[{"@type":"ListItem","position":1,"name":"Home","item":"https:\/\/www.libriparlanti.org\/"},{"@type":"ListItem","position":2,"name":"Shop","item":"https:\/\/www.libriparlanti.org\/index.php\/negozio\/"},{"@type":"ListItem","position":3,"name":"AUTOPSIA"}]},{"@type":"WebSite","@id":"https:\/\/www.libriparlanti.org\/#website","url":"https:\/\/www.libriparlanti.org\/","name":"Libreria Libri parlanti","description":"Libreria in Castiglione del Lago (Pg)","potentialAction":[{"@type":"SearchAction","target":{"@type":"EntryPoint","urlTemplate":"https:\/\/www.libriparlanti.org\/?s={search_term_string}"},"query-input":{"@type":"PropertyValueSpecification","valueRequired":true,"valueName":"search_term_string"}}],"inLanguage":"it-IT"}]}},"_links":{"self":[{"href":"https:\/\/www.libriparlanti.org\/index.php\/wp-json\/wp\/v2\/product\/18856","targetHints":{"allow":["GET"]}}],"collection":[{"href":"https:\/\/www.libriparlanti.org\/index.php\/wp-json\/wp\/v2\/product"}],"about":[{"href":"https:\/\/www.libriparlanti.org\/index.php\/wp-json\/wp\/v2\/types\/product"}],"replies":[{"embeddable":true,"href":"https:\/\/www.libriparlanti.org\/index.php\/wp-json\/wp\/v2\/comments?post=18856"}],"wp:featuredmedia":[{"embeddable":true,"href":"https:\/\/www.libriparlanti.org\/index.php\/wp-json\/wp\/v2\/media\/18855"}],"wp:attachment":[{"href":"https:\/\/www.libriparlanti.org\/index.php\/wp-json\/wp\/v2\/media?parent=18856"}],"wp:term":[{"taxonomy":"product_brand","embeddable":true,"href":"https:\/\/www.libriparlanti.org\/index.php\/wp-json\/wp\/v2\/product_brand?post=18856"},{"taxonomy":"product_cat","embeddable":true,"href":"https:\/\/www.libriparlanti.org\/index.php\/wp-json\/wp\/v2\/product_cat?post=18856"},{"taxonomy":"product_tag","embeddable":true,"href":"https:\/\/www.libriparlanti.org\/index.php\/wp-json\/wp\/v2\/product_tag?post=18856"}],"curies":[{"name":"wp","href":"https:\/\/api.w.org\/{rel}","templated":true}]}}