{"id":18427,"date":"2021-12-02T11:59:10","date_gmt":"2021-12-02T09:59:10","guid":{"rendered":"https:\/\/www.libriparlanti.org\/index.php\/prodotto\/febe-e-i-gatti-ruba-storie-come-acchiap\/"},"modified":"2023-11-08T19:46:40","modified_gmt":"2023-11-08T17:46:40","slug":"febe-e-i-gatti-ruba-storie-come-acchiap","status":"publish","type":"product","link":"https:\/\/www.libriparlanti.org\/index.php\/prodotto\/febe-e-i-gatti-ruba-storie-come-acchiap\/","title":{"rendered":"FEBE E I GATTI RUBA STORIE. COME ACCHIAP"},"content":{"rendered":"<p>Cosa fare quando tutto va storto stortissimo e ci si ritrova con un compito impossibile? Febe Cipriani ha dodici anni e deve portare a termine la missione che sua madre le ha affidato: inventare storie per la sorellina appena nata. Il famoso scrittore Toni G. Dolwin le rivela un segreto: scovare la storia giusta \u00e8 come acchiappare un gatto! Sar\u00e0 davvero cos\u00ec? Febe ne dubita ma, quando il foglio su cui ha scritto il suo primo racconto viene rubato proprio da un gatto, comincia a ricredersi&#8230; Inizier\u00e0 cos\u00ec un&#8217;avventura che, tra furti di storie, ricerche e inseguimenti di gatti, porter\u00e0 Febe, insieme al suo strambo amico Olmo, sulle tracce di un insospettabile complotto. &#8220;Dentro alle storie, a questi libri, possiamo incontrare qualcuno che ha provato le stesse cose che abbiamo provato noi. Quelle cose che magari ci fanno sentire sbagliati o soli. Sono le storie a ricordarci che facciamo tutti parte della stessa famiglia!&#8221;. Et\u00e0 di lettura: da 10 anni.<\/p>\n","protected":false},"excerpt":{"rendered":"<p><em>Autore:<\/em> ELISA CAMPACI<br \/>\n<em>Editore:<\/em> DALIA<br \/>\n<em>ISBN:<\/em> 9788899207519<\/p>\n","protected":false},"featured_media":18426,"comment_status":"closed","ping_status":"closed","template":"","meta":{"_et_pb_use_builder":"","_et_pb_old_content":"","_et_gb_content_width":"","_joinchat":[]},"product_brand":[],"product_cat":[1733],"product_tag":[],"class_list":{"0":"post-18427","1":"product","2":"type-product","3":"status-publish","4":"has-post-thumbnail","6":"product_cat-ragazzi","8":"first","9":"onbackorder","10":"taxable","11":"shipping-taxable","12":"purchasable","13":"product-type-simple"},"yoast_head":"<!-- This site is optimized with the Yoast SEO plugin v27.4 - https:\/\/yoast.com\/product\/yoast-seo-wordpress\/ -->\n<title>FEBE E I GATTI RUBA STORIE. COME ACCHIAP - Libreria Libri parlanti<\/title>\n<meta name=\"robots\" content=\"index, follow, max-snippet:-1, max-image-preview:large, max-video-preview:-1\" \/>\n<link rel=\"canonical\" href=\"https:\/\/www.libriparlanti.org\/index.php\/prodotto\/febe-e-i-gatti-ruba-storie-come-acchiap\/\" \/>\n<meta property=\"og:locale\" content=\"it_IT\" \/>\n<meta property=\"og:type\" content=\"article\" \/>\n<meta property=\"og:title\" content=\"FEBE E I GATTI RUBA STORIE. COME ACCHIAP - Libreria Libri parlanti\" \/>\n<meta property=\"og:description\" content=\"Autore: ELISA CAMPACI Editore: DALIA ISBN: 9788899207519\" \/>\n<meta property=\"og:url\" content=\"https:\/\/www.libriparlanti.org\/index.php\/prodotto\/febe-e-i-gatti-ruba-storie-come-acchiap\/\" \/>\n<meta property=\"og:site_name\" content=\"Libreria Libri parlanti\" \/>\n<meta property=\"article:publisher\" content=\"https:\/\/www.facebook.com\/LibriParlanti\" \/>\n<meta property=\"article:modified_time\" content=\"2023-11-08T17:46:40+00:00\" \/>\n<meta property=\"og:image\" content=\"https:\/\/www.libriparlanti.org\/wp-content\/uploads\/2021\/12\/9788899207519.jpg\" \/>\n\t<meta property=\"og:image:width\" content=\"193\" \/>\n\t<meta property=\"og:image:height\" content=\"262\" \/>\n\t<meta property=\"og:image:type\" content=\"image\/jpeg\" \/>\n<meta name=\"twitter:card\" content=\"summary_large_image\" \/>\n<meta name=\"twitter:label1\" content=\"Tempo di lettura stimato\" \/>\n\t<meta name=\"twitter:data1\" content=\"1 minuto\" \/>\n<script type=\"application\/ld+json\" class=\"yoast-schema-graph\">{\"@context\":\"https:\\\/\\\/schema.org\",\"@graph\":[{\"@type\":\"WebPage\",\"@id\":\"https:\\\/\\\/www.libriparlanti.org\\\/index.php\\\/prodotto\\\/febe-e-i-gatti-ruba-storie-come-acchiap\\\/\",\"url\":\"https:\\\/\\\/www.libriparlanti.org\\\/index.php\\\/prodotto\\\/febe-e-i-gatti-ruba-storie-come-acchiap\\\/\",\"name\":\"FEBE E I GATTI RUBA STORIE. COME ACCHIAP - Libreria Libri parlanti\",\"isPartOf\":{\"@id\":\"https:\\\/\\\/www.libriparlanti.org\\\/#website\"},\"primaryImageOfPage\":{\"@id\":\"https:\\\/\\\/www.libriparlanti.org\\\/index.php\\\/prodotto\\\/febe-e-i-gatti-ruba-storie-come-acchiap\\\/#primaryimage\"},\"image\":{\"@id\":\"https:\\\/\\\/www.libriparlanti.org\\\/index.php\\\/prodotto\\\/febe-e-i-gatti-ruba-storie-come-acchiap\\\/#primaryimage\"},\"thumbnailUrl\":\"https:\\\/\\\/www.libriparlanti.org\\\/wp-content\\\/uploads\\\/2021\\\/12\\\/9788899207519.jpg\",\"datePublished\":\"2021-12-02T09:59:10+00:00\",\"dateModified\":\"2023-11-08T17:46:40+00:00\",\"breadcrumb\":{\"@id\":\"https:\\\/\\\/www.libriparlanti.org\\\/index.php\\\/prodotto\\\/febe-e-i-gatti-ruba-storie-come-acchiap\\\/#breadcrumb\"},\"inLanguage\":\"it-IT\",\"potentialAction\":[{\"@type\":\"ReadAction\",\"target\":[\"https:\\\/\\\/www.libriparlanti.org\\\/index.php\\\/prodotto\\\/febe-e-i-gatti-ruba-storie-come-acchiap\\\/\"]}]},{\"@type\":\"ImageObject\",\"inLanguage\":\"it-IT\",\"@id\":\"https:\\\/\\\/www.libriparlanti.org\\\/index.php\\\/prodotto\\\/febe-e-i-gatti-ruba-storie-come-acchiap\\\/#primaryimage\",\"url\":\"https:\\\/\\\/www.libriparlanti.org\\\/wp-content\\\/uploads\\\/2021\\\/12\\\/9788899207519.jpg\",\"contentUrl\":\"https:\\\/\\\/www.libriparlanti.org\\\/wp-content\\\/uploads\\\/2021\\\/12\\\/9788899207519.jpg\",\"width\":193,\"height\":262},{\"@type\":\"BreadcrumbList\",\"@id\":\"https:\\\/\\\/www.libriparlanti.org\\\/index.php\\\/prodotto\\\/febe-e-i-gatti-ruba-storie-come-acchiap\\\/#breadcrumb\",\"itemListElement\":[{\"@type\":\"ListItem\",\"position\":1,\"name\":\"Home\",\"item\":\"https:\\\/\\\/www.libriparlanti.org\\\/\"},{\"@type\":\"ListItem\",\"position\":2,\"name\":\"Shop\",\"item\":\"https:\\\/\\\/www.libriparlanti.org\\\/index.php\\\/negozio\\\/\"},{\"@type\":\"ListItem\",\"position\":3,\"name\":\"FEBE E I GATTI RUBA STORIE. COME ACCHIAP\"}]},{\"@type\":\"WebSite\",\"@id\":\"https:\\\/\\\/www.libriparlanti.org\\\/#website\",\"url\":\"https:\\\/\\\/www.libriparlanti.org\\\/\",\"name\":\"Libreria Libri parlanti\",\"description\":\"Libreria in Castiglione del Lago (Pg)\",\"potentialAction\":[{\"@type\":\"SearchAction\",\"target\":{\"@type\":\"EntryPoint\",\"urlTemplate\":\"https:\\\/\\\/www.libriparlanti.org\\\/?s={search_term_string}\"},\"query-input\":{\"@type\":\"PropertyValueSpecification\",\"valueRequired\":true,\"valueName\":\"search_term_string\"}}],\"inLanguage\":\"it-IT\"}]}<\/script>\n<!-- \/ Yoast SEO plugin. -->","yoast_head_json":{"title":"FEBE E I GATTI RUBA STORIE. COME ACCHIAP - Libreria Libri parlanti","robots":{"index":"index","follow":"follow","max-snippet":"max-snippet:-1","max-image-preview":"max-image-preview:large","max-video-preview":"max-video-preview:-1"},"canonical":"https:\/\/www.libriparlanti.org\/index.php\/prodotto\/febe-e-i-gatti-ruba-storie-come-acchiap\/","og_locale":"it_IT","og_type":"article","og_title":"FEBE E I GATTI RUBA STORIE. COME ACCHIAP - Libreria Libri parlanti","og_description":"Autore: ELISA CAMPACI Editore: DALIA ISBN: 9788899207519","og_url":"https:\/\/www.libriparlanti.org\/index.php\/prodotto\/febe-e-i-gatti-ruba-storie-come-acchiap\/","og_site_name":"Libreria Libri parlanti","article_publisher":"https:\/\/www.facebook.com\/LibriParlanti","article_modified_time":"2023-11-08T17:46:40+00:00","og_image":[{"width":193,"height":262,"url":"https:\/\/www.libriparlanti.org\/wp-content\/uploads\/2021\/12\/9788899207519.jpg","type":"image\/jpeg"}],"twitter_card":"summary_large_image","twitter_misc":{"Tempo di lettura stimato":"1 minuto"},"schema":{"@context":"https:\/\/schema.org","@graph":[{"@type":"WebPage","@id":"https:\/\/www.libriparlanti.org\/index.php\/prodotto\/febe-e-i-gatti-ruba-storie-come-acchiap\/","url":"https:\/\/www.libriparlanti.org\/index.php\/prodotto\/febe-e-i-gatti-ruba-storie-come-acchiap\/","name":"FEBE E I GATTI RUBA STORIE. COME ACCHIAP - Libreria Libri parlanti","isPartOf":{"@id":"https:\/\/www.libriparlanti.org\/#website"},"primaryImageOfPage":{"@id":"https:\/\/www.libriparlanti.org\/index.php\/prodotto\/febe-e-i-gatti-ruba-storie-come-acchiap\/#primaryimage"},"image":{"@id":"https:\/\/www.libriparlanti.org\/index.php\/prodotto\/febe-e-i-gatti-ruba-storie-come-acchiap\/#primaryimage"},"thumbnailUrl":"https:\/\/www.libriparlanti.org\/wp-content\/uploads\/2021\/12\/9788899207519.jpg","datePublished":"2021-12-02T09:59:10+00:00","dateModified":"2023-11-08T17:46:40+00:00","breadcrumb":{"@id":"https:\/\/www.libriparlanti.org\/index.php\/prodotto\/febe-e-i-gatti-ruba-storie-come-acchiap\/#breadcrumb"},"inLanguage":"it-IT","potentialAction":[{"@type":"ReadAction","target":["https:\/\/www.libriparlanti.org\/index.php\/prodotto\/febe-e-i-gatti-ruba-storie-come-acchiap\/"]}]},{"@type":"ImageObject","inLanguage":"it-IT","@id":"https:\/\/www.libriparlanti.org\/index.php\/prodotto\/febe-e-i-gatti-ruba-storie-come-acchiap\/#primaryimage","url":"https:\/\/www.libriparlanti.org\/wp-content\/uploads\/2021\/12\/9788899207519.jpg","contentUrl":"https:\/\/www.libriparlanti.org\/wp-content\/uploads\/2021\/12\/9788899207519.jpg","width":193,"height":262},{"@type":"BreadcrumbList","@id":"https:\/\/www.libriparlanti.org\/index.php\/prodotto\/febe-e-i-gatti-ruba-storie-come-acchiap\/#breadcrumb","itemListElement":[{"@type":"ListItem","position":1,"name":"Home","item":"https:\/\/www.libriparlanti.org\/"},{"@type":"ListItem","position":2,"name":"Shop","item":"https:\/\/www.libriparlanti.org\/index.php\/negozio\/"},{"@type":"ListItem","position":3,"name":"FEBE E I GATTI RUBA STORIE. COME ACCHIAP"}]},{"@type":"WebSite","@id":"https:\/\/www.libriparlanti.org\/#website","url":"https:\/\/www.libriparlanti.org\/","name":"Libreria Libri parlanti","description":"Libreria in Castiglione del Lago (Pg)","potentialAction":[{"@type":"SearchAction","target":{"@type":"EntryPoint","urlTemplate":"https:\/\/www.libriparlanti.org\/?s={search_term_string}"},"query-input":{"@type":"PropertyValueSpecification","valueRequired":true,"valueName":"search_term_string"}}],"inLanguage":"it-IT"}]}},"_links":{"self":[{"href":"https:\/\/www.libriparlanti.org\/index.php\/wp-json\/wp\/v2\/product\/18427","targetHints":{"allow":["GET"]}}],"collection":[{"href":"https:\/\/www.libriparlanti.org\/index.php\/wp-json\/wp\/v2\/product"}],"about":[{"href":"https:\/\/www.libriparlanti.org\/index.php\/wp-json\/wp\/v2\/types\/product"}],"replies":[{"embeddable":true,"href":"https:\/\/www.libriparlanti.org\/index.php\/wp-json\/wp\/v2\/comments?post=18427"}],"wp:featuredmedia":[{"embeddable":true,"href":"https:\/\/www.libriparlanti.org\/index.php\/wp-json\/wp\/v2\/media\/18426"}],"wp:attachment":[{"href":"https:\/\/www.libriparlanti.org\/index.php\/wp-json\/wp\/v2\/media?parent=18427"}],"wp:term":[{"taxonomy":"product_brand","embeddable":true,"href":"https:\/\/www.libriparlanti.org\/index.php\/wp-json\/wp\/v2\/product_brand?post=18427"},{"taxonomy":"product_cat","embeddable":true,"href":"https:\/\/www.libriparlanti.org\/index.php\/wp-json\/wp\/v2\/product_cat?post=18427"},{"taxonomy":"product_tag","embeddable":true,"href":"https:\/\/www.libriparlanti.org\/index.php\/wp-json\/wp\/v2\/product_tag?post=18427"}],"curies":[{"name":"wp","href":"https:\/\/api.w.org\/{rel}","templated":true}]}}